{"id":1615,"date":"2024-04-07T07:52:08","date_gmt":"2024-04-07T07:52:08","guid":{"rendered":"https:\/\/nfc-readers.com\/?post_type=product&#038;p=1615"},"modified":"2024-10-16T02:36:24","modified_gmt":"2024-10-16T02:36:24","slug":"acm1552u-z2-small-multi-iso-nfc-module-reader-writer","status":"publish","type":"product","link":"https:\/\/nfc-readers.com\/bs\/ic-reader\/acm1552u-z2-small-multi-iso-nfc-module-reader-writer\/","title":{"rendered":"ACM1552U-Z2 \u2013 Mali -Multi-ISO NFC modul \u010dita\u010d\/pisa\u010d"},"content":{"rendered":"<h1>ACM1552U-Z2 \u2013 Mali -Multi-ISO NFC modul \u010dita\u010d\/pisa\u010d<\/h1>\n<p>ACM1552U-Z2 isti\u010de se kao kompaktan i svestran modul, koji nudi NFC mogu\u0107nosti velike brzine i kompatibilnost s vi\u0161e standarda. Sa svojim dodatnim sigurnosnim i energetski efikasnim karakteristikama, uz korisni\u010dko su\u010delje, predstavlja sofisticirano rje\u0161enje za beskontaktnu komunikaciju u kompaktnim ure\u0111ajima.<\/p>\n<ul>\n<li>\n<h2>USB 2.0 interfejs pune brzine<\/h2>\n<\/li>\n<li>\n<h2>CCID uskla\u0111enost<\/h2>\n<\/li>\n<li>\n<h2>Podr\u0161ka za beskontaktne pametne kartice:<\/h2>\n<ul>\n<li>\n<h3>Brzina \u010ditanja\/pisanja do 848 kbps<\/h3>\n<\/li>\n<li>\n<h3>Ugra\u0111ena antena za beskontaktni pristup tagovima, sa razdaljinom \u010ditanja kartice do 70 mm (u zavisnosti od tipa oznake)<\/h3>\n<\/li>\n<li>\n<h3>Podr\u017eava ISO 14443 tip A i B kartice, ISO 15693 kartice i ISO18092 NFC<\/h3>\n<\/li>\n<li>\n<h3>Podr\u017eava MIFARE Classic\u00ae, MIFARE\u00ae, DESFire\u00ae, MIFARE Ultralight\u00ae, MIFARE Plus\u00ae, FeliCa i Topaz<\/h3>\n<\/li>\n<li>\n<h3>Ugra\u0111ena funkcija protiv sudara<\/h3>\n<\/li>\n<li>\n<h3>Podr\u017eava pro\u0161ireni APDU (maks. 64 kbajta)<\/h3>\n<\/li>\n<\/ul>\n<\/li>\n<li>\n<h2>NFC podr\u0161ka:<\/h2>\n<ul>\n<li>\n<h3>Re\u017eim \u010dita\u010da\/pisa\u010da pametnih kartica<\/h3>\n<\/li>\n<li>\n<h3>Na\u010din emulacije kartice<\/h3>\n<\/li>\n<li>\n<h3>Re\u017eim emulacije tastature<\/h3>\n<\/li>\n<\/ul>\n<\/li>\n<li>\n<h2>Programski interfejs aplikacije:<\/h2>\n<ul>\n<li>\n<h3>Podr\u017eava PC\/SC<\/h3>\n<\/li>\n<li>\n<h3>Podr\u017eava CT-API (kroz omota\u010d na vrhu PC\/SC)<\/h3>\n<\/li>\n<\/ul>\n<\/li>\n<li>\n<h2>periferne jedinice:<\/h2>\n<ul>\n<li>\n<h3>Dvobojna LED dioda koju kontrolira korisnik (plava i zelena)<\/h3>\n<\/li>\n<\/ul>\n<\/li>\n<li>\n<h2>Compact Size<\/h2>\n<\/li>\n<li>\n<h2>Mogu\u0107nost nadogradnje USB firmvera<\/h2>\n<\/li>\n<li>\n<div>\n<table width=\"545\">\n<tbody>\n<tr>\n<td colspan=\"2\" width=\"545\">Fizi\u010dke karakteristike<\/td>\n<\/tr>\n<tr>\n<td width=\"228\">Dimenzije (mm)<\/td>\n<td width=\"317\">52,0 x 20,0 x 5,7<\/td>\n<\/tr>\n<tr>\n<td width=\"228\">Te\u017eina (g)<\/td>\n<td width=\"317\">3.4<\/td>\n<\/tr>\n<tr>\n<td colspan=\"2\" width=\"545\">USB interfejs<\/td>\n<\/tr>\n<tr>\n<td width=\"228\">Protokol<\/td>\n<td width=\"317\">USB CCID<\/td>\n<\/tr>\n<tr>\n<td width=\"228\">Tip konektora<\/td>\n<td width=\"317\">5 pinova, 1 mm korak, kompatibilan sa JST SH serijom<\/td>\n<\/tr>\n<tr>\n<td width=\"228\">Izvor napajanja<\/td>\n<td width=\"317\">Sa USB porta<\/td>\n<\/tr>\n<tr>\n<td width=\"228\">Brzina<\/td>\n<td width=\"317\">USB 2.0 puna brzina (12 Mbps) kompatibilan sa USB 3.0<\/td>\n<\/tr>\n<tr>\n<td width=\"228\">Du\u017eina kabla<\/td>\n<td width=\"317\">1m, odvojivi (na zahtjev)<\/td>\n<\/tr>\n<tr>\n<td colspan=\"2\" width=\"545\">Interfejs beskontaktne pametne kartice<\/td>\n<\/tr>\n<tr>\n<td width=\"228\">Standard<\/td>\n<td width=\"317\">ISO 18092 NFC, ISO 14443 Tip A &amp; B, ISO 15693, MIFARE\u00ae, FeliCa<\/td>\n<\/tr>\n<tr>\n<td rowspan=\"5\" width=\"228\">Protokol<\/td>\n<td width=\"317\">Kartica uskla\u0111ena sa ISO 14443-4, T=CL<\/td>\n<\/tr>\n<tr>\n<td width=\"317\">MIFARE\u00ae Classic Card, T=CL<\/td>\n<\/tr>\n<tr>\n<td width=\"317\">ISO 15693<\/td>\n<\/tr>\n<tr>\n<td width=\"317\">ISO 18092 NFC oznake<\/td>\n<\/tr>\n<tr>\n<td width=\"317\">FeliCa<\/td>\n<\/tr>\n<tr>\n<td colspan=\"2\" width=\"545\">Ugra\u0111eni periferni ure\u0111aji<\/td>\n<\/tr>\n<tr>\n<td width=\"228\">LED<\/td>\n<td width=\"317\">1 dvobojna: plava i zelena<\/td>\n<\/tr>\n<tr>\n<td colspan=\"2\" width=\"545\">Ostale karakteristike<\/td>\n<\/tr>\n<tr>\n<td rowspan=\"6\" width=\"228\">Ostale karakteristike<\/td>\n<td width=\"317\">Podr\u017eane vrste kartica:<\/td>\n<\/tr>\n<tr>\n<td width=\"317\">ISO 14443 Tip A i B dijelovi 1-4,<\/td>\n<\/tr>\n<tr>\n<td width=\"317\">ISO 15693, ISO 18092 NFC,<\/td>\n<\/tr>\n<tr>\n<td width=\"317\">MIFARE Classic\u00ae, MIFARE DESFire\u00ae, MIFARE Ultralight\u00ae, MIFARE Plus\u00ae, FeliCa i Topaz<\/td>\n<\/tr>\n<tr>\n<td width=\"317\">Ostale NFC karakteristike:<\/td>\n<\/tr>\n<tr>\n<td width=\"317\">\u010cita\u010d\/pisa\u010d pametnih kartica, emulacija tastature, emulacija kartice<\/td>\n<\/tr>\n<tr>\n<td width=\"228\">Nadogradnja firmvera<\/td>\n<td width=\"317\">Podr\u017eano<\/td>\n<\/tr>\n<tr>\n<td colspan=\"2\" width=\"545\">Certifikati\/uskla\u0111enost<\/td>\n<\/tr>\n<tr>\n<td rowspan=\"4\" width=\"228\">Certifikati\/uskla\u0111enost<\/td>\n<td width=\"317\">Certifikati:<\/td>\n<\/tr>\n<tr>\n<td width=\"317\">IEC\/EN 62368, CE, UKCA, FCC, VCCI, RoHS, REACH, WEEE, Microsoft\u00ae WHQL<\/td>\n<\/tr>\n<tr>\n<td width=\"317\">\u00a0 Uskla\u0111enost:<\/td>\n<\/tr>\n<tr>\n<td width=\"317\">USB CCID, PC\/SC<\/td>\n<\/tr>\n<tr>\n<td colspan=\"2\" width=\"545\">Podr\u0161ka za operativni sistem drajvera ure\u0111aja<\/td>\n<\/tr>\n<tr>\n<td width=\"228\">Podr\u0161ka za operativni sistem drajvera ure\u0111aja<\/td>\n<td width=\"317\">Windows\u00ae, Linux\u00ae, macOS, Android\u2122<\/td>\n<\/tr>\n<\/tbody>\n<\/table>\n<\/div>\n<\/li>\n<\/ul>","protected":false},"excerpt":{"rendered":"<p>The ACM1552U-Z2 is a high-speed USB NFC module supporting Smart Card Reader\/Writer and Card Emulation, designed for efficient and secure contactless operations.<\/p>","protected":false},"featured_media":1616,"template":"","meta":[],"product_brand":[],"product_cat":[41,40],"product_tag":[],"class_list":{"0":"post-1615","1":"product","2":"type-product","3":"status-publish","4":"has-post-thumbnail","6":"product_cat-module-ic-reader","7":"product_cat-rfid-nfc-reader","9":"first","10":"instock","11":"shipping-taxable","12":"product-type-simple"},"_links":{"self":[{"href":"https:\/\/nfc-readers.com\/bs\/wp-json\/wp\/v2\/product\/1615","targetHints":{"allow":["GET"]}}],"collection":[{"href":"https:\/\/nfc-readers.com\/bs\/wp-json\/wp\/v2\/product"}],"about":[{"href":"https:\/\/nfc-readers.com\/bs\/wp-json\/wp\/v2\/types\/product"}],"wp:featuredmedia":[{"embeddable":true,"href":"https:\/\/nfc-readers.com\/bs\/wp-json\/wp\/v2\/media\/1616"}],"wp:attachment":[{"href":"https:\/\/nfc-readers.com\/bs\/wp-json\/wp\/v2\/media?parent=1615"}],"wp:term":[{"taxonomy":"product_brand","embeddable":true,"href":"https:\/\/nfc-readers.com\/bs\/wp-json\/wp\/v2\/product_brand?post=1615"},{"taxonomy":"product_cat","embeddable":true,"href":"https:\/\/nfc-readers.com\/bs\/wp-json\/wp\/v2\/product_cat?post=1615"},{"taxonomy":"product_tag","embeddable":true,"href":"https:\/\/nfc-readers.com\/bs\/wp-json\/wp\/v2\/product_tag?post=1615"}],"curies":[{"name":"wp","href":"https:\/\/api.w.org\/{rel}","templated":true}]}}