{"id":1909,"date":"2024-10-15T13:42:27","date_gmt":"2024-10-15T13:42:27","guid":{"rendered":"https:\/\/nfc-readers.com\/?post_type=product&#038;p=1909"},"modified":"2024-10-28T15:36:29","modified_gmt":"2024-10-28T15:36:29","slug":"acr1222l-contactless-rfid-nfc-reader-writer","status":"publish","type":"product","link":"https:\/\/nfc-readers.com\/bs\/ic-reader\/acr1222l-contactless-rfid-nfc-reader-writer\/","title":{"rendered":"ACR1222L Beskontaktni RFID NFC \u010dita\u010d za pisanje"},"content":{"rendered":"<p><iframe loading=\"lazy\" title=\"ACR1222L NFC \u010dita\u010d\" width=\"1020\" height=\"765\" src=\"https:\/\/www.youtube.com\/embed\/i-7zrKP8WJo?feature=oembed\" frameborder=\"0\" allow=\"accelerometer; autoplay; clipboard-write; encrypted-media; gyroscope; picture-in-picture; web-share\" referrerpolicy=\"strict-origin-when-cross-origin\" allowfullscreen><\/iframe><\/p>\n<div>\n<h1><strong>ACR1222L Beskontaktni RFID NFC \u010dita\u010d za pisanje<\/strong><\/h1>\n<p>The\u00a0<strong>ACR1222L Beskontaktni RFID NFC \u010dita\u010d za pisanje<\/strong>\u00a0je vrhunski ure\u0111aj dizajniran da olak\u0161a besprijekornu interakciju sa \u0161irokim spektrom beskontaktnih pametnih kartica i NFC oznaka. Uz naprednu integraciju tehnologije i funkcije prilago\u0111ene korisniku, ovo\u00a0<strong>NFC \u010dita\u010d<\/strong>\u00a0idealan je za razli\u010dite aplikacije, uklju\u010duju\u0107i sigurnu kontrolu pristupa, beskontaktna pla\u0107anja i prikupljanje podataka. Ako \u017eelite da pobolj\u0161ate svoje poslovanje pouzdanim i efikasnim\u00a0<strong>\u010dita\u010d kartica<\/strong>, ACR1222L je vrijedan razmatranja.<\/p>\n<p>Ovaj ure\u0111aj nudi izuzetnu kompatibilnost s vi\u0161estrukim NFC oznakama i pametnim karticama, poma\u017eu\u0107i preduze\u0107ima u postizanju pojednostavljenih transakcija i pobolj\u0161anog anga\u017emana korisnika. Prednosti ulaganja u ACR1222L uklju\u010duju njegove napredne sigurnosne karakteristike, interaktivni interfejs sa ugra\u0111enim LCD-om i opse\u017enu podr\u0161ku za razli\u010dite tipove kartica. Saznajte vi\u0161e o tome za\u0161to je ovaj ure\u0111aj neophodan za preduze\u0107a koja \u017eele da iskoriste mo\u0107\u00a0<strong>RFID<\/strong>\u00a0tehnologije.<\/p>\n<h3>1. Sveobuhvatna kompatibilnost s vi\u0161estrukim NFC tehnologijama<\/h3>\n<p>ACR1222L je izgra\u0111en na naprednom\u00a0<strong>13,56 MHz RFID tehnologija<\/strong>, osiguravaju\u0107i kompatibilnost sa \u0161irokim spektrom beskontaktnih kartica i\u00a0<strong>NFC<\/strong>\u00a0oznake. Ovo uklju\u010duje\u00a0<strong>ISO 14443 kartice tipa A i B, MIFARE<\/strong>, FeliCa i sve \u010detiri vrste NFC oznaka. Takva svestranost \u010dini ACR1222L osnovnim alatom za preduze\u0107a koja \u017eele da integri\u0161u beskontaktnu tehnologiju u svoje poslovanje.<\/p>\n<p>\u0160tavi\u0161e, the\u00a0<strong>ACR1222L<\/strong>\u00a0podr\u017eava\u00a0<strong>NFC funkcionalnosti<\/strong>\u00a0koji mu omogu\u0107avaju da efikasno \u010dita i pi\u0161e NFC oznake. Ova mogu\u0107nost mo\u017ee biti posebno korisna za preduze\u0107a koja koriste\u00a0<strong>smartfon<\/strong>\u00a0transakcije, kao npr\u00a0<strong>Google Pay<\/strong>, omogu\u0107avaju\u0107i nesmetanu obradu pla\u0107anja putem NFC ure\u0111aja. Bilo da radite sa tradicionalnim RFID karticama ili najnovijim\u00a0<strong>NFC \u010dipovi<\/strong>, ovaj ure\u0111aj se isti\u010de kao vrhunski izbor na tr\u017ei\u0161tu.<\/p>\n<h3>2. Pobolj\u0161ane sigurnosne funkcije za sigurne transakcije<\/h3>\n<p>Sigurnost je najva\u017enija briga za svaku organizaciju koja se bavi osjetljivim podacima. Karakteristike ACR1222L\u00a0<strong>tri modula sigurnog pristupa (SAM) u skladu sa standardom ISO 7816<\/strong>\u00a0slotovi, koji pru\u017eaju pobolj\u0161anu sigurnost za beskontaktne operacije. Ovi SAM slotovi omogu\u0107avaju sigurno upravljanje kriptografskim klju\u010devima i osiguravaju da se obra\u0111uju samo ovla\u0161tene transakcije.<\/p>\n<p>Sa ugra\u0111enom tehnologijom protiv sudara, ACR1222L mo\u017ee istovremeno raditi s vi\u0161e NFC kartica, osiguravaju\u0107i da se u svakom trenutku pristupa samo jednoj oznaci. Ova funkcija pobolj\u0161ava integritet podataka i smanjuje rizik od neovla\u0161tenog pristupa, \u0161to je klju\u010dno za sisteme kontrole pristupa i finansijske transakcije. Kao rezultat, ovo\u00a0<strong>NFC \u010dita\u010d<\/strong>\u00a0ne samo da ispunjava, ve\u0107 i prevazilazi industrijske standarde za sigurnost.<\/p>\n<h3>3. Intuitivno korisni\u010dko su\u010delje za besprijekornu interakciju<\/h3>\n<p>ACR1222L je opremljen sa\u00a0<strong>dvolinijski grafi\u010dki LCD<\/strong>\u00a0koji podr\u017eava vi\u0161e jezika, uklju\u010duju\u0107i kineski, engleski, japanski i nekoliko evropskih jezika. Ova vi\u0161ejezi\u010dna podr\u0161ka olak\u0161ava interakcije za raznoliku bazu korisnika, osiguravaju\u0107i da svi korisnici mogu razumjeti ure\u0111aj i njegove funkcionalnosti.<\/p>\n<p>Dodatno, interaktivni LCD omogu\u0107ava korisnicima da se kre\u0107u kroz opcije i lako pristupaju raznim postavkama. Zajedno sa\u00a0<strong>\u010detiri LED diode kojima upravlja korisnik<\/strong>\u00a0i zvu\u010dni signal za obavje\u0161tenja o statusu, ACR1222L garantuje jasno i zanimljivo korisni\u010dko iskustvo. Ovo intuitivno su\u010delje je dizajnirano da pobolj\u0161a razumijevanje korisnika i pojednostavi radne tokove, \u0161to ga \u010dini odli\u010dnim dodatkom svakom tehnolo\u0161kom skupu.<\/p>\n<h3>4. Svestrane primjene u razli\u010ditim industrijama<\/h3>\n<p>Beskontaktni RFID NFC \u010dita\u010d ACR1222L mo\u017ee se koristiti u razli\u010ditim industrijama, uklju\u010duju\u0107i maloprodaju, zdravstvo i transport. U maloprodaji, mogu\u0107nost \u010ditanja i pisanja NFC oznaka omogu\u0107ava preduze\u0107ima da pojednostave transakcije i pobolj\u0161aju anga\u017eman kupaca.\u00a0<strong>NFC alati<\/strong>\u00a0mo\u017ee se integrirati za upravljanje programima lojalnosti ili olak\u0161avanje beskontaktnog pla\u0107anja, pobolj\u0161avaju\u0107i cjelokupno zadovoljstvo kupaca.<\/p>\n<p>U zdravstvu, ACR1222L mo\u017ee pomo\u0107i u pojednostavljivanju prijava pacijenata, odr\u017eavanju sigurnog pristupa osjetljivim informacijama i osiguravanju da medicinsko osoblje ima brz pristup podacima. Osim toga, njegova kompatibilnost sa RFID karticama \u010dini ga idealnim za kontrolu pristupa ograni\u010denim podru\u010djima, pove\u0107avaju\u0107i sigurnost unutar transportnih \u010dvori\u0161ta.<\/p>\n<h3>5. Tehni\u010dke specifikacije i metrika performansi<\/h3>\n<p>Tehni\u010dka mo\u0107 ACR1222L dokazana je kroz njegove impresivne specifikacije:<\/p>\n<\/div>\n<div>\n<table width=\"702\">\n<tbody>\n<tr>\n<td colspan=\"2\" width=\"702\">Fizi\u010dke karakteristike<\/td>\n<\/tr>\n<tr>\n<td rowspan=\"2\" width=\"250\">Dimenzije (mm)<\/td>\n<td width=\"452\">Glavno tijelo: 133,5 mm (D) x 88,5 mm (\u0160) x 21,0 mm (V)<\/td>\n<\/tr>\n<tr>\n<td width=\"452\">Sa postoljem: 158,0 mm (D) x 95,0 mm (\u0160) x 95,0 mm (V)<\/td>\n<\/tr>\n<tr>\n<td rowspan=\"2\" width=\"250\">Te\u017eina (g)<\/td>\n<td width=\"452\">Glavno tijelo: 173 g<\/td>\n<\/tr>\n<tr>\n<td width=\"452\">Sa postoljem: 415 g<\/td>\n<\/tr>\n<tr>\n<td colspan=\"2\" width=\"702\">USB interfejs<\/td>\n<\/tr>\n<tr>\n<td width=\"250\">Protokol<\/td>\n<td width=\"452\">USB CCID<\/td>\n<\/tr>\n<tr>\n<td width=\"250\">Tip konektora<\/td>\n<td width=\"452\">Standardni tip A<\/td>\n<\/tr>\n<tr>\n<td width=\"250\">Izvor napajanja<\/td>\n<td width=\"452\">Sa USB porta<\/td>\n<\/tr>\n<tr>\n<td width=\"250\">Brzina<\/td>\n<td width=\"452\">USB puna brzina (12 Mbps)<\/td>\n<\/tr>\n<tr>\n<td width=\"250\">Du\u017eina kabla<\/td>\n<td width=\"452\">1,5 m, fiksno<\/td>\n<\/tr>\n<tr>\n<td colspan=\"2\" width=\"702\">Interfejs beskontaktne pametne kartice<\/td>\n<\/tr>\n<tr>\n<td width=\"250\">Standard<\/td>\n<td width=\"452\">ISO\/IEC 18092 NFC, ISO 14443 Tip A &amp; B, MIFARE\u00ae, FeliCa<\/td>\n<\/tr>\n<tr>\n<td rowspan=\"4\" width=\"250\">Protokol<\/td>\n<td width=\"452\">Kartica uskla\u0111ena sa ISO 14443-4, T=CL<\/td>\n<\/tr>\n<tr>\n<td width=\"452\">MIFARE\u00ae Classic Card, T=CL<\/td>\n<\/tr>\n<tr>\n<td width=\"452\">ISO18092, NFC oznake<\/td>\n<\/tr>\n<tr>\n<td width=\"452\">FeliCa<\/td>\n<\/tr>\n<tr>\n<td colspan=\"2\" width=\"702\">Su\u010delje SAM kartice<\/td>\n<\/tr>\n<tr>\n<td width=\"250\">Broj slotova<\/td>\n<td width=\"452\">3 standardna utora za kartice veli\u010dine SIM<\/td>\n<\/tr>\n<tr>\n<td width=\"250\">Standard<\/td>\n<td width=\"452\">ISO 7816 klasa A (5 V)<\/td>\n<\/tr>\n<tr>\n<td width=\"250\">Protokol<\/td>\n<td width=\"452\">T=0; T=1<\/td>\n<\/tr>\n<tr>\n<td colspan=\"2\" width=\"702\">Ugra\u0111eni periferni ure\u0111aji<\/td>\n<\/tr>\n<tr>\n<td rowspan=\"3\" width=\"250\">LCD<\/td>\n<td width=\"452\">Grafi\u010dki LCD sa \u017euto-zelenim pozadinskim osvetljenjem<\/td>\n<\/tr>\n<tr>\n<td width=\"452\">Rezolucija: 128 x 32 piksela<\/td>\n<\/tr>\n<tr>\n<td width=\"452\">Broj znakova: 16 znakova x 2 reda<\/td>\n<\/tr>\n<tr>\n<td width=\"250\">LED<\/td>\n<td width=\"452\">4 jednobojne: zelena, plava, narand\u017easta i crvena<\/td>\n<\/tr>\n<tr>\n<td width=\"250\">Zujalica<\/td>\n<td width=\"452\">Monotona<\/td>\n<\/tr>\n<tr>\n<td colspan=\"2\" width=\"702\">Ostale karakteristike<\/td>\n<\/tr>\n<tr>\n<td width=\"250\">Nadogradnja firmvera<\/td>\n<td width=\"452\">Podr\u017eano<\/td>\n<\/tr>\n<tr>\n<td colspan=\"2\" width=\"702\">Certifikati\/uskla\u0111enost<\/td>\n<\/tr>\n<tr>\n<td rowspan=\"13\" width=\"250\">Certifikati\/uskla\u0111enost<\/td>\n<td width=\"452\">ISO 18092<\/td>\n<\/tr>\n<tr>\n<td width=\"452\">ISO 14443<\/td>\n<\/tr>\n<tr>\n<td width=\"452\">ISO 7816 (SAM slot)<\/td>\n<\/tr>\n<tr>\n<td width=\"452\">USB puna brzina<\/td>\n<\/tr>\n<tr>\n<td width=\"452\">PC\/SC<\/td>\n<\/tr>\n<tr>\n<td width=\"452\">CCID<\/td>\n<\/tr>\n<tr>\n<td width=\"452\">VCCI (Japan)<\/td>\n<\/tr>\n<tr>\n<td width=\"452\">KC (Koreja)<\/td>\n<\/tr>\n<tr>\n<td width=\"452\">Microsoft\u00ae WHQL<\/td>\n<\/tr>\n<tr>\n<td width=\"452\">CE<\/td>\n<\/tr>\n<tr>\n<td width=\"452\">FCC<\/td>\n<\/tr>\n<tr>\n<td width=\"452\">RoHS<\/td>\n<\/tr>\n<tr>\n<td width=\"452\">REACH<\/td>\n<\/tr>\n<tr>\n<td colspan=\"2\" width=\"702\">Podr\u0161ka za operativni sistem drajvera ure\u0111aja<\/td>\n<\/tr>\n<tr>\n<td rowspan=\"5\" width=\"250\">Podr\u0161ka za operativni sistem drajvera ure\u0111aja<\/td>\n<td width=\"452\">Windows\u00ae<\/td>\n<\/tr>\n<tr>\n<td width=\"452\">Linux\u00ae<\/td>\n<\/tr>\n<tr>\n<td width=\"452\">MAC OS\u00ae<\/td>\n<\/tr>\n<tr>\n<td width=\"452\">Solaris<\/td>\n<\/tr>\n<tr>\n<td width=\"452\">Android\u2122<\/td>\n<\/tr>\n<\/tbody>\n<\/table>\n<\/div>\n<div><\/div>\n<div>\n<p>Sa svojim mogu\u0107nostima brzog \u010ditanja i fleksibilno\u0161\u0107u u upravljanju raznim karticama, ACR1222L se isti\u010de kao mo\u0107an\u00a0<strong>\u010dita\u010d pametnih kartica<\/strong>.<\/p>\n<h3>6. Pode\u0161avanje i integracija prilago\u0111eno korisniku<\/h3>\n<p>Postavljanje ACR1222L je jednostavno, \u0161to ga \u010dini dostupnim i tehni\u010dkim i netehni\u010dkim korisnicima. Ure\u0111aj se lako mo\u017ee integrirati u postoje\u0107e sisteme putem\u00a0<strong>USB<\/strong>, osiguravaju\u0107i kompatibilnost s popularnim operativnim sistemima uklju\u010duju\u0107i Windows, Linux i macOS. Nadalje, the\u00a0<strong>Mogu\u0107nost nadogradnje USB firmvera<\/strong>\u00a0funkcija omogu\u0107ava korisnicima da a\u017euriraju svoje ure\u0111aje najnovijim pobolj\u0161anjima i sigurnosnim funkcijama.<\/p>\n<p>Ova jednostavnost pode\u0161avanja je posebno korisna za preduze\u0107a koja \u017eele brzu implementaciju\u00a0<strong>beskontaktna rje\u0161enja<\/strong>\u00a0bez dugog zastoja ili komplikovanih instalacija.<\/p>\n<h3>7. Uticaj na \u017eivotnu sredinu i odr\u017eiva upotreba<\/h3>\n<p>Kako kompanije postaju sve svjesnije svog utjecaja na okoli\u0161, ACR1222L se pridr\u017eava principa odr\u017eive upotrebe. Uz nisku potro\u0161nju energije, ure\u0111aj ne samo da smanjuje tro\u0161kove energije, ve\u0107 doprinosi i manjem uglji\u010dnom otisku.<\/p>\n<p>Uz to, ure\u0111aj je dizajniran za trajne performanse, minimiziraju\u0107i potrebu za \u010destim zamjenama i smanjuju\u0107i elektronski otpad tokom vremena. Ova privla\u010dnost odr\u017eivosti je bitan faktor za organizacije koje \u017eele promovirati zelene inicijative u okviru svojih operacija.<\/p>\n<h3>8. Recenzije i povratne informacije kupaca<\/h3>\n<p>Povratne informacije kupaca o ACR1222L isti\u010du njegovu pouzdanost, jednostavnost upotrebe i sveobuhvatne funkcionalnosti. Korisnici cijene besprijekorne performanse prilikom \u010ditanja i pisanja NFC oznaka, zajedno s njegovim robusnim sigurnosnim karakteristikama.<\/p>\n<p>Jedan korisnik je izjavio: \u201eACR1222L je transformirao na\u0161e transakcijske procese. Brz je, siguran, a ugra\u0111eni ekran je nevjerovatno koristan za informiranje na\u0161ih kupaca.\u201d<\/p>\n<\/div>\n<div><\/div>\n<div><\/div>","protected":false},"excerpt":{"rendered":"<p>ACR1222L Beskontaktni RFID NFC \u010dita\u010d za pisanje mo\u017ee se koristiti u razli\u010ditim industrijama, uklju\u010duju\u0107i maloprodaju, zdravstvenu za\u0161titu i transport. U maloprodaji, mogu\u0107nost \u010ditanja i pisanja NFC oznaka omogu\u0107ava preduze\u0107ima da pojednostave transakcije i pobolj\u0161aju anga\u017eman kupaca. <strong>NFC alati<\/strong>\u00a0mo\u017ee se integrirati za upravljanje programima lojalnosti ili olak\u0161avanje beskontaktnog pla\u0107anja, pobolj\u0161avaju\u0107i cjelokupno zadovoljstvo kupaca.<\/p>","protected":false},"featured_media":1563,"template":"","meta":[],"product_brand":[],"product_cat":[45,40],"product_tag":[],"class_list":{"0":"post-1909","1":"product","2":"type-product","3":"status-publish","4":"has-post-thumbnail","6":"product_cat-contactless-nfc-reader","7":"product_cat-rfid-nfc-reader","9":"first","10":"instock","11":"shipping-taxable","12":"product-type-simple"},"_links":{"self":[{"href":"https:\/\/nfc-readers.com\/bs\/wp-json\/wp\/v2\/product\/1909","targetHints":{"allow":["GET"]}}],"collection":[{"href":"https:\/\/nfc-readers.com\/bs\/wp-json\/wp\/v2\/product"}],"about":[{"href":"https:\/\/nfc-readers.com\/bs\/wp-json\/wp\/v2\/types\/product"}],"wp:featuredmedia":[{"embeddable":true,"href":"https:\/\/nfc-readers.com\/bs\/wp-json\/wp\/v2\/media\/1563"}],"wp:attachment":[{"href":"https:\/\/nfc-readers.com\/bs\/wp-json\/wp\/v2\/media?parent=1909"}],"wp:term":[{"taxonomy":"product_brand","embeddable":true,"href":"https:\/\/nfc-readers.com\/bs\/wp-json\/wp\/v2\/product_brand?post=1909"},{"taxonomy":"product_cat","embeddable":true,"href":"https:\/\/nfc-readers.com\/bs\/wp-json\/wp\/v2\/product_cat?post=1909"},{"taxonomy":"product_tag","embeddable":true,"href":"https:\/\/nfc-readers.com\/bs\/wp-json\/wp\/v2\/product_tag?post=1909"}],"curies":[{"name":"wp","href":"https:\/\/api.w.org\/{rel}","templated":true}]}}