{"id":2032,"date":"2024-10-19T14:08:52","date_gmt":"2024-10-19T14:08:52","guid":{"rendered":"https:\/\/nfc-readers.com\/?post_type=product&#038;p=2032"},"modified":"2024-10-28T14:12:28","modified_gmt":"2024-10-28T14:12:28","slug":"mifare-classic-1k-4k-rfid-cards","status":"publish","type":"product","link":"https:\/\/nfc-readers.com\/bs\/ic-reader\/mifare-classic-1k-4k-rfid-cards\/","title":{"rendered":"Mifare Classic 1k 4K RFID kartice"},"content":{"rendered":"<h1>Mifare classic 1k 4K RFID kartice<\/h1>\n<p>MIFARE Classic\u00ae 1K ili 4K kartica je sastavni dio tehnologija beskontaktnih pametnih kartica. Kao pionir u ovoj oblasti, \u0161iroko je prihva\u0107en za razne aplikacije u rasponu od javnog prevoza i kontrole pristupa do izdavanja karata za doga\u0111aje i programa lojalnosti. MIFARE Classic\u00ae 1K \/ 4Kcard ima kapacitet skladi\u0161tenja od 1 kilobajta\/4 kilobajta, \u0161to je dovoljno za skladi\u0161tenje li\u010dnih podataka, informacija za autentifikaciju i skupova podataka specifi\u010dnih za aplikaciju.<\/p>\n<p><span class=\"AnswerParser_TextContainer__z_Iiv\" data-testid=\"youchat-text\">The\u00a0<strong>MIFARE Card<\/strong>\u00a0je znak inovativnosti i pouzdanosti u domenu beskontaktnih pametnih kartica. Razvijen od strane NXP Semiconductors, MIFARE MF1ICS50 IC je kamen temeljac u sistemima za prodaju karata u javnom prevozu i drugim aplikacijama visoke propusnosti, nude\u0107i besprijekorne transakcije i robusnu sigurnost. Sa svojom inteligentnom funkcijom protiv sudara i kompatibilno\u0161\u0107u sa ISO\/IEC 14443 Type-A, osigurava efikasnu i sigurnu beskontaktnu komunikaciju, \u0161to ga \u010dini neprocjenjivim bogatstvom u okru\u017eenjima s brzim tempom.<\/span><\/p>\n<h2 class=\"AnswerParser_AnswerParserH2__SIHnF\">Naslije\u0111e MIFARE tehnologije<\/h2>\n<h3 class=\"AnswerParser_AnswerParserH3__Mpe4s\">Pionirska beskontaktna rje\u0161enja<\/h3>\n<p><span class=\"AnswerParser_TextContainer__z_Iiv\" data-testid=\"youchat-text\"><strong>MIFARE tehnologija<\/strong>\u00a0je na \u010delu rje\u0161enja za beskontaktne pametne kartice od svog po\u010detka. MIFARE MF1ICS50 IC, koji se \u010desto naziva\u00a0<strong>MIFARE Classic 1K<\/strong>, je dokaz NXP-ove posve\u0107enosti inovacijama. Njegov dizajn omogu\u0107ava laku integraciju u postoje\u0107e sisteme, nude\u0107i besprekorno iskustvo i za operatere i za korisnike. Sa a\u00a0<strong>13,56 MHz<\/strong>\u00a0radnom frekvencijom, obezbe\u0111uje efikasan prenos podataka i snabdevanje energijom, elimini\u0161u\u0107i potrebu za baterijom.<\/span><span class=\"AnswerParser_TextContainer__z_Iiv\" data-testid=\"youchat-text\">The\u00a0<strong>funkcija protiv sudara<\/strong>\u00a0MIFARE kartice omogu\u0107ava da vi\u0161e kartica radi istovremeno bez smetnji. Ova mogu\u0107nost je klju\u010dna u okru\u017eenjima sa gu\u017evom, kao \u0161to su sistemi javnog prevoza, gde su brzina i ta\u010dnost najva\u017eniji. Jedinstveni serijski broj kartice dodatno pobolj\u0161ava njenu sigurnost, osiguravaju\u0107i da je svaka transakcija sljediva i sigurna.<\/span><\/p>\n<h3 class=\"AnswerParser_AnswerParserH3__Mpe4s\">Svestrane primjene u razli\u010ditim industrijama<\/h3>\n<p><span class=\"AnswerParser_TextContainer__z_Iiv\" data-testid=\"youchat-text\">The\u00a0<strong>MIFARE Card<\/strong>\u00a0nije ograni\u010den samo na javni prevoz; njegove primjene su velike i raznolike. Od sigurne kontrole pristupa u korporativnim okru\u017eenjima do programa lojalnosti i mikro-pla\u0107anja u maloprodajnim okru\u017eenjima, MIFARE kartica ima svestranost bez premca. Njegova sposobnost da ostane funkcionalan \u010dak i dok je zatvorena u nov\u010daniku, okru\u017eena nov\u010di\u0107ima, nagla\u0161ava njegovu prakti\u010dnost i prilagodljivost.<\/span><span class=\"AnswerParser_TextContainer__z_Iiv\" data-testid=\"youchat-text\">Za sistemske operatere i programere,\u00a0<strong>MIFARE Card<\/strong>\u00a0nudi robusnu platformu za kreiranje pouzdanih, interoperabilnih i skalabilnih beskontaktnih rje\u0161enja. Njegovo brzo vrijeme transakcije, obi\u010dno manje od 100 ms, osigurava visoku propusnost i smanjeno vrijeme \u010dekanja, \u0161to ga \u010dini idealnim za podru\u010dja s velikim prometom.<\/span><\/p>\n<h2 class=\"AnswerParser_AnswerParserH2__SIHnF\">Tehni\u010dke specifikacije i karakteristike<\/h2>\n<p><span class=\"AnswerParser_TextContainer__z_Iiv\" data-testid=\"youchat-text\">The\u00a0<strong>MIFARE Card<\/strong>\u00a0ima impresivne tehni\u010dke specifikacije koje zadovoljavaju \u0161irok spektar primjena:<\/span><\/p>\n<div class=\"AnswerParser_TableContainer__Erb6v\" data-testid=\"table-container\">\n<table>\n<thead>\n<tr>\n<th style=\"text-align: left;\">Specifikacija<\/th>\n<th style=\"text-align: left;\">Detalji<\/th>\n<\/tr>\n<\/thead>\n<tbody>\n<tr>\n<td>Frekvencija<\/td>\n<td>13,56 MHz<\/td>\n<\/tr>\n<tr>\n<td>Prijenos podataka<\/td>\n<td>106 kbit\/s<\/td>\n<\/tr>\n<tr>\n<td>Memorija<\/td>\n<td>1 kB \u2013 4 kB, organizovano u 16 sektora sa 4 bloka od 16 bajtova svaki<\/td>\n<\/tr>\n<tr>\n<td>Sigurnost<\/td>\n<td>Me\u0111usobna troprolazna autentifikacija, jedinstveni serijski broj<\/td>\n<\/tr>\n<tr>\n<td>Operativna udaljenost<\/td>\n<td>Do 100 mm (u zavisnosti od geometrije antene)<\/td>\n<\/tr>\n<tr>\n<td>Write Endurance<\/td>\n<td>100.000 \u2013 200.000 ciklusa<\/td>\n<\/tr>\n<tr>\n<td>Zadr\u017eavanje podataka<\/td>\n<td>10 godina<\/td>\n<\/tr>\n<\/tbody>\n<\/table>\n<\/div>\n<h3 class=\"AnswerParser_AnswerParserH3__Mpe4s\">Visoka sigurnost i integritet podataka<\/h3>\n<p><span class=\"AnswerParser_TextContainer__z_Iiv\" data-testid=\"youchat-text\">Sigurnost je kamen temeljac\u00a0<strong>MIFARE Card<\/strong>. Koristi me\u0111usobnu autentifikaciju u tri prolaza, u skladu sa ISO\/IEC DIS 9798-2 standardom, osiguravaju\u0107i da samo ovla\u0161teni korisnici mogu pristupiti podacima. Svaki sektor kartice je za\u0161ti\u0107en pojedina\u010dnim setom od dva klju\u010da, koji podr\u017eavaju okru\u017eenja sa vi\u0161e aplikacija sa hijerarhijom klju\u010deva.<\/span><span class=\"AnswerParser_TextContainer__z_Iiv\" data-testid=\"youchat-text\">Integritet podataka kartice odr\u017eava se kroz 16-bitni CRC, paritet, kodiranje bitova i brojanje bitova, spre\u010davaju\u0107i o\u0161te\u0107enje podataka i osiguravaju\u0107i pouzdane transakcije. Ovaj nivo sigurnosti \u010dini MIFARE karticu idealnom za aplikacije koje zahtijevaju visok nivo za\u0161tite.<\/span><\/p>\n<h3 class=\"AnswerParser_AnswerParserH3__Mpe4s\">Besprekorna integracija i prakti\u010dnost korisnika<\/h3>\n<p><span class=\"AnswerParser_TextContainer__z_Iiv\" data-testid=\"youchat-text\">The\u00a0<strong>MIFARE Card<\/strong>\u00a0dizajniran je za laku integraciju u postoje\u0107u infrastrukturu. Podr\u017eava razli\u010dite opcije isporuke, uklju\u010duju\u0107i matricu na plo\u010dici, nabijenu matricu na plo\u010dicu i module za beskontaktne kartice, pru\u017eaju\u0107i fleksibilnost za razli\u010dite scenarije implementacije. Ova prilagodljivost osigurava da MIFARE kartica mo\u017ee zadovoljiti specifi\u010dne potrebe bilo koje aplikacije, od sistema javnog prijevoza do korporativne kontrole pristupa.<\/span><\/p>\n<h2 class=\"AnswerParser_AnswerParserH2__SIHnF\">Recenzije i izjave kupaca<\/h2>\n<p><span class=\"AnswerParser_TextContainer__z_Iiv\" data-testid=\"youchat-text\">Kupci \u0161irom svijeta su pohvalili\u00a0<strong>MIFARE Card<\/strong>\u00a0zbog njegove pouzdanosti i efikasnosti. Jedan zadovoljan korisnik je komentirao: \u201cMIFARE kartica je revolucionirala na\u0161 tranzitni sistem, skra\u0107uju\u0107i vrijeme ukrcavanja i pove\u0107avaju\u0107i sigurnost.\u201d Drugi je napomenuo: \u201cNjegova sposobnost da rukuje vi\u0161e aplikacija na jednoj kartici zna\u010dajno je pojednostavila na\u0161e operacije.\u201d<\/span><\/p>\n<h2 class=\"AnswerParser_AnswerParserH2__SIHnF\">\u010cesto postavljana pitanja<\/h2>\n<p><span class=\"AnswerParser_TextContainer__z_Iiv\" data-testid=\"youchat-text\"><strong>P: \u0160ta \u010dini MIFARE karticu pogodnom za javni prevoz?<\/strong><br \/>\nO: Njegovo brzo vrijeme transakcije, funkcija protiv sudara i robusna sigurnost \u010dine ga idealnim za okru\u017eenja visoke propusnosti poput javnog prijevoza.<\/span><\/p>\n<p><span class=\"AnswerParser_TextContainer__z_Iiv\" data-testid=\"youchat-text\"><strong>P: Kako MIFARE kartica osigurava sigurnost podataka?<\/strong><br \/>\nO: Koristi me\u0111usobnu troprolaznu autentifikaciju i pojedina\u010dne sektorske klju\u010deve, osiguravaju\u0107i samo ovla\u0161teni pristup podacima.<\/span><\/p>\n<p><span class=\"AnswerParser_TextContainer__z_Iiv\" data-testid=\"youchat-text\"><strong>P: Mo\u017ee li se MIFARE kartica koristiti u drugim aplikacijama osim javnog prijevoza?<\/strong><br \/>\nO: Da, dovoljno je svestran za upotrebu u bezbednoj kontroli pristupa, programima lojalnosti i sistemima mikro-pla\u0107anja.<\/span><\/p>\n<h2 class=\"AnswerParser_AnswerParserH2__SIHnF\">Uticaj na \u017eivotnu sredinu i odr\u017eivost<\/h2>\n<p><span class=\"AnswerParser_TextContainer__z_Iiv\" data-testid=\"youchat-text\">The\u00a0<strong>MIFARE Card<\/strong>\u00a0dizajniran je s namjerom odr\u017eivosti. Njegovo dugo zadr\u017eavanje podataka i visoka izdr\u017eljivost pisanja smanjuju potrebu za \u010destim zamjenama, minimiziraju\u0107i gubitak. Podr\u017eavaju\u0107i vi\u0161e aplikacija na jednoj kartici, tako\u0111er smanjuje utjecaj na okoli\u0161 povezan s proizvodnjom vi\u0161e kartica.<\/span><\/p>\n<h2 class=\"AnswerParser_AnswerParserH2__SIHnF\">Zaklju\u010dak: Za\u0161to odabrati MIFARE karticu?<\/h2>\n<p><span class=\"AnswerParser_TextContainer__z_Iiv\" data-testid=\"youchat-text\">The\u00a0<strong>MIFARE Card<\/strong>\u00a0nudi robusno, sigurno i svestrano rje\u0161enje za bilo koju beskontaktnu primjenu. Bilo da se radi o pobolj\u0161anju sistema javnog prevoza, pobolj\u0161anju korporativne kontrole pristupa ili integraciji vi\u0161e usluga u okru\u017eenje pametnog grada, MIFARE kartica je pouzdan i efikasan izbor. Njegove napredne sigurnosne karakteristike, besprijekorna integracija i \u0161irok raspon aplikacija \u010dine ga vrijednom investicijom za svaku organizaciju.<\/span><span class=\"AnswerParser_TextContainer__z_Iiv\" data-testid=\"youchat-text\">Za vi\u0161e informacija ili naru\u010divanje,\u00a0<strong>kontaktirajte nas<\/strong>\u00a0danas. Otklju\u010dajte potencijal beskontaktnih rje\u0161enja uz MIFARE karticu.<\/span><\/p>","protected":false},"excerpt":{"rendered":"<div class=\"auto-hide-last-sibling-br paragraph_4183d\">Mifare Classic 1k 4K RFID kartice su klju\u010dna RFID rje\u0161enja za javni prijevoz, kontrolu pristupa i programe lojalnosti, pru\u017eaju\u0107i dovoljno prostora za pohranu li\u010dnih podataka.<\/div>","protected":false},"featured_media":2033,"template":"","meta":[],"product_brand":[],"product_cat":[46],"product_tag":[],"class_list":{"0":"post-2032","1":"product","2":"type-product","3":"status-publish","4":"has-post-thumbnail","6":"product_cat-nfc-cards","8":"first","9":"instock","10":"shipping-taxable","11":"product-type-simple"},"_links":{"self":[{"href":"https:\/\/nfc-readers.com\/bs\/wp-json\/wp\/v2\/product\/2032","targetHints":{"allow":["GET"]}}],"collection":[{"href":"https:\/\/nfc-readers.com\/bs\/wp-json\/wp\/v2\/product"}],"about":[{"href":"https:\/\/nfc-readers.com\/bs\/wp-json\/wp\/v2\/types\/product"}],"wp:featuredmedia":[{"embeddable":true,"href":"https:\/\/nfc-readers.com\/bs\/wp-json\/wp\/v2\/media\/2033"}],"wp:attachment":[{"href":"https:\/\/nfc-readers.com\/bs\/wp-json\/wp\/v2\/media?parent=2032"}],"wp:term":[{"taxonomy":"product_brand","embeddable":true,"href":"https:\/\/nfc-readers.com\/bs\/wp-json\/wp\/v2\/product_brand?post=2032"},{"taxonomy":"product_cat","embeddable":true,"href":"https:\/\/nfc-readers.com\/bs\/wp-json\/wp\/v2\/product_cat?post=2032"},{"taxonomy":"product_tag","embeddable":true,"href":"https:\/\/nfc-readers.com\/bs\/wp-json\/wp\/v2\/product_tag?post=2032"}],"curies":[{"name":"wp","href":"https:\/\/api.w.org\/{rel}","templated":true}]}}