{"id":2038,"date":"2024-04-19T14:36:49","date_gmt":"2024-04-19T14:36:49","guid":{"rendered":"https:\/\/nfc-readers.com\/?post_type=product&#038;p=2038"},"modified":"2024-09-29T07:24:42","modified_gmt":"2024-09-29T07:24:42","slug":"d20-smart-mpos","status":"publish","type":"product","link":"https:\/\/nfc-readers.com\/bs\/ic-reader\/d20-smart-mpos\/","title":{"rendered":"D20 pametni mpos"},"content":{"rendered":"<h1>D20 pametni mpos<\/h1>\n<div class=\"p\">Ergonomski dizajniran Android pametni POS koji savr\u0161eno le\u017ei u ruci. 4\u201d ekran osjetljiv na dodir, skener QR koda i \u0161irok raspon mogu\u0107nosti povezivanja su dobrodo\u0161li uz ugodnije iskustvo pla\u0107anja.<\/div>\n<div><\/div>\n<div class=\"p_list\">\n<div class=\"span clearfix\">Visoke performanse<\/div>\n<div><\/div>\n<div class=\"span clearfix\">Vi\u0161estruka povezanost: 4G\/3G\/2G\/WIFI\/BT<\/div>\n<div><\/div>\n<div class=\"span clearfix\">Potpuna podr\u0161ka za pla\u0107anje: MSR\/IC\/NFC<\/div>\n<div><\/div>\n<\/div>\n<table width=\"539\">\n<tbody>\n<tr>\n<td width=\"166\">OS<\/td>\n<td width=\"373\">Android 10<\/td>\n<\/tr>\n<tr>\n<td width=\"166\"><\/td>\n<td rowspan=\"2\" width=\"373\">Aplikacijski CPU: 4*A53@ 1.8GHz Sigurnosni CPU: 32-bit ARM 192MHz<\/td>\n<\/tr>\n<tr>\n<td width=\"166\">Procesor<\/td>\n<\/tr>\n<tr>\n<td rowspan=\"2\" width=\"166\">Memorija<\/td>\n<td width=\"373\">1GB + 16GB<\/td>\n<\/tr>\n<tr>\n<td width=\"373\">2GB + 16GB (opciono)<\/td>\n<\/tr>\n<tr>\n<td width=\"166\"><\/td>\n<td width=\"373\">4,0\u201d 480*800 TFT IPS ekran<\/td>\n<\/tr>\n<tr>\n<td width=\"166\">Display<\/td>\n<td width=\"373\">Ekran na dodir<\/td>\n<\/tr>\n<tr>\n<td width=\"166\"><\/td>\n<td width=\"373\">LTE I WCDMA I GSM<\/td>\n<\/tr>\n<tr>\n<td width=\"166\">Komunikacije<\/td>\n<td width=\"373\">Bluetooth 5.0 I WiFi: 802.11 a\/b\/g\/n\/ac, 2.4GHz&amp;5G, Podr\u017eava AP<\/td>\n<\/tr>\n<tr>\n<td width=\"166\">Satelitsko pozicioniranje<\/td>\n<td width=\"373\">GPS | A-GPS | GLONASS<\/td>\n<\/tr>\n<tr>\n<td width=\"166\">Kamera<\/td>\n<td width=\"373\">Pozadi: 0,3M FF piksela<\/td>\n<\/tr>\n<tr>\n<td width=\"166\">EMV \u010dita\u010d kartica<\/td>\n<td width=\"373\">EMV L1&amp;L2<\/td>\n<\/tr>\n<tr>\n<td width=\"166\">NFC \u010dita\u010d<\/td>\n<td width=\"373\">EMV beskontaktni L1<\/td>\n<\/tr>\n<tr>\n<td width=\"166\">\u010cita\u010d kartica sa magnetnom trakom<\/td>\n<td width=\"373\">ISO-7811\/7813\/7810<\/td>\n<\/tr>\n<tr>\n<td width=\"166\"><\/td>\n<td width=\"373\">PCI PTS 5.x SRED<\/td>\n<\/tr>\n<tr>\n<td width=\"166\"><\/td>\n<td width=\"373\">EMV L1&amp;L2, EMV beskontaktni L1<\/td>\n<\/tr>\n<tr>\n<td width=\"166\">Certifikati<\/td>\n<td width=\"373\">Visa Paywave, MasterCard Paypass, Amex Expresspay Discovery D-PAS, Rupay qSPARC<\/td>\n<\/tr>\n<tr>\n<td width=\"166\"><\/td>\n<td width=\"373\">PCI PIN sigurnost, MasterCard TQM CE, FCC, BQB, RoHS, WEEE<\/td>\n<\/tr>\n<tr>\n<td width=\"166\">Adapter<\/td>\n<td width=\"373\">DC 5V\/1A<\/td>\n<\/tr>\n<tr>\n<td width=\"166\">Baterija<\/td>\n<td width=\"373\">4.35V\/2450mAh<\/td>\n<\/tr>\n<tr>\n<td width=\"166\">Audio<\/td>\n<td width=\"373\">Zvu\u010dnik<\/td>\n<\/tr>\n<tr>\n<td width=\"166\"><\/td>\n<td width=\"373\">1 Type-C (OTG)<\/td>\n<\/tr>\n<tr>\n<td width=\"166\">Periferni portovi<\/td>\n<td width=\"373\">1 Nano SIM + 1 Mini SIM + 1 Mini SAM<\/td>\n<\/tr>\n<tr>\n<td width=\"166\"><\/td>\n<td width=\"373\">1 utor za mikro SD karticu, podr\u017eava do 32 GB<\/td>\n<\/tr>\n<tr>\n<td width=\"166\"><\/td>\n<td width=\"373\">Radna temperatura: 0\u2103do+45\u2103<\/td>\n<\/tr>\n<tr>\n<td width=\"166\">Uslovi okoline<\/td>\n<td width=\"373\">Temperatura skladi\u0161tenja: 0\u2103 do +50\u2103<\/td>\n<\/tr>\n<tr>\n<td width=\"166\"><\/td>\n<td width=\"373\">Relativna vla\u017enost: 10% do 90% bez kondenzacije<\/td>\n<\/tr>\n<tr>\n<td width=\"166\">Dimenzije<\/td>\n<td width=\"373\">129 mm x 68,5 mm x 17,4 mm, 168 g (uklju\u010duju\u0107i bateriju)<\/td>\n<\/tr>\n<\/tbody>\n<\/table>","protected":false},"excerpt":{"rendered":"<p>This ergonomic Android mPOS features a 4&#8243; touch screen and QR code scanner, ensuring a seamless payment experience with robust connectivity options.<\/p>","protected":false},"featured_media":2039,"template":"","meta":[],"product_brand":[],"product_cat":[15],"product_tag":[],"class_list":{"0":"post-2038","1":"product","2":"type-product","3":"status-publish","4":"has-post-thumbnail","6":"product_cat-pos-machine","8":"first","9":"instock","10":"shipping-taxable","11":"product-type-simple"},"_links":{"self":[{"href":"https:\/\/nfc-readers.com\/bs\/wp-json\/wp\/v2\/product\/2038","targetHints":{"allow":["GET"]}}],"collection":[{"href":"https:\/\/nfc-readers.com\/bs\/wp-json\/wp\/v2\/product"}],"about":[{"href":"https:\/\/nfc-readers.com\/bs\/wp-json\/wp\/v2\/types\/product"}],"wp:featuredmedia":[{"embeddable":true,"href":"https:\/\/nfc-readers.com\/bs\/wp-json\/wp\/v2\/media\/2039"}],"wp:attachment":[{"href":"https:\/\/nfc-readers.com\/bs\/wp-json\/wp\/v2\/media?parent=2038"}],"wp:term":[{"taxonomy":"product_brand","embeddable":true,"href":"https:\/\/nfc-readers.com\/bs\/wp-json\/wp\/v2\/product_brand?post=2038"},{"taxonomy":"product_cat","embeddable":true,"href":"https:\/\/nfc-readers.com\/bs\/wp-json\/wp\/v2\/product_cat?post=2038"},{"taxonomy":"product_tag","embeddable":true,"href":"https:\/\/nfc-readers.com\/bs\/wp-json\/wp\/v2\/product_tag?post=2038"}],"curies":[{"name":"wp","href":"https:\/\/api.w.org\/{rel}","templated":true}]}}