{"id":2046,"date":"2024-04-20T12:17:56","date_gmt":"2024-04-20T12:17:56","guid":{"rendered":"https:\/\/nfc-readers.com\/?post_type=product&#038;p=2046"},"modified":"2024-09-29T07:20:59","modified_gmt":"2024-09-29T07:20:59","slug":"fudan-f08-nfc-card","status":"publish","type":"product","link":"https:\/\/nfc-readers.com\/bs\/ic-reader\/fudan-f08-nfc-card\/","title":{"rendered":"Fudan F08 NFC kartica"},"content":{"rendered":"<h1>Fudan F08 NFC kartica<\/h1>\n<p>Fudan F08 NFC kartica je visokofrekventna beskontaktna pametna kartica koju je razvila Fudan Microelectronics Group sa sjedi\u0161tem u \u0160angaju, Kina. Uklju\u010duje napredne sigurnosne tehnologije i algoritme \u0161ifriranja, nude\u0107i sigurnu i pouzdanu verifikaciju identiteta i prijenos podataka za razli\u010dite aplikacije. Fudan F08 se prvenstveno koristi u sistemima kontrole pristupa, sistemima prisutnosti, izdavanju karata za prijevoz, kampus karticama i jo\u0161 mnogo toga. Fudan F08 kartica je kompatibilna sa aplikacijama MIFARE Classic\u00ae 1K kartice, pru\u017eaju\u0107i korisnicima dodatni izbor.<\/p>\n<table width=\"388\">\n<tbody>\n<tr style=\"font-style: inherit; font-weight: inherit;\">\n<td style=\"font-style: inherit;\" width=\"137\">\n<p data-spm-anchor-id=\"a2700.details.0.i74.641d36fcHPDT7G\">Materijal<\/p>\n<\/td>\n<td style=\"font-style: inherit;\" width=\"251\">PVC,PETG<\/td>\n<\/tr>\n<tr style=\"font-style: inherit; font-weight: inherit;\">\n<td style=\"font-style: inherit;\" width=\"137\">Veli\u010dina<\/td>\n<td style=\"font-style: inherit;\" width=\"251\">\n<p data-spm-anchor-id=\"a2700.details.0.i69.641d36fcHPDT7G\">CR80 85,5*54mm kao kreditna kartica ili prilago\u0111ena veli\u010dina ili nepravilan oblik<\/p>\n<\/td>\n<\/tr>\n<tr style=\"font-style: inherit; font-weight: inherit;\">\n<td style=\"font-style: inherit;\" width=\"137\">Debljina<\/td>\n<td style=\"font-style: inherit;\" width=\"251\">0,84 mm kao kreditna kartica ili prilago\u0111ena debljina<\/td>\n<\/tr>\n<tr style=\"font-style: inherit; font-weight: inherit;\">\n<td style=\"font-style: inherit;\" width=\"137\">\u0160tampanje<\/td>\n<td style=\"font-style: inherit;\" width=\"251\">Heidelberg ofset \u0161tampa \/ Pantone \u0161tampa u boji \/ Sito \u0161tampa: 100% odgovara boji ili uzorku koji zahteva kupac<\/td>\n<\/tr>\n<tr style=\"font-style: inherit; font-weight: inherit;\">\n<td style=\"font-style: inherit;\" width=\"137\">Povr\u0161ina<\/td>\n<td style=\"font-style: inherit;\" width=\"251\">Sjajni, mat, svjetlucavi, metalik, laserski ili sa preklopom za termalni \u0161tampa\u010d ili sa posebnim lakom za Epson inkjet \u0161tampa\u010d<\/td>\n<\/tr>\n<tr style=\"font-style: inherit; font-weight: inherit;\">\n<td style=\"font-style: inherit;\" rowspan=\"10\" width=\"137\">Personizacija ili specijalni zanat<\/td>\n<td style=\"font-style: inherit;\" width=\"251\">Magnetna traka: Loco 300oe, Hico 2750oe, 2 ili 3 trake, crna\/zlatna\/srebrna mag.<\/td>\n<\/tr>\n<tr>\n<td width=\"251\">Bar kod: EAN-13, EAN-128, CODE128, CODE39, QR bar kod, itd.<\/td>\n<\/tr>\n<tr>\n<td width=\"251\">Utiskivanje brojeva ili slova u srebrnoj ili zlatnoj boji<\/td>\n<\/tr>\n<tr>\n<td width=\"251\">Metalik \u0161tampa u zlatnoj ili srebrnoj pozadini<\/td>\n<\/tr>\n<tr>\n<td width=\"251\">Signature panel \/ Scratch-off panel<\/td>\n<\/tr>\n<tr>\n<td width=\"251\">Lasersko graviranje brojeva<\/td>\n<\/tr>\n<tr>\n<td width=\"251\">\u0160tancanje zlatnom\/srebrnom folijom<\/td>\n<\/tr>\n<tr>\n<td width=\"251\">UV spot \u0161tampa<\/td>\n<\/tr>\n<tr>\n<td width=\"251\">Torbica okruglog ili ovalnog otvora<\/td>\n<\/tr>\n<tr>\n<td width=\"251\">Sigurnosna \u0161tampa: Hologram, OVI za\u0161titna \u0161tampa, Brajevo pismo, Fluorescentno anti-counter fingiranje, Mikro \u0161tampanje teksta<\/td>\n<\/tr>\n<tr style=\"font-style: inherit; font-weight: inherit;\">\n<td style=\"font-style: inherit;\" width=\"137\">Dostupan \u010dip od 13,56 Mhz<\/td>\n<td style=\"font-style: inherit;\" width=\"251\">NTAG213, NTAG215, NTAG216 itd.<\/td>\n<\/tr>\n<tr style=\"font-style: inherit; font-weight: inherit;\">\n<td style=\"font-style: inherit;\" rowspan=\"2\" width=\"137\">Prijave<\/td>\n<td style=\"font-style: inherit;\" width=\"251\">\n<p data-spm-anchor-id=\"a2700.details.0.i70.641d36fcHPDT7G\">Preduze\u0107a, \u0161kola, klub, ogla\u0161avanje, saobra\u0107aj, supermarket, parking, banka, vlada, osiguranje, medicinska njega, promocija,<\/p>\n<\/td>\n<\/tr>\n<tr>\n<td width=\"251\">poseta itd.<\/td>\n<\/tr>\n<\/tbody>\n<\/table>","protected":false},"excerpt":{"rendered":"<p>The Fudan F08 NFC chip is a secure smart card ideal for access control and ticketing, compatible with RFID MIFARE Classic\u00ae 1K applications for added flexibility.<\/p>","protected":false},"featured_media":2047,"template":"","meta":[],"product_brand":[],"product_cat":[46],"product_tag":[],"class_list":{"0":"post-2046","1":"product","2":"type-product","3":"status-publish","4":"has-post-thumbnail","6":"product_cat-nfc-cards","8":"first","9":"instock","10":"shipping-taxable","11":"product-type-simple"},"_links":{"self":[{"href":"https:\/\/nfc-readers.com\/bs\/wp-json\/wp\/v2\/product\/2046","targetHints":{"allow":["GET"]}}],"collection":[{"href":"https:\/\/nfc-readers.com\/bs\/wp-json\/wp\/v2\/product"}],"about":[{"href":"https:\/\/nfc-readers.com\/bs\/wp-json\/wp\/v2\/types\/product"}],"wp:featuredmedia":[{"embeddable":true,"href":"https:\/\/nfc-readers.com\/bs\/wp-json\/wp\/v2\/media\/2047"}],"wp:attachment":[{"href":"https:\/\/nfc-readers.com\/bs\/wp-json\/wp\/v2\/media?parent=2046"}],"wp:term":[{"taxonomy":"product_brand","embeddable":true,"href":"https:\/\/nfc-readers.com\/bs\/wp-json\/wp\/v2\/product_brand?post=2046"},{"taxonomy":"product_cat","embeddable":true,"href":"https:\/\/nfc-readers.com\/bs\/wp-json\/wp\/v2\/product_cat?post=2046"},{"taxonomy":"product_tag","embeddable":true,"href":"https:\/\/nfc-readers.com\/bs\/wp-json\/wp\/v2\/product_tag?post=2046"}],"curies":[{"name":"wp","href":"https:\/\/api.w.org\/{rel}","templated":true}]}}