{"id":2052,"date":"2024-10-20T12:32:11","date_gmt":"2024-10-20T12:32:11","guid":{"rendered":"https:\/\/nfc-readers.com\/?post_type=product&#038;p=2052"},"modified":"2024-10-28T13:56:29","modified_gmt":"2024-10-28T13:56:29","slug":"mifare-desfire-ev2-2k-4k-8k-card","status":"publish","type":"product","link":"https:\/\/nfc-readers.com\/bs\/ic-reader\/mifare-desfire-ev2-2k-4k-8k-card\/","title":{"rendered":"\u00a0MIFARE Desfire EV2 2K 4K 8K kartica\u00a0"},"content":{"rendered":"<h1><span class=\"AnswerParser_TextContainer__z_Iiv\" data-testid=\"youchat-text\">\u00a0<strong>MIFARE Desfire EV2 2K 4K 8K kartica<\/strong>\u00a0<\/span><\/h1>\n<p><span class=\"AnswerParser_TextContainer__z_Iiv\" data-testid=\"youchat-text\"><strong>MIFARE Desfire EV2 2K 4K 8K kartica<\/strong>\u00a0isti\u010de se kao svetionik inovativnosti i pouzdanosti. Dizajnirana od strane NXP-a, ova kartica je druga evolucija u porodici MIFARE DESFire, koja nudi pobolj\u0161anu sigurnost, superiorne performanse i podr\u0161ku za vi\u0161e aplikacija. Bilo da se radi o prodaji karata za javni prevoz, bezbednom upravljanju pristupom ili mikro-pla\u0107anjima, MIFARE Desfire EV2 je idealan izbor za sistemske operatere i programere koji tra\u017ee skalabilna i interoperabilna beskontaktna re\u0161enja.<\/span><\/p>\n<h2 class=\"AnswerParser_AnswerParserH2__SIHnF\">Sigurnost i performanse bez premca<\/h2>\n<p><span class=\"AnswerParser_TextContainer__z_Iiv\" data-testid=\"youchat-text\">The\u00a0<strong>MIFARE Desfire EV2<\/strong>\u00a0izgra\u0111en je na otvorenim globalnim standardima, osiguravaju\u0107i kompatibilnost i sigurnost u razli\u010ditim aplikacijama. Podr\u017eava DES, 2K3DES, 3K3DES i AES algoritme hardverske enkripcije, pru\u017eaju\u0107i robusnu za\u0161titu za prijenos podataka. Ova kartica ima certifikat Common Criteria EAL5+, nivo sigurnosti uporediv sa onim koji se koristi u bankarskim karticama i elektronskim paso\u0161ima, \u010dime se osigurava da su va\u0161e transakcije sigurne i pouzdane.<\/span><\/p>\n<h3 class=\"AnswerParser_AnswerParserH3__Mpe4s\">Mogu\u0107nosti vi\u0161estrukih aplikacija<\/h3>\n<p><span class=\"AnswerParser_TextContainer__z_Iiv\" data-testid=\"youchat-text\">Jedna od istaknutih karakteristika\u00a0<strong>MIFARE Desfire EV2<\/strong>\u00a0je njegova sposobnost da podr\u017ei vi\u0161e aplikacija na jednoj kartici. Ova fleksibilnost omogu\u0107ava integraciju razli\u010ditih usluga, kao \u0161to su javni prijevoz, dijeljenje automobila ili bicikala, i pristup gradskim atrakcijama, sve na jednoj kartici. Ova mogu\u0107nost ne samo da pojednostavljuje korisni\u010dko iskustvo ve\u0107 i podr\u017eava nove poslovne modele kombinovanjem usluga kao \u0161to su aplikacije za e-pla\u0107anje zatvorene petlje i lokalni programi lojalnosti\u00a0<\/span><\/p>\n<h3 class=\"AnswerParser_AnswerParserH3__Mpe4s\">Tehni\u010dke specifikacije<\/h3>\n<p><span class=\"AnswerParser_TextContainer__z_Iiv\" data-testid=\"youchat-text\">The\u00a0<strong>MIFARE Desfire EV2<\/strong>\u00a0nudi niz memorijskih opcija, uklju\u010duju\u0107i 2K, 4K i 8K bajtova, omogu\u0107avaju\u0107i opse\u017eno skladi\u0161tenje podataka i upravljanje aplikacijama. Uskla\u0111en je sa ISO\/IEC 14443A standardima i podr\u017eava opcione ISO\/IEC 7816-4 komande, osiguravaju\u0107i interoperabilnost sa postoje\u0107om infrastrukturom NFC \u010dita\u010da. Brze brzine prenosa podataka kartice, u rasponu od 106 kbit\/s do 848 kbit\/s, osiguravaju efikasne i brze transakcije.<\/span><\/p>\n<div class=\"AnswerParser_TableContainer__Erb6v\" data-testid=\"table-container\">\n<table style=\"height: 195px;\" width=\"657\">\n<thead>\n<tr>\n<th>\n<p style=\"text-align: left;\">Specifikacija<\/p>\n<\/th>\n<th style=\"text-align: left;\">Detalji<\/th>\n<\/tr>\n<\/thead>\n<tbody>\n<tr>\n<td>Memorijske opcije<\/td>\n<td>2K, 4K, 8K bajtova<\/td>\n<\/tr>\n<tr>\n<td>Enkripcija<\/td>\n<td>DES, 2K3DES, 3K3DES, AES<\/td>\n<\/tr>\n<tr>\n<td>Certifikacija<\/td>\n<td>Zajedni\u010dki kriteriji EAL5+<\/td>\n<\/tr>\n<tr>\n<td>Brzina prijenosa podataka<\/td>\n<td>106 kbit\/s do 848 kbit\/s<\/td>\n<\/tr>\n<tr>\n<td>Standardi<\/td>\n<td>ISO\/IEC 14443A, ISO\/IEC 7816-4<\/td>\n<\/tr>\n<\/tbody>\n<\/table>\n<\/div>\n<h2 class=\"AnswerParser_AnswerParserH2__SIHnF\">Svestrane aplikacije<\/h2>\n<h3 class=\"AnswerParser_AnswerParserH3__Mpe4s\">Sigurno izdavanje karata za javni prevoz<\/h3>\n<p><span class=\"AnswerParser_TextContainer__z_Iiv\" data-testid=\"youchat-text\">The\u00a0<strong>MIFARE Desfire EV2<\/strong>\u00a0idealan je za bezbedno izdavanje karata u javnom prevozu, nude\u0107i pouzdano i efikasno re\u0161enje za upravljanje naplatom karata i kontrolom pristupa. Njegove robusne sigurnosne karakteristike osiguravaju da su transakcije za\u0161ti\u0107ene od prijevare, pru\u017eaju\u0107i bezbri\u017enost i operaterima i korisnicima.<\/span><\/p>\n<h3 class=\"AnswerParser_AnswerParserH3__Mpe4s\">Kartica za pametni grad i mobilnost za vi\u0161e aplikacija<\/h3>\n<p><span class=\"AnswerParser_TextContainer__z_Iiv\" data-testid=\"youchat-text\">U pametnim gradskim okru\u017eenjima,\u00a0<strong>MIFARE Desfire EV2<\/strong>\u00a0slu\u017ei kao kartica za vi\u0161e aplikacija, integriraju\u0107i razli\u010dite usluge kao \u0161to su javni prijevoz, parking i pristup gradskim sadr\u017eajima. Ova integracija pojednostavljuje korisni\u010dko iskustvo i pobolj\u0161ava efikasnost rje\u0161enja za urbanu mobilnost.<\/span><\/p>\n<h3 class=\"AnswerParser_AnswerParserH3__Mpe4s\">Upravljanje bezbednim pristupom<\/h3>\n<p><span class=\"AnswerParser_TextContainer__z_Iiv\" data-testid=\"youchat-text\">Za organizacije koje zahtijevaju sigurno upravljanje pristupom,\u00a0<strong>MIFARE Desfire EV2<\/strong>\u00a0pru\u017ea pouzdano rje\u0161enje. Njegove napredne metode \u0161ifriranja i autentifikacije osiguravaju da samo ovla\u0161teni pojedinci mogu pristupiti osjetljivim podru\u010djima, pove\u0107avaju\u0107i sigurnost i operativnu efikasnost.<\/span><\/p>\n<h2 class=\"AnswerParser_AnswerParserH2__SIHnF\">Recenzije i izjave kupaca<\/h2>\n<p><span class=\"AnswerParser_TextContainer__z_Iiv\" data-testid=\"youchat-text\"><strong>Korisnici MIFARE Desfire EV2<\/strong>\u00a0stalno hvale njegovu pouzdanost i svestranost. Jedan kupac je napomenuo: \u201cMogu\u0107nost integracije vi\u0161e aplikacija na jednoj kartici zna\u010dajno je pojednostavila na\u0161e operacije.\u201d Drugi korisnik je istakao sigurnosne karakteristike kartice, rekav\u0161i: \u201cRobusno \u0161ifriranje nam daje povjerenje u sigurnost na\u0161ih transakcija.\u201d<\/span><\/p>\n<h2 class=\"AnswerParser_AnswerParserH2__SIHnF\">\u010cesto postavljana pitanja<\/h2>\n<p><span class=\"AnswerParser_TextContainer__z_Iiv\" data-testid=\"youchat-text\"><strong>P: \u0160ta \u010dini MIFARE Desfire EV2 pogodnim za upotrebu u vi\u0161e aplikacija?<\/strong><br \/>\nO: Njegova sposobnost da podr\u017ei vi\u0161e aplikacija na jednoj kartici, u kombinaciji sa robusnim sigurnosnim karakteristikama, \u010dini je idealnom za integraciju razli\u010ditih usluga.<\/span><span class=\"AnswerParser_TextContainer__z_Iiv\" data-testid=\"youchat-text\"><strong>P: Kako MIFARE Desfire EV2 osigurava sigurnost podataka?<\/strong><br \/>\nO: Kartica koristi napredne algoritme \u0161ifriranja, uklju\u010duju\u0107i AES, i certificirana je za Common Criteria EAL5+, osiguravaju\u0107i visok nivo za\u0161tite podataka.<\/span><span class=\"AnswerParser_TextContainer__z_Iiv\" data-testid=\"youchat-text\"><strong>P: Mo\u017ee li se MIFARE Desfire EV2 koristiti sa postoje\u0107om NFC infrastrukturom?<\/strong><br \/>\nO: Da, potpuno je interoperabilan sa postoje\u0107om infrastrukturom NFC \u010dita\u010da, osiguravaju\u0107i besprijekornu integraciju.<\/span><\/p>\n<h2 class=\"AnswerParser_AnswerParserH2__SIHnF\">Uticaj na \u017eivotnu sredinu i odr\u017eivost<\/h2>\n<p><span class=\"AnswerParser_TextContainer__z_Iiv\" data-testid=\"youchat-text\">The\u00a0<strong>MIFARE Desfire EV2<\/strong>\u00a0dizajniran je s namjerom odr\u017eivosti. Njegova izdr\u017eljiva konstrukcija osigurava dug \u017eivotni vijek proizvoda, smanjuju\u0107i otpad i potrebu za \u010destim zamjenama. Podr\u017eavaju\u0107i vi\u0161e aplikacija na jednoj kartici, tako\u0111er minimizira utjecaj na okoli\u0161 povezan s proizvodnjom i odlaganjem vi\u0161e kartica\u00a0<\/span><\/p>\n<h2 class=\"AnswerParser_AnswerParserH2__SIHnF\">Zaklju\u010dak: Za\u0161to odabrati MIFARE Desfire EV2?<\/h2>\n<p><span class=\"AnswerParser_TextContainer__z_Iiv\" data-testid=\"youchat-text\">The\u00a0<strong>MIFARE Desfire EV2 2K 4K 8K kartica<\/strong>\u00a0nudi savr\u0161en spoj sigurnosti, performansi i svestranosti za svako beskontaktno rje\u0161enje. Bilo da \u017eelite da pobolj\u0161ate svoj sistem javnog prevoza, bezbedno upravljanje pristupom ili integri\u0161ete vi\u0161e usluga u okru\u017eenje pametnog grada, ova kartica pru\u017ea robusnu i pouzdanu opciju. Njegove napredne mogu\u0107nosti enkripcije i podr\u0161ka za vi\u0161e aplikacija \u010dine ga vrijednom investicijom za organizacije kojima je prioritet sigurnost i efikasnost.<\/span><span class=\"AnswerParser_TextContainer__z_Iiv\" data-testid=\"youchat-text\">Za vi\u0161e informacija ili naru\u010divanje,\u00a0<strong>kontaktirajte nas<\/strong>\u00a0danas. Otklju\u010dajte sigurnost i efikasnost sljede\u0107eg nivoa uz MIFARE Desfire EV2.<\/span><\/p>","protected":false},"excerpt":{"rendered":"<p><span class=\"AnswerParser_TextContainer__z_Iiv\" data-testid=\"youchat-text\">\u00a0<strong>MIFARE Desfire EV2 2K 4K 8K kartica<\/strong> <\/span>je svestrani NFC \u010dip koji pru\u017ea visoku sigurnost, \u0161to ga \u010dini pogodnim za RFID aplikacije u transportu, kontroli pristupa i pla\u0107anju.<\/p>","protected":false},"featured_media":2054,"template":"","meta":[],"product_brand":[],"product_cat":[46],"product_tag":[],"class_list":{"0":"post-2052","1":"product","2":"type-product","3":"status-publish","4":"has-post-thumbnail","6":"product_cat-nfc-cards","8":"first","9":"instock","10":"shipping-taxable","11":"product-type-simple"},"_links":{"self":[{"href":"https:\/\/nfc-readers.com\/bs\/wp-json\/wp\/v2\/product\/2052","targetHints":{"allow":["GET"]}}],"collection":[{"href":"https:\/\/nfc-readers.com\/bs\/wp-json\/wp\/v2\/product"}],"about":[{"href":"https:\/\/nfc-readers.com\/bs\/wp-json\/wp\/v2\/types\/product"}],"wp:featuredmedia":[{"embeddable":true,"href":"https:\/\/nfc-readers.com\/bs\/wp-json\/wp\/v2\/media\/2054"}],"wp:attachment":[{"href":"https:\/\/nfc-readers.com\/bs\/wp-json\/wp\/v2\/media?parent=2052"}],"wp:term":[{"taxonomy":"product_brand","embeddable":true,"href":"https:\/\/nfc-readers.com\/bs\/wp-json\/wp\/v2\/product_brand?post=2052"},{"taxonomy":"product_cat","embeddable":true,"href":"https:\/\/nfc-readers.com\/bs\/wp-json\/wp\/v2\/product_cat?post=2052"},{"taxonomy":"product_tag","embeddable":true,"href":"https:\/\/nfc-readers.com\/bs\/wp-json\/wp\/v2\/product_tag?post=2052"}],"curies":[{"name":"wp","href":"https:\/\/api.w.org\/{rel}","templated":true}]}}