{"id":2081,"date":"2024-10-22T01:16:34","date_gmt":"2024-10-22T01:16:34","guid":{"rendered":"https:\/\/nfc-readers.com\/?post_type=product&#038;p=2081"},"modified":"2024-10-28T14:02:37","modified_gmt":"2024-10-28T14:02:37","slug":"mifare-plus-s-2k-4k-rfid-cards","status":"publish","type":"product","link":"https:\/\/nfc-readers.com\/bs\/ic-reader\/mifare-plus-s-2k-4k-rfid-cards\/","title":{"rendered":"\u00a0MIFARE Plus\u00ae S 2k 4k RFID kartice"},"content":{"rendered":"<h1>\u00a0MIFARE Plus\u00ae S 2k 4k RFID kartice<\/h1>\n<table style=\"height: 505px;\" width=\"655\">\n<tbody>\n<tr style=\"font-style: inherit; font-weight: inherit;\">\n<td style=\"font-style: inherit;\" width=\"172\">\n<p data-spm-anchor-id=\"a2700.details.0.i71.17213ba4RCuUOM\">Stavka<\/p>\n<\/td>\n<td style=\"font-style: inherit;\" width=\"252\">\u00a0MIFARE Plus\u00ae S 2k 4k RFID kartica<\/td>\n<\/tr>\n<tr style=\"font-style: inherit; font-weight: inherit;\">\n<td style=\"font-style: inherit;\" width=\"172\">Posebne karakteristike<\/td>\n<td style=\"font-style: inherit;\" width=\"252\">Vodootporan \/ Otporan na vremenske uvjete<\/td>\n<\/tr>\n<tr style=\"font-style: inherit; font-weight: inherit;\">\n<td style=\"font-style: inherit;\" width=\"172\">Komunikacijski interfejs<\/td>\n<td style=\"font-style: inherit;\" width=\"252\">RFID<\/td>\n<\/tr>\n<tr style=\"font-style: inherit; font-weight: inherit;\">\n<td style=\"font-style: inherit;\" width=\"172\">Mjesto porijekla<\/td>\n<td style=\"font-style: inherit;\" width=\"252\">Guangdong, Kina<\/td>\n<\/tr>\n<tr style=\"font-style: inherit; font-weight: inherit;\">\n<td style=\"font-style: inherit;\" width=\"172\">Frekvencija<\/td>\n<td style=\"font-style: inherit;\" width=\"252\">13.56Mhz<\/td>\n<\/tr>\n<tr style=\"font-style: inherit; font-weight: inherit;\">\n<td style=\"font-style: inherit;\" width=\"172\">\u010cip<\/td>\n<td style=\"font-style: inherit;\" width=\"252\">MIFARE Plus\u00ae S 2K (MIFARE\u00ae i MIFARE Plus\u00ae su registrovani za\u0161titni znakovi NXP BV i koriste se pod licencom.)<\/td>\n<\/tr>\n<tr style=\"font-style: inherit; font-weight: inherit;\">\n<td style=\"font-style: inherit;\" width=\"172\">Materijal<\/td>\n<td style=\"font-style: inherit;\" width=\"252\">PVC<\/td>\n<\/tr>\n<tr style=\"font-style: inherit; font-weight: inherit;\">\n<td style=\"font-style: inherit;\" width=\"172\">Aplikacija<\/td>\n<td style=\"font-style: inherit;\" width=\"252\">Sistem kontrole pristupa<\/td>\n<\/tr>\n<tr style=\"font-style: inherit; font-weight: inherit;\">\n<td style=\"font-style: inherit;\" width=\"172\">Protokol<\/td>\n<td style=\"font-style: inherit;\" width=\"252\">ISO 14443A<\/td>\n<\/tr>\n<tr style=\"font-style: inherit; font-weight: inherit;\">\n<td style=\"font-style: inherit;\" width=\"172\">Debljina<\/td>\n<td style=\"font-style: inherit;\" width=\"252\">0,84 mm\/prilago\u0111eno<\/td>\n<\/tr>\n<tr style=\"font-style: inherit; font-weight: inherit;\">\n<td style=\"font-style: inherit;\" width=\"172\">Zavr\u0161na obrada povr\u0161ine<\/td>\n<td style=\"font-style: inherit;\" width=\"252\">Sjajni.mat<\/td>\n<\/tr>\n<tr style=\"font-style: inherit; font-weight: inherit;\">\n<td style=\"font-style: inherit;\" width=\"172\">Ulazni kapacitet [pF]<\/td>\n<td style=\"font-style: inherit;\" width=\"252\">17\/70 PF<\/td>\n<\/tr>\n<tr style=\"font-style: inherit; font-weight: inherit;\">\n<td style=\"font-style: inherit;\" width=\"172\">Du\u017eina klju\u010da<\/td>\n<td style=\"font-style: inherit;\" width=\"252\">48-bitni Crypto-1, 128-bitni AES<\/td>\n<\/tr>\n<tr style=\"font-style: inherit; font-weight: inherit;\">\n<td style=\"font-style: inherit;\" width=\"172\">Model memorije<\/td>\n<td style=\"font-style: inherit;\" width=\"252\">Kompaktni, sektori i 16-bajtni blokovi<\/td>\n<\/tr>\n<tr style=\"font-style: inherit; font-weight: inherit;\">\n<td style=\"font-style: inherit;\" width=\"172\">NFC uskla\u0111enost<\/td>\n<td style=\"font-style: inherit;\" width=\"252\">NFC sposoban u SL3<\/td>\n<\/tr>\n<\/tbody>\n<\/table>\n<p>&nbsp;<\/p>\n<p><span class=\"AnswerParser_TextContainer__z_Iiv\" data-testid=\"youchat-text\"><strong>MIFARE Plus\u00ae S 2k 4k RFID kartice<\/strong>\u00a0su industrijsko rje\u0161enje za unapre\u0111enje va\u0161ih postoje\u0107ih sistema na sljede\u0107i nivo. Ove kartice obezbe\u0111uju besprekornu migraciju sa MIFARE Classic, obezbe\u0111uju\u0107i ve\u0107u sigurnost kroz AES-128 enkripciju i odr\u017eavaju\u0107i kompatibilnost sa va\u0161om trenutnom infrastrukturom. Uz vrhunski integritet podataka i sigurnu komunikaciju, oni su ultimativni izbor za pobolj\u0161anje va\u0161ih RFID aplikacija.<\/span><\/p>\n<h2 class=\"AnswerParser_AnswerParserH2__SIHnF\">Otklju\u010dajte rje\u0161enja visoke sigurnosti uz MIFARE Plus\u00ae S<\/h2>\n<p><span class=\"AnswerParser_TextContainer__z_Iiv\" data-testid=\"youchat-text\">The\u00a0<strong>MIFARE Plus\u00ae S 2k 4k RFID kartice<\/strong>\u00a0isti\u010du se kao svestrana opcija za organizacije koje \u017eele nadograditi svoje sisteme. Dizajnirane sa fokusom na sigurnost, ove kartice implementiraju AES-128 enkripciju, osiguravaju\u0107i da va\u0161i podaci ostaju za\u0161ti\u0107eni od neovla\u0161tenog pristupa. Upotreba naprednih kriptografskih metoda jam\u010di da \u0107e va\u0161e informacije zadr\u017eati svoj integritet i povjerljivost.<\/span><span class=\"AnswerParser_TextContainer__z_Iiv\" data-testid=\"youchat-text\">Ove pametne kartice su kompatibilne sa MIFARE Classic, \u0161to olak\u0161ava preduze\u0107ima da pre\u0111u bez zamene postoje\u0107eg hardvera. Ova kompatibilnost omogu\u0107ava isplativu nadogradnju, pru\u017eaju\u0107i pobolj\u0161ane sigurnosne karakteristike bez ometanja va\u0161ih operacija.<\/span><\/p>\n<h3 class=\"AnswerParser_AnswerParserH3__Mpe4s\">Robusna RFID tehnologija<\/h3>\n<p><span class=\"AnswerParser_TextContainer__z_Iiv\" data-testid=\"youchat-text\">Sa frekvencijom od 13,56MHz,\u00a0<strong>MIFARE Plus\u00ae S 2k 4k RFID kartice<\/strong>\u00a0nude pouzdanu i efikasnu komunikaciju. Kartice su napravljene da izdr\u017ee razli\u010dite uslove okoline, zahvaljuju\u0107i njihovoj vodootpornoj konstrukciji i vremenskim uslovima. Izra\u0111eni od izdr\u017eljivog PVC materijala, dizajnirani su za dugotrajnu upotrebu u bilo kojem okru\u017eenju.<\/span><span class=\"AnswerParser_TextContainer__z_Iiv\" data-testid=\"youchat-text\">Kompaktan dizajn ovih RFID kartica, debljine 0,84 mm, osigurava laku integraciju u va\u0161e trenutne sisteme. Njihove prilagodljive opcije zavr\u0161ne obrade, uklju\u010duju\u0107i sjajnu, mat i mat, nude dodatnu fleksibilnost kako bi zadovoljile va\u0161e specifi\u010dne potrebe dizajna.<\/span><\/p>\n<h3 class=\"AnswerParser_AnswerParserH3__Mpe4s\">Napredne sigurnosne funkcije<\/h3>\n<p><span class=\"AnswerParser_TextContainer__z_Iiv\" data-testid=\"youchat-text\">Sigurnost je u srcu\u00a0<strong>MIFARE Plus\u00ae S 2k 4k RFID kartice<\/strong>. Ugra\u0111ivanjem AES-128 enkripcije, ove kartice nude napredni nivo za\u0161tite. Ova kriptografska metoda ne samo da autentifikuje korisnike, ve\u0107 i osigurava integritet i enkripciju podataka, \u0161tite\u0107i osjetljive informacije od potencijalnih prijetnji.<\/span><span class=\"AnswerParser_TextContainer__z_Iiv\" data-testid=\"youchat-text\">Kartice podr\u017eavaju 48-bitni Crypto-1 i 128-bitni AES klju\u010d du\u017eine, pru\u017eaju\u0107i vi\u0161estruke slojeve sigurnosti. To ih \u010dini idealnim za aplikacije koje zahtevaju visok nivo za\u0161tite, kao \u0161to su korporativni sistemi kontrole pristupa, javni prevoz i finansijske transakcije.<\/span><\/p>\n<h3 class=\"AnswerParser_AnswerParserH3__Mpe4s\">Besprekorna integracija i kompatibilnost<\/h3>\n<p><span class=\"AnswerParser_TextContainer__z_Iiv\" data-testid=\"youchat-text\">Jedna od zna\u010dajnih prednosti\u00a0<strong>MIFARE Plus\u00ae S 2k 4k RFID kartice<\/strong>\u00a0je njihova besprekorna integracija sa postoje\u0107im sistemima. Ove kartice ne samo da su kompatibilne sa MIFARE Classic, ve\u0107 se pridr\u017eavaju standarda ISO 14443A protokola, osiguravaju\u0107i glatku inkorporaciju u va\u0161u trenutnu infrastrukturu. NFC uskla\u0111enost u SL3 dodatno pobolj\u0161ava njihovu primjenjivost u \u0161irokom rasponu okru\u017eenja.<\/span><\/p>\n<h3 class=\"AnswerParser_AnswerParserH3__Mpe4s\">Recenzije i izjave kupaca<\/h3>\n<p><span class=\"AnswerParser_TextContainer__z_Iiv\" data-testid=\"youchat-text\"><strong>Kupci su pohvalili MIFARE Plus\u00ae S 2k 4k RFID kartice<\/strong>\u00a0zbog njihove pouzdanosti i jednostavnosti upotrebe. Jedan korisnik je primetio: \u201eNadogradnja na\u0161eg sistema kontrole pristupa ovim karticama je bila besprekorna. Pobolj\u0161ane sigurnosne karakteristike daju nam bezbri\u017enost.\u201d Drugi je dodao: &quot;Cijenimo izdr\u017eljivost i dosljedne performanse ovih kartica u razli\u010ditim okru\u017eenjima.&quot;<\/span><\/p>\n<h3 class=\"AnswerParser_AnswerParserH3__Mpe4s\">\u010cesto postavljana pitanja<\/h3>\n<p><span class=\"AnswerParser_TextContainer__z_Iiv\" data-testid=\"youchat-text\"><strong>P: Kako MIFARE Plus\u00ae S 2k 4k RFID kartice pobolj\u0161avaju sigurnost?<\/strong><br \/>\nO: Ove kartice koriste AES-128 enkripciju, osiguravaju\u0107i integritet podataka i za\u0161titu od neovla\u0161tenog pristupa.<\/span><\/p>\n<p><span class=\"AnswerParser_TextContainer__z_Iiv\" data-testid=\"youchat-text\"><strong>P: Da li su ove kartice kompatibilne sa postoje\u0107im MIFARE Classic sistemima?<\/strong><br \/>\nO: Da, nude kompatibilnost sa MIFARE Classic, omogu\u0107avaju\u0107i glatku tranziciju bez potrebe za novim hardverom.<\/span><\/p>\n<p><span class=\"AnswerParser_TextContainer__z_Iiv\" data-testid=\"youchat-text\"><strong>P: Koja je tipi\u010dna primjena ovih RFID kartica?<\/strong><br \/>\nO: Idealni su za sisteme kontrole pristupa, korporativna okru\u017eenja i sisteme javnog prevoza koji zahtevaju visoku sigurnost.<\/span><\/p>\n<h3 class=\"AnswerParser_AnswerParserH3__Mpe4s\">Uticaj na \u017eivotnu sredinu i odr\u017eivost<\/h3>\n<p><span class=\"AnswerParser_TextContainer__z_Iiv\" data-testid=\"youchat-text\">The\u00a0<strong>MIFARE Plus\u00ae S 2k 4k RFID kartice<\/strong>\u00a0dizajnirani su imaju\u0107i na umu odr\u017eivost. Njihova izdr\u017eljiva PVC konstrukcija osigurava dug \u017eivotni vijek proizvoda, smanjuju\u0107i otpad i potrebu za \u010destim zamjenama. Nadogradnjom na MIFARE Plus, organizacije tako\u0111er mogu minimizirati svoj okoli\u0161ni otisak tako \u0161to \u0107e produ\u017eiti vijek trajanja postoje\u0107ih sistema umjesto da ih u potpunosti zamjene.<\/span><\/p>\n<h3 class=\"AnswerParser_AnswerParserH3__Mpe4s\">Zaklju\u010dak: Za\u0161to odabrati MIFARE Plus\u00ae S 2k 4k RFID kartice?<\/h3>\n<p><span class=\"AnswerParser_TextContainer__z_Iiv\" data-testid=\"youchat-text\">The\u00a0<strong>MIFARE Plus\u00ae S 2k 4k RFID kartice<\/strong>\u00a0nude savr\u0161en balans sigurnosti, kompatibilnosti i izdr\u017eljivosti za bilo koji sistem kontrole pristupa. Bilo da \u017eelite nadograditi svoju postoje\u0107u infrastrukturu ili tra\u017eite pouzdano rje\u0161enje za nove instalacije, ove kartice pru\u017eaju robusnu i sigurnu opciju. Njihove napredne mogu\u0107nosti \u0161ifriranja i besprijekorna integracija \u010dine ih vrijednom investicijom za organizacije kojima je prioritet sigurnost i efikasnost.<\/span><span class=\"AnswerParser_TextContainer__z_Iiv\" data-testid=\"youchat-text\">Za vi\u0161e informacija ili naru\u010divanje,\u00a0<strong>kontaktirajte nas<\/strong>\u00a0danas. Otklju\u010dajte sigurnost i efikasnost sljede\u0107eg nivoa uz MIFARE Plus.<\/span><\/p>","protected":false},"excerpt":{"rendered":"<p>NXP-ova MIFARE Plus kartica je bezbedno re\u0161enje za NFC \u010dip u skladu sa RFID standardima, idealno za javni prevoz, kontrolu pristupa i aplikacije za pla\u0107anje.<\/p>","protected":false},"featured_media":2082,"template":"","meta":[],"product_brand":[],"product_cat":[46],"product_tag":[],"class_list":{"0":"post-2081","1":"product","2":"type-product","3":"status-publish","4":"has-post-thumbnail","6":"product_cat-nfc-cards","8":"first","9":"instock","10":"shipping-taxable","11":"product-type-simple"},"_links":{"self":[{"href":"https:\/\/nfc-readers.com\/bs\/wp-json\/wp\/v2\/product\/2081","targetHints":{"allow":["GET"]}}],"collection":[{"href":"https:\/\/nfc-readers.com\/bs\/wp-json\/wp\/v2\/product"}],"about":[{"href":"https:\/\/nfc-readers.com\/bs\/wp-json\/wp\/v2\/types\/product"}],"wp:featuredmedia":[{"embeddable":true,"href":"https:\/\/nfc-readers.com\/bs\/wp-json\/wp\/v2\/media\/2082"}],"wp:attachment":[{"href":"https:\/\/nfc-readers.com\/bs\/wp-json\/wp\/v2\/media?parent=2081"}],"wp:term":[{"taxonomy":"product_brand","embeddable":true,"href":"https:\/\/nfc-readers.com\/bs\/wp-json\/wp\/v2\/product_brand?post=2081"},{"taxonomy":"product_cat","embeddable":true,"href":"https:\/\/nfc-readers.com\/bs\/wp-json\/wp\/v2\/product_cat?post=2081"},{"taxonomy":"product_tag","embeddable":true,"href":"https:\/\/nfc-readers.com\/bs\/wp-json\/wp\/v2\/product_tag?post=2081"}],"curies":[{"name":"wp","href":"https:\/\/api.w.org\/{rel}","templated":true}]}}