{"id":2103,"date":"2024-04-22T02:06:11","date_gmt":"2024-04-22T02:06:11","guid":{"rendered":"https:\/\/nfc-readers.com\/?post_type=product&#038;p=2103"},"modified":"2024-09-29T02:13:25","modified_gmt":"2024-09-29T02:13:25","slug":"ntag424","status":"publish","type":"product","link":"https:\/\/nfc-readers.com\/bs\/ic-reader\/ntag424\/","title":{"rendered":"NTAG 424 DNK"},"content":{"rendered":"<h1>NTAG 424 DNK<\/h1>\n<table width=\"537\">\n<tbody>\n<tr style=\"font-style: inherit; font-weight: inherit;\">\n<td style=\"font-style: inherit;\" width=\"95\" data-spm-anchor-id=\"a2700.details.0.i69.1fd12d83P0Adf1\"><span style=\"font-style: inherit; font-weight: inherit;\">Materijal<\/span><\/td>\n<td style=\"font-style: inherit;\" width=\"442\"><span style=\"font-style: inherit; font-weight: inherit;\">Papir, PVC, PET ili prilago\u0111eni<\/span><\/td>\n<\/tr>\n<tr style=\"font-style: inherit; font-weight: inherit;\">\n<td style=\"font-style: inherit;\" width=\"95\"><span style=\"font-style: inherit; font-weight: inherit;\">\u0160tampanje<\/span><\/td>\n<td style=\"font-style: inherit;\" width=\"442\"><span style=\"font-style: inherit; font-weight: inherit;\">ofset \u0161tampa ili digitalna \u0161tampa, \u0161tampa na svili itd<\/span><\/td>\n<\/tr>\n<tr style=\"font-style: inherit; font-weight: inherit;\">\n<td style=\"font-style: inherit;\" width=\"95\"><span style=\"font-style: inherit; font-weight: inherit;\">Craft<\/span><\/td>\n<td style=\"font-style: inherit;\" width=\"442\"><span style=\"font-style: inherit; font-weight: inherit;\">Magnetna traka, bar kod\/QR kod, sjajni\/matiranje\/glazura itd<\/span><\/td>\n<\/tr>\n<tr style=\"font-style: inherit; font-weight: inherit;\">\n<td style=\"font-style: inherit;\" width=\"95\"><span style=\"font-style: inherit; font-weight: inherit;\">Dimenzija<\/span><\/td>\n<td style=\"font-style: inherit;\" width=\"442\" data-spm-anchor-id=\"a2700.details.0.i68.1fd12d83P0Adf1\"><span style=\"font-style: inherit; font-weight: inherit;\">40 * 25 mm, 25 mm, 30 mm, 45 * 45 mm ili prilago\u0111eno<\/span><\/td>\n<\/tr>\n<tr style=\"font-style: inherit; font-weight: inherit;\">\n<td style=\"font-style: inherit;\" width=\"95\"><span style=\"font-style: inherit; font-weight: inherit;\">Frekvencija<\/span><\/td>\n<td style=\"font-style: inherit;\" width=\"442\"><span style=\"font-style: inherit; font-weight: inherit;\">13.56Mhz<\/span><\/td>\n<\/tr>\n<tr style=\"font-style: inherit; font-weight: inherit;\">\n<td style=\"font-style: inherit;\" width=\"95\"><span style=\"font-style: inherit; font-weight: inherit;\">\u010citanje opsega<\/span><\/td>\n<td style=\"font-style: inherit;\" width=\"442\"><span style=\"font-style: inherit; font-weight: inherit;\">1-10 cm zavisi od \u010dita\u010da i okru\u017eenja za \u010ditanje<\/span><\/td>\n<\/tr>\n<tr style=\"font-style: inherit; font-weight: inherit;\">\n<td style=\"font-style: inherit;\" width=\"95\"><span style=\"font-style: inherit; font-weight: inherit;\">Aplikacija<\/span><\/td>\n<td style=\"font-style: inherit;\" width=\"442\"><span style=\"font-style: inherit; font-weight: inherit;\">Aktivnosti, etiketa proizvoda itd<\/span><\/td>\n<\/tr>\n<tr style=\"font-style: inherit; font-weight: inherit;\">\n<td style=\"font-style: inherit;\" width=\"95\"><span style=\"font-style: inherit; font-weight: inherit;\">Vrijeme isporuke<\/span><\/td>\n<td style=\"font-style: inherit;\" width=\"442\"><span style=\"font-style: inherit; font-weight: inherit;\">Op\u0107enito oko 7-8 radnih dana, ovisi o koli\u010dini i va\u0161em zahtjevu<\/span><\/td>\n<\/tr>\n<tr style=\"font-style: inherit; font-weight: inherit;\">\n<td style=\"font-style: inherit;\" width=\"95\"><span style=\"font-style: inherit; font-weight: inherit;\">Na\u010din pla\u0107anja<\/span><\/td>\n<td style=\"font-style: inherit;\" width=\"442\"><span style=\"font-style: inherit; font-weight: inherit;\">WesterUnion, TT, trgovinsko osiguranje ili paypal itd<\/span><\/td>\n<\/tr>\n<\/tbody>\n<\/table>\n<p>Vi\u0161e \u010dip opcija za odabir<\/p>\n<table width=\"537\">\n<tbody>\n<tr style=\"font-style: inherit; font-weight: inherit;\">\n<td style=\"font-style: inherit;\" width=\"95\" data-spm-anchor-id=\"a2700.details.0.i71.1fd12d83P0Adf1\"><span style=\"font-style: inherit; font-weight: inherit;\" data-spm-anchor-id=\"a2700.details.0.i72.1fd12d83P0Adf1\">rotocol<\/span><\/td>\n<td style=\"font-style: inherit;\" width=\"442\"><span style=\"font-style: inherit; font-weight: inherit;\">\u010cips<\/span><\/td>\n<\/tr>\n<tr style=\"font-style: inherit; font-weight: inherit;\">\n<td style=\"font-style: inherit;\" rowspan=\"8\" width=\"95\"><span style=\"font-style: inherit; font-weight: inherit;\">ISO14443A<\/span><\/td>\n<td style=\"font-style: inherit;\" width=\"442\"><span style=\"font-style: inherit; font-weight: inherit;\">MIFARE Classic\u00ae 1K, MIFARE Classic\u00ae 4K<\/span><\/td>\n<\/tr>\n<tr>\n<td width=\"442\"><span style=\"font-style: inherit; font-weight: inherit;\">MIFARE\u00ae Mini<\/span><\/td>\n<\/tr>\n<tr>\n<td width=\"442\"><span style=\"font-style: inherit; font-weight: inherit;\">MIFARE Ultralight\u00ae, MIFARE Ultralight\u00ae EV1, MIFARE Ultralight\u00ae C<\/span><\/td>\n<\/tr>\n<tr>\n<td width=\"442\"><span style=\"font-style: inherit; font-weight: inherit;\">NTAG213 \/ NTAG215 \/ NTAG216<\/span><\/td>\n<\/tr>\n<tr>\n<td width=\"442\"><span style=\"font-style: inherit; font-weight: inherit;\">MIFARE \u00ae DESFire\u00ae EV1 (2K\/4K\/8K)<\/span><\/td>\n<\/tr>\n<tr>\n<td width=\"442\"><span style=\"font-style: inherit; font-weight: inherit;\">MIFARE \u00ae DESFire\u00ae EV2 (2K\/4K\/8K)<\/span><\/td>\n<\/tr>\n<tr>\n<td width=\"442\"><span style=\"font-style: inherit; font-weight: inherit;\">MIFARE Plus\u00ae (2K\/4K)<\/span><\/td>\n<\/tr>\n<tr>\n<td width=\"442\"><span style=\"font-style: inherit; font-weight: inherit;\">Topaz 512<\/span><\/td>\n<\/tr>\n<tr style=\"font-style: inherit; font-weight: inherit;\">\n<td style=\"font-style: inherit;\" width=\"95\"><span style=\"font-style: inherit; font-weight: inherit;\">ISO15693<\/span><\/td>\n<td style=\"font-style: inherit;\" width=\"442\"><span style=\"font-style: inherit; font-weight: inherit;\">ICODE SLIX, ICODE SLI-S<\/span><\/td>\n<\/tr>\n<\/tbody>\n<\/table>\n<p><img loading=\"lazy\" decoding=\"async\" class=\"alignnone wp-image-2108\" src=\"https:\/\/nfc-readers.com\/wp-content\/uploads\/2024\/04\/Hde00c6f42d8549a48e8df66ca6d59227x-300x226.png\" alt=\"\" width=\"572\" height=\"431\" srcset=\"https:\/\/nfc-readers.com\/wp-content\/uploads\/2024\/04\/Hde00c6f42d8549a48e8df66ca6d59227x-300x226.png 300w, https:\/\/nfc-readers.com\/wp-content\/uploads\/2024\/04\/Hde00c6f42d8549a48e8df66ca6d59227x-600x451.png 600w, https:\/\/nfc-readers.com\/wp-content\/uploads\/2024\/04\/Hde00c6f42d8549a48e8df66ca6d59227x.png 750w\" sizes=\"auto, (max-width: 572px) 100vw, 572px\" \/><\/p>","protected":false},"excerpt":{"rendered":"<p>The NTAG 424 DNA is a secure NFC tag offering bank-grade protection for anti-counterfeiting, brand safety, secure ticketing, and identity verification in RFID applications.<\/p>","protected":false},"featured_media":2104,"template":"","meta":[],"product_brand":[],"product_cat":[47],"product_tag":[],"class_list":{"0":"post-2103","1":"product","2":"type-product","3":"status-publish","4":"has-post-thumbnail","6":"product_cat-nfc-tags","8":"first","9":"instock","10":"shipping-taxable","11":"product-type-simple"},"_links":{"self":[{"href":"https:\/\/nfc-readers.com\/bs\/wp-json\/wp\/v2\/product\/2103","targetHints":{"allow":["GET"]}}],"collection":[{"href":"https:\/\/nfc-readers.com\/bs\/wp-json\/wp\/v2\/product"}],"about":[{"href":"https:\/\/nfc-readers.com\/bs\/wp-json\/wp\/v2\/types\/product"}],"wp:featuredmedia":[{"embeddable":true,"href":"https:\/\/nfc-readers.com\/bs\/wp-json\/wp\/v2\/media\/2104"}],"wp:attachment":[{"href":"https:\/\/nfc-readers.com\/bs\/wp-json\/wp\/v2\/media?parent=2103"}],"wp:term":[{"taxonomy":"product_brand","embeddable":true,"href":"https:\/\/nfc-readers.com\/bs\/wp-json\/wp\/v2\/product_brand?post=2103"},{"taxonomy":"product_cat","embeddable":true,"href":"https:\/\/nfc-readers.com\/bs\/wp-json\/wp\/v2\/product_cat?post=2103"},{"taxonomy":"product_tag","embeddable":true,"href":"https:\/\/nfc-readers.com\/bs\/wp-json\/wp\/v2\/product_tag?post=2103"}],"curies":[{"name":"wp","href":"https:\/\/api.w.org\/{rel}","templated":true}]}}