{"id":2109,"date":"2024-04-22T02:26:55","date_gmt":"2024-04-22T02:26:55","guid":{"rendered":"https:\/\/nfc-readers.com\/?post_type=product&#038;p=2109"},"modified":"2024-09-29T01:56:55","modified_gmt":"2024-09-29T01:56:55","slug":"nfc-stickers-ntag213216","status":"publish","type":"product","link":"https:\/\/nfc-readers.com\/bs\/ic-reader\/nfc-stickers-ntag213216\/","title":{"rendered":"NFC naljepnice NTAG213 215 216"},"content":{"rendered":"<h1>NFC naljepnice NTAG213 215 216<\/h1>\n<table width=\"534\">\n<tbody>\n<tr style=\"font-style: inherit; font-weight: inherit;\">\n<td style=\"font-style: inherit;\" width=\"215\">\n<p data-spm-anchor-id=\"a2700.pc-decorate.0.i49.7c5c3333IeSDv6\">stavka<\/p>\n<\/td>\n<td width=\"319\">Specificatins<\/td>\n<\/tr>\n<tr style=\"font-style: inherit; font-weight: inherit;\">\n<td style=\"font-style: inherit;\" width=\"215\">\n<p data-spm-anchor-id=\"a2700.pc-decorate.0.i22.bd1b3333wXnVY0\">Mjesto porijekla<\/p>\n<\/td>\n<td width=\"319\">Kina<\/td>\n<\/tr>\n<tr style=\"font-style: inherit; font-weight: inherit;\">\n<td style=\"font-style: inherit;\" width=\"215\">\n<p data-spm-anchor-id=\"0.0.0.i10.277b4f05XiiaMd\">Certifikacija<\/p>\n<\/td>\n<td width=\"319\">\n<p data-spm-anchor-id=\"a2700.pc-decorate.0.i10.bd1b3333wXnVY0\">CE\/ROHS<\/p>\n<\/td>\n<\/tr>\n<tr style=\"font-style: inherit; font-weight: inherit;\">\n<td style=\"font-style: inherit;\" width=\"215\">Materijal<\/td>\n<td width=\"319\">\n<p data-spm-anchor-id=\"a2700.pc-decorate.0.i50.7c5c3333IeSDv6\">PET, premazani papir, epoksid, termo papir itd.<\/p>\n<\/td>\n<\/tr>\n<tr style=\"font-style: inherit; font-weight: inherit;\">\n<td style=\"font-style: inherit;\" width=\"215\">\u010cip<\/td>\n<td width=\"319\">\n<p data-spm-anchor-id=\"a2700.pc-decorate.0.i50.bd1b3333wXnVY0\">NTAG 213\/ NTAG 215\/Ntag 216\/Fudan F08 ili prilagodite<\/p>\n<\/td>\n<\/tr>\n<tr style=\"font-style: inherit; font-weight: inherit;\">\n<td style=\"font-style: inherit;\" width=\"215\">Frekvencija<\/td>\n<td width=\"319\">\n<p data-spm-anchor-id=\"0.0.0.i5.277b4f05QIK8KU\">13.56Mhz<\/p>\n<\/td>\n<\/tr>\n<tr style=\"font-style: inherit; font-weight: inherit;\">\n<td style=\"font-style: inherit;\" width=\"215\">\n<p data-spm-anchor-id=\"a2700.pc-decorate.0.i90.6e273333nK6FqH\">Protokol<\/p>\n<\/td>\n<td width=\"319\">\n<p data-spm-anchor-id=\"a2700.pc-decorate.0.i51.bd1b3333wXnVY0\">ISO 14443A<\/p>\n<\/td>\n<\/tr>\n<tr style=\"font-style: inherit; font-weight: inherit;\">\n<td style=\"font-style: inherit;\" rowspan=\"3\" width=\"215\">Veli\u010dina<\/td>\n<td width=\"319\">\n<p data-spm-anchor-id=\"a2700.pc-decorate.0.i53.bd1b3333wXnVY0\">Okrugla 18,25, 30, 35,40 mm<\/p>\n<\/td>\n<\/tr>\n<tr>\n<td width=\"319\">\n<p data-spm-anchor-id=\"a2700.pc-decorate.0.i53.bd1b3333wXnVY0\">Kvadrat 86*54,40*25,55*18,10*20,18*18,30*15<\/p>\n<\/td>\n<\/tr>\n<tr>\n<td width=\"319\">\n<p data-spm-anchor-id=\"a2700.pc-decorate.0.i53.bd1b3333wXnVY0\">ili prilago\u0111enu veli\u010dinu<\/p>\n<\/td>\n<\/tr>\n<tr style=\"font-style: inherit; font-weight: inherit;\">\n<td style=\"font-style: inherit;\" width=\"215\">\n<p data-spm-anchor-id=\"0.0.0.i1.277b4f05XiiaMd\">Feature<\/p>\n<\/td>\n<td width=\"319\">\n<p data-spm-anchor-id=\"a2700.pc-decorate.0.i47.bd1b3333wXnVY0\">u redu za dijeljenje podataka putem telefona koji podr\u017eava nfc, br\u017ee i prakti\u010dnije od uobi\u010dajenih oznaka<\/p>\n<\/td>\n<\/tr>\n<tr style=\"font-style: inherit; font-weight: inherit;\">\n<td style=\"font-style: inherit;\" width=\"215\">\n<p data-spm-anchor-id=\"0.0.0.i8.277b4f05XiiaMd\">Uzorak<\/p>\n<\/td>\n<td width=\"319\">\n<p data-spm-anchor-id=\"a2700.pc-decorate.0.i39.6e273333nK6FqH\">besplatno dostupan<\/p>\n<\/td>\n<\/tr>\n<tr style=\"font-style: inherit; font-weight: inherit;\">\n<td style=\"font-style: inherit;\" width=\"215\">\n<p data-spm-anchor-id=\"a2700.pc-decorate.0.i95.6e273333nK6FqH\">Udaljenost \u010ditanja<\/p>\n<\/td>\n<td width=\"319\">\n<p data-spm-anchor-id=\"a2700.pc-decorate.0.i89.6e273333nK6FqH\">0-10cm<\/p>\n<\/td>\n<\/tr>\n<tr style=\"font-style: inherit; font-weight: inherit;\">\n<td style=\"font-style: inherit;\" width=\"215\">\n<p data-spm-anchor-id=\"a2700.pc-decorate.0.i35.6e273333nK6FqH\">Naziv proizvoda<\/p>\n<\/td>\n<td width=\"319\">\n<p data-spm-anchor-id=\"a2700.pc-decorate.0.i12.bd1b3333wXnVY0\">Prilago\u0111ene NTAG 213 NFC naljepnice okrugle 18 mm prazne bijele naljepnice NTAG 213 oznake savr\u0161eno rade s mobilnim telefonom s omogu\u0107enim NFC-om<\/p>\n<\/td>\n<\/tr>\n<tr style=\"font-style: inherit; font-weight: inherit;\">\n<td style=\"font-style: inherit;\" rowspan=\"3\" width=\"215\">Personalizacija<\/td>\n<td style=\"font-style: inherit;\" width=\"319\">- prilago\u0111eni logo, \u0161tampan u boji za povr\u0161inski papir<\/td>\n<\/tr>\n<tr>\n<td width=\"319\">- prilago\u0111eni povr\u0161inski materijal<\/td>\n<\/tr>\n<tr>\n<td width=\"319\">-prilago\u0111ene informacije o podacima koje se mogu upisivati u \u010dip, kao \u0161to su url (web stranica), serijski brojevi, itd.<\/td>\n<\/tr>\n<tr style=\"font-style: inherit; font-weight: inherit;\">\n<td style=\"font-style: inherit;\" rowspan=\"3\" width=\"215\">Aplikacija<\/td>\n<td style=\"font-style: inherit;\" width=\"319\">NFC dru\u0161tveni mediji, logistika, menad\u017ement, upravljanje imovinom, upravljanje lancem snabdevanja, upravljanje vozilom, kontrola proizvodnje,<\/td>\n<\/tr>\n<tr>\n<td width=\"319\">upravljanje skladi\u0161tem, upravljanje proizvodima, verifikacija proizvoda, pra\u0107enje imovine, pra\u0107enje rukovanja prtljagom, upravljanje zalihama,<\/td>\n<\/tr>\n<tr>\n<td width=\"319\">itd.<\/td>\n<\/tr>\n<\/tbody>\n<\/table>\n<p>&nbsp;<\/p>\n<p><img loading=\"lazy\" decoding=\"async\" class=\"alignnone wp-image-2110\" src=\"https:\/\/nfc-readers.com\/wp-content\/uploads\/2024\/04\/H13e28f218c5e4df380794f87c5769ff4e-300x252.jpg\" alt=\"\" width=\"573\" height=\"481\" srcset=\"https:\/\/nfc-readers.com\/wp-content\/uploads\/2024\/04\/H13e28f218c5e4df380794f87c5769ff4e-300x252.jpg 300w, https:\/\/nfc-readers.com\/wp-content\/uploads\/2024\/04\/H13e28f218c5e4df380794f87c5769ff4e-600x503.jpg 600w, https:\/\/nfc-readers.com\/wp-content\/uploads\/2024\/04\/H13e28f218c5e4df380794f87c5769ff4e.jpg 750w\" sizes=\"auto, (max-width: 573px) 100vw, 573px\" \/><\/p>\n<div class=\"J_module\">\n<div class=\"detail-decorate-json-renderer-container\">\n<div class=\"magic-1\">\n<div class=\"magic-2\">\n<div class=\"magic-3\">\n<div class=\"magic-4\">\n<div class=\"magic-5\" data-spm-anchor-id=\"a2700.details.0.i69.2c8dabc3vwGabt\"><b class=\"magic-6\"><span class=\"magic-7\">Prilago\u0111ene NTAG 213 NFC naljepnice okrugle 18 mm prazne bijele naljepnice NTAG 213 oznake savr\u0161eno rade s mobilnim telefonom s omogu\u0107enim NFC-om<\/span><\/b><\/div>\n<div>\n<div><\/div>\n<\/div>\n<\/div>\n<\/div>\n<\/div>\n<\/div>\n<\/div>\n<\/div>\n<div class=\"J_module\">\n<div class=\"detail-decorate-json-renderer-container\">\n<div class=\"magic-1\">\n<div class=\"magic-2\">\n<div class=\"magic-3\">\n<div class=\"magic-4\"><b><span class=\"magic-8\">\u0160ta je NFC oznaka i kako radi <\/span><\/b><br \/>\nNFC, Near Field Communication, oznake su mala integrirana kola dizajnirana za pohranjivanje informacija koje se mogu dohvatiti putem<br \/>\nUre\u0111aji koji podr\u017eavaju NFC kao \u0161to su pametni telefoni i tableti. To su male naljepnice, okruglog ili \u010detvrtastog oblika i veli\u010dine su velikog nov\u010di\u0107a. Ove male naljepnice be\u017ei\u010dne tehnologije tako\u0111er omogu\u0107avaju prijenos podataka izme\u0111u dva NFC ure\u0111aja.<\/p>\n<div>\n<div>NFC oznake mogu imati razli\u010dite memorijske kapacitete; mo\u017eete pohraniti telefonski broj ili URL (web adresu) i da biste dodali za\u0161titu, NFC oznake se mogu zaklju\u010dati tako da se podaci ne mogu mijenjati nakon \u0161to su podaci upisani. Me\u0111utim, mogu se ponovo kodirati nekoliko puta dok se ne zaklju\u010daju, a kada se jednom zaklju\u010daju, NFC oznake se ne mogu otklju\u010dati.<\/div>\n<div><\/div>\n<div>Da biste koristili NFC tagove, trebate ili dodirnuti naljepnicu svojim ure\u0111ajem koji podr\u017eava NFC ili trebate pribli\u017eiti svoj ure\u0111aj dovoljno blizu (mo\u017eda jedan in\u010d) kako bi ure\u0111aj mogao izvr\u0161iti va\u0161e programirano licitiranje.<\/div>\n<\/div>\n<\/div>\n<\/div>\n<\/div>\n<\/div>\n<\/div>\n<\/div>\n<div class=\"J_module\">\n<div class=\"detail-decorate-json-renderer-container\">\n<div class=\"magic-1\">\n<div class=\"magic-2\">\n<div class=\"magic-3\">\n<div class=\"magic-4\"><span class=\"magic-9\"><span class=\"magic-10\"><b>13.56mhz rfid tag, nfc tag se lako programira, kao \u0161to je URL kodiran, tako da mo\u017ee raditi sa Andriod\/IOS pametnim telefonom sa NFC-om.<br \/>\nKada se NFC oznaka zatvori na NFC poziciju na pametnom telefonu, programirana veza web stranice izlazi odmah. Uglavnom se koristi za mnoge aplikacije kao \u0161to su vizit karte, promocija kompanije, pametni poster, prodaja ulaznica za doga\u0111aje, industrijska upotreba itd.<\/b><\/span><\/span><\/p>\n<div><b><span class=\"magic-9\">\u00a0<\/span><\/b><\/div>\n<div><span class=\"magic-10\"><b class=\"magic-9\">Na\u0161e karakteristike:<br \/>\n<\/b><span class=\"magic-11\" style=\"font-family: Arial;\">1.Customized<br \/>\n2.Brza brzina isporuke<br \/>\n3. Struktura RFID oznake: RFID \u010dip + RFID antena + povr\u0161inski materijali<br \/>\n4. Profesionalni dobavlja\u010d rfid proizvoda<\/span><\/span><\/div>\n<\/div>\n<\/div>\n<\/div>\n<\/div>\n<\/div>\n<\/div>\n<p>&nbsp;<\/p>\n<p>&nbsp;<\/p>","protected":false},"excerpt":{"rendered":"<p>Compact NFC stickers with NTAG213 215 216 chips enable smart advertising, product authentication, and quick pairing, making RFID solutions accessible and effective.<\/p>","protected":false},"featured_media":2111,"template":"","meta":[],"product_brand":[],"product_cat":[48],"product_tag":[],"class_list":{"0":"post-2109","1":"product","2":"type-product","3":"status-publish","4":"has-post-thumbnail","6":"product_cat-nfc-stickers","8":"first","9":"instock","10":"shipping-taxable","11":"product-type-simple"},"_links":{"self":[{"href":"https:\/\/nfc-readers.com\/bs\/wp-json\/wp\/v2\/product\/2109","targetHints":{"allow":["GET"]}}],"collection":[{"href":"https:\/\/nfc-readers.com\/bs\/wp-json\/wp\/v2\/product"}],"about":[{"href":"https:\/\/nfc-readers.com\/bs\/wp-json\/wp\/v2\/types\/product"}],"wp:featuredmedia":[{"embeddable":true,"href":"https:\/\/nfc-readers.com\/bs\/wp-json\/wp\/v2\/media\/2111"}],"wp:attachment":[{"href":"https:\/\/nfc-readers.com\/bs\/wp-json\/wp\/v2\/media?parent=2109"}],"wp:term":[{"taxonomy":"product_brand","embeddable":true,"href":"https:\/\/nfc-readers.com\/bs\/wp-json\/wp\/v2\/product_brand?post=2109"},{"taxonomy":"product_cat","embeddable":true,"href":"https:\/\/nfc-readers.com\/bs\/wp-json\/wp\/v2\/product_cat?post=2109"},{"taxonomy":"product_tag","embeddable":true,"href":"https:\/\/nfc-readers.com\/bs\/wp-json\/wp\/v2\/product_tag?post=2109"}],"curies":[{"name":"wp","href":"https:\/\/api.w.org\/{rel}","templated":true}]}}