{"id":2117,"date":"2024-04-22T02:40:43","date_gmt":"2024-04-22T02:40:43","guid":{"rendered":"https:\/\/nfc-readers.com\/?post_type=product&#038;p=2117"},"modified":"2024-09-24T06:42:23","modified_gmt":"2024-09-24T06:42:23","slug":"nfc-wet-inlay-ntag213216","status":"publish","type":"product","link":"https:\/\/nfc-readers.com\/bs\/ic-reader\/nfc-wet-inlay-ntag213216\/","title":{"rendered":"NFC suhi\/mokri umetak NTAG213 215 216"},"content":{"rendered":"<h1>NFC suhi\/mokri umetak NTAG213 215 216<\/h1>\n<table width=\"504\">\n<tbody>\n<tr style=\"font-style: inherit; font-weight: inherit;\">\n<td style=\"font-style: inherit;\" width=\"149\">\n<p data-spm-anchor-id=\"a2700.details.0.i60.4f6d26e9ifeROs\">Proizvod<\/p>\n<\/td>\n<td style=\"font-style: inherit;\" width=\"355\">Tvorni\u010dka opskrba 13.56mhz rfid naljepnice NFC suhi\/mokri ulo\u017eak NTAG213 215 216<\/td>\n<\/tr>\n<tr style=\"font-style: inherit; font-weight: inherit;\">\n<td style=\"font-style: inherit;\" width=\"149\">Materijal antene<\/td>\n<td style=\"font-style: inherit;\" width=\"355\">Aluminijum Al (30\u03bcm) + PET (38\u03bcm) + Al most (10\u03bcm)<\/td>\n<\/tr>\n<tr style=\"font-style: inherit; font-weight: inherit;\">\n<td style=\"font-style: inherit;\" width=\"149\">\n<p data-spm-anchor-id=\"a2700.details.0.i59.4f6d26e9ifeROs\">Oblik antene<\/p>\n<\/td>\n<td style=\"font-style: inherit;\" width=\"355\">Okrugla ili kvadratna<\/td>\n<\/tr>\n<tr style=\"font-style: inherit; font-weight: inherit;\">\n<td style=\"font-style: inherit;\" width=\"149\">Debljina<\/td>\n<td style=\"font-style: inherit;\" width=\"355\">0,07 mm (lokacija \u010dipa: 0,23 mm)<\/td>\n<\/tr>\n<tr style=\"font-style: inherit; font-weight: inherit;\">\n<td style=\"font-style: inherit;\" width=\"149\">Frekvencija<\/td>\n<td style=\"font-style: inherit;\" width=\"355\">13.56MHz<\/td>\n<\/tr>\n<tr style=\"font-style: inherit; font-weight: inherit;\">\n<td style=\"font-style: inherit;\" width=\"149\">Suhi inlay<\/td>\n<td style=\"font-style: inherit;\" width=\"355\">12*18mm, 14.5*14.5mm, 76*45mm, dia 20mm, 40mm, itd<\/td>\n<\/tr>\n<tr style=\"font-style: inherit; font-weight: inherit;\">\n<td style=\"font-style: inherit;\" width=\"149\">Radna temperatura<\/td>\n<td style=\"font-style: inherit;\" width=\"355\">-20\u2103 do +60\u2103<\/td>\n<\/tr>\n<tr style=\"font-style: inherit; font-weight: inherit;\">\n<td style=\"font-style: inherit;\" width=\"149\">Temperatura skladi\u0161tenja<\/td>\n<td style=\"font-style: inherit;\" width=\"355\">-25\u2103 do +65\u2103<\/td>\n<\/tr>\n<tr style=\"font-style: inherit; font-weight: inherit;\">\n<td style=\"font-style: inherit;\" width=\"149\">Radni vijek<\/td>\n<td style=\"font-style: inherit;\" width=\"355\">100000 puta \/ 10 godina<\/td>\n<\/tr>\n<tr style=\"font-style: inherit; font-weight: inherit;\">\n<td style=\"font-style: inherit;\" width=\"149\">Nominalni opseg \u010ditanja<\/td>\n<td style=\"font-style: inherit;\" width=\"355\">2~6cm u zavisnosti od geometrije antene i konfiguracije \u010dita\u010da<\/td>\n<\/tr>\n<tr style=\"font-style: inherit; font-weight: inherit;\">\n<td style=\"font-style: inherit;\" width=\"149\">Aplikacija<\/td>\n<td width=\"355\">Identifikacija, kartica, logistika, biblioteka, upravljanje imovinom, pla\u0107anje, pristup<\/td>\n<\/tr>\n<\/tbody>\n<\/table>\n<p>&nbsp;<\/p>\n<p><span style=\"font-size: medium;\"><b>Za koju dozu se koristi RFID inlay?<\/b><\/span><\/p>\n<p><span style=\"color: #0000ff;\">\u2606<\/span>\u00a0 Prvo moramo da shvatimo \u0161ta je RFID suvi ulo\u017eak. RFID suhi inlay sastavljen od 3 dijela: aluminijuma, \u010dipseta i PET-a. RFID suvi ulo\u017eak je poluproizveden RFID, mo\u017ee biti HF ili UHF, a \u010dita\u010d ga mo\u017ee o\u010ditati. Svaki RFID suhi inlay ima svoj jedinstveni ID broj.<\/p>\n<p><span style=\"color: #0000ff;\">\u2606<\/span>\u00a0 RFID suhi ulo\u017eak mo\u017ee se koristiti za kartice, naljepnice, inteligentni ku\u0107ni smje\u0161taj, itd.<br \/>\n<span style=\"color: #0000ff;\">\u2606\u00a0<\/span>\u00a0Stvarne aplikacije kao \u0161to su kontrola pristupa, upravljanje imovinom, upravljanje posje\u0107eno\u0161\u0107u, sistem za identifikaciju \u017eivotinja, sistem za parkiranje, upravljanje logistikom, industrijska automatizacija, supermarket, upravljanje trgovinama, sigurnosni sistem, upravljanje medicinskim ustanovama, itd.<\/p>\n<p><img loading=\"lazy\" decoding=\"async\" class=\"alignnone wp-image-2119\" src=\"https:\/\/nfc-readers.com\/wp-content\/uploads\/2024\/04\/HTB1wkZ8X6DuK1Rjy1zjq6zraFXae-300x164.jpg\" alt=\"\" width=\"561\" height=\"307\" srcset=\"https:\/\/nfc-readers.com\/wp-content\/uploads\/2024\/04\/HTB1wkZ8X6DuK1Rjy1zjq6zraFXae-300x164.jpg 300w, https:\/\/nfc-readers.com\/wp-content\/uploads\/2024\/04\/HTB1wkZ8X6DuK1Rjy1zjq6zraFXae-600x329.jpg 600w, https:\/\/nfc-readers.com\/wp-content\/uploads\/2024\/04\/HTB1wkZ8X6DuK1Rjy1zjq6zraFXae.jpg 730w\" sizes=\"auto, (max-width: 561px) 100vw, 561px\" \/><\/p>\n<p><img loading=\"lazy\" decoding=\"async\" class=\"alignnone wp-image-2120\" src=\"https:\/\/nfc-readers.com\/wp-content\/uploads\/2024\/04\/HTB1IBVIDTtYBeNjy1Xdq6xXyVXaq-300x300.jpg\" alt=\"\" width=\"561\" height=\"561\" srcset=\"https:\/\/nfc-readers.com\/wp-content\/uploads\/2024\/04\/HTB1IBVIDTtYBeNjy1Xdq6xXyVXaq-300x300.jpg 300w, https:\/\/nfc-readers.com\/wp-content\/uploads\/2024\/04\/HTB1IBVIDTtYBeNjy1Xdq6xXyVXaq-150x150.jpg 150w, https:\/\/nfc-readers.com\/wp-content\/uploads\/2024\/04\/HTB1IBVIDTtYBeNjy1Xdq6xXyVXaq-600x600.jpg 600w, https:\/\/nfc-readers.com\/wp-content\/uploads\/2024\/04\/HTB1IBVIDTtYBeNjy1Xdq6xXyVXaq-100x100.jpg 100w, https:\/\/nfc-readers.com\/wp-content\/uploads\/2024\/04\/HTB1IBVIDTtYBeNjy1Xdq6xXyVXaq.jpg 750w\" sizes=\"auto, (max-width: 561px) 100vw, 561px\" \/><\/p>","protected":false},"excerpt":{"rendered":"<p>NFC dry\/wet inlays NTAG213 feature an NFC chip for versatile applications, with dry inlays having adhesive-only structures and wet inlays offering extra protection.<\/p>","protected":false},"featured_media":2122,"template":"","meta":[],"product_brand":[],"product_cat":[48],"product_tag":[],"class_list":{"0":"post-2117","1":"product","2":"type-product","3":"status-publish","4":"has-post-thumbnail","6":"product_cat-nfc-stickers","8":"first","9":"instock","10":"shipping-taxable","11":"product-type-simple"},"_links":{"self":[{"href":"https:\/\/nfc-readers.com\/bs\/wp-json\/wp\/v2\/product\/2117","targetHints":{"allow":["GET"]}}],"collection":[{"href":"https:\/\/nfc-readers.com\/bs\/wp-json\/wp\/v2\/product"}],"about":[{"href":"https:\/\/nfc-readers.com\/bs\/wp-json\/wp\/v2\/types\/product"}],"wp:featuredmedia":[{"embeddable":true,"href":"https:\/\/nfc-readers.com\/bs\/wp-json\/wp\/v2\/media\/2122"}],"wp:attachment":[{"href":"https:\/\/nfc-readers.com\/bs\/wp-json\/wp\/v2\/media?parent=2117"}],"wp:term":[{"taxonomy":"product_brand","embeddable":true,"href":"https:\/\/nfc-readers.com\/bs\/wp-json\/wp\/v2\/product_brand?post=2117"},{"taxonomy":"product_cat","embeddable":true,"href":"https:\/\/nfc-readers.com\/bs\/wp-json\/wp\/v2\/product_cat?post=2117"},{"taxonomy":"product_tag","embeddable":true,"href":"https:\/\/nfc-readers.com\/bs\/wp-json\/wp\/v2\/product_tag?post=2117"}],"curies":[{"name":"wp","href":"https:\/\/api.w.org\/{rel}","templated":true}]}}