{"id":2249,"date":"2024-04-26T07:56:44","date_gmt":"2024-04-26T07:56:44","guid":{"rendered":"https:\/\/nfc-readers.com\/?post_type=product&#038;p=2249"},"modified":"2024-09-24T06:00:37","modified_gmt":"2024-09-24T06:00:37","slug":"contactless-acr1281u-c2-uid-card-reader","status":"publish","type":"product","link":"https:\/\/nfc-readers.com\/bs\/ic-reader\/contactless-acr1281u-c2-uid-card-reader\/","title":{"rendered":"ACR1281U-C2 UID \u010dita\u010d kartica"},"content":{"rendered":"<h1>ACR1281U-C2 UID \u010dita\u010d kartica<\/h1>\n<p>ACR1281U-C2 UID \u010dita\u010d kartica je idealno re\u0161enje za integraciju bez napora u PC okru\u017eenja, bez problema sa instalacijom drajvera (Poz Nije potreban drajv), i dizajniran da efikasno radi na vi\u0161e sistema. Zajedno sa svojom sposobno\u0161\u0107u da \u010dita karticu daleko, dizajnom usmjerenim na korisnika i izdr\u017eljivom konstrukcijom, pru\u017ea pouzdan, brz i jednostavan rad, vrlo pogodan za razli\u010dite aplikacije gdje je sigurna i brza identifikacija najva\u017enija.<\/p>\n<ul>\n<li>\n<h2>USB 2.0 interfejs pune brzine<\/h2>\n<\/li>\n<li>\n<h2>Klasa USB HID tastature<\/h2>\n<\/li>\n<li>\n<h2>Podr\u0161ka za beskontaktne kartice:<\/h2>\n<ul>\n<li>\n<h3>Brzina \u010ditanja\/pisanja do 848 kbps<\/h3>\n<\/li>\n<li>\n<h3>Ugra\u0111ena antena za beskontaktni pristup tagovima, sa razmakom \u010ditanja kartice do 50 mm (u zavisnosti od tipa oznake)<\/h3>\n<\/li>\n<li>\n<h3>Podr\u017eava ISO 14443 Part 4 kartice tipa A i B i MIFARE\u00ae seriju<\/h3>\n<\/li>\n<li>\n<h3>Ugra\u0111ena funkcija protiv sudara (u svakom trenutku se pristupa samo jednoj oznaci)<\/h3>\n<\/li>\n<\/ul>\n<\/li>\n<li>\n<h2>Mogu\u0107nost nadogradnje USB firmvera<\/h2>\n<\/li>\n<li>\n<table width=\"498\">\n<tbody>\n<tr>\n<td colspan=\"2\" width=\"498\">Fizi\u010dke karakteristike<\/td>\n<\/tr>\n<tr>\n<td width=\"209\">Dimenzije (mm)<\/td>\n<td width=\"289\">120,5 mm (D) x 72,0 mm (\u0160) x 20,4 mm (V)<\/td>\n<\/tr>\n<tr>\n<td width=\"209\">Te\u017eina (g)<\/td>\n<td width=\"289\">140 g<\/td>\n<\/tr>\n<tr>\n<td colspan=\"2\" width=\"498\">USB interfejs<\/td>\n<\/tr>\n<tr>\n<td width=\"209\">Protokol<\/td>\n<td width=\"289\">Klasa USB HID tastature<\/td>\n<\/tr>\n<tr>\n<td width=\"209\">Tip konektora<\/td>\n<td width=\"289\">Standardni tip A<\/td>\n<\/tr>\n<tr>\n<td width=\"209\">Izvor napajanja<\/td>\n<td width=\"289\">Sa USB porta<\/td>\n<\/tr>\n<tr>\n<td width=\"209\">Brzina<\/td>\n<td width=\"289\">USB puna brzina (12 Mbps)<\/td>\n<\/tr>\n<tr>\n<td width=\"209\">Du\u017eina kabla<\/td>\n<td width=\"289\">2,0 m, fiksno<\/td>\n<\/tr>\n<tr>\n<td colspan=\"2\" width=\"498\">Interfejs beskontaktne pametne kartice<\/td>\n<\/tr>\n<tr>\n<td width=\"209\">Standard<\/td>\n<td width=\"289\">ISO 14443 A &amp; B dijelovi 1-4, MIFARE\u00ae<\/td>\n<\/tr>\n<tr>\n<td rowspan=\"2\" width=\"209\">Protokol<\/td>\n<td width=\"289\">Kartica uskla\u0111ena sa ISO 14443-4, T=CL<\/td>\n<\/tr>\n<tr>\n<td width=\"289\">MIFARE\u00ae Classic Card, T=CL<\/td>\n<\/tr>\n<tr>\n<td colspan=\"2\" width=\"498\">Ugra\u0111eni periferni ure\u0111aji<\/td>\n<\/tr>\n<tr>\n<td width=\"209\">LED<\/td>\n<td width=\"289\">2 jednobojne: crvena i zelena<\/td>\n<\/tr>\n<tr>\n<td width=\"209\">Zujalica<\/td>\n<td width=\"289\">Monotona<\/td>\n<\/tr>\n<tr>\n<td colspan=\"2\" width=\"498\">Ostale karakteristike<\/td>\n<\/tr>\n<tr>\n<td width=\"209\">Nadogradnja firmvera<\/td>\n<td width=\"289\">Podr\u017eano<\/td>\n<\/tr>\n<tr>\n<td colspan=\"2\" width=\"498\">Certifikati\/uskla\u0111enost<\/td>\n<\/tr>\n<tr>\n<td rowspan=\"6\" width=\"209\">Certifikati\/uskla\u0111enost<\/td>\n<td width=\"289\">ISO 14443<\/td>\n<\/tr>\n<tr>\n<td width=\"289\">USB puna brzina<\/td>\n<\/tr>\n<tr>\n<td width=\"289\">USB-HID<\/td>\n<\/tr>\n<tr>\n<td width=\"289\">CE<\/td>\n<\/tr>\n<tr>\n<td width=\"289\">FCC<\/td>\n<\/tr>\n<tr>\n<td width=\"289\">RoHS<\/td>\n<\/tr>\n<tr>\n<td colspan=\"2\" width=\"498\">Podr\u0161ka za operativni sistem drajvera ure\u0111aja<\/td>\n<\/tr>\n<tr>\n<td rowspan=\"4\" width=\"209\">Podr\u0161ka za operativni sistem drajvera ure\u0111aja<\/td>\n<td width=\"289\">Windows\u00ae<\/td>\n<\/tr>\n<tr>\n<td width=\"289\">Linux\u00ae<\/td>\n<\/tr>\n<tr>\n<td width=\"289\">MAC OS\u00ae<\/td>\n<\/tr>\n<tr>\n<td width=\"289\">Android\u2122<\/td>\n<\/tr>\n<\/tbody>\n<\/table>\n<\/li>\n<li><iframe loading=\"lazy\" title=\"ACR1281U-C2 UID \u010dita\u010d kartica - Demo (sa alatom za konfiguraciju)\" width=\"1020\" height=\"574\" src=\"https:\/\/www.youtube.com\/embed\/1UjSlask-OY?feature=oembed\" frameborder=\"0\" allow=\"accelerometer; autoplay; clipboard-write; encrypted-media; gyroscope; picture-in-picture; web-share\" referrerpolicy=\"strict-origin-when-cross-origin\" allowfullscreen><\/iframe><\/li>\n<\/ul>","protected":false},"excerpt":{"rendered":"<p>The ACR1281U-C2 UID Card Reader simplifies setup, capturing RFID card UIDs at 13.56M without drivers, ideal for identity verification and access control.<\/p>","protected":false},"featured_media":2250,"template":"","meta":[],"product_brand":[],"product_cat":[45,40],"product_tag":[],"class_list":{"0":"post-2249","1":"product","2":"type-product","3":"status-publish","4":"has-post-thumbnail","6":"product_cat-contactless-nfc-reader","7":"product_cat-rfid-nfc-reader","9":"first","10":"instock","11":"shipping-taxable","12":"product-type-simple"},"_links":{"self":[{"href":"https:\/\/nfc-readers.com\/bs\/wp-json\/wp\/v2\/product\/2249","targetHints":{"allow":["GET"]}}],"collection":[{"href":"https:\/\/nfc-readers.com\/bs\/wp-json\/wp\/v2\/product"}],"about":[{"href":"https:\/\/nfc-readers.com\/bs\/wp-json\/wp\/v2\/types\/product"}],"wp:featuredmedia":[{"embeddable":true,"href":"https:\/\/nfc-readers.com\/bs\/wp-json\/wp\/v2\/media\/2250"}],"wp:attachment":[{"href":"https:\/\/nfc-readers.com\/bs\/wp-json\/wp\/v2\/media?parent=2249"}],"wp:term":[{"taxonomy":"product_brand","embeddable":true,"href":"https:\/\/nfc-readers.com\/bs\/wp-json\/wp\/v2\/product_brand?post=2249"},{"taxonomy":"product_cat","embeddable":true,"href":"https:\/\/nfc-readers.com\/bs\/wp-json\/wp\/v2\/product_cat?post=2249"},{"taxonomy":"product_tag","embeddable":true,"href":"https:\/\/nfc-readers.com\/bs\/wp-json\/wp\/v2\/product_tag?post=2249"}],"curies":[{"name":"wp","href":"https:\/\/api.w.org\/{rel}","templated":true}]}}