{"id":2730,"date":"2024-06-07T08:01:07","date_gmt":"2024-06-07T08:01:07","guid":{"rendered":"https:\/\/nfc-readers.com\/?post_type=product&#038;p=2730"},"modified":"2024-09-24T02:54:03","modified_gmt":"2024-09-24T02:54:03","slug":"wallet-mate-nfc-reader-writer-support-apple-pay-and-google-vas","status":"publish","type":"product","link":"https:\/\/nfc-readers.com\/bs\/ic-reader\/wallet-mate-nfc-reader-writer-support-apple-pay-and-google-vas\/","title":{"rendered":"Wallet Mate NFC Reader Writer - Podr\u017eava Apple Pay i Google VAS"},"content":{"rendered":"<h1>Wallet Mate NFC Reader Writer - Podr\u017eava Apple Pay i Google VAS<\/h1>\n<div><\/div>\n<div class=\"auto-hide-last-sibling-br paragraph_1252f paragraph-element\"><strong>Wallet Mate NFC Reader Writer<\/strong> pojavljuje se kao najsavremeniji gad\u017eet, koji integri\u0161e VAS protokole i NFC funkcije \u010dita\u010da kontrole pristupa za pobolj\u0161anu interakciju bez kartica. U pratnji POS terminala sa NFC \u010dita\u010dem, robusnim sigurnosnim mjerama i \u0161irokom kompatibilno\u0161\u0107u aplikacija, predstavlja pionir novog standarda udobnosti i efikasnosti. Njegov dizajn i funkcionalnost \u010dine ga nezamjenjivim dijelom opreme za one koji \u017eele da iskoriste prednosti NFC tehnologije za sigurne, glatke i brze transakcije.<\/div>\n<div><\/div>\n<h2 class=\"auto-hide-last-sibling-br paragraph_1252f paragraph-element\">USB 2.0 interfejs velike brzine<\/h2>\n<h3 class=\"auto-hide-last-sibling-br paragraph_1252f paragraph-element\"><br class=\"container_e695a wrapper_ad07b undefined\" \/>Uskla\u0111enost sa CCID standardima<br class=\"container_e695a wrapper_ad07b undefined\" \/>Mobilni nov\u010danik i beskontaktni \u010dita\u010d pametnih kartica:<br class=\"container_e695a wrapper_ad07b undefined\" \/>Certified by Apple VAS &amp; Google Smart Tap (Note: WalletMate is only certified for VAS, not for payment terminals)Data transfer rates reaching 424 kbps<br class=\"container_e695a wrapper_ad07b undefined\" \/>Ugra\u0111ena antena za beskontaktnu dostupnost oznaka, nudi udaljenost \u010ditanja kartice do 50 mm (u zavisnosti od tipa oznake)<br class=\"container_e695a wrapper_ad07b undefined\" \/>Kompatibilnost sa ISO 14443 Tip A i B karticama, MIFARE\u00ae, FeliCa i sva \u010detiri tipa NFC (ISO\/IEC 18092) oznaka<br class=\"container_e695a wrapper_ad07b undefined\" \/>Podr\u0161ka za MIFARE\u00ae 7-byte UID, MIFARE\u00ae Plus i MIFARE\u00ae DESfire<br class=\"container_e695a wrapper_ad07b undefined\" \/>Integrirana funkcija protiv sudara (samo jednoj oznaci se mo\u017ee pristupiti u bilo kojem trenutku)<\/h3>\n<h2 class=\"auto-hide-last-sibling-br paragraph_1252f paragraph-element\"><br class=\"container_e695a wrapper_ad07b undefined\" \/>NFC podr\u0161ka:<\/h2>\n<h3 class=\"auto-hide-last-sibling-br paragraph_1252f paragraph-element\"><br class=\"container_e695a wrapper_ad07b undefined\" \/>Funkcionalnost u Reader\/Writer modu<br class=\"container_e695a wrapper_ad07b undefined\" \/>Peer-to-Peer na\u010din rada<br class=\"container_e695a wrapper_ad07b undefined\" \/>Na\u010din emulacije kartice<\/h3>\n<h2 class=\"auto-hide-last-sibling-br paragraph_1252f paragraph-element\"><br class=\"container_e695a wrapper_ad07b undefined\" \/>Programski interfejs aplikacije:<\/h2>\n<h3 class=\"auto-hide-last-sibling-br paragraph_1252f paragraph-element\"><br class=\"container_e695a wrapper_ad07b undefined\" \/>Apple VAS i Google Smart Tap API kompatibilnost sa Windows i Linux platformama<br class=\"container_e695a wrapper_ad07b undefined\" \/>Podr\u0161ka za PC\/SC<br class=\"container_e695a wrapper_ad07b undefined\" \/>Podr\u0161ka za CT-API (omogu\u0107eno PC\/SC-baziranim omotom)<\/h3>\n<h2 class=\"auto-hide-last-sibling-br paragraph_1252f paragraph-element\">Dodatne karakteristike:<\/h2>\n<h3 class=\"auto-hide-last-sibling-br paragraph_1252f paragraph-element\"><br class=\"container_e695a wrapper_ad07b undefined\" \/>Dvobojna LED dioda kojom upravlja korisnik<br class=\"container_e695a wrapper_ad07b undefined\" \/>Sistem zvu\u010dnog upozorenja kojim upravlja korisnik<br class=\"container_e695a wrapper_ad07b undefined\" \/>Mogu\u0107nost a\u017euriranja USB firmvera<\/h3>\n<p>&nbsp;<\/p>\n<ul>\n<li>\n<table width=\"559\">\n<tbody>\n<tr>\n<td colspan=\"2\" width=\"559\">Fizi\u010dke karakteristike<\/td>\n<\/tr>\n<tr>\n<td width=\"214\">Dimenzije (mm)<\/td>\n<td width=\"345\">98,0 mm (D) x 65,0 mm (\u0160) x 12,8 mm (V)<\/td>\n<\/tr>\n<tr>\n<td width=\"214\">Te\u017eina (g)<\/td>\n<td width=\"345\">81g<\/td>\n<\/tr>\n<tr>\n<td colspan=\"2\" width=\"559\">USB interfejs<\/td>\n<\/tr>\n<tr>\n<td width=\"214\">Protokol<\/td>\n<td width=\"345\">USB CCID<\/td>\n<\/tr>\n<tr>\n<td width=\"214\">Tip konektora<\/td>\n<td width=\"345\">USB tip-A (ACR1252U-MW)<\/td>\n<\/tr>\n<tr>\n<td width=\"214\">Izvor napajanja<\/td>\n<td width=\"345\">Sa USB porta<\/td>\n<\/tr>\n<tr>\n<td width=\"214\">Brzina<\/td>\n<td width=\"345\">USB puna brzina (12 Mbps)<\/td>\n<\/tr>\n<tr>\n<td width=\"214\">Du\u017eina kabla<\/td>\n<td width=\"345\">1,0 m, Neodvojivo<\/td>\n<\/tr>\n<tr>\n<td colspan=\"2\" width=\"559\">Interfejs beskontaktne pametne kartice<\/td>\n<\/tr>\n<tr>\n<td width=\"214\">Standard<\/td>\n<td width=\"345\">ISO\/IEC 18092 NFC, ISO 14443 Tip A &amp; B, MIFARE\u00ae, FeliCa<\/td>\n<\/tr>\n<tr>\n<td rowspan=\"4\" width=\"214\">Protokol<\/td>\n<td width=\"345\">Kartica uskla\u0111ena sa ISO 14443-4, T=CL<\/td>\n<\/tr>\n<tr>\n<td width=\"345\">MIFARE\u00ae Classic Card, T=CL<\/td>\n<\/tr>\n<tr>\n<td width=\"345\">ISO18092, NFC oznake<\/td>\n<\/tr>\n<tr>\n<td width=\"345\">FeliCa<\/td>\n<\/tr>\n<tr>\n<td colspan=\"2\" width=\"559\">Ugra\u0111eni periferni ure\u0111aji<\/td>\n<\/tr>\n<tr>\n<td width=\"214\">LED<\/td>\n<td width=\"345\">1 dvobojna: crvena i zelena<\/td>\n<\/tr>\n<tr>\n<td width=\"214\">Zujalica<\/td>\n<td width=\"345\">Monotona<\/td>\n<\/tr>\n<tr>\n<td colspan=\"2\" width=\"559\">Ostale karakteristike<\/td>\n<\/tr>\n<tr>\n<td width=\"214\">Nadogradnja firmvera<\/td>\n<td width=\"345\">Podr\u017eano<\/td>\n<\/tr>\n<tr>\n<td colspan=\"2\" width=\"559\">Certifikati\/uskla\u0111enost<\/td>\n<\/tr>\n<tr>\n<td rowspan=\"4\" width=\"214\">Certifikati\/uskla\u0111enost<\/td>\n<td width=\"345\">Certifikati:<\/td>\n<\/tr>\n<tr>\n<td width=\"345\">Apple VAS, Google Smart Tap, NFC Forum Certification Mark, IEC\/EN 62368, CE, FCC, UKCA, J-LIS, VCCI, TELEC, KC, BIS, RoHS, REACH, WEEE<\/td>\n<\/tr>\n<tr>\n<td width=\"345\">Uskla\u0111enost:<\/td>\n<\/tr>\n<tr>\n<td width=\"345\">USB CCID, PC\/SC<\/td>\n<\/tr>\n<tr>\n<td colspan=\"2\" width=\"559\">Podr\u0161ka za operativni sistem drajvera ure\u0111aja<\/td>\n<\/tr>\n<tr>\n<td width=\"214\">Podr\u0161ka za operativni sistem drajvera ure\u0111aja<\/td>\n<td width=\"345\">Windows\u00ae, Linux\u00ae, macOS (u razvoju), Android\u2122 (u razvoju)<\/td>\n<\/tr>\n<\/tbody>\n<\/table>\n<\/li>\n<\/ul>","protected":false},"excerpt":{"rendered":"<div>The Mobile Wallet,Innovative NFC Reader supports cardless engagement with digital passes, backed by VAS Apple and Google VAS for iOS and Android devices.<\/div>\n<div><\/div>","protected":false},"featured_media":2731,"template":"","meta":[],"product_brand":[],"product_cat":[45,40],"product_tag":[],"class_list":{"0":"post-2730","1":"product","2":"type-product","3":"status-publish","4":"has-post-thumbnail","6":"product_cat-contactless-nfc-reader","7":"product_cat-rfid-nfc-reader","9":"first","10":"instock","11":"shipping-taxable","12":"product-type-simple"},"_links":{"self":[{"href":"https:\/\/nfc-readers.com\/bs\/wp-json\/wp\/v2\/product\/2730","targetHints":{"allow":["GET"]}}],"collection":[{"href":"https:\/\/nfc-readers.com\/bs\/wp-json\/wp\/v2\/product"}],"about":[{"href":"https:\/\/nfc-readers.com\/bs\/wp-json\/wp\/v2\/types\/product"}],"wp:featuredmedia":[{"embeddable":true,"href":"https:\/\/nfc-readers.com\/bs\/wp-json\/wp\/v2\/media\/2731"}],"wp:attachment":[{"href":"https:\/\/nfc-readers.com\/bs\/wp-json\/wp\/v2\/media?parent=2730"}],"wp:term":[{"taxonomy":"product_brand","embeddable":true,"href":"https:\/\/nfc-readers.com\/bs\/wp-json\/wp\/v2\/product_brand?post=2730"},{"taxonomy":"product_cat","embeddable":true,"href":"https:\/\/nfc-readers.com\/bs\/wp-json\/wp\/v2\/product_cat?post=2730"},{"taxonomy":"product_tag","embeddable":true,"href":"https:\/\/nfc-readers.com\/bs\/wp-json\/wp\/v2\/product_tag?post=2730"}],"curies":[{"name":"wp","href":"https:\/\/api.w.org\/{rel}","templated":true}]}}