{"id":2732,"date":"2024-10-07T08:34:31","date_gmt":"2024-10-07T08:34:31","guid":{"rendered":"https:\/\/nfc-readers.com\/?post_type=product&#038;p=2732"},"modified":"2024-10-28T14:32:27","modified_gmt":"2024-10-28T14:32:27","slug":"nfc-reader-writer-support-apple-pay-and-google-vas","status":"publish","type":"product","link":"https:\/\/nfc-readers.com\/bs\/ic-reader\/nfc-reader-writer-support-apple-pay-and-google-vas\/","title":{"rendered":"NFC Reader Writer podr\u017eava Apple Pay i Google VAS"},"content":{"rendered":"<div class=\"auto-hide-last-sibling-br paragraph_1252f paragraph-element\">\n<h1>NFC Reader Writer podr\u017eava Apple Pay i Google VAS<\/h1>\n<p>Unesite\u00a0<strong>NFC \u010dita\u010d<\/strong>, sofisticirani dio tehnologije dizajniran da pobolj\u0161a beskontaktne transakcije i pojednostavi kontrolu pristupa uz neusporedivu efikasnost. Bilo da \u017eelite da va\u0161e transakcije budu br\u017ee, pobolj\u0161ate sigurnost ili jednostavno nadogradite svoju tehnologiju, NFC \u010dita\u010d je su\u0161tinski alat u va\u0161em arsenalu. Sa sposobno\u0161\u0107u \u010ditanja i pisanja\u00a0<strong>NFC oznake<\/strong>\u00a0i kartice, uklju\u010duju\u0107i popularne formate kao \u0161to su\u00a0<strong>MIFARE<\/strong>, ovaj ure\u0111aj je na \u010delu inovativnih rje\u0161enja za pla\u0107anje.<\/p>\n<h2>Prednosti odabira NFC \u010dita\u010da<\/h2>\n<p>Ulaganje u NFC \u010dita\u010d nije samo kupovina; to je nadogradnja va\u0161ih mogu\u0107nosti pla\u0107anja koja nudi brojne prednosti. Prvo i najva\u017enije, pobolj\u0161ava sigurnost omogu\u0107avanjem\u00a0<strong>beskontaktno<\/strong>\u00a0pla\u0107anja, smanjuju\u0107i rizik povezan sa gotovinskim transakcijama. Tako\u0111e je dizajniran za jednostavnu upotrebu, mo\u017ee se pohvaliti jednostavnim procesom pode\u0161avanja koji se mo\u017ee povezati preko USB-a na \u0161irok spektar ure\u0111aja, omogu\u0107avaju\u0107i integraciju sa va\u0161im postoje\u0107im sistemima. Kompaktan i prenosiv dizajn osigurava da svoju NFC mogu\u0107nost mo\u017eete ponijeti gdje god da krenete, \u0161to ga \u010dini idealnim za trgovce i pojedince.<\/p>\n<h3>1.\u00a0<strong>Sveobuhvatna podr\u0161ka za NFC<\/strong><\/h3>\n<p>The\u00a0<strong>NFC \u010dita\u010d<\/strong>\u00a0podr\u017eava vi\u0161estruke NFC funkcionalnosti, uklju\u010duju\u0107i Reader\/Writer Mode, Peer-to-Peer Mode i Card Emulation Mode. Ova svestranost osigurava kompatibilnost sa raznim transakcijama, od \u010ditanja\u00a0<strong>NFC kartice<\/strong>\u00a0za olak\u0161avanje mobilnog pla\u0107anja putem\u00a0<strong>Google Pay<\/strong>\u00a0i\u00a0<strong>Apple Pay<\/strong>.<\/p>\n<h4>Reader\/Writer Mode<\/h4>\n<p>Uz Reader\/Writer Mode, korisnici mogu bez napora\u00a0<strong>\u010ditaj i pi\u0161i<\/strong>\u00a0podataka u NFC oznake, \u0161to ure\u0111aj \u010dini savr\u0161enim za aplikacije u upravljanju zalihama i marketin\u0161kim kampanjama.<\/p>\n<h4>Peer-to-Peer na\u010din rada<\/h4>\n<p>Peer-to-Peer Mode olak\u0161ava dijeljenje podataka izme\u0111u dva NFC-omogu\u0107ena ure\u0111aja, omogu\u0107avaju\u0107i besprijekorne transakcije ili prijenose informacija, pove\u0107avaju\u0107i udobnost za korisnike.<\/p>\n<h3>2.\u00a0<strong>Visoki standardi kompatibilnosti<\/strong><\/h3>\n<p>Ovaj NFC \u010dita\u010d je kompatibilan sa \u0161irokim spektrom pametnih kartica, uklju\u010duju\u0107i ISO 14443 kartice tipa A i B, \u0161to ga \u010dini univerzalnim re\u0161enjem za preduze\u0107a koja zahtevaju\u00a0<strong>\u010dita\u010d kartica<\/strong>\u00a0za vi\u0161e tipova kartica.<\/p>\n<h4>Podr\u017eava razli\u010dite NFC oznake<\/h4>\n<p>Pored ISO standarda, ure\u0111aj podr\u017eava i formate kao \u0161to su MIFARE\u00ae i FeliCa, osiguravaju\u0107i sveobuhvatnu podr\u0161ku za prakti\u010dno sve korisnike.<\/p>\n<h4>USB povezivanje<\/h4>\n<p>Sa USB 2.0 interfejsom velike brzine, mo\u017eete lako povezati NFC \u010dita\u010d sa pametnim telefonima ili tabletima za brzi prenos podataka\u2014sve je spremno za upotrebu\u00a0<strong>preko USB-a<\/strong>.<\/p>\n<h3>3.\u00a0<strong>Robusne sigurnosne karakteristike<\/strong><\/h3>\n<p>Sigurnost je najva\u017enija za svaki transakcijski ure\u0111aj, a NFC \u010dita\u010d se isti\u010de svojom integriranom funkcijom protiv kolizije, osiguravaju\u0107i da se \u010dita samo jedna oznaka u isto vrijeme, zna\u010dajno smanjuju\u0107i \u0161anse za o\u0161te\u0107enje podataka ili prevaru.<\/p>\n<h4>Napredno \u0161ifrovanje<\/h4>\n<p>NFC \u010dita\u010d podr\u017eava razli\u010dite tehnike \u0161ifriranja za siguran prijenos podataka, osiguravaju\u0107i da osjetljive informacije ostanu za\u0161ti\u0107ene tokom cijelog procesa transakcije.<\/p>\n<h4>Upozorenja korisnika<\/h4>\n<p>Opremljen sistemom zvu\u010dnog upozorenja kojim upravlja korisnik, korisnici mogu dobiti trenutne povratne informacije tokom rada, pobolj\u0161avaju\u0107i upotrebljivost i osiguravaju\u0107i da su korisnici svjesni uspje\u0161nog \u010ditanja.<\/p>\n<h3>4.\u00a0<strong>Uticaj na \u017eivotnu sredinu<\/strong><\/h3>\n<p>Kako kompanije postaju sve svjesnije svog ekolo\u0161kog otiska, NFC \u010dita\u010d je dizajniran s obzirom na odr\u017eivost. Ure\u0111aj koristi minimalnu snagu i mo\u017ee se priklju\u010diti na postoje\u0107e sisteme bez opse\u017enih nadogradnji hardvera, \u010dime se smanjuje otpad.<\/p>\n<h4>Efikasna upotreba energije<\/h4>\n<p>Rade\u0107i na 13,56 MHz, NFC \u010dita\u010d je energetski efikasan, omogu\u0107avaju\u0107i \u0161iroku upotrebu bez visokih tro\u0161kova elektri\u010dne energije. Kompanije mogu koristiti ovu tehnologiju bez straha od pove\u0107anja potra\u017enje za energijom.<\/p>\n<h3>5.\u00a0<strong>Dizajn prilago\u0111en korisniku<\/strong><\/h3>\n<p>NFC \u010dita\u010d ima kompaktan i elegantan dizajn koji se neprimjetno integrira u va\u0161 radni tok. Dvobojna LED dioda kojom upravlja korisnik pru\u017ea trenutnu vizualnu povratnu informaciju tokom rada, efikasno obavje\u0161tavaju\u0107i korisnike o statusima transakcije.<\/p>\n<h4>Prenosivost<\/h4>\n<p>Njegov lagani okvir \u010dini ga idealnim rje\u0161enjem za preduze\u0107a u pokretu, od maloprodajnih objekata do kamiona s hranom, omogu\u0107avaju\u0107i brzu implementaciju gdje god je to potrebno, \u0161to ga \u010dini vrlo efikasnim i za privremene i za trajne instalacije.<\/p>\n<h3>6.\u00a0<strong>Kompatibilnost ekosistema<\/strong><\/h3>\n<p>NFC \u010dita\u010d je kompatibilan sa razli\u010ditim operativnim sistemima kao \u0161to su Windows, Linux i Android, \u0161to omogu\u0107ava \u0161iroku primenu u razli\u010ditim okru\u017eenjima.<\/p>\n<h4>Jednostavna integracija sa uspostavljenim sistemima<\/h4>\n<p>Podignite svoje postoje\u0107e POS sisteme koriste\u0107i NFC \u010dita\u010d dok istovremeno iskoristite njegovu kompatibilnost sa \u0161iroko kori\u0161\u0107enim prodavnicama aplikacija za preuzimanje relevantnih aplikacija za va\u0161e poslovne potrebe.<\/p>\n<\/div>\n<table width=\"559\">\n<tbody>\n<tr>\n<td colspan=\"2\" width=\"559\">Fizi\u010dke karakteristike<\/td>\n<\/tr>\n<tr>\n<td width=\"214\">Dimenzije (mm)<\/td>\n<td width=\"345\">98,0 mm (D) x 65,0 mm (\u0160) x 12,8 mm (V)<\/td>\n<\/tr>\n<tr>\n<td width=\"214\">Te\u017eina (g)<\/td>\n<td width=\"345\">81g<\/td>\n<\/tr>\n<tr>\n<td colspan=\"2\" width=\"559\">USB interfejs<\/td>\n<\/tr>\n<tr>\n<td width=\"214\">Protokol<\/td>\n<td width=\"345\">USB CCID<\/td>\n<\/tr>\n<tr>\n<td width=\"214\">Tip konektora<\/td>\n<td width=\"345\">USB tip-A (ACR1252U-MW)<\/td>\n<\/tr>\n<tr>\n<td width=\"214\">Izvor napajanja<\/td>\n<td width=\"345\">Sa USB porta<\/td>\n<\/tr>\n<tr>\n<td width=\"214\">Brzina<\/td>\n<td width=\"345\">USB puna brzina (12 Mbps)<\/td>\n<\/tr>\n<tr>\n<td width=\"214\">Du\u017eina kabla<\/td>\n<td width=\"345\">1,0 m, Neodvojivo<\/td>\n<\/tr>\n<tr>\n<td colspan=\"2\" width=\"559\">Interfejs beskontaktne pametne kartice<\/td>\n<\/tr>\n<tr>\n<td width=\"214\">Standard<\/td>\n<td width=\"345\">ISO\/IEC 18092 NFC, ISO 14443 Tip A &amp; B, MIFARE\u00ae, FeliCa<\/td>\n<\/tr>\n<tr>\n<td rowspan=\"4\" width=\"214\">Protokol<\/td>\n<td width=\"345\">Kartica uskla\u0111ena sa ISO 14443-4, T=CL<\/td>\n<\/tr>\n<tr>\n<td width=\"345\">MIFARE\u00ae Classic Card, T=CL<\/td>\n<\/tr>\n<tr>\n<td width=\"345\">ISO18092, NFC oznake<\/td>\n<\/tr>\n<tr>\n<td width=\"345\">FeliCa<\/td>\n<\/tr>\n<tr>\n<td colspan=\"2\" width=\"559\">Ugra\u0111eni periferni ure\u0111aji<\/td>\n<\/tr>\n<tr>\n<td width=\"214\">LED<\/td>\n<td width=\"345\">1 dvobojna: crvena i zelena<\/td>\n<\/tr>\n<tr>\n<td width=\"214\">Zujalica<\/td>\n<td width=\"345\">Monotona<\/td>\n<\/tr>\n<tr>\n<td colspan=\"2\" width=\"559\">Ostale karakteristike<\/td>\n<\/tr>\n<tr>\n<td width=\"214\">Nadogradnja firmvera<\/td>\n<td width=\"345\">Podr\u017eano<\/td>\n<\/tr>\n<tr>\n<td colspan=\"2\" width=\"559\">Certifikati\/uskla\u0111enost<\/td>\n<\/tr>\n<tr>\n<td rowspan=\"4\" width=\"214\">Certifikati\/uskla\u0111enost<\/td>\n<td width=\"345\">Certifikati:<\/td>\n<\/tr>\n<tr>\n<td width=\"345\">Apple VAS, Google Smart Tap, NFC Forum Certification Mark, IEC\/EN 62368, CE, FCC, UKCA, J-LIS, VCCI, TELEC, KC, BIS, RoHS, REACH, WEEE<\/td>\n<\/tr>\n<tr>\n<td width=\"345\">Uskla\u0111enost:<\/td>\n<\/tr>\n<tr>\n<td width=\"345\">USB CCID, PC\/SC<\/td>\n<\/tr>\n<tr>\n<td colspan=\"2\" width=\"559\">Podr\u0161ka za operativni sistem drajvera ure\u0111aja<\/td>\n<\/tr>\n<tr>\n<td width=\"214\">Podr\u0161ka za operativni sistem drajvera ure\u0111aja<\/td>\n<td width=\"345\">Windows\u00ae, Linux\u00ae, macOS (u razvoju), Android\u2122 (u razvoju)<\/td>\n<\/tr>\n<\/tbody>\n<\/table>\n<h2>Recenzije kupaca<\/h2>\n<blockquote><p>\u201cNFC Reader je promijenio na\u010din na koji obra\u0111ujemo pla\u0107anja. Brzo je, bezbedno i neverovatno lako se integri\u0161e sa na\u0161im postoje\u0107im sistemima!\u201d \u2013\u00a0<strong>D\u017eejms T.<\/strong>, menad\u017eer maloprodaje<\/p><\/blockquote>\n<blockquote><p>\u201cSvi\u0111a mi se koliko je ovaj NFC \u010dita\u010d prenosiv! Savr\u0161eno je za moj posao sa kamionima za hranu.\u201d \u2013\u00a0<strong>Sandra W.<\/strong>, vlasnik malog biznisa<\/p><\/blockquote>\n<h2>\u010cesto postavljana pitanja (FAQ)<\/h2>\n<p><strong>1. Koje vrste kartica mo\u017ee \u010ditati NFC \u010dita\u010d?<\/strong><br \/>\nNFC \u010dita\u010d podr\u017eava ISO 14443 tip A i B kartice, MIFARE\u00ae, FeliCa i sve NFC oznake koje su u skladu sa ISO\/IEC 18092 standardima.<\/p>\n<p><strong>2. Da li je NFC \u010dita\u010d kompatibilan sa pametnim telefonima?<\/strong><br \/>\nDa, NFC \u010dita\u010d mo\u017eete lako povezati na ve\u0107inu pametnih telefona putem USB-a kako biste olak\u0161ali brze transakcije i dijeljenje podataka.<\/p>\n<p><strong>3. Mogu li a\u017eurirati firmver?<\/strong><br \/>\nDa, NFC \u010dita\u010d podr\u017eava a\u017euriranja USB firmvera, osiguravaju\u0107i da imate najnovije funkcije i sigurnosne nadogradnje.<\/p>\n<p><strong>4. Koliko daleko mogu \u010ditati NFC oznake?<\/strong><br \/>\nNFC \u010dita\u010d ima udaljenost \u010ditanja do 50 mm, ovisno o vrsti oznake i njenim specifi\u010dnim mogu\u0107nostima.<\/p>\n<hr \/>\n<p>Odabirom NFC \u010dita\u010da, ne ula\u017eete samo u proizvod; usvajate pametniji na\u010din transakcije. Bilo da ga integrirate za li\u010dnu upotrebu ili za poslovnu upotrebu, efikasnost, kompatibilnost i sigurnost ovog ure\u0111aja \u010dine ga zaista nezamjenjivim. Do\u017eivite sljede\u0107u generaciju beskontaktnog pla\u0107anja i otkrijte razliku koju ona mo\u017ee u\u010diniti u va\u0161im transakcijama ve\u0107 danas!<\/p>","protected":false},"excerpt":{"rendered":"<div>NFC Reader Writer Podr\u017eava Apple Pay i Google VAS, odobren preko VAS-a<strong>\u00a0Apple i Google VAS (usluga s dodanom vrijedno\u0161\u0107u) <\/strong> protokolima industrijskih divova Apple i Google, ovaj ure\u0111aj utire put revolucionarnom anga\u017emanu bez kartice podr\u017eavaju\u0107i \u0161iroku lepezu digitalnih propusnica, uklju\u010duju\u0107i, ali ne ograni\u010davaju\u0107i se na sheme lojalnosti, ulaznice i identifikacione podatke za pojedince u korporativnim ili obrazovnim okru\u017eenjima na iOS-u i Android ure\u0111ajima.<\/div>\n<div><\/div>","protected":false},"featured_media":2731,"template":"","meta":[],"product_brand":[],"product_cat":[45,40],"product_tag":[],"class_list":{"0":"post-2732","1":"product","2":"type-product","3":"status-publish","4":"has-post-thumbnail","6":"product_cat-contactless-nfc-reader","7":"product_cat-rfid-nfc-reader","9":"first","10":"instock","11":"shipping-taxable","12":"product-type-simple"},"_links":{"self":[{"href":"https:\/\/nfc-readers.com\/bs\/wp-json\/wp\/v2\/product\/2732","targetHints":{"allow":["GET"]}}],"collection":[{"href":"https:\/\/nfc-readers.com\/bs\/wp-json\/wp\/v2\/product"}],"about":[{"href":"https:\/\/nfc-readers.com\/bs\/wp-json\/wp\/v2\/types\/product"}],"wp:featuredmedia":[{"embeddable":true,"href":"https:\/\/nfc-readers.com\/bs\/wp-json\/wp\/v2\/media\/2731"}],"wp:attachment":[{"href":"https:\/\/nfc-readers.com\/bs\/wp-json\/wp\/v2\/media?parent=2732"}],"wp:term":[{"taxonomy":"product_brand","embeddable":true,"href":"https:\/\/nfc-readers.com\/bs\/wp-json\/wp\/v2\/product_brand?post=2732"},{"taxonomy":"product_cat","embeddable":true,"href":"https:\/\/nfc-readers.com\/bs\/wp-json\/wp\/v2\/product_cat?post=2732"},{"taxonomy":"product_tag","embeddable":true,"href":"https:\/\/nfc-readers.com\/bs\/wp-json\/wp\/v2\/product_tag?post=2732"}],"curies":[{"name":"wp","href":"https:\/\/api.w.org\/{rel}","templated":true}]}}