{"id":2740,"date":"2024-06-11T01:53:04","date_gmt":"2024-06-11T01:53:04","guid":{"rendered":"https:\/\/nfc-readers.com\/?post_type=product&#038;p=2740"},"modified":"2024-09-24T02:48:08","modified_gmt":"2024-09-24T02:48:08","slug":"acr123u-nfc-lcd-contactless-reader-writer","status":"publish","type":"product","link":"https:\/\/nfc-readers.com\/bs\/ic-reader\/acr123u-nfc-lcd-contactless-reader-writer\/","title":{"rendered":"ACR123U NFC LCD beskontaktni \u010dita\u010d pisa\u010d"},"content":{"rendered":"<h1>ACR123U NFC LCD beskontaktni \u010dita\u010d pisa\u010d<\/h1>\n<p>ACR123U, USB varijanta ACR123S, slu\u017ei kao pristupa\u010dan, fleksibilan i pametan beskontaktni \u010dita\u010d. Mo\u017ee se neprimjetno ugraditi u postoje\u0107e Point-of-Sale (POS) sisteme ili kase, pretvaraju\u0107i ih u terminale za bezgotovinsko pla\u0107anje. Uvo\u0111enje ACR123U ubrzava proces pla\u0107anja jer omogu\u0107ava korisnicima da finaliziraju svoja pla\u0107anja jednostavnim dodirom svoje kartice. Ovaj beskontaktni \u010dita\u010d predstavlja efikasno re\u0161enje za pobolj\u0161anje efikasnosti platnih sistema.<\/p>\n<ul>\n<li>\n<h2>USB su\u010delje za prijenos podataka i napajanje<\/h2>\n<\/li>\n<li>\n<h2>ARM 32-bitni CortexTM-M3 procesor<\/h2>\n<\/li>\n<li>\n<h2>\u010cita\u010d pametnih kartica:<\/h2>\n<ul>\n<li>\n<h3>Brzina \u010ditanja\/pisanja do 848 kbps<\/h3>\n<\/li>\n<li>\n<h3>Ugra\u0111ena antena za beskontaktni pristup kartici, sa razmakom \u010ditanja kartice do 50 mm (u zavisnosti od tipa oznake)<\/h3>\n<\/li>\n<li>\n<h3>Podr\u0161ka za ISO 14443 Dio 4 kartice tipa A i B i MIFARE seriju<\/h3>\n<\/li>\n<li>\n<h3>Ugra\u0111ena funkcija protiv sudara<\/h3>\n<\/li>\n<li>\n<h3>Tri SAM slota u skladu sa ISO 7816<\/h3>\n<\/li>\n<\/ul>\n<\/li>\n<li>\n<h2>Ugra\u0111eni periferni ure\u0111aji:<\/h2>\n<ul>\n<li>\n<h3>16 alfanumeri\u010dkih znakova x 8 linija Grafi\u010dki LCD (128 x 64 piksela)<\/h3>\n<\/li>\n<li>\n<h3>\u010cetiri LED-a koje korisnik mo\u017ee kontrolirati (plava, \u017euta, zelena i crvena)<\/h3>\n<\/li>\n<li>\n<h3>Pozadinsko osvjetljenje podru\u010dja tapkanja koje mo\u017ee kontrolirati korisnik (crveno, zeleno i plavo)<\/h3>\n<\/li>\n<li>\n<h3>Zvu\u010dnik kojim upravlja korisnik (indikacija audio tona)<\/h3>\n<\/li>\n<\/ul>\n<\/li>\n<\/ul>\n<table style=\"height: 1395px;\" width=\"611\">\n<tbody>\n<tr>\n<td colspan=\"2\" width=\"511\">Fizi\u010dke karakteristike<\/td>\n<\/tr>\n<tr>\n<td rowspan=\"2\" width=\"215\">Dimenzije (mm)<\/td>\n<td width=\"296\">Glavno tijelo: 159,0 mm (D) x 100,0 mm (\u0160) x 21,0 mm (V)<\/td>\n<\/tr>\n<tr>\n<td width=\"296\">Sa postoljem: 177,4 mm (D) x 100,0 mm (\u0160) x 94,5 mm (V)<\/td>\n<\/tr>\n<tr>\n<td rowspan=\"2\" width=\"215\">Te\u017eina (g)<\/td>\n<td width=\"296\">Glavno tijelo: 281 g<\/td>\n<\/tr>\n<tr>\n<td width=\"296\">Sa postoljem: 506 g<\/td>\n<\/tr>\n<tr>\n<td colspan=\"2\" width=\"511\">USB interfejs<\/td>\n<\/tr>\n<tr>\n<td width=\"215\">Protokol<\/td>\n<td width=\"296\">USB CCID<\/td>\n<\/tr>\n<tr>\n<td width=\"215\">Tip konektora<\/td>\n<td width=\"296\">Standardni tip A<\/td>\n<\/tr>\n<tr>\n<td width=\"215\">Izvor napajanja<\/td>\n<td width=\"296\">Sa USB porta<\/td>\n<\/tr>\n<tr>\n<td width=\"215\">Brzina<\/td>\n<td width=\"296\">USB puna brzina (12 Mbps)<\/td>\n<\/tr>\n<tr>\n<td width=\"215\">Du\u017eina kabla<\/td>\n<td width=\"296\">1,5 m, fiksno<\/td>\n<\/tr>\n<tr>\n<td colspan=\"2\" width=\"511\">Interfejs beskontaktne pametne kartice<\/td>\n<\/tr>\n<tr>\n<td width=\"215\">Standard<\/td>\n<td width=\"296\">ISO 14443 A &amp; B dijelovi 1-4<\/td>\n<\/tr>\n<tr>\n<td rowspan=\"2\" width=\"215\">Protokol<\/td>\n<td width=\"296\">Kartica uskla\u0111ena sa ISO 14443-4, T=CL<\/td>\n<\/tr>\n<tr>\n<td width=\"296\">MIFARE\u00ae Classic Card, T=CL<\/td>\n<\/tr>\n<tr>\n<td colspan=\"2\" width=\"511\">Su\u010delje SAM kartice<\/td>\n<\/tr>\n<tr>\n<td width=\"215\">Broj slotova<\/td>\n<td width=\"296\">3 standardna utora za kartice veli\u010dine SIM<\/td>\n<\/tr>\n<tr>\n<td width=\"215\">Standard<\/td>\n<td width=\"296\">ISO 7816 Klasa A, B, C (5 V, 3 V, 1,8 V)<\/td>\n<\/tr>\n<tr>\n<td width=\"215\">Protokol<\/td>\n<td width=\"296\">T=0; T=1<\/td>\n<\/tr>\n<tr>\n<td colspan=\"2\" width=\"511\">Ugra\u0111eni periferni ure\u0111aji<\/td>\n<\/tr>\n<tr>\n<td rowspan=\"3\" width=\"215\">LCD<\/td>\n<td width=\"296\">Grafi\u010dki LCD sa bijelim pozadinskim osvjetljenjem<\/td>\n<\/tr>\n<tr>\n<td width=\"296\">Rezolucija: 128 x 64 piksela<\/td>\n<\/tr>\n<tr>\n<td width=\"296\">Broj znakova: 16 znakova x 8 redova<\/td>\n<\/tr>\n<tr>\n<td width=\"215\">LED<\/td>\n<td width=\"296\">4 jednobojne: plava, \u017euta, zelena i crvena<\/td>\n<\/tr>\n<tr>\n<td width=\"215\">Tapping Region<\/td>\n<td width=\"296\">Pozadinsko osvetljenje u tri boje: crveno, zeleno i plavo<\/td>\n<\/tr>\n<tr>\n<td width=\"215\">Zvu\u010dnik<\/td>\n<td width=\"296\">Indikacija audio tona<\/td>\n<\/tr>\n<tr>\n<td colspan=\"2\" width=\"511\">Ostale karakteristike<\/td>\n<\/tr>\n<tr>\n<td width=\"215\">Sigurnost<\/td>\n<td width=\"296\">Prekida\u010d tampera (unutarnje protuprovalne detekcije i za\u0161tita)<\/td>\n<\/tr>\n<tr>\n<td width=\"215\">Nadogradnja firmvera<\/td>\n<td width=\"296\">Podr\u017eano<\/td>\n<\/tr>\n<tr>\n<td width=\"215\">Sat realnog vremena<\/td>\n<td width=\"296\">Podr\u017eano<\/td>\n<\/tr>\n<tr>\n<td colspan=\"2\" width=\"511\">Certifikati\/uskla\u0111enost<\/td>\n<\/tr>\n<tr>\n<td rowspan=\"12\" width=\"215\">Certifikati\/uskla\u0111enost<\/td>\n<td width=\"296\">ISO 14443<\/td>\n<\/tr>\n<tr>\n<td width=\"296\">ISO 7816 (SAM slot)<\/td>\n<\/tr>\n<tr>\n<td width=\"296\">USB puna brzina<\/td>\n<\/tr>\n<tr>\n<td width=\"296\">PC\/SC<\/td>\n<\/tr>\n<tr>\n<td width=\"296\">CCID<\/td>\n<\/tr>\n<tr>\n<td width=\"296\">VCCI (Japan)<\/td>\n<\/tr>\n<tr>\n<td width=\"296\">KC (Koreja)<\/td>\n<\/tr>\n<tr>\n<td width=\"296\">Microsoft\u00ae WHQL<\/td>\n<\/tr>\n<tr>\n<td width=\"296\">CE<\/td>\n<\/tr>\n<tr>\n<td width=\"296\">FCC<\/td>\n<\/tr>\n<tr>\n<td width=\"296\">RoHS 2<\/td>\n<\/tr>\n<tr>\n<td width=\"296\">REACH<\/td>\n<\/tr>\n<tr>\n<td colspan=\"2\" width=\"511\">Podr\u0161ka za operativni sistem drajvera ure\u0111aja<\/td>\n<\/tr>\n<tr>\n<td rowspan=\"4\" width=\"215\">Podr\u0161ka za operativni sistem drajvera ure\u0111aja<\/td>\n<td width=\"296\">Windows\u00ae CE<\/td>\n<\/tr>\n<tr>\n<td width=\"296\">Windows\u00ae<\/td>\n<\/tr>\n<tr>\n<td width=\"296\">Linux\u00ae<\/td>\n<\/tr>\n<tr>\n<td width=\"296\">Solaris<\/td>\n<\/tr>\n<\/tbody>\n<\/table>","protected":false},"excerpt":{"rendered":"<div class=\"auto-hide-last-sibling-br paragraph_1252f paragraph-element\">\n<div class=\"auto-hide-last-sibling-br paragraph_1252f paragraph-element\">ACR123U,Affordable LCD USB Reader for cashless payments, enhancing checkout efficiency with intuitive design and compatibility with ISO 14443-4 cards.<\/div>\n<\/div>","protected":false},"featured_media":2741,"template":"","meta":[],"product_brand":[],"product_cat":[45],"product_tag":[],"class_list":{"0":"post-2740","1":"product","2":"type-product","3":"status-publish","4":"has-post-thumbnail","6":"product_cat-contactless-nfc-reader","8":"first","9":"instock","10":"shipping-taxable","11":"product-type-simple"},"_links":{"self":[{"href":"https:\/\/nfc-readers.com\/bs\/wp-json\/wp\/v2\/product\/2740","targetHints":{"allow":["GET"]}}],"collection":[{"href":"https:\/\/nfc-readers.com\/bs\/wp-json\/wp\/v2\/product"}],"about":[{"href":"https:\/\/nfc-readers.com\/bs\/wp-json\/wp\/v2\/types\/product"}],"wp:featuredmedia":[{"embeddable":true,"href":"https:\/\/nfc-readers.com\/bs\/wp-json\/wp\/v2\/media\/2741"}],"wp:attachment":[{"href":"https:\/\/nfc-readers.com\/bs\/wp-json\/wp\/v2\/media?parent=2740"}],"wp:term":[{"taxonomy":"product_brand","embeddable":true,"href":"https:\/\/nfc-readers.com\/bs\/wp-json\/wp\/v2\/product_brand?post=2740"},{"taxonomy":"product_cat","embeddable":true,"href":"https:\/\/nfc-readers.com\/bs\/wp-json\/wp\/v2\/product_cat?post=2740"},{"taxonomy":"product_tag","embeddable":true,"href":"https:\/\/nfc-readers.com\/bs\/wp-json\/wp\/v2\/product_tag?post=2740"}],"curies":[{"name":"wp","href":"https:\/\/api.w.org\/{rel}","templated":true}]}}