{"id":2744,"date":"2024-06-11T02:10:05","date_gmt":"2024-06-11T02:10:05","guid":{"rendered":"https:\/\/nfc-readers.com\/?post_type=product&#038;p=2744"},"modified":"2024-09-23T08:58:36","modified_gmt":"2024-09-23T08:58:36","slug":"acr123s-rs232-nfc-lcd-contactless-reader-writer","status":"publish","type":"product","link":"https:\/\/nfc-readers.com\/bs\/ic-reader\/acr123s-rs232-nfc-lcd-contactless-reader-writer\/","title":{"rendered":"ACR123S RS232 NFC LCD beskontaktni \u010dita\u010d pisa\u010d"},"content":{"rendered":"<h1>ACR123S RS232 NFC LCD beskontaktni \u010dita\u010d pisa\u010d<\/h1>\n<div><\/div>\n<div class=\"auto-hide-last-sibling-br paragraph_1252f paragraph-element\">Uspon beskontaktne tehnologije preoblikuje kupovno pona\u0161anje potro\u0161a\u010da \u0161irom svijeta, pove\u0107avaju\u0107i potrebu za \u010dvrstim rje\u0161enjem koje mo\u017ee podr\u017eati aplikacije za beskontaktno pla\u0107anje. ACR123S je posebno razvijen da zadovolji ovu rastu\u0107u potra\u017enju.<\/div>\n<div class=\"auto-hide-last-sibling-br paragraph_1252f paragraph-element\">Inteligentni beskontaktni \u010dita\u010d ACR123S je ekonomi\u010dan, svestran i pametan beskontaktni \u010dita\u010d koji se bez napora mo\u017ee integrirati u postoje\u0107e POS (Point-of-Sale) sisteme ili kase, pru\u017eaju\u0107i tako prednosti bezgotovinskog sistema pla\u0107anja. Izgra\u0111en na 13,56 MHz beskontaktnoj (RFID) tehnologiji, kompatibilan je sa bilo kojom beskontaktnom karticom koja je u skladu sa standardom ISO 14443-4.<\/div>\n<div>\n<ul>\n<li>\n<h2>Serijski RS232 interfejs sa RJ45 konektorom<\/h2>\n<\/li>\n<li>\n<h2>USB interfejs za napajanje<\/h2>\n<\/li>\n<li>\n<h2>ARM 32-bitni CortexTM-M3 procesor<\/h2>\n<\/li>\n<li>\n<h2>\u010cita\u010d pametnih kartica:<\/h2>\n<ul>\n<li>\n<h3>Brzina \u010ditanja\/pisanja do 848 kbps<\/h3>\n<\/li>\n<li>\n<h3>Ugra\u0111ena antena za beskontaktni pristup kartici, sa razmakom \u010ditanja kartice do 50 mm (u zavisnosti od tipa oznake)<\/h3>\n<\/li>\n<li>\n<h3>Podr\u0161ka za ISO 14443 Dio 4 kartice tipa A i B i MIFARE seriju<\/h3>\n<\/li>\n<li>\n<h3>Ugra\u0111ena funkcija protiv sudara<\/h3>\n<\/li>\n<li>\n<h3>Tri SAM slota u skladu sa ISO 7816<\/h3>\n<\/li>\n<\/ul>\n<\/li>\n<li>\n<h2>Ugra\u0111eni periferni ure\u0111aji:<\/h2>\n<ul>\n<li>\n<h3>16 alfanumeri\u010dkih znakova x 8 linija Grafi\u010dki LCD (128 x 64 piksela)<\/h3>\n<\/li>\n<li>\n<h3>\u010cetiri LED-a koje korisnik mo\u017ee kontrolirati (plava, \u017euta, zelena i crvena)<\/h3>\n<\/li>\n<li>\n<h3>Pozadinsko osvjetljenje podru\u010dja tapkanja koje mo\u017ee kontrolirati korisnik (crveno, zeleno i plavo)<\/h3>\n<\/li>\n<li>\n<h3>Zvu\u010dnik kojim upravlja korisnik (indikacija audio tona)<\/h3>\n<\/li>\n<\/ul>\n<\/li>\n<\/ul>\n<table width=\"514\">\n<tbody>\n<tr>\n<td colspan=\"2\" width=\"514\">Fizi\u010dke karakteristike<\/td>\n<\/tr>\n<tr>\n<td rowspan=\"2\" width=\"233\">Dimenzije (mm)<\/td>\n<td width=\"281\">Glavno tijelo: 159,0 mm (D) x 100,0 mm (\u0160) x 21,0 mm (V)<\/td>\n<\/tr>\n<tr>\n<td width=\"281\">Sa postoljem: 177,4 mm (D) x 100,0 mm (\u0160) x 94,5 mm (V)<\/td>\n<\/tr>\n<tr>\n<td rowspan=\"2\" width=\"233\">Te\u017eina (g)<\/td>\n<td width=\"281\">Glavno tijelo: 281 g<\/td>\n<\/tr>\n<tr>\n<td width=\"281\">Sa postoljem: 506 g<\/td>\n<\/tr>\n<tr>\n<td colspan=\"2\" width=\"514\">Serial Interface<\/td>\n<\/tr>\n<tr>\n<td width=\"233\">Protokol<\/td>\n<td width=\"281\">RS-232<\/td>\n<\/tr>\n<tr>\n<td width=\"233\">Tip konektora<\/td>\n<td width=\"281\">RJ45 konektor<\/td>\n<\/tr>\n<tr>\n<td width=\"233\">Izvor napajanja<\/td>\n<td width=\"281\">Sa USB porta<\/td>\n<\/tr>\n<tr>\n<td width=\"233\">Du\u017eina kabla<\/td>\n<td width=\"281\">1,5 m, fiksno (RJ45 + USB)<\/td>\n<\/tr>\n<tr>\n<td colspan=\"2\" width=\"514\">Interfejs beskontaktne pametne kartice<\/td>\n<\/tr>\n<tr>\n<td width=\"233\">Standard<\/td>\n<td width=\"281\">ISO 14443 A &amp; B dijelovi 1-4<\/td>\n<\/tr>\n<tr>\n<td rowspan=\"2\" width=\"233\">Protokol<\/td>\n<td width=\"281\">Kartica uskla\u0111ena sa ISO 14443-4, T=CL<\/td>\n<\/tr>\n<tr>\n<td width=\"281\">MIFARE\u00ae Classic Card, T=CL<\/td>\n<\/tr>\n<tr>\n<td colspan=\"2\" width=\"514\">Su\u010delje SAM kartice<\/td>\n<\/tr>\n<tr>\n<td width=\"233\">Broj slotova<\/td>\n<td width=\"281\">3 standardna utora za kartice veli\u010dine SIM<\/td>\n<\/tr>\n<tr>\n<td width=\"233\">Standard<\/td>\n<td width=\"281\">ISO 7816 Klasa A, B, C (5 V, 3 V, 1,8 V)<\/td>\n<\/tr>\n<tr>\n<td width=\"233\">Protokol<\/td>\n<td width=\"281\">T=0; T=1<\/td>\n<\/tr>\n<tr>\n<td colspan=\"2\" width=\"514\">Ugra\u0111eni periferni ure\u0111aji<\/td>\n<\/tr>\n<tr>\n<td rowspan=\"3\" width=\"233\">LCD<\/td>\n<td width=\"281\">Grafi\u010dki LCD sa bijelim pozadinskim osvjetljenjem<\/td>\n<\/tr>\n<tr>\n<td width=\"281\">Rezolucija: 128 x 64 piksela<\/td>\n<\/tr>\n<tr>\n<td width=\"281\">Broj znakova: 16 znakova x 8 redova<\/td>\n<\/tr>\n<tr>\n<td width=\"233\">LED<\/td>\n<td width=\"281\">4 jednobojne: plava, \u017euta, zelena i crvena<\/td>\n<\/tr>\n<tr>\n<td width=\"233\">Tapping Region<\/td>\n<td width=\"281\">Pozadinsko osvetljenje u tri boje: crveno, zeleno i plavo<\/td>\n<\/tr>\n<tr>\n<td width=\"233\">Zvu\u010dnik<\/td>\n<td width=\"281\">Indikacija audio tona<\/td>\n<\/tr>\n<tr>\n<td colspan=\"2\" width=\"514\">Ostale karakteristike<\/td>\n<\/tr>\n<tr>\n<td width=\"233\">Sigurnost<\/td>\n<td width=\"281\">Prekida\u010d tampera (unutarnje protuprovalne detekcije i za\u0161tita)<\/td>\n<\/tr>\n<tr>\n<td width=\"233\">Nadogradnja firmvera<\/td>\n<td width=\"281\">Podr\u017eano<\/td>\n<\/tr>\n<tr>\n<td width=\"233\">Sat realnog vremena<\/td>\n<td width=\"281\">Podr\u017eano<\/td>\n<\/tr>\n<tr>\n<td colspan=\"2\" width=\"514\">Certifikati\/uskla\u0111enost<\/td>\n<\/tr>\n<tr>\n<td rowspan=\"8\" width=\"233\">Certifikati\/uskla\u0111enost<\/td>\n<td width=\"281\">ISO 14443<\/td>\n<\/tr>\n<tr>\n<td width=\"281\">ISO 7816 (SAM slot)<\/td>\n<\/tr>\n<tr>\n<td width=\"281\">VCCI (Japan)<\/td>\n<\/tr>\n<tr>\n<td width=\"281\">KC (Koreja)<\/td>\n<\/tr>\n<tr>\n<td width=\"281\">CE<\/td>\n<\/tr>\n<tr>\n<td width=\"281\">FCC<\/td>\n<\/tr>\n<tr>\n<td width=\"281\">RoHS 2<\/td>\n<\/tr>\n<tr>\n<td width=\"281\">REACH<\/td>\n<\/tr>\n<tr>\n<td colspan=\"2\" width=\"514\">Podr\u0161ka za operativni sistem drajvera ure\u0111aja<\/td>\n<\/tr>\n<tr>\n<td rowspan=\"3\" width=\"233\">Podr\u0161ka za operativni sistem drajvera ure\u0111aja<\/td>\n<td width=\"281\">Windows\u00ae CE<\/td>\n<\/tr>\n<tr>\n<td width=\"281\">Windows\u00ae<\/td>\n<\/tr>\n<tr>\n<td width=\"281\">Linux\u00ae<\/td>\n<\/tr>\n<\/tbody>\n<\/table>\n<\/div>","protected":false},"excerpt":{"rendered":"<div class=\"auto-hide-last-sibling-br paragraph_1252f paragraph-element\">The ACR123S is an innovative LCD USB 13.56 mhz RFID Reader that enhances POS systems with seamless contactless payment capabilities for a smoother checkout experience.<\/div>","protected":false},"featured_media":2745,"template":"","meta":[],"product_brand":[],"product_cat":[45],"product_tag":[],"class_list":{"0":"post-2744","1":"product","2":"type-product","3":"status-publish","4":"has-post-thumbnail","6":"product_cat-contactless-nfc-reader","8":"first","9":"instock","10":"shipping-taxable","11":"product-type-simple"},"_links":{"self":[{"href":"https:\/\/nfc-readers.com\/bs\/wp-json\/wp\/v2\/product\/2744","targetHints":{"allow":["GET"]}}],"collection":[{"href":"https:\/\/nfc-readers.com\/bs\/wp-json\/wp\/v2\/product"}],"about":[{"href":"https:\/\/nfc-readers.com\/bs\/wp-json\/wp\/v2\/types\/product"}],"wp:featuredmedia":[{"embeddable":true,"href":"https:\/\/nfc-readers.com\/bs\/wp-json\/wp\/v2\/media\/2745"}],"wp:attachment":[{"href":"https:\/\/nfc-readers.com\/bs\/wp-json\/wp\/v2\/media?parent=2744"}],"wp:term":[{"taxonomy":"product_brand","embeddable":true,"href":"https:\/\/nfc-readers.com\/bs\/wp-json\/wp\/v2\/product_brand?post=2744"},{"taxonomy":"product_cat","embeddable":true,"href":"https:\/\/nfc-readers.com\/bs\/wp-json\/wp\/v2\/product_cat?post=2744"},{"taxonomy":"product_tag","embeddable":true,"href":"https:\/\/nfc-readers.com\/bs\/wp-json\/wp\/v2\/product_tag?post=2744"}],"curies":[{"name":"wp","href":"https:\/\/api.w.org\/{rel}","templated":true}]}}