{"id":2758,"date":"2024-06-11T12:39:26","date_gmt":"2024-06-11T12:39:26","guid":{"rendered":"https:\/\/nfc-readers.com\/?post_type=product&#038;p=2758"},"modified":"2024-09-23T06:23:59","modified_gmt":"2024-09-23T06:23:59","slug":"acm1323s-rs232-contactless-reader-writer","status":"publish","type":"product","link":"https:\/\/nfc-readers.com\/bs\/ic-reader\/acm1323s-rs232-contactless-reader-writer\/","title":{"rendered":"ACM1323S RS232 Beskontaktni \u010dita\u010d pisa\u010d"},"content":{"rendered":"<h1>ACM1323S RS232 Beskontaktni \u010dita\u010d pisa\u010d<\/h1>\n<p>ACM1323 je modul \u010dita\u010da pametnih kartica baziran na 13,56MHz beskontaktnoj tehnologiji. Usvaja serijski komunikacijski protokol i opciono podr\u017eava RS232 interfejs ili UARTTTL signalni interfejs. Podr\u017eava \u010ditanje i pisanje pametnih kartica klase A koje su u skladu sa ISO144431 do dijela 4, uklju\u010duju\u0107i CPU kartice, MIFARE Classic, Mifare 1K\/4K, Mifare Plus i DESFire. ACM1323S je pravi plug and play ure\u0111aj koji se mo\u017ee koristiti bez ikakvih drajvera i dizajniran je za brzu integraciju u ugra\u0111ene sisteme, pogodan za razli\u010dite scenarije aplikacija kao \u0161to su punjenja, tableti, automati, javni prijevoz, kontrola pristupa mre\u017ei, poha\u0111anje i drugi integrisani sistemi. Tako\u0111e podr\u017eava nadogradnju firmvera bez potrebe za dodatnim modifikacijama hardvera.<\/p>\n<table width=\"628\">\n<tbody>\n<tr>\n<td colspan=\"2\" width=\"628\">Fizi\u010dke karakteristike<\/td>\n<\/tr>\n<tr>\n<td width=\"335\">Dimenzije (mm)<\/td>\n<td width=\"293\">73,5 x 40,0 x 4,5<\/td>\n<\/tr>\n<tr>\n<td width=\"335\">Te\u017eina (g)<\/td>\n<td width=\"293\">7.2<\/td>\n<\/tr>\n<tr>\n<td colspan=\"2\" width=\"628\">RS232 interfejs<\/td>\n<\/tr>\n<tr>\n<td width=\"335\">Tip konektora<\/td>\n<td width=\"293\">RS232 TTL<\/td>\n<\/tr>\n<tr>\n<td width=\"335\">Izvor napajanja<\/td>\n<td width=\"293\">Sa USB porta<\/td>\n<\/tr>\n<tr>\n<td width=\"335\">Du\u017eina kabla<\/td>\n<td width=\"293\">1m, odvojivi (na zahtjev)<\/td>\n<\/tr>\n<tr>\n<td colspan=\"2\" width=\"628\">Interfejs beskontaktne pametne kartice<\/td>\n<\/tr>\n<tr>\n<td width=\"335\">Standard<\/td>\n<td width=\"293\">ISO 14443 Tip A CPU kartica MIFARE Classic, Mifare 1K\/4K, Mifare Plus i DESFire<\/td>\n<\/tr>\n<tr>\n<td rowspan=\"2\" width=\"335\">Protokol<\/td>\n<td width=\"293\">Kartica uskla\u0111ena sa ISO 14443-4, T=CL<\/td>\n<\/tr>\n<tr>\n<td width=\"293\">MIFARE\u00ae Classic Card, T=CL<\/td>\n<\/tr>\n<tr>\n<td colspan=\"2\" width=\"628\">Ugra\u0111eni periferni ure\u0111aji<\/td>\n<\/tr>\n<tr>\n<td width=\"335\">LED<\/td>\n<td width=\"293\">1 dvobojna: plava i zelena<\/td>\n<\/tr>\n<tr>\n<td colspan=\"2\" width=\"628\">Ostale karakteristike<\/td>\n<\/tr>\n<tr>\n<td rowspan=\"3\" width=\"335\">Ostale karakteristike<\/td>\n<td width=\"293\">Podr\u017eane vrste kartica:<\/td>\n<\/tr>\n<tr>\n<td width=\"293\">ISO 14443 Tip A i B dijelovi 1-4,<\/td>\n<\/tr>\n<tr>\n<td width=\"293\">MIFARE Classic\u00ae, MIFARE DESFire\u00ae, MIFARE Ultralight\u00ae, MIFARE Plus\u00ae<\/td>\n<\/tr>\n<tr>\n<td width=\"335\">Nadogradnja firmvera<\/td>\n<td width=\"293\">Podr\u017eano<\/td>\n<\/tr>\n<tr>\n<td colspan=\"2\" width=\"628\">Certifikati\/uskla\u0111enost<\/td>\n<\/tr>\n<tr>\n<td rowspan=\"3\" width=\"335\">Certifikati\/uskla\u0111enost<\/td>\n<td width=\"293\">Certifikati:<\/td>\n<\/tr>\n<tr>\n<td width=\"293\">IEC\/EN 62368, CE, UKCA, FCC, VCCI, RoHS, REACH, WEEE, Microsoft\u00ae WHQL<\/td>\n<\/tr>\n<tr>\n<td width=\"293\">\u00a0 Uskla\u0111enost:<\/td>\n<\/tr>\n<tr>\n<td colspan=\"2\" width=\"628\">Podr\u0161ka za operativni sistem drajvera ure\u0111aja<\/td>\n<\/tr>\n<tr>\n<td width=\"335\">Podr\u0161ka za operativni sistem drajvera ure\u0111aja<\/td>\n<td width=\"293\">Windows\u00ae, Linux\u00ae, macOS, Android\u2122<\/td>\n<\/tr>\n<\/tbody>\n<\/table>","protected":false},"excerpt":{"rendered":"<p>The ACM1323 is a versatile RFID card reader that works with various smart cards and integrates easily into embedded systems.<\/p>","protected":false},"featured_media":2759,"template":"","meta":[],"product_brand":[],"product_cat":[41],"product_tag":[],"class_list":{"0":"post-2758","1":"product","2":"type-product","3":"status-publish","4":"has-post-thumbnail","6":"product_cat-module-ic-reader","8":"first","9":"instock","10":"shipping-taxable","11":"product-type-simple"},"_links":{"self":[{"href":"https:\/\/nfc-readers.com\/bs\/wp-json\/wp\/v2\/product\/2758","targetHints":{"allow":["GET"]}}],"collection":[{"href":"https:\/\/nfc-readers.com\/bs\/wp-json\/wp\/v2\/product"}],"about":[{"href":"https:\/\/nfc-readers.com\/bs\/wp-json\/wp\/v2\/types\/product"}],"wp:featuredmedia":[{"embeddable":true,"href":"https:\/\/nfc-readers.com\/bs\/wp-json\/wp\/v2\/media\/2759"}],"wp:attachment":[{"href":"https:\/\/nfc-readers.com\/bs\/wp-json\/wp\/v2\/media?parent=2758"}],"wp:term":[{"taxonomy":"product_brand","embeddable":true,"href":"https:\/\/nfc-readers.com\/bs\/wp-json\/wp\/v2\/product_brand?post=2758"},{"taxonomy":"product_cat","embeddable":true,"href":"https:\/\/nfc-readers.com\/bs\/wp-json\/wp\/v2\/product_cat?post=2758"},{"taxonomy":"product_tag","embeddable":true,"href":"https:\/\/nfc-readers.com\/bs\/wp-json\/wp\/v2\/product_tag?post=2758"}],"curies":[{"name":"wp","href":"https:\/\/api.w.org\/{rel}","templated":true}]}}