{"id":2773,"date":"2024-06-11T14:17:35","date_gmt":"2024-06-11T14:17:35","guid":{"rendered":"https:\/\/nfc-readers.com\/?post_type=product&#038;p=2773"},"modified":"2024-09-23T06:15:02","modified_gmt":"2024-09-23T06:15:02","slug":"acr1555u-a1-bluetooth-nfc-usb-contactless-reader-writer","status":"publish","type":"product","link":"https:\/\/nfc-readers.com\/bs\/ic-reader\/acr1555u-a1-bluetooth-nfc-usb-contactless-reader-writer\/","title":{"rendered":"ACR1555U-A1 Bluetooth NFC USB beskontaktni \u010dita\u010d pisa\u010d"},"content":{"rendered":"<h1>ACR1555U-A1 Bluetooth NFC USB beskontaktni \u010dita\u010d pisa\u010d<\/h1>\n<div class=\"auto-hide-last-sibling-br paragraph_1252f paragraph-element\">ACR1555U-A1 NFC Bluetooth\u00ae \u010dita\u010d je uskla\u0111en sa ISO 14443 Dijelovi 1-4 i ISO 18092 standardima, podr\u017eavaju\u0107i \u0161irok spektar beskontaktnih kartica, uklju\u010duju\u0107i MIFARE kartice, FeliCa\u2122 kartice, ISO 7816 klase A, B i C (5V, 3V i 1,8V) SAM kartice i NFC oznake. \u010cita\u010d podr\u017eava Bluetooth Standard 5.2 u jednom modu rada i tako\u0111er je USB Type-C ure\u0111aj, osiguravaju\u0107i kompatibilnost sa razli\u010ditim operativnim sistemima kao \u0161to su iOS, Android\u2122, Linux i Windows. Za napajanje, ACR1555U je opremljen sa 450mAh 3.7 V Li-ion baterija. Sadr\u017ei 3 LED diode i zujalicu za ozna\u010davanje radnog statusa ure\u0111aja, zajedno sa 2 dugmeta za kontrolu baterije, statusa ure\u0111aja i Bluetooth statusa. Ovo \u010dini ACR1555U svestranim i lakim za kori\u0161\u0107enje NFC Bluetooth\u00ae \u010dita\u010dem pogodnim za razne aplikacije.<\/div>\n<table width=\"641\">\n<tbody>\n<tr>\n<td colspan=\"2\" width=\"641\">Fizi\u010dke karakteristike<\/td>\n<\/tr>\n<tr>\n<td width=\"210\">Dimenzije (mm)<\/td>\n<td width=\"431\">93 mm (D) x 58 mm (\u0160) x 6,0 mm (V)<\/td>\n<\/tr>\n<tr>\n<td width=\"210\"><\/td>\n<td width=\"431\">94 mm (D) x 60,2 mm (\u0160) x 9,0 mm (V) (sa dr\u017ea\u010dem kartice)<\/td>\n<\/tr>\n<tr>\n<td width=\"210\">Te\u017eina (g)<\/td>\n<td width=\"431\">31,0 g (\u010dita\u010d kartica)<\/td>\n<\/tr>\n<tr>\n<td width=\"210\"><\/td>\n<td width=\"431\">39,0 g (sa dr\u017ea\u010dem kartice)<\/td>\n<\/tr>\n<tr>\n<td colspan=\"2\" width=\"641\">Bluetooth interfejs<\/td>\n<\/tr>\n<tr>\n<td width=\"210\">Protokol<\/td>\n<td width=\"431\">Bluetooth\u00ae (Bluetooth 5.2)<\/td>\n<\/tr>\n<tr>\n<td width=\"210\">Izvor napajanja<\/td>\n<td width=\"431\">Punjiva litijum-jonska baterija (punjenje preko USB-a)<\/td>\n<\/tr>\n<tr>\n<td colspan=\"2\" width=\"641\">USB interfejs<\/td>\n<\/tr>\n<tr>\n<td width=\"210\">Protokol<\/td>\n<td width=\"431\">USB CCID<\/td>\n<\/tr>\n<tr>\n<td width=\"210\">Tip konektora<\/td>\n<td width=\"431\">USB TIP C<\/td>\n<\/tr>\n<tr>\n<td width=\"210\">Izvor napajanja<\/td>\n<td width=\"431\">Sa USB porta<\/td>\n<\/tr>\n<tr>\n<td width=\"210\">Brzina<\/td>\n<td width=\"431\">USB puna brzina (12 Mbps)<\/td>\n<\/tr>\n<tr>\n<td width=\"210\">Du\u017eina kabla<\/td>\n<td width=\"431\">1 m, odvojiva<\/td>\n<\/tr>\n<tr>\n<td colspan=\"2\" width=\"641\">Interfejs beskontaktne pametne kartice<\/td>\n<\/tr>\n<tr>\n<td width=\"210\">Standard<\/td>\n<td width=\"431\">ISO\/IEC 18092 NFC,ISO15693, ISO 14443 Tip A &amp; B, MIFARE, FeliCa<\/td>\n<\/tr>\n<tr>\n<td width=\"210\">Protokol<\/td>\n<td width=\"431\">Kartica uskla\u0111ena sa ISO 14443-4, T=CL<br \/>\nMIFARE Classic Card, T=CL<br \/>\nISO 18092, NFC oznake<br \/>\nFeliCa<\/td>\n<\/tr>\n<tr>\n<td colspan=\"2\" width=\"641\">Ugra\u0111eni periferni ure\u0111aji<\/td>\n<\/tr>\n<tr>\n<td width=\"210\">LED<\/td>\n<td width=\"431\">2 dvoboje: crvena i plava, crvena i zelena<\/td>\n<\/tr>\n<tr>\n<td width=\"210\">Podr\u017eava razli\u010dite NFC funkcije<\/td>\n<td width=\"431\"><\/td>\n<\/tr>\n<tr>\n<td width=\"210\"><\/td>\n<td width=\"431\">Re\u017eim \u010dita\u010da\/pisa\u010da kartica<\/td>\n<\/tr>\n<tr>\n<td width=\"210\"><\/td>\n<td width=\"431\">Na\u010din emulacije kartice<\/td>\n<\/tr>\n<tr>\n<td width=\"210\"><\/td>\n<td width=\"431\">Podr\u017eava na\u010din emulacije tipkovnice<\/td>\n<\/tr>\n<tr>\n<td colspan=\"2\" width=\"641\">Ostale karakteristike<\/td>\n<\/tr>\n<tr>\n<td width=\"210\">Enkripcija<\/td>\n<td width=\"431\">AES 128 algoritam enkripcije unutar ure\u0111aja<\/td>\n<\/tr>\n<tr>\n<td width=\"210\">Nadogradnja firmvera<\/td>\n<td width=\"431\">Podr\u017eano<\/td>\n<\/tr>\n<tr>\n<td colspan=\"2\" width=\"641\">Certifikati\/uskla\u0111enost<\/td>\n<\/tr>\n<tr>\n<td rowspan=\"14\" width=\"210\">Certifikati\/uskla\u0111enost<\/td>\n<td>EN \/IEC 62368<\/td>\n<\/tr>\n<tr>\n<td>ISO 18092<\/td>\n<\/tr>\n<tr>\n<td>ISO 14443<\/td>\n<\/tr>\n<tr>\n<td>ISO 15693<\/td>\n<\/tr>\n<tr>\n<td>Bluetooth\u00aeBQB<\/td>\n<\/tr>\n<tr>\n<td>KCC<\/td>\n<\/tr>\n<tr>\n<td>UKCA<\/td>\n<\/tr>\n<tr>\n<td>CE<\/td>\n<\/tr>\n<tr>\n<td>FCC<\/td>\n<\/tr>\n<tr>\n<td>RoHS<\/td>\n<\/tr>\n<tr>\n<td>REACH<\/td>\n<\/tr>\n<tr>\n<td>TELEC (Japan)<\/td>\n<\/tr>\n<tr>\n<td>VCCI<\/td>\n<\/tr>\n<tr>\n<td>Microsoft\u00ae WHQL<\/td>\n<\/tr>\n<tr>\n<td colspan=\"2\" width=\"641\">Podr\u0161ka za operativni sistem drajvera ure\u0111aja<\/td>\n<\/tr>\n<tr>\n<td rowspan=\"5\" width=\"210\">Podr\u0161ka za operativni sistem drajvera ure\u0111aja<\/td>\n<td width=\"431\">Windows\u00ae<\/td>\n<\/tr>\n<tr>\n<td width=\"431\">Linux\u00ae<\/td>\n<\/tr>\n<tr>\n<td width=\"431\">MAC OS\u00ae 10.7 i novije verzije<\/td>\n<\/tr>\n<tr>\n<td width=\"431\">Android\u2122 4.3 i novije verzije<\/td>\n<\/tr>\n<tr>\n<td width=\"431\">iOS 8.0 i noviji<\/td>\n<\/tr>\n<\/tbody>\n<\/table>\n<p>&nbsp;<\/p>","protected":false},"excerpt":{"rendered":"<div class=\"auto-hide-last-sibling-br paragraph_1252f paragraph-element\">The ACR1555U-A1 is a portable Bluetooth\u00ae NFC Reader that enables smart card and NFC applications on the go.<\/div>","protected":false},"featured_media":2774,"template":"","meta":[],"product_brand":[],"product_cat":[45,38],"product_tag":[],"class_list":{"0":"post-2773","1":"product","2":"type-product","3":"status-publish","4":"has-post-thumbnail","6":"product_cat-contactless-nfc-reader","7":"product_cat-mobile-ble-nfc-reader","9":"first","10":"instock","11":"shipping-taxable","12":"product-type-simple"},"_links":{"self":[{"href":"https:\/\/nfc-readers.com\/bs\/wp-json\/wp\/v2\/product\/2773","targetHints":{"allow":["GET"]}}],"collection":[{"href":"https:\/\/nfc-readers.com\/bs\/wp-json\/wp\/v2\/product"}],"about":[{"href":"https:\/\/nfc-readers.com\/bs\/wp-json\/wp\/v2\/types\/product"}],"wp:featuredmedia":[{"embeddable":true,"href":"https:\/\/nfc-readers.com\/bs\/wp-json\/wp\/v2\/media\/2774"}],"wp:attachment":[{"href":"https:\/\/nfc-readers.com\/bs\/wp-json\/wp\/v2\/media?parent=2773"}],"wp:term":[{"taxonomy":"product_brand","embeddable":true,"href":"https:\/\/nfc-readers.com\/bs\/wp-json\/wp\/v2\/product_brand?post=2773"},{"taxonomy":"product_cat","embeddable":true,"href":"https:\/\/nfc-readers.com\/bs\/wp-json\/wp\/v2\/product_cat?post=2773"},{"taxonomy":"product_tag","embeddable":true,"href":"https:\/\/nfc-readers.com\/bs\/wp-json\/wp\/v2\/product_tag?post=2773"}],"curies":[{"name":"wp","href":"https:\/\/api.w.org\/{rel}","templated":true}]}}