{"id":2780,"date":"2024-06-12T02:05:36","date_gmt":"2024-06-12T02:05:36","guid":{"rendered":"https:\/\/nfc-readers.com\/?post_type=product&#038;p=2780"},"modified":"2024-09-23T06:11:23","modified_gmt":"2024-09-23T06:11:23","slug":"acr40u-premium-high-speed-usb-contact-smartcard-reader-writer","status":"publish","type":"product","link":"https:\/\/nfc-readers.com\/bs\/ic-reader\/acr40u-premium-high-speed-usb-contact-smartcard-reader-writer\/","title":{"rendered":"ACR40U Premium High Speed USB \u010dita\u010d pametnih kartica za pisanje"},"content":{"rendered":"<h1>ACR40U Premium High Speed USB \u010dita\u010d pametnih kartica za pisanje<\/h1>\n<div class=\"auto-hide-last-sibling-br paragraph_1252f paragraph-element\">Predstavljamo ACR40U, USB \u010dita\u010d pametnih kartica velike brzine za kontakt. Pru\u017ea stalnu podr\u0161ku za ISO 7816 klase A, B i C pametne kartice, mikroprocesorske kartice koje koriste T=0 i T=1 protokole i \u0161irok spektar memorijskih kartica dostupnih na tr\u017ei\u0161tu. ACR40U se mo\u017ee pohvaliti dvostrukim LED svjetlima koja pokazuju status kartice i \u010dita\u010da. Klju\u010dna pobolj\u0161anja uklju\u010duju opciju nadogradnje firmvera i \u010duvanja korisni\u010dkih podataka na ure\u0111aju, zadovoljavaju\u0107i \u0161iroku lepezu scenarija aplikacija. Tako\u0111e uklju\u010duje dodatak za postolje koji omogu\u0107ava razli\u010dite konfiguracije, uklju\u010duju\u0107i i vertikalnu i horizontalnu orijentaciju. U skladu sa CCID, PC\/SC i Microsoft\u00ae WHQL standardima, ACR40U garantuje integraciju bez napora sa brojnim operativnim sistemima kao \u0161to su Windows\u00ae, Linux\u00ae, macOS , iOS, iPadOS i Android\u2122. Podr\u017eava i USB Type-A i Type-C interfejs, nude\u0107i fleksibilne opcije povezivanja.<\/div>\n<div>\n<ul>\n<li>\n<h2>USB 2.0 interfejs pune brzine<\/h2>\n<\/li>\n<li>\n<h2>USB tip A<\/h2>\n<\/li>\n<li>\n<h2>Plug and Play \u2013 CCID podr\u0161ka donosi najve\u0107u mobilnost<\/h2>\n<\/li>\n<li>\n<h2>\u010cita\u010d pametnih kartica:<\/h2>\n<ul>\n<li>\n<h3>Podr\u017eava kartice ISO 7816 klase A, B i C (5 V, 3 V, 1,8 V)<\/h3>\n<\/li>\n<li>\n<h3>Podr\u017eava CAC<\/h3>\n<\/li>\n<li>\n<h3>Podr\u017eava SIPRNET karticu<\/h3>\n<\/li>\n<li>\n<h3>Podr\u017eava MyKad<\/h3>\n<\/li>\n<li>\n<h3>Podr\u017eava J-LIS karticu<\/h3>\n<\/li>\n<li>\n<h3>Podr\u017eava mikroprocesorske kartice sa T=0 ili T=1 protokolom<\/h3>\n<\/li>\n<li>\n<h3>Podr\u017eava memorijske kartice<\/h3>\n<\/li>\n<li>\n<h3>Podr\u017eava PPS (odabir protokola i parametara)<\/h3>\n<\/li>\n<li>\n<h3>Karakteristike za\u0161tite od kratkog spoja<\/h3>\n<\/li>\n<\/ul>\n<\/li>\n<li>\n<h2>Programski interfejs aplikacije:<\/h2>\n<ul>\n<li>\n<h3>Podr\u017eava PC\/SC<\/h3>\n<\/li>\n<li>\n<h3>Podr\u0161ka CT-API<\/h3>\n<\/li>\n<\/ul>\n<\/li>\n<li>\n<h2>Podr\u017eava sve glavne operativne sisteme<\/h2>\n<ul>\n<li>\n<h3>Windows\u00ae, Linux\u00ae, macOS, iOS, iPadOS, Android\u2122, Solaris\u2122<\/h3>\n<\/li>\n<\/ul>\n<\/li>\n<\/ul>\n<table width=\"606\">\n<tbody>\n<tr>\n<td colspan=\"2\" width=\"606\">Fizi\u010dke karakteristike<\/td>\n<\/tr>\n<tr>\n<td width=\"211\">Dimenzije (mm)<\/td>\n<td width=\"395\">62,5 mm (D) \u00d7 67,6 mm (\u0160) \u00d7 58,5 mm (V)<\/td>\n<\/tr>\n<tr>\n<td width=\"211\">Te\u017eina (g)<\/td>\n<td width=\"395\">40,0 g \u00b1 5,0 g<\/td>\n<\/tr>\n<tr>\n<td colspan=\"2\" width=\"606\">USB interfejs<\/td>\n<\/tr>\n<tr>\n<td width=\"211\">Protokol<\/td>\n<td width=\"395\">USB CCID<\/td>\n<\/tr>\n<tr>\n<td width=\"211\">Tip konektora<\/td>\n<td width=\"395\">Standardni tip A, tip C<\/td>\n<\/tr>\n<tr>\n<td width=\"211\">Izvor napajanja<\/td>\n<td width=\"395\">Sa USB porta<\/td>\n<\/tr>\n<tr>\n<td width=\"211\">Brzina<\/td>\n<td width=\"395\">USB 2.0 puna brzina (12 Mbps)<\/td>\n<\/tr>\n<tr>\n<td width=\"211\">Du\u017eina kabla<\/td>\n<td width=\"395\">1 m, fiksno<\/td>\n<\/tr>\n<tr>\n<td colspan=\"2\" width=\"606\">Kontaktirajte Smart Card Interface<\/td>\n<\/tr>\n<tr>\n<td width=\"211\">Broj slotova<\/td>\n<td width=\"395\">1 Utor za kartice pune veli\u010dine<\/td>\n<\/tr>\n<tr>\n<td width=\"211\">Standard<\/td>\n<td width=\"395\">ISO 7816 dijelovi 1-4, klasa A, B, C (5 V, 3 V, 1,8 V)<\/td>\n<\/tr>\n<tr>\n<td width=\"211\">Protokol<\/td>\n<td width=\"395\">T=0; T=1; Podr\u0161ka za memorijsku karticu<\/td>\n<\/tr>\n<tr>\n<td width=\"211\">Drugi<\/td>\n<td width=\"395\">Mykad, CAC, J-LIS, SIPRNET kartica<\/td>\n<\/tr>\n<tr>\n<td colspan=\"2\" width=\"606\">Certifikati\/uskla\u0111enost<\/td>\n<\/tr>\n<tr>\n<td width=\"211\">Certifikati\/uskla\u0111enost<\/td>\n<td width=\"395\">EN62368\/IEC 62368 CE FCC RoHS REACH EMV\u2122 Nivo 1 (Kontakt) UL 62368 J-LIS KC PBOC Nivo 1 (Kontakt) TAA UKCA UL VCCI WEEE USB 2.0 Puna brzina Microsoft\u00ae WHQL<\/td>\n<\/tr>\n<tr>\n<td colspan=\"2\" width=\"606\">Podr\u0161ka za operativni sistem drajvera ure\u0111aja<\/td>\n<\/tr>\n<tr>\n<td width=\"211\">Podr\u0161ka za operativni sistem drajvera ure\u0111aja<\/td>\n<td width=\"395\">Windows\u00ae Linux\u00ae macOS IOS iPadOS Android\u2122 Solaris\u2122<\/td>\n<\/tr>\n<tr>\n<td><\/td>\n<td><\/td>\n<\/tr>\n<\/tbody>\n<\/table>\n<\/div>","protected":false},"excerpt":{"rendered":"<div class=\"auto-hide-last-sibling-br paragraph_1252f paragraph-element\">ACR40U je kompaktni EMV PBOC \u010dita\u010d kartica koji podr\u017eava razli\u010dite pametne kartice i nudi fleksibilne mogu\u0107nosti povezivanja.<\/div>","protected":false},"featured_media":2783,"template":"","meta":[],"product_brand":[],"product_cat":[39],"product_tag":[],"class_list":{"0":"post-2780","1":"product","2":"type-product","3":"status-publish","4":"has-post-thumbnail","6":"product_cat-usb-ic-smartcard-reader","8":"first","9":"instock","10":"shipping-taxable","11":"product-type-simple"},"_links":{"self":[{"href":"https:\/\/nfc-readers.com\/bs\/wp-json\/wp\/v2\/product\/2780","targetHints":{"allow":["GET"]}}],"collection":[{"href":"https:\/\/nfc-readers.com\/bs\/wp-json\/wp\/v2\/product"}],"about":[{"href":"https:\/\/nfc-readers.com\/bs\/wp-json\/wp\/v2\/types\/product"}],"wp:featuredmedia":[{"embeddable":true,"href":"https:\/\/nfc-readers.com\/bs\/wp-json\/wp\/v2\/media\/2783"}],"wp:attachment":[{"href":"https:\/\/nfc-readers.com\/bs\/wp-json\/wp\/v2\/media?parent=2780"}],"wp:term":[{"taxonomy":"product_brand","embeddable":true,"href":"https:\/\/nfc-readers.com\/bs\/wp-json\/wp\/v2\/product_brand?post=2780"},{"taxonomy":"product_cat","embeddable":true,"href":"https:\/\/nfc-readers.com\/bs\/wp-json\/wp\/v2\/product_cat?post=2780"},{"taxonomy":"product_tag","embeddable":true,"href":"https:\/\/nfc-readers.com\/bs\/wp-json\/wp\/v2\/product_tag?post=2780"}],"curies":[{"name":"wp","href":"https:\/\/api.w.org\/{rel}","templated":true}]}}