{"id":2784,"date":"2024-06-12T02:17:57","date_gmt":"2024-06-12T02:17:57","guid":{"rendered":"https:\/\/nfc-readers.com\/?post_type=product&#038;p=2784"},"modified":"2024-09-23T06:09:10","modified_gmt":"2024-09-23T06:09:10","slug":"acr40t-premium-high-speed-usb-contact-sim-sized-smartcard-reader-writer","status":"publish","type":"product","link":"https:\/\/nfc-readers.com\/bs\/ic-reader\/acr40t-premium-high-speed-usb-contact-sim-sized-smartcard-reader-writer\/","title":{"rendered":"ACR40T Premium High Speed USB Contact Reader Smart Card Reader veli\u010dine SIM kartice"},"content":{"rendered":"<h1>ACR40T Premium High Speed USB Contact Reader Smart Card Reader veli\u010dine SIM kartice<\/h1>\n<div class=\"auto-hide-last-sibling-br paragraph_1252f paragraph-element\">Predstavljamo ACR40T, najnoviji kompaktni USB \u010dita\u010d pametnih kartica veli\u010dine SIM kartice velike brzine. Podr\u017eava nadogradnju firmvera i kompatibilan je sa ISO 7816 klasa A, B i C pametnim karticama (5 V, 3 V, 1,8 V), mikroprocesorskim karticama sa T=0 i T=1 protokolima i \u0161irokim spektrom dostupnih memorijskih kartica na tr\u017ei\u0161tu.<\/div>\n<div class=\"auto-hide-last-sibling-br paragraph_1252f paragraph-element\">Kombinacija napredne, inovativne tehnologije, prepoznatljiva ivica ACR40T je njegov kompaktan dizajn i klizni utor za pametnu karticu za glatko iskustvo bez muke. Vrhunski dizajn ACR40T-A6\/A7 uklju\u010duje ugra\u0111eno dugme za specifi\u010dne aplikacije, funkcija klju\u010dna za validaciju prisustva korisnika, osiguravaju\u0107i da je korisnik fizi\u010dki tu za interakciju s aplikacijom. Pridr\u017eavaju\u0107i se CCID i PC\/SC, kao i Microsoft\u00ae WHQL standarda, ACR40T je kompatibilan sa vi\u0161e operativnih sistema kao \u0161to su Windows\u00ae, Linux\u00ae, macOS, Android\u2122. Podr\u017eava i USB Type-A i USB Type-C veze.<\/div>\n<div>\n<ul>\n<li>\n<h2><strong>Podr\u017eava razli\u010dite tipove kontakt kartica<\/strong><\/h2>\n<ul>\n<li>\n<h3>ISO 7816 Klasa A, B i C (5 V, 3 V i 1,8 V)<\/h3>\n<\/li>\n<li>\n<h3>Mikroprocesorska kartica (T=0, T=1)<\/h3>\n<\/li>\n<li>\n<h3>Memorijska kartica<\/h3>\n<\/li>\n<li>\n<h3>Sadr\u017ei za\u0161titu od kratkog spoja<\/h3>\n<\/li>\n<\/ul>\n<\/li>\n<li>\n<h2><strong>Programski interfejs aplikacije:<\/strong><\/h2>\n<ul>\n<li>\n<h3>Podr\u017eava PC\/SC<\/h3>\n<\/li>\n<\/ul>\n<\/li>\n<li>\n<h2><strong>Ugra\u0111eni periferni ure\u0111aji<\/strong><\/h2>\n<ul>\n<li>\n<h3>1 x programabilna LED (zelena)<\/h3>\n<\/li>\n<li>\n<h3>1 x Ugra\u0111eno dugme<\/h3>\n<\/li>\n<\/ul>\n<\/li>\n<\/ul>\n<table width=\"560\">\n<tbody>\n<tr>\n<td colspan=\"2\" width=\"560\">Fizi\u010dke karakteristike<\/td>\n<\/tr>\n<tr>\n<td rowspan=\"2\" width=\"197\">Dimenzije (mm)<\/td>\n<td width=\"363\">ACR40T-A6: 49,5 mm (D) \u00d7 17,7 mm (\u0160) \u00d7 8,0 mm (V)<\/td>\n<\/tr>\n<tr>\n<td width=\"363\">ACR40T-A7: 45,9 mm (D) \u00d7 17,7 mm (\u0160) \u00d7 8,0 mm (V)<\/td>\n<\/tr>\n<tr>\n<td rowspan=\"2\" width=\"197\">Te\u017eina (g)<\/td>\n<td width=\"363\">ACR40T-A6: 8,1 g \u00b1 1,0 g<\/td>\n<\/tr>\n<tr>\n<td width=\"363\">ACR40T-A7: 6,2 g \u00b1 1,0 g<\/td>\n<\/tr>\n<tr>\n<td colspan=\"2\" width=\"560\">USB interfejs<\/td>\n<\/tr>\n<tr>\n<td width=\"197\">Protokol<\/td>\n<td width=\"363\">USB CCID<\/td>\n<\/tr>\n<tr>\n<td rowspan=\"2\" width=\"197\">Tip konektora<\/td>\n<td width=\"363\">USB tip-A<\/td>\n<\/tr>\n<tr>\n<td width=\"363\">USB Type-C<\/td>\n<\/tr>\n<tr>\n<td width=\"197\">Izvor napajanja<\/td>\n<td width=\"363\">Sa USB porta<\/td>\n<\/tr>\n<tr>\n<td width=\"197\">Brzina<\/td>\n<td width=\"363\">USB puna brzina (12Mbps)<\/td>\n<\/tr>\n<tr>\n<td colspan=\"2\" width=\"560\">Kontaktirajte Smart Card Interface<\/td>\n<\/tr>\n<tr>\n<td width=\"197\">Broj slotova<\/td>\n<td width=\"363\">1 utor za SIM karticu (2FF)<\/td>\n<\/tr>\n<tr>\n<td width=\"197\">Protokol<\/td>\n<td width=\"363\">T=0; T=1<\/td>\n<\/tr>\n<tr>\n<td colspan=\"2\" width=\"560\">Ugra\u0111eni periferni ure\u0111aji<\/td>\n<\/tr>\n<tr>\n<td width=\"197\">Dugmad<\/td>\n<td width=\"363\">1<\/td>\n<\/tr>\n<tr>\n<td width=\"197\">LED<\/td>\n<td width=\"363\">Zeleno<\/td>\n<\/tr>\n<tr>\n<td colspan=\"2\" width=\"560\">Ostale karakteristike<\/td>\n<\/tr>\n<tr>\n<td width=\"197\">Ostale karakteristike<\/td>\n<td width=\"363\">Podr\u017eava nadogradnju firmvera<\/td>\n<\/tr>\n<tr>\n<td colspan=\"2\" width=\"560\">Certifikati\/uskla\u0111enost<\/td>\n<\/tr>\n<tr>\n<td rowspan=\"12\" width=\"197\">Certifikati\/uskla\u0111enost<\/td>\n<td width=\"363\">Certifikati:<\/td>\n<\/tr>\n<tr>\n<td width=\"363\">UL 62368<\/td>\n<\/tr>\n<tr>\n<td width=\"363\">CE<\/td>\n<\/tr>\n<tr>\n<td width=\"363\">UKCA<\/td>\n<\/tr>\n<tr>\n<td width=\"363\">FCC<\/td>\n<\/tr>\n<tr>\n<td width=\"363\">RoHS<\/td>\n<\/tr>\n<tr>\n<td width=\"363\">REACH<\/td>\n<\/tr>\n<tr>\n<td width=\"363\">VCCI<\/td>\n<\/tr>\n<tr>\n<td width=\"363\">Microsoft\u00ae WHQL<\/td>\n<\/tr>\n<tr>\n<td width=\"363\">Uskla\u0111enost:<\/td>\n<\/tr>\n<tr>\n<td width=\"363\">USB CCID<\/td>\n<\/tr>\n<tr>\n<td width=\"363\">PC\/SC<\/td>\n<\/tr>\n<tr>\n<td colspan=\"2\" width=\"560\">Podr\u0161ka za operativni sistem drajvera ure\u0111aja<\/td>\n<\/tr>\n<tr>\n<td rowspan=\"4\" width=\"197\">Podr\u0161ka za operativni sistem drajvera ure\u0111aja<\/td>\n<td width=\"363\">Windows\u00ae<\/td>\n<\/tr>\n<tr>\n<td width=\"363\">Linux\u00ae<\/td>\n<\/tr>\n<tr>\n<td width=\"363\">macOS<\/td>\n<\/tr>\n<tr>\n<td width=\"363\">Android\u2122<\/td>\n<\/tr>\n<\/tbody>\n<\/table>\n<\/div>","protected":false},"excerpt":{"rendered":"<div class=\"auto-hide-last-sibling-br paragraph_1252f paragraph-element\">ACR40T je kompaktni CCID \u010dita\u010d pametnih kartica koji podr\u017eava razli\u010dite pametne kartice i kompatibilan je sa vi\u0161e operativnih sistema.<\/div>","protected":false},"featured_media":2785,"template":"","meta":[],"product_brand":[],"product_cat":[39],"product_tag":[],"class_list":{"0":"post-2784","1":"product","2":"type-product","3":"status-publish","4":"has-post-thumbnail","6":"product_cat-usb-ic-smartcard-reader","8":"first","9":"instock","10":"shipping-taxable","11":"product-type-simple"},"_links":{"self":[{"href":"https:\/\/nfc-readers.com\/bs\/wp-json\/wp\/v2\/product\/2784","targetHints":{"allow":["GET"]}}],"collection":[{"href":"https:\/\/nfc-readers.com\/bs\/wp-json\/wp\/v2\/product"}],"about":[{"href":"https:\/\/nfc-readers.com\/bs\/wp-json\/wp\/v2\/types\/product"}],"wp:featuredmedia":[{"embeddable":true,"href":"https:\/\/nfc-readers.com\/bs\/wp-json\/wp\/v2\/media\/2785"}],"wp:attachment":[{"href":"https:\/\/nfc-readers.com\/bs\/wp-json\/wp\/v2\/media?parent=2784"}],"wp:term":[{"taxonomy":"product_brand","embeddable":true,"href":"https:\/\/nfc-readers.com\/bs\/wp-json\/wp\/v2\/product_brand?post=2784"},{"taxonomy":"product_cat","embeddable":true,"href":"https:\/\/nfc-readers.com\/bs\/wp-json\/wp\/v2\/product_cat?post=2784"},{"taxonomy":"product_tag","embeddable":true,"href":"https:\/\/nfc-readers.com\/bs\/wp-json\/wp\/v2\/product_tag?post=2784"}],"curies":[{"name":"wp","href":"https:\/\/api.w.org\/{rel}","templated":true}]}}