{"id":2815,"date":"2024-06-19T06:35:44","date_gmt":"2024-06-19T06:35:44","guid":{"rendered":"https:\/\/nfc-readers.com\/?post_type=product&#038;p=2815"},"modified":"2024-09-23T05:48:48","modified_gmt":"2024-09-23T05:48:48","slug":"acr39u-h1-high-speed-usb-contact-smartcard-reader-writer","status":"publish","type":"product","link":"https:\/\/nfc-readers.com\/bs\/ic-reader\/acr39u-h1-high-speed-usb-contact-smartcard-reader-writer\/","title":{"rendered":"ACR39U-H1 Brzi USB kontakt \u010dita\u010d pametnih kartica pisa\u010d"},"content":{"rendered":"<h1>ACR39U-H1 Brzi USB kontakt \u010dita\u010d pametnih kartica pisa\u010d<\/h1>\n<p>ACR39U-H1 je svestrani \u010dita\u010d pametnih kartica koji podr\u017eava ISO 7816 klase A, B i C pametne kartice (5 V, 3 V i 1,8 V), mikroprocesorske kartice s T=0 ili T=1 protokolom i memoriju kartice. Konkretno, kompatibilan je i sa Malezijskom li\u010dnom kartom (Mykad). Poseduje USB interfejs pune brzine i mo\u017ee se pohvaliti brzinom \u010ditanja\/pisanja pametne kartice do 600 Kbps. ACR39U-H1 je neverovatno izdr\u017eljiv, sa \u017eivotnim vekom od 200.000 ciklusa umetanja kartica. Posjeduje razli\u010dite certifikate, uklju\u010duju\u0107i EMV\u2122 Level 1 (Kontakt) i PBOC (Narodna banka Kine), \u0161to ga \u010dini savr\u0161enim \u010dita\u010dem pametnih kartica za va\u0161e aplikacije za e-bankarstvo i e-pla\u0107anje.<\/p>\n<ul>\n<li>\n<h2>USB interfejs pune brzine<\/h2>\n<\/li>\n<li>\n<h2>Kompatibilan sa USB 3.0<\/h2>\n<\/li>\n<li>\n<h2>USB Type-A konektor<\/h2>\n<\/li>\n<li>\n<h2>Plug and Play \u2013 CCID podr\u0161ka donosi najve\u0107u mobilnost<\/h2>\n<\/li>\n<li>\n<h2>\u010cita\u010d pametnih kartica:<\/h2>\n<ul>\n<li>\n<h3>Kontakt interfejs:<\/h3>\n<ul>\n<li>Podr\u017eava kartice ISO 7816 klase A, B i C (5 V, 3 V, 1,8 V)<\/li>\n<li>Podr\u017eava CAC (Common Access Card)<\/li>\n<li>Podr\u017eava SIPRNET karticu<\/li>\n<li>Podr\u017eava mikroprocesorske kartice sa T=0 ili T=1 protokolom<\/li>\n<li>Podr\u017eava memorijske kartice<\/li>\n<li>Podr\u017eava Mykad karticu<\/li>\n<li>Podr\u017eava PPS (odabir protokola i parametara)<\/li>\n<li>Sadr\u017ei za\u0161titu od kratkog spoja<\/li>\n<\/ul>\n<\/li>\n<\/ul>\n<\/li>\n<li>\n<h2>Programski interfejs aplikacije:<\/h2>\n<ul>\n<li>\n<h3>Podr\u017eava PC\/SC<\/h3>\n<\/li>\n<li>\n<h3>Podr\u017eava CT-API (kroz omota\u010d na vrhu PC\/SC)<\/h3>\n<\/li>\n<\/ul>\n<\/li>\n<li>\n<h2>Podr\u017eava Android\u2122 3.1 i novije verzije<\/h2>\n<\/li>\n<\/ul>\n<table width=\"478\">\n<tbody>\n<tr>\n<td colspan=\"2\" width=\"478\">Fizi\u010dke karakteristike<\/td>\n<\/tr>\n<tr>\n<td width=\"237\">Dimenzije (mm)<\/td>\n<td width=\"241\">71,5 mm (D) x 80,0 mm (\u0160) x 80,0 mm (V)<\/td>\n<\/tr>\n<tr>\n<td width=\"237\">Te\u017eina (g)<\/td>\n<td width=\"241\">174 g<\/td>\n<\/tr>\n<tr>\n<td colspan=\"2\" width=\"478\">Samostalni na\u010din rada<\/td>\n<\/tr>\n<tr>\n<td width=\"237\">Operativni sistem<\/td>\n<td width=\"241\">1 Utor za kartice pune veli\u010dine<\/td>\n<\/tr>\n<tr>\n<td colspan=\"2\" width=\"478\">USB interfejs<\/td>\n<\/tr>\n<tr>\n<td width=\"237\">Protokol<\/td>\n<td width=\"241\">USB CCID<\/td>\n<\/tr>\n<tr>\n<td width=\"237\">Tip konektora<\/td>\n<td width=\"241\">Standardni tip-A<\/td>\n<\/tr>\n<tr>\n<td width=\"237\">Izvor napajanja<\/td>\n<td width=\"241\">Sa USB porta<\/td>\n<\/tr>\n<tr>\n<td width=\"237\">Brzina<\/td>\n<td width=\"241\">USB 2.0 puna brzina (12 Mbps)<\/td>\n<\/tr>\n<tr>\n<td width=\"237\">Du\u017eina kabla<\/td>\n<td width=\"241\">1,5 m, fiksno<\/td>\n<\/tr>\n<tr>\n<td colspan=\"2\" width=\"478\">Kontaktirajte Smart Card Interface<\/td>\n<\/tr>\n<tr>\n<td width=\"237\">Broj slotova<\/td>\n<td width=\"241\">1 Utor za kartice pune veli\u010dine<\/td>\n<\/tr>\n<tr>\n<td width=\"237\">Standard<\/td>\n<td width=\"241\">ISO 7816 dijelovi 1-4, klasa A, B, C (5 V, 3 V, 1,8 V)<\/td>\n<\/tr>\n<tr>\n<td width=\"237\">Protokol<\/td>\n<td width=\"241\">T=0; T=1; Podr\u0161ka za memorijsku karticu<\/td>\n<\/tr>\n<tr>\n<td width=\"237\">Drugi<\/td>\n<td width=\"241\">Mykad kartica, CAC, PIV, SIPRNET Smart kartice<\/td>\n<\/tr>\n<tr>\n<td colspan=\"2\" width=\"478\">Certifikati\/uskla\u0111enost<\/td>\n<\/tr>\n<tr>\n<td rowspan=\"17\" width=\"237\">Certifikati\/uskla\u0111enost<\/td>\n<td width=\"241\">EN62368\/IEC 62368<\/td>\n<\/tr>\n<tr>\n<td width=\"241\">CE<\/td>\n<\/tr>\n<tr>\n<td width=\"241\">FCC<\/td>\n<\/tr>\n<tr>\n<td width=\"241\">RoHS<\/td>\n<\/tr>\n<tr>\n<td width=\"241\">REACH<\/td>\n<\/tr>\n<tr>\n<td width=\"241\">EMV\u2122 Nivo 1 (Kontakt)<\/td>\n<\/tr>\n<tr>\n<td width=\"241\">KCC<\/td>\n<\/tr>\n<tr>\n<td width=\"241\">PBOC<\/td>\n<\/tr>\n<tr>\n<td width=\"241\">TAA (SAD)<\/td>\n<\/tr>\n<tr>\n<td width=\"241\">UKCA<\/td>\n<\/tr>\n<tr>\n<td width=\"241\">VCCI<\/td>\n<\/tr>\n<tr>\n<td width=\"241\">WEEE<\/td>\n<\/tr>\n<tr>\n<td width=\"241\">ISO 7816<\/td>\n<\/tr>\n<tr>\n<td width=\"241\">USB 2.0 puna brzina<\/td>\n<\/tr>\n<tr>\n<td width=\"241\">PC\/SC<\/td>\n<\/tr>\n<tr>\n<td width=\"241\">CCID<\/td>\n<\/tr>\n<tr>\n<td width=\"241\">Microsoft\u00ae WHQL<\/td>\n<\/tr>\n<tr>\n<td colspan=\"2\" width=\"478\">Podr\u0161ka za operativni sistem drajvera ure\u0111aja<\/td>\n<\/tr>\n<tr>\n<td rowspan=\"5\" width=\"237\">Podr\u0161ka za operativni sistem drajvera ure\u0111aja<\/td>\n<td width=\"241\">Windows\u00ae<\/td>\n<\/tr>\n<tr>\n<td width=\"241\">Linux\u00ae<\/td>\n<\/tr>\n<tr>\n<td width=\"241\">macOS\u00ae<\/td>\n<\/tr>\n<tr>\n<td width=\"241\">Solaris\u2122<\/td>\n<\/tr>\n<tr>\n<td width=\"241\">Android\u2122<\/td>\n<\/tr>\n<tr>\n<td><\/td>\n<td><\/td>\n<\/tr>\n<\/tbody>\n<\/table>","protected":false},"excerpt":{"rendered":"<p>ACR39U-H1 je EMV PBOC \u010dita\u010d kartica prilago\u0111en korisniku dizajniran za razli\u010dite aplikacije, uklju\u010duju\u0107i e-upravu i kontrolu pristupa.<\/p>","protected":false},"featured_media":2816,"template":"","meta":[],"product_brand":[],"product_cat":[39],"product_tag":[],"class_list":{"0":"post-2815","1":"product","2":"type-product","3":"status-publish","4":"has-post-thumbnail","6":"product_cat-usb-ic-smartcard-reader","8":"first","9":"instock","10":"shipping-taxable","11":"product-type-simple"},"_links":{"self":[{"href":"https:\/\/nfc-readers.com\/bs\/wp-json\/wp\/v2\/product\/2815","targetHints":{"allow":["GET"]}}],"collection":[{"href":"https:\/\/nfc-readers.com\/bs\/wp-json\/wp\/v2\/product"}],"about":[{"href":"https:\/\/nfc-readers.com\/bs\/wp-json\/wp\/v2\/types\/product"}],"wp:featuredmedia":[{"embeddable":true,"href":"https:\/\/nfc-readers.com\/bs\/wp-json\/wp\/v2\/media\/2816"}],"wp:attachment":[{"href":"https:\/\/nfc-readers.com\/bs\/wp-json\/wp\/v2\/media?parent=2815"}],"wp:term":[{"taxonomy":"product_brand","embeddable":true,"href":"https:\/\/nfc-readers.com\/bs\/wp-json\/wp\/v2\/product_brand?post=2815"},{"taxonomy":"product_cat","embeddable":true,"href":"https:\/\/nfc-readers.com\/bs\/wp-json\/wp\/v2\/product_cat?post=2815"},{"taxonomy":"product_tag","embeddable":true,"href":"https:\/\/nfc-readers.com\/bs\/wp-json\/wp\/v2\/product_tag?post=2815"}],"curies":[{"name":"wp","href":"https:\/\/api.w.org\/{rel}","templated":true}]}}