{"id":2875,"date":"2024-07-02T01:48:57","date_gmt":"2024-07-02T01:48:57","guid":{"rendered":"https:\/\/nfc-readers.com\/?post_type=product&#038;p=2875"},"modified":"2024-09-23T05:44:47","modified_gmt":"2024-09-23T05:44:47","slug":"acr39t-a5-usb-type-c-contact-sim-sized-smartcard-reader-writer","status":"publish","type":"product","link":"https:\/\/nfc-readers.com\/bs\/ic-reader\/acr39t-a5-usb-type-c-contact-sim-sized-smartcard-reader-writer\/","title":{"rendered":"ACR39T-A5 USB tip C kontakt \u010dita\u010d pametnih kartica veli\u010dine SIM kartice"},"content":{"rendered":"<h1>ACR39T-A5 USB tip C kontakt \u010dita\u010d pametnih kartica veli\u010dine SIM kartice<\/h1>\n<div class=\"auto-hide-last-sibling-br paragraph_9dc5f paragraph-element\">ACR39T-A5 predstavlja proboj u podru\u010dju \u010dita\u010da pametnih kartica, pokazuju\u0107i kako naprednu tehnologiju tako i savremeni dizajn. Ovaj \u010dita\u010d pametnih kartica veli\u010dine SIM kartice mo\u017ee biti kompaktan, ali ima brojne funkcije. Kombinuju\u0107i najsavremeniju tehnologiju sa elegantnim dizajnom, ACR39T-A5 je projektovan da ispuni stroge zahteve u razli\u010ditim aplikacijama za pametne kartice. ACR39T-A5 je kompatibilan sa ISO 7816 klasom A, B i C pametnim karticama (radi na 5 V, 3 V i 1,8 V), i efikasno rukuje \u0161irokim spektrom memorijskih kartica i mikroprocesorskih kartica koje koriste T=0 i T=1 protokol. Sa USB interfejsom pune brzine sa USB Type C konektorom, ure\u0111aj podr\u017eava brzine \u010ditanja\/pisanja pametnih kartica do 600 Kbps. To ga \u010dini odli\u010dnim izborom za razna rje\u0161enja, uklju\u010duju\u0107i fizi\u010dku i logi\u010dku kontrolu pristupa, digitalne potpise i internetsko bankarstvo.<\/div>\n<div>\n<ul>\n<li>\n<h2>USB 2.0 interfejs pune brzine<\/h2>\n<\/li>\n<li>\n<h2>USB tip C konektor<\/h2>\n<\/li>\n<li>\n<h2>Plug and Play \u2013 CCID podr\u0161ka donosi najve\u0107u mobilnost<\/h2>\n<\/li>\n<li>\n<h2>\u010cita\u010d pametnih kartica:<\/h2>\n<ul>\n<li>\n<h3>Podr\u017eava kartice ISO 7816 klase A, B i C (5 V, 3 V, 1,8 V)<\/h3>\n<\/li>\n<li>\n<h3>Podr\u017eava mikroprocesorske kartice sa T=0 ili T=1 protokolom<\/h3>\n<\/li>\n<li>\n<h3>Podr\u017eava memorijske kartice<\/h3>\n<\/li>\n<li>\n<h3>Podr\u017eava PPS (odabir protokola i parametara)<\/h3>\n<\/li>\n<li>\n<h3>Karakteristike za\u0161tite od kratkog spoja<\/h3>\n<\/li>\n<\/ul>\n<\/li>\n<li>\n<h2>Programski interfejs aplikacije:<\/h2>\n<ul>\n<li>\n<h3>Podr\u017eava PC\/SC<\/h3>\n<\/li>\n<li>\n<h3>Podr\u017eava CT-API (kroz omota\u010d na vrhu PC\/SC)<\/h3>\n<\/li>\n<\/ul>\n<\/li>\n<li>\n<h2>Podr\u017eava Android\u2122 3.1 i novije verzije<\/h2>\n<\/li>\n<\/ul>\n<table width=\"636\">\n<tbody>\n<tr>\n<td colspan=\"2\" width=\"636\">\n<h2>Fizi\u010dke karakteristike<\/h2>\n<\/td>\n<\/tr>\n<tr>\n<td width=\"223\">Dimenzije (mm)<\/td>\n<td width=\"413\">49,5 mm (D) \u00d7 21,5 mm (\u0160) \u00d7 9,0 mm (V)<\/td>\n<\/tr>\n<tr>\n<td width=\"223\">Te\u017eina (g)<\/td>\n<td width=\"413\">7 g<\/td>\n<\/tr>\n<tr>\n<td colspan=\"2\" width=\"636\">USB interfejs<\/td>\n<\/tr>\n<tr>\n<td width=\"223\">Protokol<\/td>\n<td width=\"413\">USB CCID<\/td>\n<\/tr>\n<tr>\n<td width=\"223\">Tip konektora<\/td>\n<td width=\"413\">Standardni tip C<\/td>\n<\/tr>\n<tr>\n<td width=\"223\">Izvor napajanja<\/td>\n<td width=\"413\">Sa USB porta<\/td>\n<\/tr>\n<tr>\n<td width=\"223\">Brzina<\/td>\n<td width=\"413\">USB puna brzina (12 Mbps)<\/td>\n<\/tr>\n<tr>\n<td colspan=\"2\" width=\"636\">Kontaktirajte Smart Card Interface<\/td>\n<\/tr>\n<tr>\n<td width=\"223\">Broj slotova<\/td>\n<td width=\"413\">1 slot za karticu veli\u010dine SIM kartice<\/td>\n<\/tr>\n<tr>\n<td width=\"223\">Standard<\/td>\n<td width=\"413\">ISO 7816 dijelovi 1-4, klasa A, B, C (5 V, 3 V, 1,8 V)<\/td>\n<\/tr>\n<tr>\n<td width=\"223\">Protokol<\/td>\n<td width=\"413\">T=0; T=1; Podr\u0161ka za memorijsku karticu<\/td>\n<\/tr>\n<tr>\n<td colspan=\"2\" width=\"636\">Ugra\u0111eni periferni ure\u0111aji<\/td>\n<\/tr>\n<tr>\n<td width=\"223\">LED<\/td>\n<td width=\"413\">1 jednobojna: zelena<\/td>\n<\/tr>\n<tr>\n<td colspan=\"2\" width=\"636\">Certifikati\/uskla\u0111enost<\/td>\n<\/tr>\n<tr>\n<td rowspan=\"13\" width=\"223\">Certifikati\/uskla\u0111enost<\/td>\n<td width=\"413\">EN62368\/IEC 62368<\/td>\n<\/tr>\n<tr>\n<td width=\"413\">CE<\/td>\n<\/tr>\n<tr>\n<td width=\"413\">FCC<\/td>\n<\/tr>\n<tr>\n<td width=\"413\">RoHS<\/td>\n<\/tr>\n<tr>\n<td width=\"413\">REACH<\/td>\n<\/tr>\n<tr>\n<td width=\"413\">UKCA<\/td>\n<\/tr>\n<tr>\n<td width=\"413\">VCCI<\/td>\n<\/tr>\n<tr>\n<td width=\"413\">WEEE<\/td>\n<\/tr>\n<tr>\n<td width=\"413\">ISO 7816<\/td>\n<\/tr>\n<tr>\n<td width=\"413\">USB 2.0 puna brzina<\/td>\n<\/tr>\n<tr>\n<td width=\"413\">PC\/SC<\/td>\n<\/tr>\n<tr>\n<td width=\"413\">CCID<\/td>\n<\/tr>\n<tr>\n<td width=\"413\">Microsoft\u00ae WHQL<\/td>\n<\/tr>\n<tr>\n<td colspan=\"2\" width=\"636\">Podr\u0161ka za operativni sistem drajvera ure\u0111aja<\/td>\n<\/tr>\n<tr>\n<td rowspan=\"4\" width=\"223\">Podr\u0161ka za operativni sistem drajvera ure\u0111aja<\/td>\n<td width=\"413\">Windows\u00ae<\/td>\n<\/tr>\n<tr>\n<td width=\"413\">Linux\u00ae<\/td>\n<\/tr>\n<tr>\n<td width=\"413\">macOS\u00ae 10.7 i novije verzije<\/td>\n<\/tr>\n<tr>\n<td width=\"413\">Android\u2122 3.1 i noviji Solaris\u2122<\/td>\n<\/tr>\n<\/tbody>\n<\/table>\n<\/div>\n<div><\/div>","protected":false},"excerpt":{"rendered":"<div class=\"auto-hide-last-sibling-br paragraph_9dc5f paragraph-element\">ACR39T-A5 je kompaktni \u010dita\u010d SIM kartica koji koristi naprednu tehnologiju za efikasne operacije pametnih kartica.<\/div>","protected":false},"featured_media":2876,"template":"","meta":[],"product_brand":[],"product_cat":[39],"product_tag":[],"class_list":{"0":"post-2875","1":"product","2":"type-product","3":"status-publish","4":"has-post-thumbnail","6":"product_cat-usb-ic-smartcard-reader","8":"first","9":"instock","10":"shipping-taxable","11":"product-type-simple"},"_links":{"self":[{"href":"https:\/\/nfc-readers.com\/bs\/wp-json\/wp\/v2\/product\/2875","targetHints":{"allow":["GET"]}}],"collection":[{"href":"https:\/\/nfc-readers.com\/bs\/wp-json\/wp\/v2\/product"}],"about":[{"href":"https:\/\/nfc-readers.com\/bs\/wp-json\/wp\/v2\/types\/product"}],"wp:featuredmedia":[{"embeddable":true,"href":"https:\/\/nfc-readers.com\/bs\/wp-json\/wp\/v2\/media\/2876"}],"wp:attachment":[{"href":"https:\/\/nfc-readers.com\/bs\/wp-json\/wp\/v2\/media?parent=2875"}],"wp:term":[{"taxonomy":"product_brand","embeddable":true,"href":"https:\/\/nfc-readers.com\/bs\/wp-json\/wp\/v2\/product_brand?post=2875"},{"taxonomy":"product_cat","embeddable":true,"href":"https:\/\/nfc-readers.com\/bs\/wp-json\/wp\/v2\/product_cat?post=2875"},{"taxonomy":"product_tag","embeddable":true,"href":"https:\/\/nfc-readers.com\/bs\/wp-json\/wp\/v2\/product_tag?post=2875"}],"curies":[{"name":"wp","href":"https:\/\/api.w.org\/{rel}","templated":true}]}}