{"id":2877,"date":"2024-07-02T01:58:12","date_gmt":"2024-07-02T01:58:12","guid":{"rendered":"https:\/\/nfc-readers.com\/?post_type=product&#038;p=2877"},"modified":"2024-09-23T05:42:11","modified_gmt":"2024-09-23T05:42:11","slug":"acr39f-a2-usb-contact-smartcard-reader-writer","status":"publish","type":"product","link":"https:\/\/nfc-readers.com\/bs\/ic-reader\/acr39f-a2-usb-contact-smartcard-reader-writer\/","title":{"rendered":"ACR39F A2 USB kontakt \u010dita\u010d pametnih kartica pisa\u010d"},"content":{"rendered":"<h1>ACR39F A2 USB kontakt \u010dita\u010d pametnih kartica pisa\u010d<\/h1>\n<div class=\"auto-hide-last-sibling-br paragraph_9dc5f paragraph-element\">ACR39F Smart Floppy nudi optimalno rje\u0161enje za jednostavnu integraciju \u010dita\u010da pametnih kartica u desktop postavke. Povezuje se preko USB su\u010delja i napaja se internim napajanjem ra\u010dunara, omogu\u0107avaju\u0107i prilago\u0111avanje prema \u017eeljama korisnika. Podr\u017eavaju\u0107i ISO 7816 klase A, B i C pametne kartice, ACR39F Smart Floppy je tako\u0111er kompatibilna sa razli\u010ditim memorijskim karticama i mikroprocesorskim karticama koji koriste T=0 i T=1 protokole. Poseduje USB interfejs pune brzine i obezbe\u0111uje brzinu \u010ditanja\/pisanja od 600 Kbps za pametne kartice. Ovaj robusni ure\u0111aj je dizajniran da izdr\u017ei najmanje 100.000 ciklusa umetanja kartica, osiguravaju\u0107i dugotrajne performanse.<\/div>\n<div>\n<ul>\n<li>\n<h2>USB 2.0 interfejs pune brzine (preko odvojivog kabla)<\/h2>\n<\/li>\n<li>\n<h2>Kompatibilan sa USB 3.0<\/h2>\n<\/li>\n<li>\n<h2>Plug and Play \u2013 CCID podr\u0161ka donosi najve\u0107u mobilnost<\/h2>\n<\/li>\n<li>\n<h2>\u010cita\u010d pametnih kartica:<\/h2>\n<ul>\n<li>\n<h3>Podr\u017eava kartice ISO 7816 klase A, B i C (5 V, 3 V, 1,8 V)<\/h3>\n<\/li>\n<li>\n<h3>Podr\u017eava CAC<\/h3>\n<\/li>\n<li>\n<h3>Podr\u017eava SIPRNET karticu<\/h3>\n<\/li>\n<li>\n<h3>Podr\u017eava J-LIS karticu<\/h3>\n<\/li>\n<li>\n<h3>Podr\u017eava mikroprocesorske kartice sa T=0 ili T=1 protokolom<\/h3>\n<\/li>\n<li>\n<h3>Podr\u017eava memorijske kartice<\/h3>\n<\/li>\n<li>\n<h3>Podr\u017eava PPS (odabir protokola i parametara)<\/h3>\n<\/li>\n<li>\n<h3>Sadr\u017ei za\u0161titu od kratkog spoja<\/h3>\n<\/li>\n<\/ul>\n<\/li>\n<li>\n<h2>Programski interfejs aplikacije:<\/h2>\n<ul>\n<li>\n<h3>Podr\u017eava PC\/SC<\/h3>\n<\/li>\n<li>\n<h3>Podr\u017eava CT-API (kroz omota\u010d na vrhu PC\/SC)<\/h3>\n<\/li>\n<\/ul>\n<\/li>\n<li>\n<h2>Podr\u017eava Android\u2122 verzije 3.1 i novije<\/h2>\n<\/li>\n<\/ul>\n<table style=\"height: 695px;\" width=\"639\">\n<tbody>\n<tr>\n<td colspan=\"2\" width=\"473\">\n<h2>Fizi\u010dke karakteristike<\/h2>\n<\/td>\n<\/tr>\n<tr>\n<td width=\"179\">Dimenzije (mm)<\/td>\n<td width=\"294\">125,0 mm (D) \u00d7 101,0 mm (\u0160) \u00d7 25,5 mm (V)<\/td>\n<\/tr>\n<tr>\n<td width=\"179\">Te\u017eina (g)<\/td>\n<td width=\"294\">82,5 g<\/td>\n<\/tr>\n<tr>\n<td colspan=\"2\" width=\"473\">USB interfejs<\/td>\n<\/tr>\n<tr>\n<td width=\"179\">Protokol<\/td>\n<td width=\"294\">USB CCID<\/td>\n<\/tr>\n<tr>\n<td width=\"179\">Tip konektora<\/td>\n<td width=\"294\">1 x 5 pinova konektor za zaglavlje<\/td>\n<\/tr>\n<tr>\n<td width=\"179\">Izvor napajanja<\/td>\n<td width=\"294\">Sa USB porta<\/td>\n<\/tr>\n<tr>\n<td width=\"179\">Brzina<\/td>\n<td width=\"294\">USB puna brzina (12 Mbps)<\/td>\n<\/tr>\n<tr>\n<td width=\"179\">Du\u017eina kabla<\/td>\n<td width=\"294\">1,0 m, odvojiva<\/td>\n<\/tr>\n<tr>\n<td colspan=\"2\" width=\"473\">Kontaktirajte Smart Card Interface<\/td>\n<\/tr>\n<tr>\n<td width=\"179\">Broj slotova<\/td>\n<td width=\"294\">1 Utor za kartice pune veli\u010dine<\/td>\n<\/tr>\n<tr>\n<td width=\"179\">Standard<\/td>\n<td width=\"294\">ISO 7816 dijelovi 1-4, klasa A, B, C (5 V, 3 V, 1,8 V)<\/td>\n<\/tr>\n<tr>\n<td width=\"179\">Protokol<\/td>\n<td width=\"294\">T=0; T=1; Podr\u0161ka za memorijsku karticu<\/td>\n<\/tr>\n<tr>\n<td width=\"179\">Drugi<\/td>\n<td width=\"294\">CAC, PIV, SIPRNET, J-LIS Smart kartice<\/td>\n<\/tr>\n<tr>\n<td colspan=\"2\" width=\"473\">Certifikati\/uskla\u0111enost<\/td>\n<\/tr>\n<tr>\n<td rowspan=\"9\" width=\"179\">Certifikati\/uskla\u0111enost<\/td>\n<td width=\"294\">EN60950\/IEC 60950<\/td>\n<\/tr>\n<tr>\n<td width=\"294\">ISO 7816<\/td>\n<\/tr>\n<tr>\n<td width=\"294\">USB puna brzina<\/td>\n<\/tr>\n<tr>\n<td width=\"294\">EMV\u2122 Nivo 1 (Kontakt)<\/td>\n<\/tr>\n<tr>\n<td width=\"294\">PC\/SC<\/td>\n<\/tr>\n<tr>\n<td width=\"294\">CCID<\/td>\n<\/tr>\n<tr>\n<td width=\"294\">CE<\/td>\n<\/tr>\n<tr>\n<td width=\"294\">FCC<\/td>\n<\/tr>\n<tr>\n<td width=\"294\">WEEE<\/td>\n<\/tr>\n<\/tbody>\n<\/table>\n<\/div>","protected":false},"excerpt":{"rendered":"<div class=\"auto-hide-last-sibling-br paragraph_9dc5f paragraph-element\">ACR39F Smart Floppy je svestrani EMV USB \u010dita\u010d kartica koji sa lako\u0107om integri\u0161e \u010dita\u010de pametnih kartica u desktop postavke.<\/div>","protected":false},"featured_media":2881,"template":"","meta":[],"product_brand":[],"product_cat":[39],"product_tag":[],"class_list":{"0":"post-2877","1":"product","2":"type-product","3":"status-publish","4":"has-post-thumbnail","6":"product_cat-usb-ic-smartcard-reader","8":"first","9":"instock","10":"shipping-taxable","11":"product-type-simple"},"_links":{"self":[{"href":"https:\/\/nfc-readers.com\/bs\/wp-json\/wp\/v2\/product\/2877","targetHints":{"allow":["GET"]}}],"collection":[{"href":"https:\/\/nfc-readers.com\/bs\/wp-json\/wp\/v2\/product"}],"about":[{"href":"https:\/\/nfc-readers.com\/bs\/wp-json\/wp\/v2\/types\/product"}],"wp:featuredmedia":[{"embeddable":true,"href":"https:\/\/nfc-readers.com\/bs\/wp-json\/wp\/v2\/media\/2881"}],"wp:attachment":[{"href":"https:\/\/nfc-readers.com\/bs\/wp-json\/wp\/v2\/media?parent=2877"}],"wp:term":[{"taxonomy":"product_brand","embeddable":true,"href":"https:\/\/nfc-readers.com\/bs\/wp-json\/wp\/v2\/product_brand?post=2877"},{"taxonomy":"product_cat","embeddable":true,"href":"https:\/\/nfc-readers.com\/bs\/wp-json\/wp\/v2\/product_cat?post=2877"},{"taxonomy":"product_tag","embeddable":true,"href":"https:\/\/nfc-readers.com\/bs\/wp-json\/wp\/v2\/product_tag?post=2877"}],"curies":[{"name":"wp","href":"https:\/\/api.w.org\/{rel}","templated":true}]}}