{"id":1493,"date":"2024-04-07T02:35:08","date_gmt":"2024-04-07T02:35:08","guid":{"rendered":"https:\/\/nfc-readers.com\/?post_type=product&#038;p=1493"},"modified":"2024-10-16T07:54:06","modified_gmt":"2024-10-16T07:54:06","slug":"acr1255u-j1-bluetooth-nfc-reader-writer","status":"publish","type":"product","link":"https:\/\/nfc-readers.com\/cs\/ic-reader\/acr1255u-j1-bluetooth-nfc-reader-writer\/","title":{"rendered":"ACR1255U-J1 \u2013 \u010cte\u010dka\/zapisova\u010dka Bluetooth\u00ae NFC"},"content":{"rendered":"<h1>ACR1255U-J1 \u2013 \u010cte\u010dka\/zapisova\u010dka Bluetooth\u00ae NFC<\/h1>\n<p>\u010cte\u010dka\/zapisova\u010dka ACR1255U-J1 ACS Secure Bluetooth\u00ae NFC je navr\u017eena tak, aby snadno umo\u017e\u0148ovala mobiln\u00ed smart karty a aplikace NFC. D\u00edky za\u010dlen\u011bn\u00ed pokro\u010dil\u00e9 13,56 MHz bezkontaktn\u00ed technologie spolu s integrac\u00ed Bluetooth\u00ae je toto za\u0159\u00edzen\u00ed d\u016fkazem modern\u00ed p\u0159enosn\u00e9 technologie. Podporuje r\u016fzn\u00e9 form\u00e1ty v\u010detn\u011b ISO 14443 typ A a B \u010dipov\u00fdch karet, MIFARE\u00ae, FeliCa\u00ae, stejn\u011b jako v\u011bt\u0161inu NFC tag\u016f a za\u0159\u00edzen\u00ed spl\u0148uj\u00edc\u00ed normu ISO 18092, co\u017e zaji\u0161\u0165uje pou\u017eitelnost ACR1255U-J1 pro \u0161irokou \u0161k\u00e1lu pou\u017eit\u00ed. Od bezdotykov\u00e9 autentizace pro \u0159\u00edzen\u00ed p\u0159\u00edstupu a\u017e po spr\u00e1vu logistick\u00fdch z\u00e1sob, jeho rozsah aplikac\u00ed je rozmanit\u00fd. ACR1255U-J1 nab\u00edz\u00ed mo\u017enosti du\u00e1ln\u00edho rozhran\u00ed. Vyu\u017e\u00edv\u00e1 Bluetooth Low Energy (BLE), tak\u00e9 zn\u00e1m\u00fd jednodu\u0161e jako Bluetooth, pro mobiln\u00ed p\u0159ipojen\u00ed a USB Full Speed pro p\u0159\u00edmou interakci s PC. Za\u0159\u00edzen\u00ed prov\u00e1d\u00ed operace \u010dten\u00ed\/z\u00e1pisu rychlost\u00ed dosahuj\u00edc\u00ed 424 kb\/s, co\u017e umo\u017e\u0148uje rychl\u00e9 datov\u00e9 p\u0159enosy pomoc\u00ed bezkontaktn\u00edch \u010dipov\u00fdch karet a za\u0159\u00edzen\u00ed NFC. ACR1255U-J1, navr\u017een\u00fd pro aktivitu na cest\u00e1ch, se m\u016f\u017ee pochlubit kompaktn\u00ed konstrukc\u00ed a \u010derp\u00e1 energii z intern\u00ed dob\u00edjec\u00ed lithium-iontov\u00e9 baterie. baterie. Jeho p\u0159enosnost z n\u011bj \u010din\u00ed n\u00e1stroj p\u0159ipraven\u00fd k provozu s v\u011bt\u0161inou chytr\u00fdch telefon\u016f a tablet\u016f s Bluetooth, a\u0165 jste kdekoli. Dal\u0161\u00ed v\u00fdhodou ACR1255U-J1 je firmware upgradovateln\u00fd v ter\u00e9nu, kter\u00fd nab\u00edz\u00ed n\u00e1kladov\u011b efektivn\u00ed a \u010dasov\u011b \u00fasporn\u00e9 v\u00fdhody a z\u00e1rove\u0148 dr\u017e\u00ed krok s rychl\u00fdm technologick\u00fd pokrok a p\u0159izp\u016fsoben\u00ed r\u016fzn\u00fdm po\u017eadavk\u016fm u\u017eivatel\u016f. \u010cte\u010dka NFC Bluetooth, zabezpe\u010den\u00e1 \u0161ifrov\u00e1n\u00edm AES-128, se snadno a bezpe\u010dn\u011b p\u0159ipojuje k za\u0159\u00edzen\u00edm se syst\u00e9mem Android\u2122 (verze 4.3 a vy\u0161\u0161\u00ed), iOS (verze 8.0 a vy\u0161\u0161\u00ed) a tak\u00e9 Windows\u00ae ( 7 a vy\u0161\u0161\u00ed) a Mac OS\u00ae (10.7 a vy\u0161\u0161\u00ed). Pro stoln\u00ed pou\u017eit\u00ed je instalace ACR1255U-J1 na po\u010d\u00edta\u010de s Windows\u00ae hra\u010dka d\u00edky shod\u011b PC\/SC a CCID. Nav\u00edc je kompatibiln\u00ed s ovlada\u010di Linux\u00ae a Mac OS\u00ae.<\/p>\n<ul>\n<li>\n<h2>Rozhran\u00ed Bluetooth\u00ae<\/h2>\n<\/li>\n<li>\n<h2>Rozhran\u00ed USB 2.0 Full Speed<\/h2>\n<\/li>\n<li>\n<h2>Zdroj nap\u00e1jen\u00ed:<\/h2>\n<ul>\n<li>\n<h3>Nap\u00e1jen\u00ed z baterie (obsahuje lithium-iontovou baterii dob\u00edjec\u00ed p\u0159es USB Mini-B port)<\/h3>\n<\/li>\n<li>\n<h3>Nap\u00e1jen\u00ed p\u0159es USB (p\u0159es re\u017eim propojen\u00ed s PC)<\/h3>\n<\/li>\n<\/ul>\n<\/li>\n<li>\n<h2>Soulad s CCID<\/h2>\n<\/li>\n<li>\n<h2>\u010cte\u010dka \u010dipov\u00fdch karet:<\/h2>\n<ul>\n<li>\n<h3>Bezkontaktn\u00ed rozhran\u00ed:<\/h3>\n<ul>\n<li>\n<h4>Rychlost \u010dten\u00ed\/z\u00e1pisu a\u017e 424 kbps<\/h4>\n<\/li>\n<li>\n<h4>Vestav\u011bn\u00e1 ant\u00e9na pro bezkontaktn\u00ed p\u0159\u00edstup ke \u0161t\u00edtk\u016fm se vzd\u00e1lenost\u00ed \u010dten\u00ed karet a\u017e 60 mm (v z\u00e1vislosti na typu \u0161t\u00edtku)<\/h4>\n<\/li>\n<li>\n<h4>Podporuje karty ISO 14443 typu A a B, MIFARE, FeliCa a v\u0161echny 4 typy zna\u010dek NFC (ISO\/IEC 18092)<\/h4>\n<\/li>\n<li>\n<h4>Vestav\u011bn\u00e1 funkce proti sr\u00e1\u017ece (v ka\u017ed\u00e9m okam\u017eiku je p\u0159\u00edstupn\u00fd pouze 1 tag)<\/h4>\n<\/li>\n<li>\n<h4>Podpora NFC<\/h4>\n<\/li>\n<li>\n<h4>Re\u017eim \u010dte\u010dky\/zapisova\u010dky<\/h4>\n<\/li>\n<\/ul>\n<\/li>\n<\/ul>\n<\/li>\n<li>\n<h2>Vestav\u011bn\u00e9 periferie:<\/h2>\n<ul>\n<li>\n<h3>Dv\u011b u\u017eivatelsky ovladateln\u00e9 dvoubarevn\u00e9 LED diody<\/h3>\n<\/li>\n<li>\n<h3>U\u017eivatelsky ovladateln\u00fd bzu\u010d\u00e1k<\/h3>\n<\/li>\n<\/ul>\n<\/li>\n<li>\n<h2>Aplika\u010dn\u00ed programovac\u00ed rozhran\u00ed:<\/h2>\n<ul>\n<li>\n<h3>Podporuje PC\/SC<\/h3>\n<\/li>\n<li>\n<h3>Podporuje CT-API (p\u0159es obal na PC\/SC)<\/h3>\n<\/li>\n<\/ul>\n<\/li>\n<li>\n<h2>Mo\u017enost upgradu firmwaru USB<\/h2>\n<\/li>\n<li>\n<h2>Podporuje Android\u2122 4.3 a nov\u011bj\u0161\u00ed<\/h2>\n<\/li>\n<li>\n<h2>Podporuje iOS 8.0 a nov\u011bj\u0161\u00ed<\/h2>\n<\/li>\n<li>\n<table width=\"719\">\n<tbody>\n<tr>\n<td colspan=\"2\" width=\"719\">Fyzik\u00e1ln\u00ed vlastnosti<\/td>\n<\/tr>\n<tr>\n<td width=\"326\">Rozm\u011bry (mm)<\/td>\n<td width=\"393\">85 mm (D) x 54 mm (\u0160) x 10 mm (V)<\/td>\n<\/tr>\n<tr>\n<td width=\"326\">Hmotnost (g)<\/td>\n<td width=\"393\">37,5 g (74,1 g s kabelem \u00b1 5 g tolerance)<\/td>\n<\/tr>\n<tr>\n<td colspan=\"2\" width=\"719\">Rozhran\u00ed Bluetooth<\/td>\n<\/tr>\n<tr>\n<td width=\"326\">Protokol<\/td>\n<td width=\"393\">Bluetooth\u00ae (Bluetooth 4.0)<\/td>\n<\/tr>\n<tr>\n<td width=\"326\">Zdroj nap\u00e1jen\u00ed<\/td>\n<td width=\"393\">Dob\u00edjec\u00ed lithium-iontov\u00e1 baterie (nab\u00edjen\u00ed p\u0159es USB)<\/td>\n<\/tr>\n<tr>\n<td width=\"326\">Rychlost<\/td>\n<td width=\"393\">1 Mbps<\/td>\n<\/tr>\n<tr>\n<td colspan=\"2\" width=\"719\">Rozhran\u00ed USB<\/td>\n<\/tr>\n<tr>\n<td width=\"326\">Protokol<\/td>\n<td width=\"393\">USB CCID<\/td>\n<\/tr>\n<tr>\n<td width=\"326\">Typ konektoru<\/td>\n<td width=\"393\">USB Mini-B<\/td>\n<\/tr>\n<tr>\n<td width=\"326\">Zdroj nap\u00e1jen\u00ed<\/td>\n<td width=\"393\">Z USB portu<\/td>\n<\/tr>\n<tr>\n<td width=\"326\">Rychlost<\/td>\n<td width=\"393\">USB Full Speed (12 Mbps)<\/td>\n<\/tr>\n<tr>\n<td width=\"326\">D\u00e9lka kabelu<\/td>\n<td width=\"393\">1 m, odn\u00edmateln\u00e9<\/td>\n<\/tr>\n<tr>\n<td colspan=\"2\" width=\"719\">Rozhran\u00ed bezkontaktn\u00ed \u010dipov\u00e9 karty<\/td>\n<\/tr>\n<tr>\n<td width=\"326\">Norma<\/td>\n<td width=\"393\">ISO\/IEC 18092 NFC, ISO 14443 Typ A &amp; B, MIFARE, FeliCa<\/td>\n<\/tr>\n<tr>\n<td width=\"326\">Protokol<\/td>\n<td width=\"393\">Karta vyhovuj\u00edc\u00ed ISO 14443-4, T=CL<br \/>\nKlasick\u00e1 karta MIFARE, T=CL<br \/>\nISO 18092, NFC tagy<br \/>\nFeliCa<\/td>\n<\/tr>\n<tr>\n<td colspan=\"2\" width=\"719\">Vestav\u011bn\u00e9 periferie<\/td>\n<\/tr>\n<tr>\n<td width=\"326\">LED<\/td>\n<td width=\"393\">2 dvoubarevn\u00e9 proveden\u00ed: \u010derven\u00e1 a modr\u00e1, \u010derven\u00e1 a zelen\u00e1<\/td>\n<\/tr>\n<tr>\n<td width=\"326\">Bzu\u010d\u00e1k<\/td>\n<td width=\"393\">Monot\u00f3nn\u00ed<\/td>\n<\/tr>\n<tr>\n<td colspan=\"2\" width=\"719\">Dal\u0161\u00ed funkce<\/td>\n<\/tr>\n<tr>\n<td width=\"326\">\u0160ifrov\u00e1n\u00ed<\/td>\n<td width=\"393\">Algoritmus \u0161ifrov\u00e1n\u00ed AES v za\u0159\u00edzen\u00ed<\/td>\n<\/tr>\n<tr>\n<td width=\"326\">Upgrade firmwaru<\/td>\n<td width=\"393\">Podporov\u00e1no<\/td>\n<\/tr>\n<tr>\n<td colspan=\"2\" width=\"719\">Certifikace\/shoda<\/td>\n<\/tr>\n<tr>\n<td rowspan=\"14\" width=\"326\">Certifikace\/shoda<\/td>\n<td>EN 60950\/IEC 60950<\/td>\n<\/tr>\n<tr>\n<td>ISO 18092<\/td>\n<\/tr>\n<tr>\n<td>ISO 14443<\/td>\n<\/tr>\n<tr>\n<td>USB pln\u00e1 rychlost<\/td>\n<\/tr>\n<tr>\n<td>Bluetooth\u00ae<\/td>\n<\/tr>\n<tr>\n<td>PC\/SC<\/td>\n<\/tr>\n<tr>\n<td>CCID<\/td>\n<\/tr>\n<tr>\n<td>CE<\/td>\n<\/tr>\n<tr>\n<td>FCC<\/td>\n<\/tr>\n<tr>\n<td>RoHS<\/td>\n<\/tr>\n<tr>\n<td>DOSAH<\/td>\n<\/tr>\n<tr>\n<td>VCCI (Japonsko)<\/td>\n<\/tr>\n<tr>\n<td>BIS (Indie)<\/td>\n<\/tr>\n<tr>\n<td>Microsoft\u00ae WHQL<\/td>\n<\/tr>\n<tr>\n<td colspan=\"2\" width=\"719\">Podpora opera\u010dn\u00edho syst\u00e9mu ovlada\u010de za\u0159\u00edzen\u00ed<\/td>\n<\/tr>\n<tr>\n<td rowspan=\"5\" width=\"326\">Podpora opera\u010dn\u00edho syst\u00e9mu ovlada\u010de za\u0159\u00edzen\u00ed<\/td>\n<td width=\"393\">Windows\u00ae<\/td>\n<\/tr>\n<tr>\n<td width=\"393\">Linux\u00ae<\/td>\n<\/tr>\n<tr>\n<td width=\"393\">MAC OS\u00ae 10.7 a nov\u011bj\u0161\u00ed<\/td>\n<\/tr>\n<tr>\n<td width=\"393\">Android\u2122 4.3 a nov\u011bj\u0161\u00ed<\/td>\n<\/tr>\n<tr>\n<td width=\"393\">iOS 8.0 a nov\u011bj\u0161\u00ed<\/td>\n<\/tr>\n<\/tbody>\n<\/table>\n<\/li>\n<\/ul>","protected":false},"excerpt":{"rendered":"<p>ACR1255U-J1 je v\u0161estrann\u00e1 Bluetooth\u00ae NFC \u010dte\u010dka vybaven\u00e1 technologi\u00ed RFID, kter\u00e1 umo\u017e\u0148uje bezprobl\u00e9movou mobiln\u00ed a stoln\u00ed interakci s chytr\u00fdmi kartami a NFC za\u0159\u00edzen\u00edmi.<\/p>","protected":false},"featured_media":1496,"template":"","meta":[],"product_brand":[],"product_cat":[38,40],"product_tag":[],"class_list":{"0":"post-1493","1":"product","2":"type-product","3":"status-publish","4":"has-post-thumbnail","6":"product_cat-mobile-ble-nfc-reader","7":"product_cat-rfid-nfc-reader","9":"first","10":"instock","11":"shipping-taxable","12":"product-type-simple"},"_links":{"self":[{"href":"https:\/\/nfc-readers.com\/cs\/wp-json\/wp\/v2\/product\/1493","targetHints":{"allow":["GET"]}}],"collection":[{"href":"https:\/\/nfc-readers.com\/cs\/wp-json\/wp\/v2\/product"}],"about":[{"href":"https:\/\/nfc-readers.com\/cs\/wp-json\/wp\/v2\/types\/product"}],"wp:featuredmedia":[{"embeddable":true,"href":"https:\/\/nfc-readers.com\/cs\/wp-json\/wp\/v2\/media\/1496"}],"wp:attachment":[{"href":"https:\/\/nfc-readers.com\/cs\/wp-json\/wp\/v2\/media?parent=1493"}],"wp:term":[{"taxonomy":"product_brand","embeddable":true,"href":"https:\/\/nfc-readers.com\/cs\/wp-json\/wp\/v2\/product_brand?post=1493"},{"taxonomy":"product_cat","embeddable":true,"href":"https:\/\/nfc-readers.com\/cs\/wp-json\/wp\/v2\/product_cat?post=1493"},{"taxonomy":"product_tag","embeddable":true,"href":"https:\/\/nfc-readers.com\/cs\/wp-json\/wp\/v2\/product_tag?post=1493"}],"curies":[{"name":"wp","href":"https:\/\/api.w.org\/{rel}","templated":true}]}}