{"id":1511,"date":"2024-04-07T02:55:34","date_gmt":"2024-04-07T02:55:34","guid":{"rendered":"https:\/\/nfc-readers.com\/?post_type=product&#038;p=1511"},"modified":"2024-10-16T08:11:19","modified_gmt":"2024-10-16T08:11:19","slug":"acr1311u-n2-nfc-bluetooth-reader","status":"publish","type":"product","link":"https:\/\/nfc-readers.com\/cs\/ic-reader\/acr1311u-n2-nfc-bluetooth-reader\/","title":{"rendered":"Bluetooth \u010dte\u010dka ACR1311U-N2 NFC"},"content":{"rendered":"<h1>Bluetooth \u010dte\u010dka ACR1311U-N2 NFC<\/h1>\n<p>ACR1311U-N2 je p\u0159\u00edkladem adaptabiln\u00ed a efektivn\u00ed \u010dte\u010dky NFC Bluetooth za\u0159\u00edzen\u00ed. Jeho \u0161irok\u00e1 kompatibilita s n\u011bkolika standardy smart card a NFC v kombinaci s u\u017eivatelsky p\u0159\u00edv\u011btiv\u00fdm, upgradovateln\u00fdm firmwarem zaji\u0161\u0165uje, \u017ee vynik\u00e1 jako perspektivn\u00ed a multifunk\u010dn\u00ed n\u00e1stroj vhodn\u00fd pro r\u016fzn\u00e9 RFID a NFC aplikace.<\/p>\n<ul>\n<li><iframe loading=\"lazy\" title=\"ACR1311 Bluetooth NFC Reader Writer\" width=\"1020\" height=\"574\" src=\"https:\/\/www.youtube.com\/embed\/gTAp1gC83Q8?feature=oembed\" frameborder=\"0\" allow=\"accelerometer; autoplay; clipboard-write; encrypted-media; gyroscope; picture-in-picture; web-share\" referrerpolicy=\"strict-origin-when-cross-origin\" allowfullscreen><\/iframe>\n<p>Rozhran\u00ed Bluetooth\u00ae<\/li>\n<li>\n<h2>Rozhran\u00ed USB 2.0 Full Speed<\/h2>\n<\/li>\n<li>\n<h2>Zdroj nap\u00e1jen\u00ed:<\/h2>\n<ul>\n<li>\n<h3>Nap\u00e1jen\u00ed z baterie (obsahuje lithium-iontovou baterii dob\u00edjec\u00ed p\u0159es USB Mini-B port)<\/h3>\n<\/li>\n<li>\n<h3>Nap\u00e1jen\u00ed p\u0159es USB (p\u0159es re\u017eim propojen\u00ed s PC)<\/h3>\n<\/li>\n<\/ul>\n<\/li>\n<li>\n<h2>Soulad s CCID<\/h2>\n<\/li>\n<li>\n<h2>\u010cte\u010dka \u010dipov\u00fdch karet:<\/h2>\n<ul>\n<li>\n<h3>Bezkontaktn\u00ed rozhran\u00ed:<\/h3>\n<ul>\n<li>\n<h4>Rychlost \u010dten\u00ed\/z\u00e1pisu a\u017e 424 kbps<\/h4>\n<\/li>\n<li>\n<h4>Vestav\u011bn\u00e1 ant\u00e9na pro bezkontaktn\u00ed p\u0159\u00edstup ke \u0161t\u00edtk\u016fm se vzd\u00e1lenost\u00ed \u010dten\u00ed karet a\u017e 60 mm (v z\u00e1vislosti na typu \u0161t\u00edtku)<\/h4>\n<\/li>\n<li>\n<h4>Podporuje karty ISO 14443 typu A a B, MIFARE, FeliCa a v\u0161echny 4 typy zna\u010dek NFC (ISO\/IEC 18092)<\/h4>\n<\/li>\n<li>\n<h4>Vestav\u011bn\u00e1 funkce proti sr\u00e1\u017ece (v ka\u017ed\u00e9m okam\u017eiku je p\u0159\u00edstupn\u00fd pouze 1 tag)<\/h4>\n<\/li>\n<li>\n<h4>Podpora NFC<\/h4>\n<\/li>\n<li>\n<h4>Re\u017eim \u010dte\u010dky\/zapisova\u010dky<\/h4>\n<\/li>\n<\/ul>\n<\/li>\n<\/ul>\n<\/li>\n<li>\n<h2>Vestav\u011bn\u00e9 periferie:<\/h2>\n<ul>\n<li>\n<h3>Dv\u011b u\u017eivatelsky ovladateln\u00e9 dvoubarevn\u00e9 LED diody<\/h3>\n<\/li>\n<li>\n<h3>U\u017eivatelsky ovladateln\u00fd bzu\u010d\u00e1k<\/h3>\n<\/li>\n<\/ul>\n<\/li>\n<li>\n<h2>Aplika\u010dn\u00ed programovac\u00ed rozhran\u00ed:<\/h2>\n<ul>\n<li>\n<h3>Podporuje PC\/SC<\/h3>\n<\/li>\n<li>\n<h3>Podporuje CT-API (p\u0159es obal na PC\/SC)<\/h3>\n<\/li>\n<\/ul>\n<\/li>\n<li>\n<h2>Mo\u017enost upgradu firmwaru USB<\/h2>\n<\/li>\n<li>\n<h2>Podporuje Android\u2122 4.3 a nov\u011bj\u0161\u00ed<\/h2>\n<\/li>\n<li>\n<h2>Podporuje iOS 8.0 a nov\u011bj\u0161\u00ed<\/h2>\n<\/li>\n<\/ul>\n<p><iframe loading=\"lazy\" title=\"Bezdr\u00e1tov\u00e1 NFC \u010dte\u010dka karet Zapisova\u010dka | ACR1311U N2\" width=\"1020\" height=\"574\" src=\"https:\/\/www.youtube.com\/embed\/mSzbe8xRJLQ?feature=oembed\" frameborder=\"0\" allow=\"accelerometer; autoplay; clipboard-write; encrypted-media; gyroscope; picture-in-picture; web-share\" referrerpolicy=\"strict-origin-when-cross-origin\" allowfullscreen><\/iframe><\/p>\n<ul>\n<li>\n<table style=\"height: 1029px;\" width=\"722\">\n<tbody>\n<tr>\n<td colspan=\"2\" width=\"775\">Fyzik\u00e1ln\u00ed vlastnosti<\/td>\n<\/tr>\n<tr>\n<td width=\"382\">Rozm\u011bry (mm)<\/td>\n<td width=\"393\">60 mm (D) \u00d7 47,98 mm (\u0160) \u00d7 12 mm (V)<\/td>\n<\/tr>\n<tr>\n<td width=\"382\">Hmotnost (g)<\/td>\n<td width=\"393\">30 g<\/td>\n<\/tr>\n<tr>\n<td colspan=\"2\" width=\"775\">Rozhran\u00ed Bluetooth<\/td>\n<\/tr>\n<tr>\n<td width=\"382\">Protokol<\/td>\n<td width=\"393\">Bluetooth\u00ae (Bluetooth 4.0)<\/td>\n<\/tr>\n<tr>\n<td width=\"382\">Zdroj nap\u00e1jen\u00ed<\/td>\n<td width=\"393\">Dob\u00edjec\u00ed lithium-iontov\u00e1 baterie (nab\u00edjen\u00ed p\u0159es USB)<\/td>\n<\/tr>\n<tr>\n<td width=\"382\">Rychlost<\/td>\n<td width=\"393\">1 Mbps<\/td>\n<\/tr>\n<tr>\n<td colspan=\"2\" width=\"775\">Rozhran\u00ed USB<\/td>\n<\/tr>\n<tr>\n<td width=\"382\">Protokol<\/td>\n<td width=\"393\">USB CCID<\/td>\n<\/tr>\n<tr>\n<td width=\"382\">Typ konektoru<\/td>\n<td width=\"393\">USB Micro<\/td>\n<\/tr>\n<tr>\n<td width=\"382\">Zdroj nap\u00e1jen\u00ed<\/td>\n<td width=\"393\">Z USB portu<\/td>\n<\/tr>\n<tr>\n<td width=\"382\">Rychlost<\/td>\n<td width=\"393\">USB Full Speed (12 Mbps)<\/td>\n<\/tr>\n<tr>\n<td width=\"382\">D\u00e9lka kabelu<\/td>\n<td width=\"393\">1 m, odn\u00edmateln\u00e9<\/td>\n<\/tr>\n<tr>\n<td colspan=\"2\" width=\"775\">Rozhran\u00ed bezkontaktn\u00ed \u010dipov\u00e9 karty<\/td>\n<\/tr>\n<tr>\n<td width=\"382\">Norma<\/td>\n<td width=\"393\">ISO 14443 Typ A &amp; B, MIFARE, DESFire<\/td>\n<\/tr>\n<tr>\n<td width=\"382\">Protokol<\/td>\n<td width=\"393\">ISO 14443 T=CL pro karty vyhovuj\u00edc\u00ed ISO14443-4 a emulace T=CL pro MIFARE Classic 1K\/4K a NFC tagy<\/td>\n<\/tr>\n<tr>\n<td colspan=\"2\" width=\"775\">Vestav\u011bn\u00e9 periferie<\/td>\n<\/tr>\n<tr>\n<td width=\"382\">LED<\/td>\n<td width=\"393\">2 dvoubarevn\u00e9 proveden\u00ed: \u010derven\u00e1 a modr\u00e1, \u010derven\u00e1 a zelen\u00e1<\/td>\n<\/tr>\n<tr>\n<td width=\"382\">Bzu\u010d\u00e1k<\/td>\n<td width=\"393\">Monot\u00f3nn\u00ed<\/td>\n<\/tr>\n<tr>\n<td colspan=\"2\" width=\"775\">Dal\u0161\u00ed funkce<\/td>\n<\/tr>\n<tr>\n<td width=\"382\">Upgrade firmwaru<\/td>\n<td width=\"393\">Podporov\u00e1no<\/td>\n<\/tr>\n<tr>\n<td colspan=\"2\" width=\"775\">Certifikace\/shoda<\/td>\n<\/tr>\n<tr>\n<td rowspan=\"9\" width=\"382\">Certifikace\/shoda<\/td>\n<td>EN 60950\/IEC 60950<\/td>\n<\/tr>\n<tr>\n<td>ISO 14443<\/td>\n<\/tr>\n<tr>\n<td>USB pln\u00e1 rychlost<\/td>\n<\/tr>\n<tr>\n<td>Bluetooth\u00ae<\/td>\n<\/tr>\n<tr>\n<td>PC\/SC<\/td>\n<\/tr>\n<tr>\n<td>CCID<\/td>\n<\/tr>\n<tr>\n<td>RoHS2<\/td>\n<\/tr>\n<tr>\n<td>DOSAH<\/td>\n<\/tr>\n<tr>\n<td>Microsoft\u00ae WHQL<\/td>\n<\/tr>\n<tr>\n<td colspan=\"2\" width=\"775\">Podpora opera\u010dn\u00edho syst\u00e9mu ovlada\u010de za\u0159\u00edzen\u00ed<\/td>\n<\/tr>\n<tr>\n<td rowspan=\"5\" width=\"382\">Podpora opera\u010dn\u00edho syst\u00e9mu ovlada\u010de za\u0159\u00edzen\u00ed<\/td>\n<td width=\"393\">Windows\u00ae<\/td>\n<\/tr>\n<tr>\n<td width=\"393\">Linux\u00ae<\/td>\n<\/tr>\n<tr>\n<td width=\"393\">MAC OS\u00ae 10.7 a nov\u011bj\u0161\u00ed<\/td>\n<\/tr>\n<tr>\n<td width=\"393\">Android\u2122 4.3 a nov\u011bj\u0161\u00ed<\/td>\n<\/tr>\n<tr>\n<td width=\"393\">iOS 8.0 a nov\u011bj\u0161\u00ed<\/td>\n<\/tr>\n<\/tbody>\n<\/table>\n<\/li>\n<\/ul>","protected":false},"excerpt":{"rendered":"<p>ACR1311U-N2 je v\u0161estrann\u00e1 Bluetooth NFC Secure Reader, kter\u00e1 podporuje aplikace RFID pro \u0159\u00edzen\u00ed p\u0159\u00edstupu a spr\u00e1vu z\u00e1sob.<\/p>","protected":false},"featured_media":1507,"template":"","meta":[],"product_brand":[],"product_cat":[38,40],"product_tag":[],"class_list":{"0":"post-1511","1":"product","2":"type-product","3":"status-publish","4":"has-post-thumbnail","6":"product_cat-mobile-ble-nfc-reader","7":"product_cat-rfid-nfc-reader","9":"first","10":"instock","11":"shipping-taxable","12":"product-type-simple"},"_links":{"self":[{"href":"https:\/\/nfc-readers.com\/cs\/wp-json\/wp\/v2\/product\/1511","targetHints":{"allow":["GET"]}}],"collection":[{"href":"https:\/\/nfc-readers.com\/cs\/wp-json\/wp\/v2\/product"}],"about":[{"href":"https:\/\/nfc-readers.com\/cs\/wp-json\/wp\/v2\/types\/product"}],"wp:featuredmedia":[{"embeddable":true,"href":"https:\/\/nfc-readers.com\/cs\/wp-json\/wp\/v2\/media\/1507"}],"wp:attachment":[{"href":"https:\/\/nfc-readers.com\/cs\/wp-json\/wp\/v2\/media?parent=1511"}],"wp:term":[{"taxonomy":"product_brand","embeddable":true,"href":"https:\/\/nfc-readers.com\/cs\/wp-json\/wp\/v2\/product_brand?post=1511"},{"taxonomy":"product_cat","embeddable":true,"href":"https:\/\/nfc-readers.com\/cs\/wp-json\/wp\/v2\/product_cat?post=1511"},{"taxonomy":"product_tag","embeddable":true,"href":"https:\/\/nfc-readers.com\/cs\/wp-json\/wp\/v2\/product_tag?post=1511"}],"curies":[{"name":"wp","href":"https:\/\/api.w.org\/{rel}","templated":true}]}}