{"id":1512,"date":"2024-04-07T03:03:03","date_gmt":"2024-04-07T03:03:03","guid":{"rendered":"https:\/\/nfc-readers.com\/?post_type=product&#038;p=1512"},"modified":"2024-10-16T08:13:55","modified_gmt":"2024-10-16T08:13:55","slug":"acr35-nfc-mobilemate-card-reader","status":"publish","type":"product","link":"https:\/\/nfc-readers.com\/cs\/ic-reader\/acr35-nfc-mobilemate-card-reader\/","title":{"rendered":"\u010cte\u010dka karet ACR35 NFC MobileMate"},"content":{"rendered":"<h1>\u010cte\u010dka karet ACR35 NFC MobileMate<\/h1>\n<p>\u010cte\u010dka karet ACR35 NFC MobileMate je kompaktn\u00ed, stylov\u00e1 a p\u0159enosn\u00e1 \u010dte\u010dka NFC, kter\u00e1 nab\u00edz\u00ed bezpe\u010dn\u00fd a u\u017eivatelsky p\u0159\u00edv\u011btiv\u00fd z\u00e1\u017eitek. D\u00edky pokro\u010dil\u00fdm funkc\u00edm \u0161ifrov\u00e1n\u00ed a pohodl\u00ed dob\u00edjec\u00edho zdroje je cenn\u00fdm aktivem pro bezpe\u010dn\u00e9 mobiln\u00ed transakce a zt\u011bles\u0148uje dokonalou kombinaci funk\u010dnosti a p\u0159enosnosti pro aktivn\u00ed u\u017eivatele.<\/p>\n<p>&nbsp;<\/p>\n<p>Rozhran\u00ed 3,5 mm Audio Jack<br \/>\nNap\u00e1jen\u00ed Lithium-iontovou bateri\u00ed (dob\u00edjec\u00ed v re\u017eimu propojen\u00ed s PC)<br \/>\n\u010cte\u010dka \u010dipov\u00fdch karet:<br \/>\nVestav\u011bn\u00e1 ant\u00e9na pro bezkontaktn\u00ed p\u0159\u00edstup k tagu se \u010dtec\u00ed vzd\u00e1lenost\u00ed a\u017e 50 mm (v z\u00e1vislosti na typu tagu)<br \/>\nPodporuje karty typu A a B podle normy ISO 14443 \u010d\u00e1st 4<br \/>\nPodporuje MIFARE<br \/>\nPodporuje FeliCa<br \/>\nPodporuje ISO 18092 tagy (NFC tagy)*<br \/>\nVestav\u011bn\u00e1 funkce proti sr\u00e1\u017ece<br \/>\nPodpora NFC:<br \/>\nRe\u017eim \u010dte\u010dky\/zapisova\u010dky karet<br \/>\n\u010cte\u010dka karet s magnetick\u00fdm pruhem:<br \/>\n\u010cte a\u017e dv\u011b stopy dat na kart\u011b (stopa 1 \/ stopa 2)<br \/>\nMo\u017enost obousm\u011brn\u00e9ho \u010dten\u00ed<br \/>\nPodporuje \u0161ifrovac\u00ed algoritmus AES128<br \/>\nPodporuje syst\u00e9m spr\u00e1vy kl\u00ed\u010d\u016f DUKPT<br \/>\nPodporuje magnetick\u00e9 karty ISO 7810 \/ 7811<br \/>\nPodporuje magnetick\u00e9 karty s vysokou koercitivitou a n\u00edzkou koercitivitou<br \/>\nPodpora JIS1 a JIS2<\/p>\n<table width=\"769\">\n<tbody>\n<tr>\n<td colspan=\"2\" width=\"769\">Fyzik\u00e1ln\u00ed vlastnosti<\/td>\n<\/tr>\n<tr>\n<td width=\"376\">Rozm\u011bry (mm)<\/td>\n<td width=\"393\">60,0 mm (D) x 45,0 mm (\u0160) x 13,3 mm (V)<\/td>\n<\/tr>\n<tr>\n<td width=\"376\">Hmotnost (g)<\/td>\n<td width=\"393\">29,0 g (s bateri\u00ed)<\/td>\n<\/tr>\n<tr>\n<td colspan=\"2\" width=\"769\">Komunika\u010dn\u00ed rozhran\u00ed Audio Jack<\/td>\n<\/tr>\n<tr>\n<td width=\"376\">Protokol<\/td>\n<td width=\"393\">Obousm\u011brn\u00e9 rozhran\u00ed Audio Jack<\/td>\n<\/tr>\n<tr>\n<td width=\"376\">Typ konektoru<\/td>\n<td width=\"393\">3,5 mm 4p\u00f3lov\u00fd audio jack<\/td>\n<\/tr>\n<tr>\n<td width=\"376\">Zdroj nap\u00e1jen\u00ed<\/td>\n<td width=\"393\">Bateriov\u00e9 nap\u00e1jen\u00ed<\/td>\n<\/tr>\n<tr>\n<td colspan=\"2\" width=\"769\">Rozhran\u00ed USB<\/td>\n<\/tr>\n<tr>\n<td width=\"376\">Typ konektoru<\/td>\n<td width=\"393\">Micro-USB<\/td>\n<\/tr>\n<tr>\n<td width=\"376\">Zdroj nap\u00e1jen\u00ed<\/td>\n<td width=\"393\">Z USB portu<\/td>\n<\/tr>\n<tr>\n<td width=\"376\">D\u00e9lka kabelu<\/td>\n<td width=\"393\">1 m, odn\u00edmateln\u00e9<\/td>\n<\/tr>\n<tr>\n<td colspan=\"2\" width=\"769\">Rozhran\u00ed bezkontaktn\u00ed \u010dipov\u00e9 karty<\/td>\n<\/tr>\n<tr>\n<td width=\"376\">Norma<\/td>\n<td width=\"393\">ISO\/IEC 18092 NFC, ISO 14443 Typ A &amp; B, MIFARE, FeliCa<\/td>\n<\/tr>\n<tr>\n<td rowspan=\"4\" width=\"376\">Protokol<\/td>\n<td width=\"393\">Karta vyhovuj\u00edc\u00ed ISO 14443-4, T=CL<\/td>\n<\/tr>\n<tr>\n<td width=\"393\">Klasick\u00e1 karta MIFARE, T=CL<\/td>\n<\/tr>\n<tr>\n<td width=\"393\">ISO 18092, NFC tagy<\/td>\n<\/tr>\n<tr>\n<td width=\"393\">FeliCa<\/td>\n<\/tr>\n<tr>\n<td colspan=\"2\" width=\"769\">Rozhran\u00ed magnetick\u00e9 karty<\/td>\n<\/tr>\n<tr>\n<td rowspan=\"2\" width=\"376\">Norma<\/td>\n<td width=\"393\">ISO 7810\/7811 Hi-Co a Low-Co magnetick\u00e9 karty<\/td>\n<\/tr>\n<tr>\n<td width=\"393\">JIS 1 a JIS 2<\/td>\n<\/tr>\n<tr>\n<td colspan=\"2\" width=\"769\">Dal\u0161\u00ed funkce<\/td>\n<\/tr>\n<tr>\n<td rowspan=\"2\" width=\"376\">\u0160ifrov\u00e1n\u00ed<\/td>\n<td width=\"393\">Algoritmus \u0161ifrov\u00e1n\u00ed AES v za\u0159\u00edzen\u00ed<\/td>\n<\/tr>\n<tr>\n<td width=\"393\">Syst\u00e9m spr\u00e1vy kl\u00ed\u010d\u016f DUKPT<\/td>\n<\/tr>\n<tr>\n<td colspan=\"2\" width=\"769\">Certifikace\/shoda<\/td>\n<\/tr>\n<tr>\n<td rowspan=\"10\" width=\"376\">Certifikace\/shoda<\/td>\n<td>EN 60950\/IEC 60950<\/td>\n<\/tr>\n<tr>\n<td>ISO 7811<\/td>\n<\/tr>\n<tr>\n<td>ISO 18092<\/td>\n<\/tr>\n<tr>\n<td>ISO 14443<\/td>\n<\/tr>\n<tr>\n<td>VCCI (Japonsko)<\/td>\n<\/tr>\n<tr>\n<td>KC (Korea)<\/td>\n<\/tr>\n<tr>\n<td>CE<\/td>\n<\/tr>\n<tr>\n<td>FCC<\/td>\n<\/tr>\n<tr>\n<td>RoHS 2<\/td>\n<\/tr>\n<tr>\n<td>DOSAH<\/td>\n<\/tr>\n<tr>\n<td colspan=\"2\" width=\"769\">Podpora opera\u010dn\u00edho syst\u00e9mu ovlada\u010de za\u0159\u00edzen\u00ed<\/td>\n<\/tr>\n<tr>\n<td rowspan=\"2\" width=\"376\">Podpora opera\u010dn\u00edho syst\u00e9mu ovlada\u010de za\u0159\u00edzen\u00ed<\/td>\n<td>Android\u2122 2.0 a nov\u011bj\u0161\u00ed<\/td>\n<\/tr>\n<tr>\n<td>iOS 5.0 a nov\u011bj\u0161\u00ed<\/td>\n<\/tr>\n<\/tbody>\n<\/table>","protected":false},"excerpt":{"rendered":"<p>ACR35 NFC MobileMate Reader je p\u0159enosn\u00e1 bezkontaktn\u00ed \u010dte\u010dka, kter\u00e1 vylep\u0161uje mobiln\u00ed za\u0159\u00edzen\u00ed a nab\u00edz\u00ed bezpe\u010dn\u00e9 transakce NFC pro u\u017eivatele na cest\u00e1ch.<\/p>","protected":false},"featured_media":1499,"template":"","meta":[],"product_brand":[],"product_cat":[38],"product_tag":[],"class_list":{"0":"post-1512","1":"product","2":"type-product","3":"status-publish","4":"has-post-thumbnail","6":"product_cat-mobile-ble-nfc-reader","8":"first","9":"instock","10":"shipping-taxable","11":"product-type-simple"},"_links":{"self":[{"href":"https:\/\/nfc-readers.com\/cs\/wp-json\/wp\/v2\/product\/1512","targetHints":{"allow":["GET"]}}],"collection":[{"href":"https:\/\/nfc-readers.com\/cs\/wp-json\/wp\/v2\/product"}],"about":[{"href":"https:\/\/nfc-readers.com\/cs\/wp-json\/wp\/v2\/types\/product"}],"wp:featuredmedia":[{"embeddable":true,"href":"https:\/\/nfc-readers.com\/cs\/wp-json\/wp\/v2\/media\/1499"}],"wp:attachment":[{"href":"https:\/\/nfc-readers.com\/cs\/wp-json\/wp\/v2\/media?parent=1512"}],"wp:term":[{"taxonomy":"product_brand","embeddable":true,"href":"https:\/\/nfc-readers.com\/cs\/wp-json\/wp\/v2\/product_brand?post=1512"},{"taxonomy":"product_cat","embeddable":true,"href":"https:\/\/nfc-readers.com\/cs\/wp-json\/wp\/v2\/product_cat?post=1512"},{"taxonomy":"product_tag","embeddable":true,"href":"https:\/\/nfc-readers.com\/cs\/wp-json\/wp\/v2\/product_tag?post=1512"}],"curies":[{"name":"wp","href":"https:\/\/api.w.org\/{rel}","templated":true}]}}