{"id":1520,"date":"2024-04-07T03:57:14","date_gmt":"2024-04-07T03:57:14","guid":{"rendered":"https:\/\/nfc-readers.com\/?post_type=product&#038;p=1520"},"modified":"2024-10-16T08:07:41","modified_gmt":"2024-10-16T08:07:41","slug":"acr39u-uf-type-c-connector-smart-card-reader","status":"publish","type":"product","link":"https:\/\/nfc-readers.com\/cs\/ic-reader\/acr39u-uf-type-c-connector-smart-card-reader\/","title":{"rendered":"ACR39U-UF-TYPE C konektor-\u010dte\u010dka chytr\u00fdch karet"},"content":{"rendered":"<h1>ACR39U-UF-TYPE C konektor-\u010dte\u010dka chytr\u00fdch karet<\/h1>\n<p>\u010cte\u010dka \u010dipov\u00fdch karet ACR39U-UF se ukazuje jako vysoce v\u0161estrann\u00fd a inovativn\u00ed n\u00e1stroj, kter\u00fd obsahuje p\u0159ipojen\u00ed USB typu C pro snadn\u011bj\u0161\u00ed a p\u0159izp\u016fsobiv\u011bj\u0161\u00ed pou\u017eit\u00ed. Jeho podpora pro \u0161irokou \u0161k\u00e1lu \u010dipov\u00fdch karet a dodr\u017eov\u00e1n\u00ed kritick\u00fdch pr\u016fmyslov\u00fdch standard\u016f z n\u011bj \u010din\u00ed z\u00e1kladn\u00ed p\u0159enosnou \u010dte\u010dku NFC pro velk\u00e9 mno\u017estv\u00ed zabezpe\u010den\u00fdch aplikac\u00ed na desktopov\u00fdch i mobiln\u00edch platform\u00e1ch.<\/p>\n<ul>\n<li>\n<h2>Rozhran\u00ed USB 2.0 Full Speed<\/h2>\n<\/li>\n<li>\n<h2>Konektor USB Type-C<\/h2>\n<\/li>\n<li>\n<h2>Plug and Play \u2013 podpora CCID p\u0159in\u00e1\u0161\u00ed maxim\u00e1ln\u00ed mobilitu<\/h2>\n<\/li>\n<li>\n<h2>\u010cte\u010dka \u010dipov\u00fdch karet:<\/h2>\n<ul>\n<li>\n<h3>Podporuje karty ISO 7816 t\u0159\u00eddy A, B a C (5 V, 3 V, 1,8 V)<\/h3>\n<\/li>\n<li>\n<h3>Podporuje CAC<\/h3>\n<\/li>\n<li>\n<h3>Podporuje SIPRNET Card<\/h3>\n<\/li>\n<li>\n<h3>Podporuje kartu J-LIS<\/h3>\n<\/li>\n<li>\n<h3>Podporuje mikroprocesorov\u00e9 karty s protokolem T=0 nebo T=1<\/h3>\n<\/li>\n<li>\n<h3>Podporuje pam\u011b\u0165ov\u00e9 karty<\/h3>\n<\/li>\n<li>\n<h3>Podporuje Mykad Card<\/h3>\n<\/li>\n<li>\n<h3>Podporuje PPS (v\u00fdb\u011br protokolu a parametr\u016f)<\/h3>\n<\/li>\n<li>\n<h3>Obsahuje ochranu proti zkratu<\/h3>\n<\/li>\n<\/ul>\n<\/li>\n<li>\n<h2>Aplika\u010dn\u00ed programovac\u00ed rozhran\u00ed:<\/h2>\n<ul>\n<li>\n<h3>Podporuje PC\/SC<\/h3>\n<\/li>\n<li>\n<h3>Podporuje CT-API CT-API (p\u0159es obal na PC\/SC)<\/h3>\n<\/li>\n<\/ul>\n<\/li>\n<li>\n<h2>Podporuje Android\u2122 3.1 a nov\u011bj\u0161\u00ed<\/h2>\n<\/li>\n<li>\n<div>\n<table width=\"581\">\n<tbody>\n<tr>\n<td colspan=\"2\" width=\"581\">Fyzik\u00e1ln\u00ed vlastnosti<\/td>\n<\/tr>\n<tr>\n<td width=\"236\">Rozm\u011bry (mm)<\/td>\n<td width=\"345\">72,2 mm (D) x 69,0 mm (\u0160) x 14,5 mm (V)<\/td>\n<\/tr>\n<tr>\n<td width=\"236\">Hmotnost (g)<\/td>\n<td width=\"345\">65,0 g<\/td>\n<\/tr>\n<tr>\n<td colspan=\"2\" width=\"581\">Rozhran\u00ed USB<\/td>\n<\/tr>\n<tr>\n<td width=\"236\">Protokol<\/td>\n<td width=\"345\">USB CCID<\/td>\n<\/tr>\n<tr>\n<td width=\"236\">Typ konektoru<\/td>\n<td width=\"345\">Standardn\u00ed typ C<\/td>\n<\/tr>\n<tr>\n<td width=\"236\">Zdroj nap\u00e1jen\u00ed<\/td>\n<td width=\"345\">Z USB portu<\/td>\n<\/tr>\n<tr>\n<td width=\"236\">Rychlost<\/td>\n<td width=\"345\">USB 2.0 Full Speed (12 Mbps)<\/td>\n<\/tr>\n<tr>\n<td width=\"236\">D\u00e9lka kabelu<\/td>\n<td width=\"345\">1,5 m, Pevn\u00e9<\/td>\n<\/tr>\n<tr>\n<td colspan=\"2\" width=\"581\">Kontaktujte rozhran\u00ed Smart Card<\/td>\n<\/tr>\n<tr>\n<td width=\"236\">Po\u010det slot\u016f<\/td>\n<td width=\"345\">1 Slot pro kartu pln\u00e9 velikosti<\/td>\n<\/tr>\n<tr>\n<td width=\"236\">Norma<\/td>\n<td width=\"345\">ISO 7816 \u010c\u00e1sti 1-4, T\u0159\u00edda A, B, C (5 V, 3 V, 1,8 V)<\/td>\n<\/tr>\n<tr>\n<td width=\"236\">Protokol<\/td>\n<td width=\"345\">T=0; T = 1; Podpora pam\u011b\u0165ov\u00fdch karet<\/td>\n<\/tr>\n<tr>\n<td width=\"236\">Ostatn\u00ed<\/td>\n<td width=\"345\">Chytr\u00e9 karty Mykad, CAC, PIV, SIPRNET, J-LIS<\/td>\n<\/tr>\n<tr>\n<td colspan=\"2\" width=\"581\">Certifikace\/shoda<\/td>\n<\/tr>\n<tr>\n<td rowspan=\"18\" width=\"236\">Certifikace\/shoda<\/td>\n<td width=\"345\">EN62368\/IEC 62368<\/td>\n<\/tr>\n<tr>\n<td width=\"345\">CE<\/td>\n<\/tr>\n<tr>\n<td width=\"345\">FCC<\/td>\n<\/tr>\n<tr>\n<td width=\"345\">RoHS<\/td>\n<\/tr>\n<tr>\n<td width=\"345\">DOSAH<\/td>\n<\/tr>\n<tr>\n<td width=\"345\">EMV\u2122 Level 1 (Kontakt)<\/td>\n<\/tr>\n<tr>\n<td width=\"345\">J-LIS<\/td>\n<\/tr>\n<tr>\n<td width=\"345\">KCC<\/td>\n<\/tr>\n<tr>\n<td width=\"345\">PBOC<\/td>\n<\/tr>\n<tr>\n<td width=\"345\">TAA (USA)<\/td>\n<\/tr>\n<tr>\n<td width=\"345\">UKCA<\/td>\n<\/tr>\n<tr>\n<td width=\"345\">VCCI<\/td>\n<\/tr>\n<tr>\n<td width=\"345\">OEEZ<\/td>\n<\/tr>\n<tr>\n<td width=\"345\">ISO 7816<\/td>\n<\/tr>\n<tr>\n<td width=\"345\">USB 2.0 Full Speed<\/td>\n<\/tr>\n<tr>\n<td width=\"345\">PC\/SC<\/td>\n<\/tr>\n<tr>\n<td width=\"345\">CCID<\/td>\n<\/tr>\n<tr>\n<td width=\"345\">Microsoft\u00ae WHQL<\/td>\n<\/tr>\n<tr>\n<td colspan=\"2\" width=\"581\">Podpora opera\u010dn\u00edho syst\u00e9mu ovlada\u010de za\u0159\u00edzen\u00ed<\/td>\n<\/tr>\n<tr>\n<td rowspan=\"5\" width=\"236\">Podpora opera\u010dn\u00edho syst\u00e9mu ovlada\u010de za\u0159\u00edzen\u00ed<\/td>\n<td width=\"345\">Windows\u00ae<\/td>\n<\/tr>\n<tr>\n<td width=\"345\">Linux\u00ae<\/td>\n<\/tr>\n<tr>\n<td width=\"345\">macOS\u00ae<\/td>\n<\/tr>\n<tr>\n<td width=\"345\">Solaris\u2122<\/td>\n<\/tr>\n<tr>\n<td width=\"345\">Android\u2122<\/td>\n<\/tr>\n<\/tbody>\n<\/table>\n<\/div>\n<\/li>\n<\/ul>","protected":false},"excerpt":{"rendered":"<p>ACR39U-UF je kompaktn\u00ed zabezpe\u010den\u00e1 \u010dte\u010dka USB typu C a vysokorychlostn\u00ed kontakt, navr\u017een\u00e1 pro bezprobl\u00e9movou integraci s r\u016fzn\u00fdmi aplikacemi \u010dipov\u00fdch karet na v\u00edce za\u0159\u00edzen\u00edch.<\/p>","protected":false},"featured_media":1524,"template":"","meta":[],"product_brand":[],"product_cat":[39],"product_tag":[],"class_list":{"0":"post-1520","1":"product","2":"type-product","3":"status-publish","4":"has-post-thumbnail","6":"product_cat-usb-ic-smartcard-reader","8":"first","9":"instock","10":"shipping-taxable","11":"product-type-simple"},"_links":{"self":[{"href":"https:\/\/nfc-readers.com\/cs\/wp-json\/wp\/v2\/product\/1520","targetHints":{"allow":["GET"]}}],"collection":[{"href":"https:\/\/nfc-readers.com\/cs\/wp-json\/wp\/v2\/product"}],"about":[{"href":"https:\/\/nfc-readers.com\/cs\/wp-json\/wp\/v2\/types\/product"}],"wp:featuredmedia":[{"embeddable":true,"href":"https:\/\/nfc-readers.com\/cs\/wp-json\/wp\/v2\/media\/1524"}],"wp:attachment":[{"href":"https:\/\/nfc-readers.com\/cs\/wp-json\/wp\/v2\/media?parent=1520"}],"wp:term":[{"taxonomy":"product_brand","embeddable":true,"href":"https:\/\/nfc-readers.com\/cs\/wp-json\/wp\/v2\/product_brand?post=1520"},{"taxonomy":"product_cat","embeddable":true,"href":"https:\/\/nfc-readers.com\/cs\/wp-json\/wp\/v2\/product_cat?post=1520"},{"taxonomy":"product_tag","embeddable":true,"href":"https:\/\/nfc-readers.com\/cs\/wp-json\/wp\/v2\/product_tag?post=1520"}],"curies":[{"name":"wp","href":"https:\/\/api.w.org\/{rel}","templated":true}]}}