{"id":1532,"date":"2024-04-07T04:16:02","date_gmt":"2024-04-07T04:16:02","guid":{"rendered":"https:\/\/nfc-readers.com\/?post_type=product&#038;p=1532"},"modified":"2024-10-16T08:01:13","modified_gmt":"2024-10-16T08:01:13","slug":"acr39u-nd-pocketmate-ii-micro-usb-smart-card-reader","status":"publish","type":"product","link":"https:\/\/nfc-readers.com\/cs\/ic-reader\/acr39u-nd-pocketmate-ii-micro-usb-smart-card-reader\/","title":{"rendered":"\u010cte\u010dka \u010dipov\u00fdch karet ACR39U-ND PocketMate II (Micro-USB)."},"content":{"rendered":"<div>\n<h1>\u010cte\u010dka \u010dipov\u00fdch karet ACR39U-ND PocketMate II (Micro-USB).<\/h1>\n<p>ACR39 Pocketmate II, vybaven\u00fd konektorem Micro-USB, se d\u016fmysln\u011b vyv\u00edj\u00ed v plnohodnotnou kontaktn\u00ed \u010dte\u010dku \u010dipov\u00fdch karet s jednoduch\u00fdm oto\u010den\u00edm. Dostate\u010dn\u011b kompaktn\u00ed, aby se ve\u0161lo na kl\u00ed\u010denku, je toto za\u0159\u00edzen\u00ed p\u0159ipraveno efektivn\u011b podporovat sofistikovan\u00e9 aplikace \u010dipov\u00fdch karet. Tato p\u0159enosn\u00e1 \u010dte\u010dka dovedn\u011b pojme \u010dipov\u00e9 karty vyhovuj\u00edc\u00ed norm\u011b ISO 7816 t\u0159\u00eddy A, B a C (5 V, 3 V a 1,8 V) spolu s mikroprocesorov\u00fdmi kartami pracuj\u00edc\u00edmi na protokolech T=0 i T=1. Jeho v\u0161estrannost se roz\u0161i\u0159uje na \u0159adu pam\u011b\u0165ov\u00fdch karet, v\u010detn\u011b t\u011bch, kter\u00e9 pou\u017e\u00edv\u00e1 ministerstvo obrany pro spole\u010dn\u00fd p\u0159\u00edstup (CAC) a SIPRNET. ACR39U PocketMate II se da\u0159\u00ed v r\u016fzn\u00fdch sc\u00e9n\u00e1\u0159\u00edch, v\u010detn\u011b ov\u011b\u0159ov\u00e1n\u00ed osobn\u00ed identity, \u0159\u00edzen\u00ed p\u0159\u00edstupu, digit\u00e1ln\u00edch podpis\u016f a bezpe\u010dn\u00fdch online transakc\u00ed. Varianta s micro USB zaji\u0161\u0165uje, \u017ee si ACR39U Pocketmate II zachov\u00e1v\u00e1 v\u0161echny zn\u00e1m\u00e9 funkce \u0159ady ACR39U a z\u00e1rove\u0148 poskytuje zp\u011btnou kompatibilitu. a snadn\u00e1 orientace. Jeho ovlada\u010de jsou vhodn\u00e9 pro integraci stoln\u00edch po\u010d\u00edta\u010d\u016f a mobiln\u00edch za\u0159\u00edzen\u00ed a harmonizuj\u00ed s \u0159adou opera\u010dn\u00edch syst\u00e9m\u016f, jako jsou Windows\u00ae, Linux\u00ae, Solaris a Mac OS\u00ae. ACR39U PocketMate II nav\u00edc roz\u0161\u00ed\u0159il svou obslu\u017enost na za\u0159\u00edzen\u00ed Android\u2122 s verz\u00ed 3.1 nebo vy\u0161\u0161\u00ed.<\/p>\n<ul>\n<li>\n<h2>Rozhran\u00ed USB 2.0 Full Speed<\/h2>\n<\/li>\n<li>\n<h2>USB Micro-USB konektor<\/h2>\n<\/li>\n<li>\n<h2>Plug and Play \u2013 podpora CCID p\u0159in\u00e1\u0161\u00ed maxim\u00e1ln\u00ed mobilitu<\/h2>\n<\/li>\n<li>\n<h2>Oto\u010dn\u00fd pohybov\u00fd design<\/h2>\n<\/li>\n<li>\n<h2>\u010cte\u010dka \u010dipov\u00fdch karet:<\/h2>\n<ul>\n<li>\n<h3>Podporuje karty ISO 7816 t\u0159\u00eddy A, B a C (5 V, 3 V, 1,8 V)<\/h3>\n<\/li>\n<li>\n<h3>Podporuje CAC<\/h3>\n<\/li>\n<li>\n<h3>Podporuje SIPRNET Card<\/h3>\n<\/li>\n<li>\n<h3>Podporuje kartu J-LIS<\/h3>\n<\/li>\n<li>\n<h3>Podporuje Mykad Card<\/h3>\n<\/li>\n<li>\n<h3>Podporuje mikroprocesorov\u00e9 karty s protokolem T=0 nebo T=1<\/h3>\n<\/li>\n<li>\n<h3>Podporuje pam\u011b\u0165ov\u00e9 karty<\/h3>\n<\/li>\n<li>\n<h3>Podporuje PPS (v\u00fdb\u011br protokolu a parametr\u016f)<\/h3>\n<\/li>\n<li>\n<h3>Obsahuje ochranu proti zkratu<\/h3>\n<\/li>\n<\/ul>\n<\/li>\n<li>\n<h2>Aplika\u010dn\u00ed programovac\u00ed rozhran\u00ed:<\/h2>\n<ul>\n<li>\n<h3>Podporuje PC\/SC<\/h3>\n<\/li>\n<li>\n<h3>Podporuje CT-API CT-API (p\u0159es obal na PC\/SC)<\/h3>\n<\/li>\n<\/ul>\n<\/li>\n<li>\n<h2>Podporuje Android\u2122 3.1 a nov\u011bj\u0161\u00ed<\/h2>\n<\/li>\n<li>\n<table width=\"719\">\n<tbody>\n<tr>\n<td colspan=\"2\" width=\"719\">Fyzik\u00e1ln\u00ed vlastnosti<\/td>\n<\/tr>\n<tr>\n<td width=\"326\">Rozm\u011bry (mm)<\/td>\n<td width=\"393\">58,0 mm (D) x 20,0 mm (\u0160) x 13,7 mm (V)<\/td>\n<\/tr>\n<tr>\n<td width=\"326\">Hmotnost (g)<\/td>\n<td width=\"393\">9,7 g<\/td>\n<\/tr>\n<tr>\n<td colspan=\"2\" width=\"719\">Rozhran\u00ed USB<\/td>\n<\/tr>\n<tr>\n<td width=\"326\">Protokol<\/td>\n<td width=\"393\">USB CCID<\/td>\n<\/tr>\n<tr>\n<td width=\"326\">Typ konektoru<\/td>\n<td width=\"393\">Micro-USB<\/td>\n<\/tr>\n<tr>\n<td width=\"326\">Zdroj nap\u00e1jen\u00ed<\/td>\n<td width=\"393\">Z USB portu<\/td>\n<\/tr>\n<tr>\n<td width=\"326\">Rychlost<\/td>\n<td width=\"393\">USB Full Speed (12 Mbps)<\/td>\n<\/tr>\n<tr>\n<td colspan=\"2\" width=\"719\">Kontaktujte rozhran\u00ed Smart Card<\/td>\n<\/tr>\n<tr>\n<td width=\"326\">Po\u010det slot\u016f<\/td>\n<td width=\"393\">1 Slot pro kartu pln\u00e9 velikosti<\/td>\n<\/tr>\n<tr>\n<td width=\"326\">Norma<\/td>\n<td width=\"393\">ISO 7816 \u010c\u00e1sti 1-3, T\u0159\u00edda A, B, C (5 V, 3 V, 1,8 V)<\/td>\n<\/tr>\n<tr>\n<td width=\"326\">Protokol<\/td>\n<td width=\"393\">T=0; T = 1; Podpora pam\u011b\u0165ov\u00fdch karet<\/td>\n<\/tr>\n<tr>\n<td width=\"326\">Ostatn\u00ed<\/td>\n<td width=\"393\">Chytr\u00e9 karty CAC, PIV, SIPRNET, J-LIS<\/td>\n<\/tr>\n<tr>\n<td colspan=\"2\" width=\"719\">Certifikace\/shoda<\/td>\n<\/tr>\n<tr>\n<td rowspan=\"16\" width=\"326\">Certifikace\/shoda<\/td>\n<td>EN 60950\/IEC 60950<\/td>\n<\/tr>\n<tr>\n<td>ISO 7816<\/td>\n<\/tr>\n<tr>\n<td>USB pln\u00e1 rychlost<\/td>\n<\/tr>\n<tr>\n<td>EMV\u2122 Level 1 (Kontakt)<\/td>\n<\/tr>\n<tr>\n<td>PC\/SC<\/td>\n<\/tr>\n<tr>\n<td>CCID<\/td>\n<\/tr>\n<tr>\n<td>TAA (USA)<\/td>\n<\/tr>\n<tr>\n<td>VCCI (Japonsko)<\/td>\n<\/tr>\n<tr>\n<td>J-LIS (Japonsko)<\/td>\n<\/tr>\n<tr>\n<td>PBOC (\u010c\u00edna)<\/td>\n<\/tr>\n<tr>\n<td>CE<\/td>\n<\/tr>\n<tr>\n<td>FCC<\/td>\n<\/tr>\n<tr>\n<td>OEEZ<\/td>\n<\/tr>\n<tr>\n<td>RoHS 2<\/td>\n<\/tr>\n<tr>\n<td>DOSAH<\/td>\n<\/tr>\n<tr>\n<td>Microsoft\u00ae WHQL<\/td>\n<\/tr>\n<tr>\n<td colspan=\"2\" width=\"719\">Podpora opera\u010dn\u00edho syst\u00e9mu ovlada\u010de za\u0159\u00edzen\u00ed<\/td>\n<\/tr>\n<tr>\n<td rowspan=\"5\" width=\"326\">Podpora opera\u010dn\u00edho syst\u00e9mu ovlada\u010de za\u0159\u00edzen\u00ed<\/td>\n<td>Windows\u00ae<\/td>\n<\/tr>\n<tr>\n<td>Linux\u00ae<\/td>\n<\/tr>\n<tr>\n<td>MAC OS\u00ae<\/td>\n<\/tr>\n<tr>\n<td>Solaris<\/td>\n<\/tr>\n<tr>\n<td>Android\u2122 3.1 a nov\u011bj\u0161\u00ed<\/td>\n<\/tr>\n<\/tbody>\n<\/table>\n<\/li>\n<\/ul>\n<\/div>\n<div><\/div>","protected":false},"excerpt":{"rendered":"<p>ACR39U Pocketmate II je kompaktn\u00ed USB Secure Reader, kter\u00fd nab\u00edz\u00ed vysokorychlostn\u00ed podporu pro r\u016fzn\u00e9 aplikace \u010dipov\u00fdch karet.<\/p>","protected":false},"featured_media":1534,"template":"","meta":[],"product_brand":[],"product_cat":[39],"product_tag":[],"class_list":{"0":"post-1532","1":"product","2":"type-product","3":"status-publish","4":"has-post-thumbnail","6":"product_cat-usb-ic-smartcard-reader","8":"first","9":"instock","10":"shipping-taxable","11":"product-type-simple"},"_links":{"self":[{"href":"https:\/\/nfc-readers.com\/cs\/wp-json\/wp\/v2\/product\/1532","targetHints":{"allow":["GET"]}}],"collection":[{"href":"https:\/\/nfc-readers.com\/cs\/wp-json\/wp\/v2\/product"}],"about":[{"href":"https:\/\/nfc-readers.com\/cs\/wp-json\/wp\/v2\/types\/product"}],"wp:featuredmedia":[{"embeddable":true,"href":"https:\/\/nfc-readers.com\/cs\/wp-json\/wp\/v2\/media\/1534"}],"wp:attachment":[{"href":"https:\/\/nfc-readers.com\/cs\/wp-json\/wp\/v2\/media?parent=1532"}],"wp:term":[{"taxonomy":"product_brand","embeddable":true,"href":"https:\/\/nfc-readers.com\/cs\/wp-json\/wp\/v2\/product_brand?post=1532"},{"taxonomy":"product_cat","embeddable":true,"href":"https:\/\/nfc-readers.com\/cs\/wp-json\/wp\/v2\/product_cat?post=1532"},{"taxonomy":"product_tag","embeddable":true,"href":"https:\/\/nfc-readers.com\/cs\/wp-json\/wp\/v2\/product_tag?post=1532"}],"curies":[{"name":"wp","href":"https:\/\/api.w.org\/{rel}","templated":true}]}}