{"id":1537,"date":"2024-04-07T06:01:23","date_gmt":"2024-04-07T06:01:23","guid":{"rendered":"https:\/\/nfc-readers.com\/?post_type=product&#038;p=1537"},"modified":"2024-10-16T07:57:49","modified_gmt":"2024-10-16T07:57:49","slug":"acr3901u-s1-bluetooth-smart-card-reader-writer","status":"publish","type":"product","link":"https:\/\/nfc-readers.com\/cs\/ic-reader\/acr3901u-s1-bluetooth-smart-card-reader-writer\/","title":{"rendered":"ACR3901U-S1 \u010cte\u010dka \u010dipov\u00fdch karet Bluetooth\u00ae \u2013 zapisova\u010d"},"content":{"rendered":"<h1>ACR3901U-S1 \u010cte\u010dka \u010dipov\u00fdch karet Bluetooth\u00ae \u2013 zapisova\u010d<\/h1>\n<p>ACR3901U-S1 se prezentuje jako high-tech nfc \u010dte\u010dka bluetooth vhodn\u00e1 pro modern\u00edho technicky zdatn\u00e9ho jedince. Zaji\u0161\u0165uje \u0161irokou kompatibilitu s \u010dipov\u00fdmi kartami a osobn\u00edmi za\u0159\u00edzen\u00edmi, spojuje rychl\u00e9 p\u0159enosy dat s p\u0159enositelnost\u00ed, pos\u00edlenou funkc\u00ed bezdr\u00e1tov\u00e9ho Bluetooth, co\u017e z n\u011bj \u010din\u00ed nepostradateln\u00fd n\u00e1stroj pro ty, kte\u0159\u00ed po\u017eaduj\u00ed bezpe\u010dn\u00e9 a flexibiln\u00ed transakce pomoc\u00ed \u010dipov\u00fdch karet.<\/p>\n<ul>\n<li>\n<h2>Rozhran\u00ed Bluetooth\u00ae<\/h2>\n<\/li>\n<li>\n<h2>Rozhran\u00ed USB 2.0 Full Speed<\/h2>\n<\/li>\n<li>\n<h2>Zdroj nap\u00e1jen\u00ed<\/h2>\n<ul>\n<li>\n<h3>Nap\u00e1jen\u00ed z baterie (obsahuje lithium-iontovou baterii dob\u00edjec\u00ed p\u0159es Micro-USB port)<\/h3>\n<\/li>\n<li>\n<h3>Nap\u00e1jen\u00ed p\u0159es USB (p\u0159es re\u017eim propojen\u00ed s PC)<\/h3>\n<\/li>\n<\/ul>\n<\/li>\n<li>\n<h2>Soulad s CCID<\/h2>\n<\/li>\n<li>\n<h2>\u010cte\u010dka \u010dipov\u00fdch karet:<\/h2>\n<ul>\n<li>\n<h3>Kontaktn\u00ed rozhran\u00ed:<\/h3>\n<ul>\n<li>\n<h4>Podporuje karty ISO 7816 t\u0159\u00eddy A, B a C (5 V, 3 V, 1,8 V)<\/h4>\n<\/li>\n<li>\n<h4>Podporuje mikroprocesorov\u00e9 karty s protokolem T=0 nebo T=1<\/h4>\n<\/li>\n<li>\n<h4>Podporuje pam\u011b\u0165ov\u00e9 karty<\/h4>\n<\/li>\n<li>\n<h4>Podporuje PPS (v\u00fdb\u011br protokolu a parametr\u016f)<\/h4>\n<\/li>\n<li>\n<h4>Obsahuje ochranu proti zkratu<\/h4>\n<\/li>\n<li>\n<h4>Podporuje \u0161ifrovac\u00ed algoritmus AES-128<\/h4>\n<\/li>\n<\/ul>\n<\/li>\n<\/ul>\n<\/li>\n<li>\n<h2>Vestav\u011bn\u00e9 periferie:<\/h2>\n<ul>\n<li>\n<h3>T\u0159i jednobarevn\u00e9 LED diody<\/h3>\n<\/li>\n<\/ul>\n<\/li>\n<li>\n<h2>Aplika\u010dn\u00ed programovac\u00ed rozhran\u00ed:<\/h2>\n<ul>\n<li>\n<h3>Podporuje PC\/SC<\/h3>\n<\/li>\n<li>\n<h3>Podporuje CT-API (p\u0159es obal na PC\/SC)<\/h3>\n<\/li>\n<\/ul>\n<\/li>\n<li>\n<h2>Mo\u017enost upgradu firmwaru USB<\/h2>\n<\/li>\n<li>\n<h2>Podporuje Android\u2122 4.3 a nov\u011bj\u0161\u00ed<\/h2>\n<\/li>\n<li>\n<h2>Podporuje iOS 8.0 a nov\u011bj\u0161\u00ed<\/h2>\n<\/li>\n<li>\n<div>\n<table width=\"556\">\n<tbody>\n<tr>\n<td colspan=\"2\" width=\"556\">Fyzik\u00e1ln\u00ed vlastnosti<\/td>\n<\/tr>\n<tr>\n<td width=\"190\">Rozm\u011bry (mm)<\/td>\n<td width=\"366\">94 mm (D) \u00d7 60 mm (\u0160) \u00d7 12 mm (V)<\/td>\n<\/tr>\n<tr>\n<td width=\"190\">Hmotnost (g)<\/td>\n<td width=\"366\">30,8 g (59,7 g s kabelem \u00b1 5 g tolerance)<\/td>\n<\/tr>\n<tr>\n<td colspan=\"2\" width=\"556\">Rozhran\u00ed Bluetooth<\/td>\n<\/tr>\n<tr>\n<td width=\"190\">Protokol<\/td>\n<td width=\"366\">Bluetooth\u00ae (Bluetooth Low Energy \/ Bluetooth 4.0)<\/td>\n<\/tr>\n<tr>\n<td width=\"190\">Zdroj nap\u00e1jen\u00ed<\/td>\n<td width=\"366\">Dob\u00edjec\u00ed lithium-iontov\u00e1 baterie (nab\u00edjen\u00ed p\u0159es USB)<\/td>\n<\/tr>\n<tr>\n<td width=\"190\">Rychlost<\/td>\n<td width=\"366\">1 Mbps<\/td>\n<\/tr>\n<tr>\n<td colspan=\"2\" width=\"556\">Rozhran\u00ed USB<\/td>\n<\/tr>\n<tr>\n<td width=\"190\">Protokol<\/td>\n<td width=\"366\">USB CCID<\/td>\n<\/tr>\n<tr>\n<td width=\"190\">Typ konektoru<\/td>\n<td width=\"366\">Micro-USB<\/td>\n<\/tr>\n<tr>\n<td width=\"190\">Zdroj nap\u00e1jen\u00ed<\/td>\n<td width=\"366\">Z USB portu<\/td>\n<\/tr>\n<tr>\n<td width=\"190\">Rychlost<\/td>\n<td width=\"366\">USB Full Speed (12 Mbps)<\/td>\n<\/tr>\n<tr>\n<td width=\"190\">D\u00e9lka kabelu<\/td>\n<td width=\"366\">1 m, odn\u00edmateln\u00e9<\/td>\n<\/tr>\n<tr>\n<td colspan=\"2\" width=\"556\">Kontaktujte rozhran\u00ed Smart Card<\/td>\n<\/tr>\n<tr>\n<td width=\"190\">Po\u010det slot\u016f<\/td>\n<td width=\"366\">1 Slot pro kartu pln\u00e9 velikosti<\/td>\n<\/tr>\n<tr>\n<td width=\"190\">Norma<\/td>\n<td width=\"366\">ISO 7816 \u010c\u00e1sti 1-4, T\u0159\u00edda A, B, C (5 V, 3 V, 1,8 V)<\/td>\n<\/tr>\n<tr>\n<td width=\"190\">Protokol<\/td>\n<td width=\"366\">T=0; T = 1; Podpora pam\u011b\u0165ov\u00fdch karet<\/td>\n<\/tr>\n<tr>\n<td colspan=\"2\" width=\"556\">Vestav\u011bn\u00e9 periferie<\/td>\n<\/tr>\n<tr>\n<td width=\"190\">LED<\/td>\n<td width=\"366\">3 jednobarevn\u00e9: \u010derven\u00e1, modr\u00e1 a zelen\u00e1<\/td>\n<\/tr>\n<tr>\n<td colspan=\"2\" width=\"556\">Dal\u0161\u00ed funkce<\/td>\n<\/tr>\n<tr>\n<td width=\"190\">\u0160ifrov\u00e1n\u00ed<\/td>\n<td width=\"366\">Algoritmus \u0161ifrov\u00e1n\u00ed AES v za\u0159\u00edzen\u00ed<\/td>\n<\/tr>\n<tr>\n<td width=\"190\">Upgrade firmwaru<\/td>\n<td width=\"366\">Podporov\u00e1no<\/td>\n<\/tr>\n<tr>\n<td colspan=\"2\" width=\"556\">Certifikace\/shoda<\/td>\n<\/tr>\n<tr>\n<td rowspan=\"14\" width=\"190\">Certifikace\/shoda<\/td>\n<td width=\"366\">EN 60950\/IEC 60950<\/td>\n<\/tr>\n<tr>\n<td width=\"366\">ISO 7816<\/td>\n<\/tr>\n<tr>\n<td width=\"366\">USB pln\u00e1 rychlost<\/td>\n<\/tr>\n<tr>\n<td width=\"366\">Bluetooth\u00ae<\/td>\n<\/tr>\n<tr>\n<td width=\"366\">EMV\u2122 Level 1 (Kontakt)<\/td>\n<\/tr>\n<tr>\n<td width=\"366\">PC\/SC<\/td>\n<\/tr>\n<tr>\n<td width=\"366\">CCID<\/td>\n<\/tr>\n<tr>\n<td width=\"366\">CE<\/td>\n<\/tr>\n<tr>\n<td width=\"366\">FCC<\/td>\n<\/tr>\n<tr>\n<td width=\"366\">RoHS<\/td>\n<\/tr>\n<tr>\n<td width=\"366\">DOSAH<\/td>\n<\/tr>\n<tr>\n<td width=\"366\">VCCI (Japonsko)<\/td>\n<\/tr>\n<tr>\n<td width=\"366\">MIC (Japonsko)<\/td>\n<\/tr>\n<tr>\n<td width=\"366\">Microsoft\u00ae WHQL<\/td>\n<\/tr>\n<tr>\n<td colspan=\"2\" width=\"556\">Podpora opera\u010dn\u00edho syst\u00e9mu ovlada\u010de za\u0159\u00edzen\u00ed<\/td>\n<\/tr>\n<tr>\n<td rowspan=\"5\" width=\"190\">Podpora opera\u010dn\u00edho syst\u00e9mu ovlada\u010de za\u0159\u00edzen\u00ed<\/td>\n<td width=\"366\">Windows\u00ae<\/td>\n<\/tr>\n<tr>\n<td width=\"366\">Linux\u00ae<\/td>\n<\/tr>\n<tr>\n<td width=\"366\">MAC OS\u00ae 10.7 a nov\u011bj\u0161\u00ed<\/td>\n<\/tr>\n<tr>\n<td width=\"366\">Android\u2122 4.3 a nov\u011bj\u0161\u00ed<\/td>\n<\/tr>\n<tr>\n<td width=\"366\">iOS 8.0 a nov\u011bj\u0161\u00ed<\/td>\n<\/tr>\n<\/tbody>\n<\/table>\n<\/div>\n<\/li>\n<\/ul>","protected":false},"excerpt":{"rendered":"<p>ACR3901U-S1 je p\u0159enosn\u00e1 zabezpe\u010den\u00e1 USB \u010dte\u010dka a \u010dte\u010dka kontakt\u016f Bluetooth\u00ae, kter\u00e1 nab\u00edz\u00ed vysokorychlostn\u00ed v\u00fdkon pro aplikace smart karet na cest\u00e1ch.<\/p>","protected":false},"featured_media":1538,"template":"","meta":[],"product_brand":[],"product_cat":[39],"product_tag":[],"class_list":{"0":"post-1537","1":"product","2":"type-product","3":"status-publish","4":"has-post-thumbnail","6":"product_cat-usb-ic-smartcard-reader","8":"first","9":"instock","10":"shipping-taxable","11":"product-type-simple"},"_links":{"self":[{"href":"https:\/\/nfc-readers.com\/cs\/wp-json\/wp\/v2\/product\/1537","targetHints":{"allow":["GET"]}}],"collection":[{"href":"https:\/\/nfc-readers.com\/cs\/wp-json\/wp\/v2\/product"}],"about":[{"href":"https:\/\/nfc-readers.com\/cs\/wp-json\/wp\/v2\/types\/product"}],"wp:featuredmedia":[{"embeddable":true,"href":"https:\/\/nfc-readers.com\/cs\/wp-json\/wp\/v2\/media\/1538"}],"wp:attachment":[{"href":"https:\/\/nfc-readers.com\/cs\/wp-json\/wp\/v2\/media?parent=1537"}],"wp:term":[{"taxonomy":"product_brand","embeddable":true,"href":"https:\/\/nfc-readers.com\/cs\/wp-json\/wp\/v2\/product_brand?post=1537"},{"taxonomy":"product_cat","embeddable":true,"href":"https:\/\/nfc-readers.com\/cs\/wp-json\/wp\/v2\/product_cat?post=1537"},{"taxonomy":"product_tag","embeddable":true,"href":"https:\/\/nfc-readers.com\/cs\/wp-json\/wp\/v2\/product_tag?post=1537"}],"curies":[{"name":"wp","href":"https:\/\/api.w.org\/{rel}","templated":true}]}}