{"id":1550,"date":"2024-04-07T06:15:08","date_gmt":"2024-04-07T06:15:08","guid":{"rendered":"https:\/\/nfc-readers.com\/?post_type=product&#038;p=1550"},"modified":"2024-10-16T06:43:39","modified_gmt":"2024-10-16T06:43:39","slug":"acr1281u-c1-usb-dual-interface-reader","status":"publish","type":"product","link":"https:\/\/nfc-readers.com\/cs\/ic-reader\/acr1281u-c1-usb-dual-interface-reader\/","title":{"rendered":"USB \u010dte\u010dka ACR1281U-C1 se dv\u011bma rozhran\u00edmi"},"content":{"rendered":"<h1>USB \u010dte\u010dka ACR1281U-C1 se dv\u011bma rozhran\u00edmi<\/h1>\n<p>ACR1281U-C1 DualBoost II je vylep\u0161en\u00e1 verze \u010dte\u010dky ACR128 DualBoost. Slou\u017e\u00ed jako \u010dte\u010dka \u010dipov\u00fdch karet a poskytuje \u00fa\u010dinn\u00e9 du\u00e1ln\u00ed rozhran\u00ed schopn\u00e9 propojen\u00ed s libovoln\u00fdmi \u010dipov\u00fdmi kartami, kter\u00e9 spl\u0148uj\u00ed normy ISO 7816 a ISO 14443. Tato druh\u00e1 generace DualBoost II spojuje tradi\u010dn\u011b odli\u0161n\u00e9 kontaktn\u00ed a bezkontaktn\u00ed operace s \u010dipov\u00fdmi kartami do jedin\u00e9 soudr\u017en\u00e9 jednotky, kter\u00e1 umo\u017e\u0148uje pou\u017eit\u00ed jedn\u00e9 karty pro r\u016fzn\u00e9 aplikace. Jeho u\u017eite\u010dnost z\u00e1\u0159\u00ed v e-commerce, umo\u017e\u0148uje bezpe\u010dn\u00e9 zpracov\u00e1n\u00ed online plateb prost\u0159ednictv\u00edm kreditn\u00edch karet a hraje kl\u00ed\u010dovou roli ve ve\u0159ejn\u00e9 doprav\u011b, pom\u00e1h\u00e1 p\u0159i dob\u00edjen\u00ed bezkontaktn\u00edch karet v r\u00e1mci automatizovan\u00fdch syst\u00e9m\u016f j\u00edzdn\u00e9ho. Zt\u011bles\u0148uje vizi \u0159e\u0161en\u00ed s jednou kartou, kde je nes\u010detn\u00e9 mno\u017estv\u00ed funkc\u00ed \u010dipov\u00fdch karet sjednoceno do jedn\u00e9 karty. Inovovan\u00e1 \u0159ada DualBoost je pln\u011b kompatibiln\u00ed s PC\/SC pro bezprobl\u00e9movou interakci s kontaktn\u00edm i bezkontaktn\u00edm rozhran\u00edm. Jako p\u0159enosn\u00e1 \u010dte\u010dka NFC zrychluje komunikaci pro bezkontaktn\u00ed karty na rychlost a\u017e 848 kb\/s, \u010d\u00edm\u017e uspokojuje pokro\u010dil\u00e9 aplikace vy\u017eaduj\u00edc\u00ed vysok\u00fd v\u00fdkon. \u010cte\u010dka je tak\u00e9 vybavena inteligentn\u00edmi mechanismy pro manipulaci s hybridn\u00edmi a kombinovan\u00fdmi kartami, kter\u00e9 nab\u00edzej\u00ed mo\u017enost identifikovat bezkontaktn\u00ed karty nespr\u00e1vn\u011b zadan\u00e9 do slotu pro kontaktn\u00ed kartu. Ned\u00edlnou sou\u010d\u00e1st\u00ed jeho designu je slot SAM, kter\u00fd posiluje zabezpe\u010den\u00ed na obou rozhran\u00edch. Vylep\u0161en\u00e9 funkce, jako je mo\u017enost upgradu firmwaru p\u0159es USB, kompatibilita s pam\u011b\u0165ov\u00fdmi kartami kontakt\u016f a podpora roz\u0161\u00ed\u0159en\u00fdch p\u0159\u00edkaz\u016f APDU podtrhuj\u00ed ACR1281U-C1 DualBoost II jako n\u00e1kladovou efektivn\u00ed a v\u00fdkonn\u00fd all-inclusive n\u00e1stroj, kter\u00fd zvy\u0161uje pohodl\u00ed a v\u0161estrannost v mnoha syst\u00e9mech \u010dipov\u00fdch karet.<\/p>\n<p><iframe loading=\"lazy\" title=\"Kontaktn\u00ed a bezkontaktn\u00ed \u010dte\u010dka \u010dipov\u00fdch karet ACR1281U C1\" width=\"1020\" height=\"574\" src=\"https:\/\/www.youtube.com\/embed\/dABTVMG9dvI?feature=oembed\" frameborder=\"0\" allow=\"accelerometer; autoplay; clipboard-write; encrypted-media; gyroscope; picture-in-picture; web-share\" referrerpolicy=\"strict-origin-when-cross-origin\" allowfullscreen><\/iframe><\/p>\n<ul>\n<li>\n<h2>Rozhran\u00ed USB 2.0 Full Speed<\/h2>\n<\/li>\n<li>\n<h2>Soulad s CCID<\/h2>\n<\/li>\n<li>\n<h2>Bezkontaktn\u00ed \u010dte\u010dka \u010dipov\u00fdch karet:<\/h2>\n<ul>\n<li>\n<h3>Rychlost \u010dten\u00ed\/z\u00e1pisu a\u017e 848 kbps<\/h3>\n<\/li>\n<li>\n<h3>Vestav\u011bn\u00e1 ant\u00e9na pro bezkontaktn\u00ed p\u0159\u00edstup ke \u0161t\u00edtku se vzd\u00e1lenost\u00ed \u010dten\u00ed karty a\u017e 50 mm (v z\u00e1vislosti na typu \u0161t\u00edtku)<\/h3>\n<\/li>\n<li>\n<h3>Podporuje karty ISO 14443 \u010d\u00e1st 4 typu A a B a \u0159adu MIFARE\u00ae<\/h3>\n<\/li>\n<li>\n<h3>Vestav\u011bn\u00e1 funkce proti kolizi (v\u017edy je p\u0159\u00edstupn\u00e1 pouze jedna zna\u010dka)<\/h3>\n<\/li>\n<li>\n<h3>Podporuje roz\u0161\u00ed\u0159en\u00e9 APDU (max. 64 kB)<\/h3>\n<\/li>\n<\/ul>\n<\/li>\n<li>\n<h2>Kontaktujte \u010dte\u010dku \u010dipov\u00fdch karet:<\/h2>\n<ul>\n<li>\n<h3>Podporuje ISO 7816 t\u0159\u00eddy A, B a C (5 V, 3 V a 1,8 V)<\/h3>\n<\/li>\n<li>\n<h3>Podporuje CAC (Common Access Card)<\/h3>\n<\/li>\n<li>\n<h3>Podporuje PIV (Personal Identity Verification Card)<\/h3>\n<\/li>\n<li>\n<h3>Podporuje mikroprocesorov\u00e9 karty s protokolem T=0 nebo T=1<\/h3>\n<\/li>\n<li>\n<h3>Podporuje pam\u011b\u0165ov\u00e9 karty<\/h3>\n<\/li>\n<li>\n<h3>Slot SAM vyhovuj\u00edc\u00ed norm\u011b ISO 7816<\/h3>\n<\/li>\n<\/ul>\n<\/li>\n<li>\n<h2>Aplika\u010dn\u00ed programovac\u00ed rozhran\u00ed:<\/h2>\n<ul>\n<li>\n<h3>Podporuje PC\/SC<\/h3>\n<\/li>\n<li>\n<h3>Podporuje CT-API (p\u0159es obal na PC\/SC)<\/h3>\n<\/li>\n<\/ul>\n<\/li>\n<li>\n<h2>Vestav\u011bn\u00e9 periferie:<\/h2>\n<ul>\n<li>\n<h3>Dv\u011b u\u017eivatelsky ovladateln\u00e9 LED<\/h3>\n<\/li>\n<li>\n<h3>U\u017eivatelsky ovladateln\u00fd bzu\u010d\u00e1k<\/h3>\n<\/li>\n<\/ul>\n<\/li>\n<li>\n<h2>Mo\u017enost upgradu firmwaru p\u0159es USB<\/h2>\n<\/li>\n<li>\n<div>\n<table width=\"551\">\n<tbody>\n<tr>\n<td colspan=\"2\" width=\"551\">Fyzik\u00e1ln\u00ed vlastnosti<\/td>\n<\/tr>\n<tr>\n<td width=\"230\">Rozm\u011bry (mm)<\/td>\n<td width=\"321\">120,5 mm (D) x 72,0 mm (\u0160) x 20,4 mm (V)<\/td>\n<\/tr>\n<tr>\n<td width=\"230\">Hmotnost (g)<\/td>\n<td width=\"321\">140 g<\/td>\n<\/tr>\n<tr>\n<td colspan=\"2\" width=\"551\">Rozhran\u00ed USB<\/td>\n<\/tr>\n<tr>\n<td width=\"230\">Protokol<\/td>\n<td width=\"321\">USB CCID<\/td>\n<\/tr>\n<tr>\n<td width=\"230\">Typ konektoru<\/td>\n<td width=\"321\">Standardn\u00ed typ A<\/td>\n<\/tr>\n<tr>\n<td width=\"230\">Zdroj nap\u00e1jen\u00ed<\/td>\n<td width=\"321\">Z USB portu<\/td>\n<\/tr>\n<tr>\n<td width=\"230\">Rychlost<\/td>\n<td width=\"321\">USB Full Speed (12 Mbps)<\/td>\n<\/tr>\n<tr>\n<td width=\"230\">D\u00e9lka kabelu<\/td>\n<td width=\"321\">2,0 m, Pevn\u00e9<\/td>\n<\/tr>\n<tr>\n<td colspan=\"2\" width=\"551\">Kontaktujte rozhran\u00ed Smart Card<\/td>\n<\/tr>\n<tr>\n<td width=\"230\">Po\u010det slot\u016f<\/td>\n<td width=\"321\">1 Slot pro kartu pln\u00e9 velikosti<\/td>\n<\/tr>\n<tr>\n<td width=\"230\">Norma<\/td>\n<td width=\"321\">ISO 7816 T\u0159\u00edda A, B, C (5 V, 3 V, 1,8 V)<\/td>\n<\/tr>\n<tr>\n<td width=\"230\">Protokol<\/td>\n<td width=\"321\">T=0; T=1<\/td>\n<\/tr>\n<tr>\n<td colspan=\"2\" width=\"551\">Rozhran\u00ed bezkontaktn\u00ed \u010dipov\u00e9 karty<\/td>\n<\/tr>\n<tr>\n<td width=\"230\">Norma<\/td>\n<td width=\"321\">ISO 14443 A &amp; B \u010c\u00e1sti 1-4<\/td>\n<\/tr>\n<tr>\n<td rowspan=\"2\" width=\"230\">Protokol<\/td>\n<td width=\"321\">Karta vyhovuj\u00edc\u00ed ISO 14443-4, T=CL<\/td>\n<\/tr>\n<tr>\n<td width=\"321\">MIFARE\u00ae Classic Card, T=CL<\/td>\n<\/tr>\n<tr>\n<td colspan=\"2\" width=\"551\">Rozhran\u00ed karty SAM<\/td>\n<\/tr>\n<tr>\n<td width=\"230\">Po\u010det slot\u016f<\/td>\n<td width=\"321\">1 standardn\u00ed slot pro kartu SIM<\/td>\n<\/tr>\n<tr>\n<td width=\"230\">Norma<\/td>\n<td width=\"321\">ISO 7816 T\u0159\u00edda A (5 V)<\/td>\n<\/tr>\n<tr>\n<td width=\"230\">Protokol<\/td>\n<td width=\"321\">T=0; T=1<\/td>\n<\/tr>\n<tr>\n<td colspan=\"2\" width=\"551\">Vestav\u011bn\u00e9 periferie<\/td>\n<\/tr>\n<tr>\n<td width=\"230\">LED<\/td>\n<td width=\"321\">2 jednobarevn\u00e9: \u010derven\u00e1 a zelen\u00e1<\/td>\n<\/tr>\n<tr>\n<td width=\"230\">Bzu\u010d\u00e1k<\/td>\n<td width=\"321\">Monot\u00f3nn\u00ed<\/td>\n<\/tr>\n<tr>\n<td colspan=\"2\" width=\"551\">Dal\u0161\u00ed funkce<\/td>\n<\/tr>\n<tr>\n<td width=\"230\">Upgrade firmwaru<\/td>\n<td width=\"321\">Podporov\u00e1no<\/td>\n<\/tr>\n<tr>\n<td colspan=\"2\" width=\"551\">Certifikace\/shoda<\/td>\n<\/tr>\n<tr>\n<td rowspan=\"10\" width=\"230\">Certifikace\/shoda<\/td>\n<td width=\"321\">ISO 14443<\/td>\n<\/tr>\n<tr>\n<td width=\"321\">ISO 7816<\/td>\n<\/tr>\n<tr>\n<td width=\"321\">USB pln\u00e1 rychlost<\/td>\n<\/tr>\n<tr>\n<td width=\"321\">PC\/SC<\/td>\n<\/tr>\n<tr>\n<td width=\"321\">CCID<\/td>\n<\/tr>\n<tr>\n<td width=\"321\">Microsoft\u00ae WHQL<\/td>\n<\/tr>\n<tr>\n<td width=\"321\">CE<\/td>\n<\/tr>\n<tr>\n<td width=\"321\">FCC<\/td>\n<\/tr>\n<tr>\n<td width=\"321\">RoHS<\/td>\n<\/tr>\n<tr>\n<td width=\"321\">DOSAH<\/td>\n<\/tr>\n<tr>\n<td colspan=\"2\" width=\"551\">Podpora opera\u010dn\u00edho syst\u00e9mu ovlada\u010de za\u0159\u00edzen\u00ed<\/td>\n<\/tr>\n<tr>\n<td rowspan=\"5\" width=\"230\">Podpora opera\u010dn\u00edho syst\u00e9mu ovlada\u010de za\u0159\u00edzen\u00ed<\/td>\n<td width=\"321\">Windows\u00ae<\/td>\n<\/tr>\n<tr>\n<td width=\"321\">Linux\u00ae<\/td>\n<\/tr>\n<tr>\n<td width=\"321\">MAC OS\u00ae<\/td>\n<\/tr>\n<tr>\n<td width=\"321\">Solaris<\/td>\n<\/tr>\n<tr>\n<td width=\"321\">Android\u2122<\/td>\n<\/tr>\n<\/tbody>\n<\/table>\n<\/div>\n<\/li>\n<\/ul>","protected":false},"excerpt":{"rendered":"<p>ACR1281U-C1 je v\u0161estrann\u00e1 USB kontaktn\u00ed a bezkontaktn\u00ed \u010dte\u010dka se slotem SAM a p\u0159enosn\u00fdmi funkcemi NFC pro vy\u0161\u0161\u00ed v\u00fdkon v aplikac\u00edch pro \u010dipov\u00e9 karty.<\/p>","protected":false},"featured_media":1557,"template":"","meta":[],"product_brand":[],"product_cat":[45],"product_tag":[],"class_list":{"0":"post-1550","1":"product","2":"type-product","3":"status-publish","4":"has-post-thumbnail","6":"product_cat-contactless-nfc-reader","8":"first","9":"instock","10":"shipping-taxable","11":"product-type-simple"},"_links":{"self":[{"href":"https:\/\/nfc-readers.com\/cs\/wp-json\/wp\/v2\/product\/1550","targetHints":{"allow":["GET"]}}],"collection":[{"href":"https:\/\/nfc-readers.com\/cs\/wp-json\/wp\/v2\/product"}],"about":[{"href":"https:\/\/nfc-readers.com\/cs\/wp-json\/wp\/v2\/types\/product"}],"wp:featuredmedia":[{"embeddable":true,"href":"https:\/\/nfc-readers.com\/cs\/wp-json\/wp\/v2\/media\/1557"}],"wp:attachment":[{"href":"https:\/\/nfc-readers.com\/cs\/wp-json\/wp\/v2\/media?parent=1550"}],"wp:term":[{"taxonomy":"product_brand","embeddable":true,"href":"https:\/\/nfc-readers.com\/cs\/wp-json\/wp\/v2\/product_brand?post=1550"},{"taxonomy":"product_cat","embeddable":true,"href":"https:\/\/nfc-readers.com\/cs\/wp-json\/wp\/v2\/product_cat?post=1550"},{"taxonomy":"product_tag","embeddable":true,"href":"https:\/\/nfc-readers.com\/cs\/wp-json\/wp\/v2\/product_tag?post=1550"}],"curies":[{"name":"wp","href":"https:\/\/api.w.org\/{rel}","templated":true}]}}