{"id":1555,"date":"2024-04-07T06:18:18","date_gmt":"2024-04-07T06:18:18","guid":{"rendered":"https:\/\/nfc-readers.com\/?post_type=product&#038;p=1555"},"modified":"2024-10-16T06:39:36","modified_gmt":"2024-10-16T06:39:36","slug":"acr1281s-c1-dualboost-ii-serial-reader","status":"publish","type":"product","link":"https:\/\/nfc-readers.com\/cs\/ic-reader\/acr1281s-c1-dualboost-ii-serial-reader\/","title":{"rendered":"S\u00e9riov\u00e1 \u010dte\u010dka ACR1281S-C1 DualBoost II"},"content":{"rendered":"<h1>S\u00e9riov\u00e1 \u010dte\u010dka ACR1281S-C1 DualBoost II<\/h1>\n<p>ACR1281S-C1 DualBoost II je mnohostrann\u00e1 \u010dte\u010dka, kter\u00e1 usnad\u0148uje interakci s kontaktn\u00edmi i bezkontaktn\u00edmi \u010dipov\u00fdmi kartami v souladu s normami ISO 7816 a ISO 14443. Tato \u010dte\u010dka s du\u00e1ln\u00edm rozhran\u00edm hladce kombinuje funkce, kter\u00e9 se tradi\u010dn\u011b vyskytuj\u00ed v diskr\u00e9tn\u00edch syst\u00e9mech, do jedin\u00e9 jednotky, kter\u00e1 pojme kontaktn\u00ed i bezkontaktn\u00ed karty. Zefektiv\u0148uje r\u016fzn\u00e9 transakce, a\u0165 u\u017e jde o z\u00fa\u010dtov\u00e1n\u00ed plateb v e-commerce a bankovn\u00edm sektoru pomoc\u00ed kreditn\u00edch karet nebo ov\u011b\u0159ov\u00e1n\u00ed bezkontaktn\u00edch karet pro bezpe\u010dn\u00fd vstup do ur\u010den\u00fdch oblast\u00ed nebo syst\u00e9m\u016f. To se dob\u0159e integruje s konceptem univerz\u00e1ln\u00ed \u010dipov\u00e9 karty, kter\u00e1 spojuje v\u00edce funkc\u00ed \u010dipov\u00e9 karty do jedin\u00e9 fyzick\u00e9 entity. ACR1281S-C1, charakteristick\u00fd pro za\u0159\u00edzen\u00ed typu plug and play, nevy\u017eaduje slo\u017eit\u00e9 instalace ovlada\u010d\u016f. Zahrnuje slot SAM (Secure Access Module), kter\u00fd posiluje zabezpe\u010den\u00ed v kontaktn\u00edch i bezkontaktn\u00edch interakc\u00edch. Kapacita za\u0159\u00edzen\u00ed pro rychlou komunikaci dosahuje a\u017e 848 kbps p\u0159i manipulaci s bezkontaktn\u00edmi kartami, co\u017e zaji\u0161\u0165uje jeho vhodnost pro vysoce v\u00fdkonn\u00e9 a intenzivn\u00ed aplikace. D\u00edky funkc\u00edm, jako je upgradovatelnost firmwaru USB, podpora pam\u011b\u0165ov\u00fdch karet kontakt\u016f a schopnost pracovat s roz\u0161\u00ed\u0159en\u00fdm APDU, ACR1281S-C1 Serial DualBoost II p\u0159edstavuje ekonomick\u00e9 a robustn\u00ed \u0159e\u0161en\u00ed. Poskytuje dvoj\u00ed v\u00fdhodu pohodl\u00ed a p\u0159izp\u016fsobivosti v \u0161irok\u00e9m spektru aplikac\u00ed \u010dipov\u00fdch karet.<\/p>\n<ul>\n<li>\n<h2>S\u00e9riov\u00e9 rozhran\u00ed RS232<\/h2>\n<\/li>\n<li>\n<h2>USB rozhran\u00ed pro nap\u00e1jen\u00ed<\/h2>\n<\/li>\n<li>\n<h2>Form\u00e1t sn\u00edmk\u016f podobn\u00fd CCID (bin\u00e1rn\u00ed form\u00e1t)<\/h2>\n<\/li>\n<li>\n<h2>Bezkontaktn\u00ed \u010dte\u010dka \u010dipov\u00fdch karet:<\/h2>\n<ul>\n<li>\n<h3>Rychlost \u010dten\u00ed\/z\u00e1pisu a\u017e 848 kbps<\/h3>\n<\/li>\n<li>\n<h3>Vestav\u011bn\u00e1 ant\u00e9na pro bezkontaktn\u00ed p\u0159\u00edstup ke \u0161t\u00edtku se vzd\u00e1lenost\u00ed \u010dten\u00ed karty a\u017e 50 mm (v z\u00e1vislosti na typu \u0161t\u00edtku)<\/h3>\n<\/li>\n<li>\n<h3>Podporuje karty ISO 14443 \u010d\u00e1st 4 typu A a B a \u0159adu MIFARE\u00ae<\/h3>\n<\/li>\n<li>\n<h3>Vestav\u011bn\u00e1 funkce proti kolizi (v\u017edy je p\u0159\u00edstupn\u00e1 pouze jedna zna\u010dka)<\/h3>\n<\/li>\n<li>\n<h3>Podporuje roz\u0161\u00ed\u0159en\u00e9 APDU (max. 64 kB)<\/h3>\n<\/li>\n<\/ul>\n<\/li>\n<li>\n<h2>Kontaktujte \u010dte\u010dku \u010dipov\u00fdch karet:<\/h2>\n<ul>\n<li>\n<h3>Podporuje ISO 7816 t\u0159\u00eddy A, B a C (5 V, 3 V a 1,8 V)<\/h3>\n<\/li>\n<li>\n<h3>Podporuje mikroprocesorov\u00e9 karty s protokolem T=0 nebo T=1<\/h3>\n<\/li>\n<li>\n<h3>Podporuje pam\u011b\u0165ov\u00e9 karty<\/h3>\n<\/li>\n<li>\n<h3>Slot SAM vyhovuj\u00edc\u00ed norm\u011b ISO 7816<\/h3>\n<\/li>\n<\/ul>\n<\/li>\n<li>\n<h2>Vestav\u011bn\u00e9 periferie:<\/h2>\n<ul>\n<li>\n<h3>Dv\u011b u\u017eivatelsky ovladateln\u00e9 LED<\/h3>\n<\/li>\n<li>\n<h3>U\u017eivatelsky ovladateln\u00fd bzu\u010d\u00e1k<\/h3>\n<\/li>\n<\/ul>\n<\/li>\n<li>\n<h2>Mo\u017enost upgradu firmwaru p\u0159es USB<\/h2>\n<\/li>\n<li>\n<div>\n<table width=\"500\">\n<tbody>\n<tr>\n<td colspan=\"2\" width=\"500\">Fyzik\u00e1ln\u00ed vlastnosti<\/td>\n<\/tr>\n<tr>\n<td width=\"181\">Rozm\u011bry (mm)<\/td>\n<td width=\"319\">120,5 mm (D) x 72,0 mm (\u0160) x 20,4 mm (V)<\/td>\n<\/tr>\n<tr>\n<td width=\"181\">Hmotnost (g)<\/td>\n<td width=\"319\">150 g<\/td>\n<\/tr>\n<tr>\n<td colspan=\"2\" width=\"500\">S\u00e9riov\u00e9 rozhran\u00ed<\/td>\n<\/tr>\n<tr>\n<td width=\"181\">Protokol<\/td>\n<td width=\"319\">RS-232<\/td>\n<\/tr>\n<tr>\n<td width=\"181\">Typ konektoru<\/td>\n<td width=\"319\">Konektor DB-9<\/td>\n<\/tr>\n<tr>\n<td width=\"181\">Zdroj nap\u00e1jen\u00ed<\/td>\n<td width=\"319\">Z USB portu<\/td>\n<\/tr>\n<tr>\n<td width=\"181\">D\u00e9lka kabelu<\/td>\n<td width=\"319\">1,5 m, pevn\u00e1 (DB9 + USB)<\/td>\n<\/tr>\n<tr>\n<td colspan=\"2\" width=\"500\">Kontaktujte rozhran\u00ed Smart Card<\/td>\n<\/tr>\n<tr>\n<td width=\"181\">Po\u010det slot\u016f<\/td>\n<td width=\"319\">1 Slot pro kartu pln\u00e9 velikosti<\/td>\n<\/tr>\n<tr>\n<td width=\"181\">Norma<\/td>\n<td width=\"319\">ISO 7816 T\u0159\u00edda A, B, C (5 V, 3 V, 1,8 V)<\/td>\n<\/tr>\n<tr>\n<td width=\"181\">Protokol<\/td>\n<td width=\"319\">T=0; T=1<\/td>\n<\/tr>\n<tr>\n<td colspan=\"2\" width=\"500\">Rozhran\u00ed bezkontaktn\u00ed \u010dipov\u00e9 karty<\/td>\n<\/tr>\n<tr>\n<td width=\"181\">Norma<\/td>\n<td width=\"319\">ISO 14443 A &amp; B \u010c\u00e1sti 1-4<\/td>\n<\/tr>\n<tr>\n<td rowspan=\"2\" width=\"181\">Protokol<\/td>\n<td width=\"319\">Karta vyhovuj\u00edc\u00ed ISO 14443-4, T=CL<\/td>\n<\/tr>\n<tr>\n<td width=\"319\">MIFARE\u00ae Classic Card, T=CL<\/td>\n<\/tr>\n<tr>\n<td colspan=\"2\" width=\"500\">Rozhran\u00ed karty SAM<\/td>\n<\/tr>\n<tr>\n<td width=\"181\">Po\u010det slot\u016f<\/td>\n<td width=\"319\">1 standardn\u00ed slot pro kartu SIM<\/td>\n<\/tr>\n<tr>\n<td width=\"181\">Norma<\/td>\n<td width=\"319\">ISO 7816 T\u0159\u00edda A (5 V)<\/td>\n<\/tr>\n<tr>\n<td width=\"181\">Protokol<\/td>\n<td width=\"319\">T=0; T=1<\/td>\n<\/tr>\n<tr>\n<td colspan=\"2\" width=\"500\">Vestav\u011bn\u00e9 periferie<\/td>\n<\/tr>\n<tr>\n<td width=\"181\">LED<\/td>\n<td width=\"319\">2 jednobarevn\u00e9: \u010derven\u00e1 a zelen\u00e1<\/td>\n<\/tr>\n<tr>\n<td width=\"181\">Bzu\u010d\u00e1k<\/td>\n<td width=\"319\">Monot\u00f3nn\u00ed<\/td>\n<\/tr>\n<tr>\n<td colspan=\"2\" width=\"500\">Dal\u0161\u00ed funkce<\/td>\n<\/tr>\n<tr>\n<td width=\"181\">Upgrade firmwaru<\/td>\n<td width=\"319\">Podporov\u00e1no<\/td>\n<\/tr>\n<tr>\n<td colspan=\"2\" width=\"500\">Certifikace\/shoda<\/td>\n<\/tr>\n<tr>\n<td rowspan=\"5\" width=\"181\">Certifikace\/shoda<\/td>\n<td width=\"319\">ISO 14443<\/td>\n<\/tr>\n<tr>\n<td width=\"319\">ISO 7816<\/td>\n<\/tr>\n<tr>\n<td width=\"319\">CE<\/td>\n<\/tr>\n<tr>\n<td width=\"319\">FCC<\/td>\n<\/tr>\n<tr>\n<td width=\"319\">RoHS<\/td>\n<\/tr>\n<tr>\n<td colspan=\"2\" width=\"500\">Podpora opera\u010dn\u00edho syst\u00e9mu ovlada\u010de za\u0159\u00edzen\u00ed<\/td>\n<\/tr>\n<tr>\n<td rowspan=\"2\" width=\"181\">Podpora opera\u010dn\u00edho syst\u00e9mu ovlada\u010de za\u0159\u00edzen\u00ed<\/td>\n<td width=\"319\">Windows\u00ae<\/td>\n<\/tr>\n<tr>\n<td width=\"319\">Linux\u00ae<\/td>\n<\/tr>\n<\/tbody>\n<\/table>\n<\/div>\n<\/li>\n<\/ul>","protected":false},"excerpt":{"rendered":"<p>ACR1281S-C1 je dvoufunk\u010dn\u00ed kontaktn\u00ed a bezkontaktn\u00ed \u010dte\u010dka se slotem SAM pro lep\u0161\u00ed zabezpe\u010den\u00ed a vysokorychlostn\u00ed v\u00fdkon v aplikac\u00edch \u010dipov\u00fdch karet.<\/p>","protected":false},"featured_media":1556,"template":"","meta":[],"product_brand":[],"product_cat":[45],"product_tag":[],"class_list":{"0":"post-1555","1":"product","2":"type-product","3":"status-publish","4":"has-post-thumbnail","6":"product_cat-contactless-nfc-reader","8":"first","9":"instock","10":"shipping-taxable","11":"product-type-simple"},"_links":{"self":[{"href":"https:\/\/nfc-readers.com\/cs\/wp-json\/wp\/v2\/product\/1555","targetHints":{"allow":["GET"]}}],"collection":[{"href":"https:\/\/nfc-readers.com\/cs\/wp-json\/wp\/v2\/product"}],"about":[{"href":"https:\/\/nfc-readers.com\/cs\/wp-json\/wp\/v2\/types\/product"}],"wp:featuredmedia":[{"embeddable":true,"href":"https:\/\/nfc-readers.com\/cs\/wp-json\/wp\/v2\/media\/1556"}],"wp:attachment":[{"href":"https:\/\/nfc-readers.com\/cs\/wp-json\/wp\/v2\/media?parent=1555"}],"wp:term":[{"taxonomy":"product_brand","embeddable":true,"href":"https:\/\/nfc-readers.com\/cs\/wp-json\/wp\/v2\/product_brand?post=1555"},{"taxonomy":"product_cat","embeddable":true,"href":"https:\/\/nfc-readers.com\/cs\/wp-json\/wp\/v2\/product_cat?post=1555"},{"taxonomy":"product_tag","embeddable":true,"href":"https:\/\/nfc-readers.com\/cs\/wp-json\/wp\/v2\/product_tag?post=1555"}],"curies":[{"name":"wp","href":"https:\/\/api.w.org\/{rel}","templated":true}]}}