{"id":1558,"date":"2024-04-07T06:20:55","date_gmt":"2024-04-07T06:20:55","guid":{"rendered":"https:\/\/nfc-readers.com\/?post_type=product&#038;p=1558"},"modified":"2024-10-16T06:35:34","modified_gmt":"2024-10-16T06:35:34","slug":"nfc-reader-with-lcd-acr1222l","status":"publish","type":"product","link":"https:\/\/nfc-readers.com\/cs\/ic-reader\/nfc-reader-with-lcd-acr1222l\/","title":{"rendered":"NFC \u010dte\u010dka\/zapisova\u010dka s LCD | ACR1222L"},"content":{"rendered":"<h1>NFC \u010dte\u010dka\/zapisova\u010dka s LCD | ACR1222L<\/h1>\n<p>ACR1222L vynik\u00e1 jako v\u0161estrann\u00e1 a u\u017eivatelsky p\u0159\u00edv\u011btiv\u00e1 \u010dte\u010dka \u010dipov\u00fdch karet NFC, ide\u00e1ln\u00ed pro aplikace v\u010detn\u011b elektronick\u00fdch plateb, v\u011brnostn\u00edch program\u016f a \u0159\u00edzen\u00ed p\u0159\u00edstupu. Jeho LCD a v\u00edcejazy\u010dn\u00e1 podpora spolu s robustn\u00edmi bezpe\u010dnostn\u00edmi funkcemi se t\u0159emi sloty SAM jej stav\u00ed jako vysoce hodnotnou nab\u00eddku s ohledem na rovnov\u00e1hu mezi funkcemi a cenou \u010dte\u010dky nfc.<\/p>\n<p><iframe loading=\"lazy\" title=\"NFC \u010dte\u010dka ACR1222L\" width=\"1020\" height=\"765\" src=\"https:\/\/www.youtube.com\/embed\/i-7zrKP8WJo?feature=oembed\" frameborder=\"0\" allow=\"accelerometer; autoplay; clipboard-write; encrypted-media; gyroscope; picture-in-picture; web-share\" referrerpolicy=\"strict-origin-when-cross-origin\" allowfullscreen><\/iframe><\/p>\n<h2>NFC \u010dte\u010dka s LCD | ACR1222L<\/h2>\n<ul>\n<li data-sider-select-id=\"cbe5159f-0e15-4e91-8597-4873bf6b4e88\">\n<h2>Rozhran\u00ed USB 2.0 Full Speed<\/h2>\n<\/li>\n<li>\n<h2>Soulad s CCID<\/h2>\n<\/li>\n<li>\n<h2>\u010cte\u010dka \u010dipov\u00fdch karet:<\/h2>\n<ul>\n<li>\n<h3>Rychlost \u010dten\u00ed\/z\u00e1pisu a\u017e 424 kbps<\/h3>\n<\/li>\n<li>\n<h3>Vestav\u011bn\u00e1 ant\u00e9na pro bezkontaktn\u00ed p\u0159\u00edstup ke \u0161t\u00edtku se vzd\u00e1lenost\u00ed \u010dten\u00ed karty a\u017e 50 mm (v z\u00e1vislosti na typu \u0161t\u00edtku)<\/h3>\n<\/li>\n<li>\n<h3>Podporuje karty ISO 14443 typu A a B, MIFARE\u00ae, FeliCa a v\u0161echny 4 typy zna\u010dek NFC (ISO\/IEC 18092)<\/h3>\n<\/li>\n<li>\n<h3>Vestav\u011bn\u00e1 funkce proti kolizi (v\u017edy je p\u0159\u00edstupn\u00e1 pouze jedna zna\u010dka)<\/h3>\n<\/li>\n<li>\n<h3>T\u0159i sloty SAM vyhovuj\u00edc\u00ed norm\u011b ISO 7816<\/h3>\n<\/li>\n<\/ul>\n<\/li>\n<li>\n<h2>Vestav\u011bn\u00e9 periferie:<\/h2>\n<ul>\n<li>\n<h3>Dvou\u0159\u00e1dkov\u00fd grafick\u00fd LCD displej s interaktivn\u00ed obsluhou (tj. posouv\u00e1n\u00ed nahoru a dol\u016f, doleva a doprava atd.) a podporou v\u00edce jazyk\u016f (tj. \u010d\u00edn\u0161tina, angli\u010dtina, japon\u0161tina a n\u011bkolik evropsk\u00fdch jazyk\u016f)<\/h3>\n<\/li>\n<li>\n<h3>\u010cty\u0159i u\u017eivatelsky ovladateln\u00e9 LED<\/h3>\n<\/li>\n<li>\n<h3>U\u017eivatelsky ovladateln\u00fd bzu\u010d\u00e1k<\/h3>\n<\/li>\n<\/ul>\n<\/li>\n<li>\n<h2>Mo\u017enost upgradu firmwaru p\u0159es USB<\/h2>\n<\/li>\n<\/ul>\n<div>\n<h2 data-sider-select-id=\"d4706cbf-1e8e-448d-9503-dfee41ca8b25\"><strong>Vlastnosti a funkce bezkontaktn\u00ed \u010dte\u010dky ACR1222L NFC:<\/strong><\/h2>\n<ul>\n<li>\n<h3><strong>Integrace inovativn\u00edch technologi\u00ed<\/strong><\/h3>\n<p>ACR1222L hladce integruje technologii LCD s funkcemi PC-Link NFC a nab\u00edz\u00ed u\u017eivatelsky p\u0159\u00edv\u011btiv\u00e9 rozhran\u00ed pro snadnou interakci.<\/li>\n<li>\n<h3><strong>Komplexn\u00ed kompatibilita<\/strong><\/h3>\n<p>ACR1222L, postaven\u00fd na z\u00e1kladech technologie 13,56 MHz RFID a standardu ISO\/IEC 18092, se m\u016f\u017ee pochlubit \u0161irokou kompatibilitou s kartami ISO14443 typu A a B, MIFARE, FeliCa a v\u0161emi \u010dty\u0159mi typy NFC tag\u016f.<\/li>\n<li>\n<h3><strong>Vylep\u0161en\u00e1 u\u017eivatelsk\u00e1 zku\u0161enost<\/strong><\/h3>\n<\/li>\n<\/ul>\n<p style=\"text-align: left; padding-left: 40px;\"><span style=\"color: #555555; font-size: 14.4px;\">D\u00edky kompatibilit\u011b s PC\/SC umo\u017e\u0148uje ACR1222L snadn\u00e9 upgrady aplikac\u00ed pro \u010dipov\u00e9 karty a zaji\u0161\u0165uje bezprobl\u00e9mov\u00fd p\u0159echod pro u\u017eivatele, kte\u0159\u00ed hledaj\u00ed vylep\u0161en\u00e9 funkce a interakce.<\/span><\/p>\n<ul>\n<li>\n<h3><strong>Intuitivn\u00ed rozhran\u00ed<\/strong><\/h3>\n<\/li>\n<\/ul>\n<p style=\"text-align: left; padding-left: 40px;\">\u00a0ACR1222L, vybaven\u00fd 4 LED diodami, bzu\u010d\u00e1kem a v\u00edcejazy\u010dn\u00fdm LCD displejem, poskytuje jasnou indikaci stavu \u010dte\u010dky a aplikac\u00ed, \u010d\u00edm\u017e zlep\u0161uje porozum\u011bn\u00ed a zapojen\u00ed u\u017eivatele.<\/p>\n<ul>\n<li>\n<h3><strong>V\u00edcejazy\u010dn\u00e1 podpora<\/strong><\/h3>\n<p>2\u0159\u00e1dkov\u00fd grafick\u00fd LCD displej podporuje v\u00edce jazyk\u016f, v\u010detn\u011b \u010d\u00edn\u0161tiny, angli\u010dtiny, japon\u0161tiny a vybran\u00fdch evropsk\u00fdch jazyk\u016f, co\u017e umo\u017e\u0148uje r\u016fznorod\u00e9 u\u017eivatelsk\u00e9 z\u00e1kladn\u011b snadnou interakci se za\u0159\u00edzen\u00edm.<\/li>\n<li>\n<h3><strong>Interaktivn\u00ed provoz<\/strong><\/h3>\n<p>Displej LCD umo\u017e\u0148uje interaktivn\u00ed operace, jako je rolov\u00e1n\u00ed, co\u017e d\u00e1le zvy\u0161uje u\u017eivatelsk\u00e9 pohodl\u00ed a dostupnost.<\/li>\n<li>\n<h3><strong>Pokro\u010dil\u00e9 funkce zabezpe\u010den\u00ed<\/strong><\/h3>\n<p>Se t\u0159emi vestav\u011bn\u00fdmi sloty SAM zaji\u0161\u0165uje ACR1222L zv\u00fd\u0161enou bezpe\u010dnost p\u0159i bezkontaktn\u00edch operac\u00edch a chr\u00e1n\u00ed citliv\u00e1 data a transakce.<\/li>\n<\/ul>\n<\/div>\n<div><\/div>\n<div>\n<table width=\"702\">\n<tbody>\n<tr>\n<td colspan=\"2\" width=\"702\">Fyzik\u00e1ln\u00ed vlastnosti<\/td>\n<\/tr>\n<tr>\n<td rowspan=\"2\" width=\"250\">Rozm\u011bry (mm)<\/td>\n<td width=\"452\">Hlavn\u00ed t\u011blo: 133,5 mm (D) x 88,5 mm (\u0160) x 21,0 mm (V)<\/td>\n<\/tr>\n<tr>\n<td width=\"452\">Se stojanem: 158,0 mm (D) x 95,0 mm (\u0160) x 95,0 mm (V)<\/td>\n<\/tr>\n<tr>\n<td rowspan=\"2\" width=\"250\">Hmotnost (g)<\/td>\n<td width=\"452\">Hlavn\u00ed t\u011blo: 173 g<\/td>\n<\/tr>\n<tr>\n<td width=\"452\">Se stojanem: 415 g<\/td>\n<\/tr>\n<tr>\n<td colspan=\"2\" width=\"702\">Rozhran\u00ed USB<\/td>\n<\/tr>\n<tr>\n<td width=\"250\">Protokol<\/td>\n<td width=\"452\">USB CCID<\/td>\n<\/tr>\n<tr>\n<td width=\"250\">Typ konektoru<\/td>\n<td width=\"452\">Standardn\u00ed typ A<\/td>\n<\/tr>\n<tr>\n<td width=\"250\">Zdroj nap\u00e1jen\u00ed<\/td>\n<td width=\"452\">Z USB portu<\/td>\n<\/tr>\n<tr>\n<td width=\"250\">Rychlost<\/td>\n<td width=\"452\">USB Full Speed (12 Mbps)<\/td>\n<\/tr>\n<tr>\n<td width=\"250\">D\u00e9lka kabelu<\/td>\n<td width=\"452\">1,5 m, Pevn\u00e9<\/td>\n<\/tr>\n<tr>\n<td colspan=\"2\" width=\"702\">Rozhran\u00ed bezkontaktn\u00ed \u010dipov\u00e9 karty<\/td>\n<\/tr>\n<tr>\n<td width=\"250\">Norma<\/td>\n<td width=\"452\">ISO\/IEC 18092 NFC, ISO 14443 Typ A &amp; B, MIFARE\u00ae, FeliCa<\/td>\n<\/tr>\n<tr>\n<td rowspan=\"4\" width=\"250\">Protokol<\/td>\n<td width=\"452\">Karta vyhovuj\u00edc\u00ed ISO 14443-4, T=CL<\/td>\n<\/tr>\n<tr>\n<td width=\"452\">MIFARE\u00ae Classic Card, T=CL<\/td>\n<\/tr>\n<tr>\n<td width=\"452\">ISO18092, NFC tagy<\/td>\n<\/tr>\n<tr>\n<td width=\"452\">FeliCa<\/td>\n<\/tr>\n<tr>\n<td colspan=\"2\" width=\"702\">Rozhran\u00ed karty SAM<\/td>\n<\/tr>\n<tr>\n<td width=\"250\">Po\u010det slot\u016f<\/td>\n<td width=\"452\">3 standardn\u00ed sloty pro karty SIM<\/td>\n<\/tr>\n<tr>\n<td width=\"250\">Norma<\/td>\n<td width=\"452\">ISO 7816 T\u0159\u00edda A (5 V)<\/td>\n<\/tr>\n<tr>\n<td width=\"250\">Protokol<\/td>\n<td width=\"452\">T=0; T=1<\/td>\n<\/tr>\n<tr>\n<td colspan=\"2\" width=\"702\">Vestav\u011bn\u00e9 periferie<\/td>\n<\/tr>\n<tr>\n<td rowspan=\"3\" width=\"250\">LCD<\/td>\n<td width=\"452\">Grafick\u00fd LCD se \u017eluto-zelen\u00fdm podsv\u00edcen\u00edm<\/td>\n<\/tr>\n<tr>\n<td width=\"452\">Rozli\u0161en\u00ed: 128 x 32 pixel\u016f<\/td>\n<\/tr>\n<tr>\n<td width=\"452\">Po\u010det znak\u016f: 16 znak\u016f x 2 \u0159\u00e1dky<\/td>\n<\/tr>\n<tr>\n<td width=\"250\">LED<\/td>\n<td width=\"452\">4 jednobarevn\u00e9: zelen\u00e1, modr\u00e1, oran\u017eov\u00e1 a \u010derven\u00e1<\/td>\n<\/tr>\n<tr>\n<td width=\"250\">Bzu\u010d\u00e1k<\/td>\n<td width=\"452\">Monot\u00f3nn\u00ed<\/td>\n<\/tr>\n<tr>\n<td colspan=\"2\" width=\"702\">Dal\u0161\u00ed funkce<\/td>\n<\/tr>\n<tr>\n<td width=\"250\">Upgrade firmwaru<\/td>\n<td width=\"452\">Podporov\u00e1no<\/td>\n<\/tr>\n<tr>\n<td colspan=\"2\" width=\"702\">Certifikace\/shoda<\/td>\n<\/tr>\n<tr>\n<td rowspan=\"13\" width=\"250\">Certifikace\/shoda<\/td>\n<td width=\"452\">ISO 18092<\/td>\n<\/tr>\n<tr>\n<td width=\"452\">ISO 14443<\/td>\n<\/tr>\n<tr>\n<td width=\"452\">ISO 7816 (SAM slot)<\/td>\n<\/tr>\n<tr>\n<td width=\"452\">USB pln\u00e1 rychlost<\/td>\n<\/tr>\n<tr>\n<td width=\"452\">PC\/SC<\/td>\n<\/tr>\n<tr>\n<td width=\"452\">CCID<\/td>\n<\/tr>\n<tr>\n<td width=\"452\">VCCI (Japonsko)<\/td>\n<\/tr>\n<tr>\n<td width=\"452\">KC (Korea)<\/td>\n<\/tr>\n<tr>\n<td width=\"452\">Microsoft\u00ae WHQL<\/td>\n<\/tr>\n<tr>\n<td width=\"452\">CE<\/td>\n<\/tr>\n<tr>\n<td width=\"452\">FCC<\/td>\n<\/tr>\n<tr>\n<td width=\"452\">RoHS<\/td>\n<\/tr>\n<tr>\n<td width=\"452\">DOSAH<\/td>\n<\/tr>\n<tr>\n<td colspan=\"2\" width=\"702\">Podpora opera\u010dn\u00edho syst\u00e9mu ovlada\u010de za\u0159\u00edzen\u00ed<\/td>\n<\/tr>\n<tr>\n<td rowspan=\"5\" width=\"250\">Podpora opera\u010dn\u00edho syst\u00e9mu ovlada\u010de za\u0159\u00edzen\u00ed<\/td>\n<td width=\"452\">Windows\u00ae<\/td>\n<\/tr>\n<tr>\n<td width=\"452\">Linux\u00ae<\/td>\n<\/tr>\n<tr>\n<td width=\"452\">MAC OS\u00ae<\/td>\n<\/tr>\n<tr>\n<td width=\"452\">Solaris<\/td>\n<\/tr>\n<tr>\n<td width=\"452\">Android\u2122<\/td>\n<\/tr>\n<\/tbody>\n<\/table>\n<\/div>\n<div><\/div>\n<div><\/div>\n<div><\/div>\n<div><\/div>","protected":false},"excerpt":{"rendered":"<p>ACR1222L je v\u0161estrann\u00e1 USB bezkontaktn\u00ed \u010dte\u010dka s LCD, kter\u00e1 podporuje technologii RFID NFC a nab\u00edz\u00ed vylep\u0161en\u00e9 zabezpe\u010den\u00ed pro aplikace s \u010dipov\u00fdmi kartami.<\/p>","protected":false},"featured_media":1563,"template":"","meta":[],"product_brand":[],"product_cat":[45,40],"product_tag":[],"class_list":{"0":"post-1558","1":"product","2":"type-product","3":"status-publish","4":"has-post-thumbnail","6":"product_cat-contactless-nfc-reader","7":"product_cat-rfid-nfc-reader","9":"first","10":"instock","11":"shipping-taxable","12":"product-type-simple"},"_links":{"self":[{"href":"https:\/\/nfc-readers.com\/cs\/wp-json\/wp\/v2\/product\/1558","targetHints":{"allow":["GET"]}}],"collection":[{"href":"https:\/\/nfc-readers.com\/cs\/wp-json\/wp\/v2\/product"}],"about":[{"href":"https:\/\/nfc-readers.com\/cs\/wp-json\/wp\/v2\/types\/product"}],"wp:featuredmedia":[{"embeddable":true,"href":"https:\/\/nfc-readers.com\/cs\/wp-json\/wp\/v2\/media\/1563"}],"wp:attachment":[{"href":"https:\/\/nfc-readers.com\/cs\/wp-json\/wp\/v2\/media?parent=1558"}],"wp:term":[{"taxonomy":"product_brand","embeddable":true,"href":"https:\/\/nfc-readers.com\/cs\/wp-json\/wp\/v2\/product_brand?post=1558"},{"taxonomy":"product_cat","embeddable":true,"href":"https:\/\/nfc-readers.com\/cs\/wp-json\/wp\/v2\/product_cat?post=1558"},{"taxonomy":"product_tag","embeddable":true,"href":"https:\/\/nfc-readers.com\/cs\/wp-json\/wp\/v2\/product_tag?post=1558"}],"curies":[{"name":"wp","href":"https:\/\/api.w.org\/{rel}","templated":true}]}}