{"id":1564,"date":"2024-04-07T06:24:04","date_gmt":"2024-04-07T06:24:04","guid":{"rendered":"https:\/\/nfc-readers.com\/?post_type=product&#038;p=1564"},"modified":"2024-10-16T06:23:32","modified_gmt":"2024-10-16T06:23:32","slug":"acm1281u-c7-usb-contactless-reader-module-with-sam-slot","status":"publish","type":"product","link":"https:\/\/nfc-readers.com\/cs\/ic-reader\/acm1281u-c7-usb-contactless-reader-module-with-sam-slot\/","title":{"rendered":"ACM1281U-C7 USB bezkontaktn\u00ed \u010dtec\u00ed modul se slotem SAM"},"content":{"rendered":"<h1>ACM1281U-C7 USB bezkontaktn\u00ed \u010dtec\u00ed modul se slotem SAM<\/h1>\n<p>ACM1281U-C7 vynik\u00e1 jako sofistikovan\u00e1 \u010dte\u010dka \u010dipov\u00fdch karet navr\u017een\u00e1 pro bezprobl\u00e9movou integraci do r\u016fzn\u00fdch vestav\u011bn\u00fdch syst\u00e9m\u016f. D\u00edky podpo\u0159e ISO 14443 A\/B pro hlavn\u00ed technologie karet a nab\u00edzen\u00ed hloubkov\u00e9ho zabezpe\u010den\u00ed prost\u0159ednictv\u00edm kompatibiln\u00edho slotu SAM spolu s flexibilitou firmwaru upgradovateln\u00e9ho v ter\u00e9nu je tato p\u0159enosn\u00e1 \u010dte\u010dka NFC p\u0159izp\u016fsobena pro prost\u0159ed\u00ed, kde je bezpe\u010dnost a spolehlivost prvo\u0159ad\u00e1, jako nap\u0159. platebn\u00ed a hern\u00ed syst\u00e9my.<\/p>\n<ul>\n<li>\n<h2>Rozhran\u00ed USB 2.0 Full Speed<\/h2>\n<\/li>\n<li>\n<h2>Soulad s CCID<\/h2>\n<\/li>\n<li>\n<h2>Mo\u017enost upgradu firmwaru USB<\/h2>\n<\/li>\n<li>\n<h2>\u010cte\u010dka \u010dipov\u00fdch karet:<\/h2>\n<ul>\n<li>\n<h3>Bezkontaktn\u00ed rozhran\u00ed:<\/h3>\n<ul>\n<li>\n<h4>Rychlost \u010dten\u00ed\/z\u00e1pisu a\u017e 848 kbps<\/h4>\n<\/li>\n<li>\n<h4>Vestav\u011bn\u00e1 ant\u00e9na pro bezkontaktn\u00ed p\u0159\u00edstup ke \u0161t\u00edtku se vzd\u00e1lenost\u00ed \u010dten\u00ed karty a\u017e 50 mm (v z\u00e1vislosti na typu \u0161t\u00edtku)<\/h4>\n<\/li>\n<li>\n<h4>Podporuje karty ISO 14443 \u010d\u00e1st 4 typu A a B a \u0159adu MIFARE\u00ae Classic<\/h4>\n<\/li>\n<li>\n<h4>Vestav\u011bn\u00e1 funkce proti sr\u00e1\u017ece (v ka\u017ed\u00e9m okam\u017eiku je p\u0159\u00edstupn\u00fd pouze 1 tag)<\/h4>\n<\/li>\n<li>\n<h4>Podporuje roz\u0161\u00ed\u0159en\u00e9 APDU (max. 64 kB)<\/h4>\n<\/li>\n<\/ul>\n<\/li>\n<li>\n<h3>Rozhran\u00ed SAM:<\/h3>\n<ul>\n<li>\n<h4>Slot SAM vyhovuj\u00edc\u00ed norm\u011b ISO 7816, t\u0159\u00edda A (5V)<\/h4>\n<\/li>\n<\/ul>\n<\/li>\n<\/ul>\n<\/li>\n<li>\n<h2>Aplika\u010dn\u00ed programovac\u00ed rozhran\u00ed:<\/h2>\n<ul>\n<li>\n<h3>Podporuje PC\/SC<\/h3>\n<\/li>\n<li>\n<h3>Podporuje CT-API (p\u0159es obal na PC\/SC)<\/h3>\n<\/li>\n<\/ul>\n<\/li>\n<li>\n<h2>periferie:<\/h2>\n<ul>\n<li>\n<h3>U\u017eivatelsky ovladateln\u00e1 dvoubarevn\u00e1 LED<\/h3>\n<\/li>\n<li>\n<h3>U\u017eivatelsky ovladateln\u00fd bzu\u010d\u00e1k<\/h3>\n<\/li>\n<li>\n<div>\n<table width=\"558\">\n<tbody>\n<tr>\n<td colspan=\"2\" width=\"558\">Fyzik\u00e1ln\u00ed vlastnosti<\/td>\n<\/tr>\n<tr>\n<td width=\"234\">Rozm\u011bry (mm)<\/td>\n<td width=\"324\">106,6 mm (D) x 67,0 mm (\u0160) x 16,0 mm (V)<\/td>\n<\/tr>\n<tr>\n<td width=\"234\">Hmotnost (g)<\/td>\n<td width=\"324\">20,8 g<\/td>\n<\/tr>\n<tr>\n<td colspan=\"2\" width=\"558\">Rozhran\u00ed USB<\/td>\n<\/tr>\n<tr>\n<td width=\"234\">Protokol<\/td>\n<td width=\"324\">USB CCID<\/td>\n<\/tr>\n<tr>\n<td width=\"234\">Typ konektoru<\/td>\n<td width=\"324\">Standardn\u00ed typ A<\/td>\n<\/tr>\n<tr>\n<td width=\"234\">Zdroj nap\u00e1jen\u00ed<\/td>\n<td width=\"324\">Z USB portu<\/td>\n<\/tr>\n<tr>\n<td width=\"234\">Rychlost<\/td>\n<td width=\"324\">USB Full Speed (12 Mbps)<\/td>\n<\/tr>\n<tr>\n<td width=\"234\">D\u00e9lka kabelu<\/td>\n<td width=\"324\">1,0 m, odn\u00edmateln\u00e9 (voliteln\u00e9)<\/td>\n<\/tr>\n<tr>\n<td colspan=\"2\" width=\"558\">Rozhran\u00ed bezkontaktn\u00ed \u010dipov\u00e9 karty<\/td>\n<\/tr>\n<tr>\n<td width=\"234\">Norma<\/td>\n<td width=\"324\">ISO 14443 A a B \u010c\u00e1sti 1-4<\/td>\n<\/tr>\n<tr>\n<td rowspan=\"2\" width=\"234\">Protokol<\/td>\n<td width=\"324\">Karty vyhovuj\u00edc\u00ed ISO14443-4, T=CL<\/td>\n<\/tr>\n<tr>\n<td width=\"324\">MIFARE\u00ae Classic Card Protocol, T=CL<\/td>\n<\/tr>\n<tr>\n<td width=\"234\">Ant\u00e9na<\/td>\n<td width=\"324\">65 mm x 60 mm<\/td>\n<\/tr>\n<tr>\n<td colspan=\"2\" width=\"558\">Rozhran\u00ed karty SAM<\/td>\n<\/tr>\n<tr>\n<td width=\"234\">Po\u010det slot\u016f<\/td>\n<td width=\"324\">1<\/td>\n<\/tr>\n<tr>\n<td width=\"234\">Norma<\/td>\n<td width=\"324\">ISO 7816 \u010c\u00e1sti 1-3, T\u0159\u00edda A (5 V)<\/td>\n<\/tr>\n<tr>\n<td width=\"234\">Protokol<\/td>\n<td width=\"324\">T=0; T=1<\/td>\n<\/tr>\n<tr>\n<td colspan=\"2\" width=\"558\">Vestav\u011bn\u00e9 periferie<\/td>\n<\/tr>\n<tr>\n<td width=\"234\">LED<\/td>\n<td width=\"324\">2 jednobarevn\u00e9: \u010derven\u00e1 a zelen\u00e1<\/td>\n<\/tr>\n<tr>\n<td width=\"234\">Bzu\u010d\u00e1k<\/td>\n<td width=\"324\">Monot\u00f3nn\u00ed<\/td>\n<\/tr>\n<tr>\n<td colspan=\"2\" width=\"558\">Dal\u0161\u00ed funkce<\/td>\n<\/tr>\n<tr>\n<td width=\"234\">Upgrade firmwaru<\/td>\n<td width=\"324\">Podporov\u00e1no<\/td>\n<\/tr>\n<tr>\n<td colspan=\"2\" width=\"558\">Certifikace\/shoda<\/td>\n<\/tr>\n<tr>\n<td rowspan=\"10\" width=\"234\">Certifikace\/shoda<\/td>\n<td width=\"324\">ISO 7816 (SAM slot)<\/td>\n<\/tr>\n<tr>\n<td width=\"324\">ISO 14443<\/td>\n<\/tr>\n<tr>\n<td width=\"324\">USB pln\u00e1 rychlost<\/td>\n<\/tr>\n<tr>\n<td width=\"324\">PC\/SC<\/td>\n<\/tr>\n<tr>\n<td width=\"324\">CCID<\/td>\n<\/tr>\n<tr>\n<td width=\"324\">CE<\/td>\n<\/tr>\n<tr>\n<td width=\"324\">FCC<\/td>\n<\/tr>\n<tr>\n<td width=\"324\">RoHS<\/td>\n<\/tr>\n<tr>\n<td width=\"324\">DOSAH<\/td>\n<\/tr>\n<tr>\n<td width=\"324\">Microsoft\u00ae WHQL<\/td>\n<\/tr>\n<tr>\n<td colspan=\"2\" width=\"558\">Podpora opera\u010dn\u00edho syst\u00e9mu ovlada\u010de za\u0159\u00edzen\u00ed<\/td>\n<\/tr>\n<tr>\n<td rowspan=\"5\" width=\"234\">Podpora opera\u010dn\u00edho syst\u00e9mu ovlada\u010de za\u0159\u00edzen\u00ed<\/td>\n<td width=\"324\">Windows\u00ae<\/td>\n<\/tr>\n<tr>\n<td width=\"324\">Linux\u00ae<\/td>\n<\/tr>\n<tr>\n<td width=\"324\">MAC OS\u00ae<\/td>\n<\/tr>\n<tr>\n<td width=\"324\">Solaris<\/td>\n<\/tr>\n<tr>\n<td width=\"324\">Android\u2122<\/td>\n<\/tr>\n<\/tbody>\n<\/table>\n<\/div>\n<\/li>\n<\/ul>\n<\/li>\n<\/ul>","protected":false},"excerpt":{"rendered":"<p>ACM1281U-C7 je v\u0161estrann\u00e1 bezkontaktn\u00ed USB \u010dte\u010dka se SAM, podporuj\u00edc\u00ed CCID a PC\/SC, ide\u00e1ln\u00ed pro zabezpe\u010den\u00e9 aplikace NFC, jako jsou prodejn\u00ed platby.<\/p>","protected":false},"featured_media":1565,"template":"","meta":[],"product_brand":[],"product_cat":[41],"product_tag":[],"class_list":{"0":"post-1564","1":"product","2":"type-product","3":"status-publish","4":"has-post-thumbnail","6":"product_cat-module-ic-reader","8":"first","9":"instock","10":"shipping-taxable","11":"product-type-simple"},"_links":{"self":[{"href":"https:\/\/nfc-readers.com\/cs\/wp-json\/wp\/v2\/product\/1564","targetHints":{"allow":["GET"]}}],"collection":[{"href":"https:\/\/nfc-readers.com\/cs\/wp-json\/wp\/v2\/product"}],"about":[{"href":"https:\/\/nfc-readers.com\/cs\/wp-json\/wp\/v2\/types\/product"}],"wp:featuredmedia":[{"embeddable":true,"href":"https:\/\/nfc-readers.com\/cs\/wp-json\/wp\/v2\/media\/1565"}],"wp:attachment":[{"href":"https:\/\/nfc-readers.com\/cs\/wp-json\/wp\/v2\/media?parent=1564"}],"wp:term":[{"taxonomy":"product_brand","embeddable":true,"href":"https:\/\/nfc-readers.com\/cs\/wp-json\/wp\/v2\/product_brand?post=1564"},{"taxonomy":"product_cat","embeddable":true,"href":"https:\/\/nfc-readers.com\/cs\/wp-json\/wp\/v2\/product_cat?post=1564"},{"taxonomy":"product_tag","embeddable":true,"href":"https:\/\/nfc-readers.com\/cs\/wp-json\/wp\/v2\/product_tag?post=1564"}],"curies":[{"name":"wp","href":"https:\/\/api.w.org\/{rel}","templated":true}]}}