{"id":1566,"date":"2024-04-07T06:26:05","date_gmt":"2024-04-07T06:26:05","guid":{"rendered":"https:\/\/nfc-readers.com\/?post_type=product&#038;p=1566"},"modified":"2024-10-16T06:20:36","modified_gmt":"2024-10-16T06:20:36","slug":"acm1281s-c7-serial-contactless-reader-module-with-sam-slot","status":"publish","type":"product","link":"https:\/\/nfc-readers.com\/cs\/ic-reader\/acm1281s-c7-serial-contactless-reader-module-with-sam-slot\/","title":{"rendered":"ACM1281S-C7 S\u00e9riov\u00fd bezkontaktn\u00ed \u010dtec\u00ed modul se slotem SAM"},"content":{"rendered":"<h1>ACM1281S-C7 S\u00e9riov\u00fd bezkontaktn\u00ed \u010dtec\u00ed modul se slotem SAM<\/h1>\n<p>ACM1281S-C7 p\u0159edstavuje pokro\u010dilou s\u00e9riovou bezkontaktn\u00ed \u010dte\u010dku \u010dipov\u00fdch karet s vysokorychlostn\u00edmi a p\u0159enosn\u00fdmi vlastnostmi, vhodnou pro \u0161irokou \u0161k\u00e1lu aplikac\u00ed vy\u017eaduj\u00edc\u00edch rychl\u00e9, spolehliv\u00e9 a bezpe\u010dn\u00e9 interakce. Jeho schopnost podporovat roz\u0161\u00ed\u0159en\u00e9 APDU spolu se snadn\u00fdm pou\u017e\u00edv\u00e1n\u00edm \u010din\u00ed z t\u00e9to \u010dte\u010dky robustn\u00ed \u0159e\u0161en\u00ed pro mobiln\u00ed i pevn\u00e1 prost\u0159ed\u00ed.<\/p>\n<ul>\n<li>\n<h2>S\u00e9riov\u00e9 rozhran\u00ed RS232<\/h2>\n<\/li>\n<li>\n<h2>USB rozhran\u00ed pro nap\u00e1jen\u00ed<\/h2>\n<\/li>\n<li>\n<h2>Form\u00e1t sn\u00edmk\u016f podobn\u00fd CCID (bin\u00e1rn\u00ed form\u00e1t)<\/h2>\n<\/li>\n<li>\n<h2>Mo\u017enost upgradu firmwaru USB<\/h2>\n<\/li>\n<li>\n<h2>\u010cte\u010dka \u010dipov\u00fdch karet:<\/h2>\n<ul>\n<li>\n<h3>Bezkontaktn\u00ed rozhran\u00ed:<\/h3>\n<ul>\n<li>\n<h4>Rychlost \u010dten\u00ed\/z\u00e1pisu a\u017e 848 kbps<\/h4>\n<\/li>\n<li>\n<h4>Vestav\u011bn\u00e1 ant\u00e9na pro bezkontaktn\u00ed p\u0159\u00edstup ke \u0161t\u00edtku se vzd\u00e1lenost\u00ed \u010dten\u00ed karty a\u017e 50 mm (v z\u00e1vislosti na typu \u0161t\u00edtku)<\/h4>\n<\/li>\n<li>\n<h4>Podporuje karty ISO 14443 \u010d\u00e1st 4 typu A a B a \u0159adu MIFARE\u00ae Classic<\/h4>\n<\/li>\n<li>\n<h4>Vestav\u011bn\u00e1 funkce proti sr\u00e1\u017ece (v ka\u017ed\u00e9m okam\u017eiku je p\u0159\u00edstupn\u00fd pouze 1 tag)<\/h4>\n<\/li>\n<li>\n<h4>Podporuje roz\u0161\u00ed\u0159en\u00e9 APDU (max. 64 kB)<\/h4>\n<\/li>\n<\/ul>\n<\/li>\n<li>\n<h3>Rozhran\u00ed SAM:<\/h3>\n<ul>\n<li>\n<h4>Slot SAM vyhovuj\u00edc\u00ed norm\u011b ISO 7816, t\u0159\u00edda A (5V)<\/h4>\n<\/li>\n<\/ul>\n<\/li>\n<\/ul>\n<\/li>\n<li>\n<h2>periferie:<\/h2>\n<ul>\n<li>\n<h3>U\u017eivatelsky ovladateln\u00e1 dvoubarevn\u00e1 LED<\/h3>\n<\/li>\n<li>\n<h3>U\u017eivatelsky ovladateln\u00fd bzu\u010d\u00e1k<\/h3>\n<\/li>\n<li>\n<div>\n<table width=\"551\">\n<tbody>\n<tr>\n<td colspan=\"2\" width=\"551\">Fyzik\u00e1ln\u00ed vlastnosti<\/td>\n<\/tr>\n<tr>\n<td width=\"226\">Rozm\u011bry (mm)<\/td>\n<td width=\"325\">106,6 mm (D) x 67,0 g (\u0160) x 16,0 g (V)<\/td>\n<\/tr>\n<tr>\n<td width=\"226\">Hmotnost (g)<\/td>\n<td width=\"325\">20,8 g<\/td>\n<\/tr>\n<tr>\n<td colspan=\"2\" width=\"551\">S\u00e9riov\u00e9 rozhran\u00ed<\/td>\n<\/tr>\n<tr>\n<td width=\"226\">Protokol<\/td>\n<td width=\"325\">RS-232<\/td>\n<\/tr>\n<tr>\n<td width=\"226\">Typ konektoru<\/td>\n<td width=\"325\">Konektor DB-9<\/td>\n<\/tr>\n<tr>\n<td width=\"226\">Zdroj nap\u00e1jen\u00ed<\/td>\n<td width=\"325\">P\u0159es USB kabel<\/td>\n<\/tr>\n<tr>\n<td width=\"226\">D\u00e9lka kabelu<\/td>\n<td width=\"325\">1,5 m, odn\u00edmateln\u00e9 (voliteln\u00e9)<\/td>\n<\/tr>\n<tr>\n<td colspan=\"2\" width=\"551\">Rozhran\u00ed bezkontaktn\u00ed \u010dipov\u00e9 karty<\/td>\n<\/tr>\n<tr>\n<td width=\"226\">Norma<\/td>\n<td width=\"325\">ISO 14443 A a B \u010c\u00e1sti 1-4<\/td>\n<\/tr>\n<tr>\n<td rowspan=\"2\" width=\"226\">Protokol<\/td>\n<td width=\"325\">Karty vyhovuj\u00edc\u00ed ISO14443-4, T=CL<\/td>\n<\/tr>\n<tr>\n<td width=\"325\">MIFARE\u00ae Classic Card Protocol, T=CL<\/td>\n<\/tr>\n<tr>\n<td width=\"226\">Ant\u00e9na<\/td>\n<td width=\"325\">65 mm x 60 mm<\/td>\n<\/tr>\n<tr>\n<td colspan=\"2\" width=\"551\">Rozhran\u00ed karty SAM<\/td>\n<\/tr>\n<tr>\n<td width=\"226\">Po\u010det slot\u016f<\/td>\n<td width=\"325\">1<\/td>\n<\/tr>\n<tr>\n<td width=\"226\">Norma<\/td>\n<td width=\"325\">ISO 7816 \u010c\u00e1sti 1-3, T\u0159\u00edda A (5 V)<\/td>\n<\/tr>\n<tr>\n<td width=\"226\">Protokol<\/td>\n<td width=\"325\">T=0; T=1<\/td>\n<\/tr>\n<tr>\n<td colspan=\"2\" width=\"551\">Vestav\u011bn\u00e9 periferie<\/td>\n<\/tr>\n<tr>\n<td width=\"226\">LED<\/td>\n<td width=\"325\">2 jednobarevn\u00e9: \u010derven\u00e1 a zelen\u00e1<\/td>\n<\/tr>\n<tr>\n<td width=\"226\">Bzu\u010d\u00e1k<\/td>\n<td width=\"325\">Monot\u00f3nn\u00ed<\/td>\n<\/tr>\n<tr>\n<td colspan=\"2\" width=\"551\">Dal\u0161\u00ed funkce<\/td>\n<\/tr>\n<tr>\n<td width=\"226\">Upgrade firmwaru<\/td>\n<td width=\"325\">Podporov\u00e1no<\/td>\n<\/tr>\n<tr>\n<td colspan=\"2\" width=\"551\">Certifikace\/shoda<\/td>\n<\/tr>\n<tr>\n<td rowspan=\"6\" width=\"226\">Certifikace\/shoda<\/td>\n<td width=\"325\">ISO 7816 (SAM slot)<\/td>\n<\/tr>\n<tr>\n<td width=\"325\">ISO 14443<\/td>\n<\/tr>\n<tr>\n<td width=\"325\">CE<\/td>\n<\/tr>\n<tr>\n<td width=\"325\">FCC<\/td>\n<\/tr>\n<tr>\n<td width=\"325\">RoHS<\/td>\n<\/tr>\n<tr>\n<td width=\"325\">DOSAH<\/td>\n<\/tr>\n<tr>\n<td colspan=\"2\" width=\"551\">Podpora opera\u010dn\u00edho syst\u00e9mu ovlada\u010de za\u0159\u00edzen\u00ed<\/td>\n<\/tr>\n<tr>\n<td rowspan=\"2\" width=\"226\">Podpora opera\u010dn\u00edho syst\u00e9mu ovlada\u010de za\u0159\u00edzen\u00ed<\/td>\n<td width=\"325\">Windows\u00ae<\/td>\n<\/tr>\n<tr>\n<td width=\"325\">Linux\u00ae<\/td>\n<\/tr>\n<\/tbody>\n<\/table>\n<\/div>\n<\/li>\n<\/ul>\n<\/li>\n<\/ul>","protected":false},"excerpt":{"rendered":"<p>ACM1281S-C7 je kompaktn\u00ed s\u00e9riov\u00e1 bezkontaktn\u00ed \u010dte\u010dka s modulem SAM, kter\u00e1 nab\u00edz\u00ed vysokorychlostn\u00ed v\u00fdkon a snadnou integraci pro r\u016fzn\u00e9 vestav\u011bn\u00e9 aplikace.<\/p>","protected":false},"featured_media":1567,"template":"","meta":[],"product_brand":[],"product_cat":[45,41],"product_tag":[],"class_list":{"0":"post-1566","1":"product","2":"type-product","3":"status-publish","4":"has-post-thumbnail","6":"product_cat-contactless-nfc-reader","7":"product_cat-module-ic-reader","9":"first","10":"instock","11":"shipping-taxable","12":"product-type-simple"},"_links":{"self":[{"href":"https:\/\/nfc-readers.com\/cs\/wp-json\/wp\/v2\/product\/1566","targetHints":{"allow":["GET"]}}],"collection":[{"href":"https:\/\/nfc-readers.com\/cs\/wp-json\/wp\/v2\/product"}],"about":[{"href":"https:\/\/nfc-readers.com\/cs\/wp-json\/wp\/v2\/types\/product"}],"wp:featuredmedia":[{"embeddable":true,"href":"https:\/\/nfc-readers.com\/cs\/wp-json\/wp\/v2\/media\/1567"}],"wp:attachment":[{"href":"https:\/\/nfc-readers.com\/cs\/wp-json\/wp\/v2\/media?parent=1566"}],"wp:term":[{"taxonomy":"product_brand","embeddable":true,"href":"https:\/\/nfc-readers.com\/cs\/wp-json\/wp\/v2\/product_brand?post=1566"},{"taxonomy":"product_cat","embeddable":true,"href":"https:\/\/nfc-readers.com\/cs\/wp-json\/wp\/v2\/product_cat?post=1566"},{"taxonomy":"product_tag","embeddable":true,"href":"https:\/\/nfc-readers.com\/cs\/wp-json\/wp\/v2\/product_tag?post=1566"}],"curies":[{"name":"wp","href":"https:\/\/api.w.org\/{rel}","templated":true}]}}