{"id":1568,"date":"2024-04-07T06:30:24","date_gmt":"2024-04-07T06:30:24","guid":{"rendered":"https:\/\/nfc-readers.com\/?post_type=product&#038;p=1568"},"modified":"2024-10-16T06:16:19","modified_gmt":"2024-10-16T06:16:19","slug":"acm1252u-y3-usb-nfc-reader-module-with-detachable-antenna-board","status":"publish","type":"product","link":"https:\/\/nfc-readers.com\/cs\/ic-reader\/acm1252u-y3-usb-nfc-reader-module-with-detachable-antenna-board\/","title":{"rendered":"ACM1252U-Y3 USB NFC \u010dtec\u00ed modul s odn\u00edmatelnou ant\u00e9nn\u00ed deskou"},"content":{"rendered":"<h1>ACM1252U-Y3 USB NFC \u010dtec\u00ed modul s odn\u00edmatelnou ant\u00e9nn\u00ed deskou<\/h1>\n<p>ACM1252U-Y3 je nejmodern\u011bj\u0161\u00ed modul \u010dte\u010dky \u010dipov\u00fdch karet NFC USB Reader Module, ide\u00e1ln\u00ed pro r\u016fznorod\u00e9 aplikace vy\u017eaduj\u00edc\u00ed vestav\u011bnou technologii NFC. D\u00edky sv\u00fdm roz\u0161\u00ed\u0159en\u00fdm mo\u017enostem dosahu, vysokorychlostn\u00edmu p\u0159enosu dat a dal\u0161\u00edm funkc\u00edm podporuj\u00edc\u00edm p\u0159izp\u016fsobivost a u\u017eivatelskou p\u0159\u00edv\u011btivost je tento modul pr\u00e9miovou volbou pro umo\u017en\u011bn\u00ed transakc\u00ed NFC v integrovan\u00fdch syst\u00e9mov\u00fdch aplikac\u00edch.<\/p>\n<ul>\n<li>\n<h2>Rozhran\u00ed USB 2.0 Full Speed<\/h2>\n<\/li>\n<li>\n<h2>Soulad s CCID<\/h2>\n<\/li>\n<li>\n<h2>Mo\u017enost upgradu firmwaru USB<\/h2>\n<\/li>\n<li>\n<h2>\u010cte\u010dka \u010dipov\u00fdch karet:<\/h2>\n<ul>\n<li>\n<h3>Bezkontaktn\u00ed rozhran\u00ed:<\/h3>\n<ul>\n<li>\n<h4>Rychlost \u010dten\u00ed\/z\u00e1pisu a\u017e 424 kbps<\/h4>\n<\/li>\n<li>\n<h4>Vestav\u011bn\u00e1 ant\u00e9na pro bezkontaktn\u00ed p\u0159\u00edstup ke \u0161t\u00edtku se vzd\u00e1lenost\u00ed \u010dten\u00ed karty a\u017e 50 mm (v z\u00e1vislosti na typu \u0161t\u00edtku)<\/h4>\n<\/li>\n<li>\n<h4>Podporuje karty ISO 14443 typu A a B, MIFARE\u00ae a FeliCa a v\u0161echny 4 typy zna\u010dek NFC (ISO\/IEC 18092)<\/h4>\n<\/li>\n<li>\n<h4>Podporuje MIFARE\u00ae 7bajtov\u00e9 UID, MIFARE\u00ae Plus a MIFARE\u00ae DESfire<\/h4>\n<\/li>\n<li>\n<h4>Vestav\u011bn\u00e1 funkce proti sr\u00e1\u017ece (v ka\u017ed\u00e9m okam\u017eiku je p\u0159\u00edstupn\u00fd pouze 1 tag)<\/h4>\n<\/li>\n<li>\n<h4>Podpora NFC:<\/h4>\n<ul>\n<li>Re\u017eim \u010dte\u010dky\/zapisova\u010dky NFC<\/li>\n<li>Re\u017eim Peer-to-Peer<\/li>\n<li>Re\u017eim emulace karty<\/li>\n<\/ul>\n<\/li>\n<\/ul>\n<\/li>\n<\/ul>\n<\/li>\n<li>\n<h2>Aplika\u010dn\u00ed programovac\u00ed rozhran\u00ed:<\/h2>\n<ul>\n<li>\n<h3>Podporuje PC\/SC<\/h3>\n<\/li>\n<li>\n<h3>Podporuje CT-API (p\u0159es obal na PC\/SC)<\/h3>\n<\/li>\n<\/ul>\n<\/li>\n<li>\n<h2>periferie:<\/h2>\n<ul>\n<li>\n<h3>U\u017eivatelsky ovladateln\u00e1 dvoubarevn\u00e1 LED<\/h3>\n<\/li>\n<li>\n<h3>U\u017eivatelsky ovladateln\u00fd bzu\u010d\u00e1k<\/h3>\n<\/li>\n<li>\n<div>\n<table width=\"495\">\n<tbody>\n<tr>\n<td colspan=\"2\" width=\"495\">Fyzik\u00e1ln\u00ed vlastnosti<\/td>\n<\/tr>\n<tr>\n<td rowspan=\"2\" width=\"187\">Rozm\u011bry (mm)<\/td>\n<td width=\"308\">Hlavn\u00ed deska: 55,0 mm (D) x 45,0 mm (\u0160) x 5,1 mm (V)<\/td>\n<\/tr>\n<tr>\n<td width=\"308\">Ant\u00e9nn\u00ed deska: 91,0 mm (D) x 49,5 mm (\u0160) x 5,1 mm (V)<\/td>\n<\/tr>\n<tr>\n<td width=\"187\">Hmotnost (g)<\/td>\n<td width=\"308\">26,6 g<\/td>\n<\/tr>\n<tr>\n<td colspan=\"2\" width=\"495\">Rozhran\u00ed USB<\/td>\n<\/tr>\n<tr>\n<td width=\"187\">Protokol<\/td>\n<td width=\"308\">USB CCID<\/td>\n<\/tr>\n<tr>\n<td width=\"187\">Typ konektoru<\/td>\n<td width=\"308\">Standardn\u00ed typ A<\/td>\n<\/tr>\n<tr>\n<td width=\"187\">Zdroj nap\u00e1jen\u00ed<\/td>\n<td width=\"308\">Z USB portu<\/td>\n<\/tr>\n<tr>\n<td width=\"187\">Rychlost<\/td>\n<td width=\"308\">USB Full Speed (12 Mbps)<\/td>\n<\/tr>\n<tr>\n<td width=\"187\">D\u00e9lka kabelu<\/td>\n<td width=\"308\">1,0 m, odn\u00edmateln\u00e9 (voliteln\u00e9)<\/td>\n<\/tr>\n<tr>\n<td colspan=\"2\" width=\"495\">Rozhran\u00ed bezkontaktn\u00ed \u010dipov\u00e9 karty<\/td>\n<\/tr>\n<tr>\n<td width=\"187\">Norma<\/td>\n<td width=\"308\">ISO\/IEC 18092 NFC, ISO 14443 Typ A &amp; B, MIFARE\u00ae, FeliCa<\/td>\n<\/tr>\n<tr>\n<td rowspan=\"4\" width=\"187\">Protokol<\/td>\n<td width=\"308\">Karta vyhovuj\u00edc\u00ed ISO 14443-4, T=CL<\/td>\n<\/tr>\n<tr>\n<td width=\"308\">MIFARE\u00ae Classic Card, T=CL<\/td>\n<\/tr>\n<tr>\n<td width=\"308\">ISO18092, NFC tagy<\/td>\n<\/tr>\n<tr>\n<td width=\"308\">FeliCa<\/td>\n<\/tr>\n<tr>\n<td width=\"187\">Ant\u00e9na<\/td>\n<td width=\"308\">77 mm x 49,5 mm<\/td>\n<\/tr>\n<tr>\n<td colspan=\"2\" width=\"495\">Rozhran\u00ed karty SAM<\/td>\n<\/tr>\n<tr>\n<td width=\"187\">Po\u010det slot\u016f<\/td>\n<td width=\"308\">1 (Voliteln\u00e9)<\/td>\n<\/tr>\n<tr>\n<td colspan=\"2\" width=\"495\">Vestav\u011bn\u00e9 periferie<\/td>\n<\/tr>\n<tr>\n<td width=\"187\">LED<\/td>\n<td width=\"308\">1 dvoubarevn\u00e1: \u010derven\u00e1 a zelen\u00e1<\/td>\n<\/tr>\n<tr>\n<td width=\"187\">Bzu\u010d\u00e1k<\/td>\n<td width=\"308\">Monot\u00f3nn\u00ed<\/td>\n<\/tr>\n<tr>\n<td colspan=\"2\" width=\"495\">Dal\u0161\u00ed funkce<\/td>\n<\/tr>\n<tr>\n<td width=\"187\">Upgrade firmwaru<\/td>\n<td width=\"308\">Podporov\u00e1no<\/td>\n<\/tr>\n<tr>\n<td colspan=\"2\" width=\"495\">Certifikace\/shoda<\/td>\n<\/tr>\n<tr>\n<td rowspan=\"13\" width=\"187\">Certifikace\/shoda<\/td>\n<td width=\"308\">EN 60950\/IEC 60950<\/td>\n<\/tr>\n<tr>\n<td width=\"308\">ISO 7816 (SAM slot)<\/td>\n<\/tr>\n<tr>\n<td width=\"308\">ISO 14443<\/td>\n<\/tr>\n<tr>\n<td width=\"308\">ISO 18092<\/td>\n<\/tr>\n<tr>\n<td width=\"308\">USB pln\u00e1 rychlost<\/td>\n<\/tr>\n<tr>\n<td width=\"308\">PC\/SC<\/td>\n<\/tr>\n<tr>\n<td width=\"308\">CCID<\/td>\n<\/tr>\n<tr>\n<td width=\"308\">VCCI (Japonsko)<\/td>\n<\/tr>\n<tr>\n<td width=\"308\">CE<\/td>\n<\/tr>\n<tr>\n<td width=\"308\">FCC<\/td>\n<\/tr>\n<tr>\n<td width=\"308\">RoHS<\/td>\n<\/tr>\n<tr>\n<td width=\"308\">DOSAH<\/td>\n<\/tr>\n<tr>\n<td width=\"308\">Microsoft\u00ae WHQL<\/td>\n<\/tr>\n<tr>\n<td colspan=\"2\" width=\"495\">Podpora opera\u010dn\u00edho syst\u00e9mu ovlada\u010de za\u0159\u00edzen\u00ed<\/td>\n<\/tr>\n<tr>\n<td rowspan=\"5\" width=\"187\">Podpora opera\u010dn\u00edho syst\u00e9mu ovlada\u010de za\u0159\u00edzen\u00ed<\/td>\n<td width=\"308\">Windows\u00ae<\/td>\n<\/tr>\n<tr>\n<td width=\"308\">Linux\u00ae<\/td>\n<\/tr>\n<tr>\n<td width=\"308\">MAC OS\u00ae<\/td>\n<\/tr>\n<tr>\n<td width=\"308\">Solaris<\/td>\n<\/tr>\n<tr>\n<td width=\"308\">Android\u2122<\/td>\n<\/tr>\n<\/tbody>\n<\/table>\n<\/div>\n<\/li>\n<\/ul>\n<\/li>\n<\/ul>","protected":false},"excerpt":{"rendered":"<p>ACM1252U-Y3 je v\u0161estrann\u00fd NFC USB modul vyu\u017e\u00edvaj\u00edc\u00ed technologii 13,56M, podporuje vysokorychlostn\u00ed v\u00fdm\u011bnu dat a je ide\u00e1ln\u00ed pro r\u016fzn\u00e9 vestav\u011bn\u00e9 aplikace.<\/p>","protected":false},"featured_media":1570,"template":"","meta":[],"product_brand":[],"product_cat":[45,41,40],"product_tag":[],"class_list":{"0":"post-1568","1":"product","2":"type-product","3":"status-publish","4":"has-post-thumbnail","6":"product_cat-contactless-nfc-reader","7":"product_cat-module-ic-reader","8":"product_cat-rfid-nfc-reader","10":"first","11":"instock","12":"shipping-taxable","13":"product-type-simple"},"_links":{"self":[{"href":"https:\/\/nfc-readers.com\/cs\/wp-json\/wp\/v2\/product\/1568","targetHints":{"allow":["GET"]}}],"collection":[{"href":"https:\/\/nfc-readers.com\/cs\/wp-json\/wp\/v2\/product"}],"about":[{"href":"https:\/\/nfc-readers.com\/cs\/wp-json\/wp\/v2\/types\/product"}],"wp:featuredmedia":[{"embeddable":true,"href":"https:\/\/nfc-readers.com\/cs\/wp-json\/wp\/v2\/media\/1570"}],"wp:attachment":[{"href":"https:\/\/nfc-readers.com\/cs\/wp-json\/wp\/v2\/media?parent=1568"}],"wp:term":[{"taxonomy":"product_brand","embeddable":true,"href":"https:\/\/nfc-readers.com\/cs\/wp-json\/wp\/v2\/product_brand?post=1568"},{"taxonomy":"product_cat","embeddable":true,"href":"https:\/\/nfc-readers.com\/cs\/wp-json\/wp\/v2\/product_cat?post=1568"},{"taxonomy":"product_tag","embeddable":true,"href":"https:\/\/nfc-readers.com\/cs\/wp-json\/wp\/v2\/product_tag?post=1568"}],"curies":[{"name":"wp","href":"https:\/\/api.w.org\/{rel}","templated":true}]}}