{"id":1572,"date":"2024-04-07T06:32:56","date_gmt":"2024-04-07T06:32:56","guid":{"rendered":"https:\/\/nfc-readers.com\/?post_type=product&#038;p=1572"},"modified":"2024-10-16T06:13:06","modified_gmt":"2024-10-16T06:13:06","slug":"acm1252u-z2-small-nfc-reader-module","status":"publish","type":"product","link":"https:\/\/nfc-readers.com\/cs\/ic-reader\/acm1252u-z2-small-nfc-reader-module\/","title":{"rendered":"ACM1252U-Z2 Mal\u00fd modul \u010dte\u010dky NFC"},"content":{"rendered":"<h1>ACM1252U-Z2 Mal\u00fd modul \u010dte\u010dky NFC<\/h1>\n<p>ACM1252U-Z2 je v\u0161estrann\u00fd a robustn\u00ed \u010dtec\u00ed modul NFC vytvo\u0159en\u00fd pro integraci vestav\u011bn\u00e9ho syst\u00e9mu, kter\u00fd p\u0159edstavuje hodnotnou kombinaci \u0161irok\u00e9 podpory protokol\u016f a efektivn\u00ed funk\u010dnosti. Jeho funkce proti kolizi p\u0159id\u00e1v\u00e1 u\u017eite\u010dnost ve sc\u00e9n\u00e1\u0159\u00edch s v\u00edce kartami a upev\u0148uje jeho roli jako n\u00e1kladov\u011b efektivn\u00ed \u0159e\u0161en\u00ed v prost\u0159ed\u00ed technologie NFC.<\/p>\n<ul>\n<li>\n<h2>Rozhran\u00ed USB 2.0 Full Speed<\/h2>\n<\/li>\n<li>\n<h2>Soulad s CCID<\/h2>\n<\/li>\n<li>\n<h2>Podpora bezkontaktn\u00edch karet:<\/h2>\n<ul>\n<li>\n<h3>Rychlost \u010dten\u00ed\/z\u00e1pisu a\u017e 424 kbps<\/h3>\n<\/li>\n<li>\n<h3>Vestav\u011bn\u00e1 ant\u00e9na pro bezkontaktn\u00ed p\u0159\u00edstup ke \u0161t\u00edtku se vzd\u00e1lenost\u00ed \u010dten\u00ed karty a\u017e 30 mm (v z\u00e1vislosti na typu \u0161t\u00edtku)<\/h3>\n<\/li>\n<li>\n<h3>Podporuje karty ISO 14443 Part 4 Type A a B, MIFARE\u00ae, FeliCa a v\u0161echny \u010dty\u0159i typy NFC (\u0161t\u00edtky ISO 18092)<\/h3>\n<\/li>\n<li>\n<h3>Vestav\u011bn\u00e1 funkce proti kolizi (v\u017edy je p\u0159\u00edstupn\u00e1 pouze jedna zna\u010dka)<\/h3>\n<\/li>\n<\/ul>\n<\/li>\n<li>\n<h2>Aplika\u010dn\u00ed programovac\u00ed rozhran\u00ed<\/h2>\n<ul>\n<li>\n<h3>Podporuje PC\/SC<\/h3>\n<\/li>\n<\/ul>\n<\/li>\n<li>\n<h2>Mo\u017enost upgradu firmwaru p\u0159es USB<\/h2>\n<\/li>\n<li>\n<div>\n<table width=\"574\">\n<tbody>\n<tr>\n<td colspan=\"2\" width=\"574\">Fyzik\u00e1ln\u00ed vlastnosti<\/td>\n<\/tr>\n<tr>\n<td width=\"204\">Rozm\u011bry (mm)<\/td>\n<td width=\"370\">52,0 mm (D) x 20,0 mm (\u0160) x 6,0 mm (V)<\/td>\n<\/tr>\n<tr>\n<td width=\"204\">Hmotnost (g)<\/td>\n<td width=\"370\">3,65 g<\/td>\n<\/tr>\n<tr>\n<td colspan=\"2\" width=\"574\">Rozhran\u00ed USB<\/td>\n<\/tr>\n<tr>\n<td width=\"204\">Protokol<\/td>\n<td width=\"370\">USB CCID<\/td>\n<\/tr>\n<tr>\n<td width=\"204\">Typ konektoru<\/td>\n<td width=\"370\">Micro USB<\/td>\n<\/tr>\n<tr>\n<td width=\"204\">Zdroj nap\u00e1jen\u00ed<\/td>\n<td width=\"370\">Z USB portu<\/td>\n<\/tr>\n<tr>\n<td width=\"204\">Rychlost<\/td>\n<td width=\"370\">USB Full Speed (12 Mbps)<\/td>\n<\/tr>\n<tr>\n<td width=\"204\">D\u00e9lka kabelu<\/td>\n<td width=\"370\">1,0 m, odn\u00edmateln\u00e9 (voliteln\u00e9)<\/td>\n<\/tr>\n<tr>\n<td colspan=\"2\" width=\"574\">Rozhran\u00ed bezkontaktn\u00ed \u010dipov\u00e9 karty<\/td>\n<\/tr>\n<tr>\n<td width=\"204\">Norma<\/td>\n<td width=\"370\">ISO\/IEC 18092 NFC, ISO 14443 Typ A &amp; B, MIFARE\u00ae, FeliCa<\/td>\n<\/tr>\n<tr>\n<td rowspan=\"4\" width=\"204\">Protokol<\/td>\n<td width=\"370\">Karty vyhovuj\u00edc\u00ed ISO14443-4, T=CL<\/td>\n<\/tr>\n<tr>\n<td width=\"370\">MIFARE\u00ae Classic Card Protocol, T=CL<\/td>\n<\/tr>\n<tr>\n<td width=\"370\">ISO 18092, NFC tagy<\/td>\n<\/tr>\n<tr>\n<td width=\"370\">FeliCa<\/td>\n<\/tr>\n<tr>\n<td width=\"204\">Ant\u00e9na<\/td>\n<td width=\"370\">20 mm x 22 mm<\/td>\n<\/tr>\n<tr>\n<td colspan=\"2\" width=\"574\">Vestav\u011bn\u00e9 periferie<\/td>\n<\/tr>\n<tr>\n<td width=\"204\">LED<\/td>\n<td width=\"370\">1 dvoubarevn\u00e1: \u010derven\u00e1 a zelen\u00e1<\/td>\n<\/tr>\n<tr>\n<td colspan=\"2\" width=\"574\">Dal\u0161\u00ed funkce<\/td>\n<\/tr>\n<tr>\n<td width=\"204\">Upgrade firmwaru<\/td>\n<td width=\"370\">Podporov\u00e1no<\/td>\n<\/tr>\n<tr>\n<td colspan=\"2\" width=\"574\">Certifikace\/shoda<\/td>\n<\/tr>\n<tr>\n<td rowspan=\"10\" width=\"204\">Certifikace\/shoda<\/td>\n<td width=\"370\">ISO 14443<\/td>\n<\/tr>\n<tr>\n<td width=\"370\">ISO 18092<\/td>\n<\/tr>\n<tr>\n<td width=\"370\">USB pln\u00e1 rychlost<\/td>\n<\/tr>\n<tr>\n<td width=\"370\">PC\/SC<\/td>\n<\/tr>\n<tr>\n<td width=\"370\">CCID<\/td>\n<\/tr>\n<tr>\n<td width=\"370\">CE<\/td>\n<\/tr>\n<tr>\n<td width=\"370\">FCC<\/td>\n<\/tr>\n<tr>\n<td width=\"370\">RoHS<\/td>\n<\/tr>\n<tr>\n<td width=\"370\">DOSAH<\/td>\n<\/tr>\n<tr>\n<td width=\"370\">Microsoft\u00ae WHQL<\/td>\n<\/tr>\n<tr>\n<td colspan=\"2\" width=\"574\">Podpora opera\u010dn\u00edho syst\u00e9mu ovlada\u010de za\u0159\u00edzen\u00ed<\/td>\n<\/tr>\n<tr>\n<td rowspan=\"5\" width=\"204\">Podpora opera\u010dn\u00edho syst\u00e9mu ovlada\u010de za\u0159\u00edzen\u00ed<\/td>\n<td width=\"370\">Windows\u00ae<\/td>\n<\/tr>\n<tr>\n<td width=\"370\">Linux\u00ae<\/td>\n<\/tr>\n<tr>\n<td width=\"370\">MAC OS\u00ae<\/td>\n<\/tr>\n<tr>\n<td width=\"370\">Solaris<\/td>\n<\/tr>\n<tr>\n<td width=\"370\">Android\u2122<\/td>\n<\/tr>\n<\/tbody>\n<\/table>\n<\/div>\n<\/li>\n<\/ul>","protected":false},"excerpt":{"rendered":"<p>ACM1252U-Z2 je vysoce v\u00fdkonn\u00fd NFC USB modul pracuj\u00edc\u00ed na 13,56M, podporuje ISO 14443 a 18092, tak\u017ee je ide\u00e1ln\u00ed pro vestav\u011bn\u00e9 NFC aplikace.<\/p>","protected":false},"featured_media":1573,"template":"","meta":[],"product_brand":[],"product_cat":[45,41,40],"product_tag":[],"class_list":{"0":"post-1572","1":"product","2":"type-product","3":"status-publish","4":"has-post-thumbnail","6":"product_cat-contactless-nfc-reader","7":"product_cat-module-ic-reader","8":"product_cat-rfid-nfc-reader","10":"first","11":"instock","12":"shipping-taxable","13":"product-type-simple"},"_links":{"self":[{"href":"https:\/\/nfc-readers.com\/cs\/wp-json\/wp\/v2\/product\/1572","targetHints":{"allow":["GET"]}}],"collection":[{"href":"https:\/\/nfc-readers.com\/cs\/wp-json\/wp\/v2\/product"}],"about":[{"href":"https:\/\/nfc-readers.com\/cs\/wp-json\/wp\/v2\/types\/product"}],"wp:featuredmedia":[{"embeddable":true,"href":"https:\/\/nfc-readers.com\/cs\/wp-json\/wp\/v2\/media\/1573"}],"wp:attachment":[{"href":"https:\/\/nfc-readers.com\/cs\/wp-json\/wp\/v2\/media?parent=1572"}],"wp:term":[{"taxonomy":"product_brand","embeddable":true,"href":"https:\/\/nfc-readers.com\/cs\/wp-json\/wp\/v2\/product_brand?post=1572"},{"taxonomy":"product_cat","embeddable":true,"href":"https:\/\/nfc-readers.com\/cs\/wp-json\/wp\/v2\/product_cat?post=1572"},{"taxonomy":"product_tag","embeddable":true,"href":"https:\/\/nfc-readers.com\/cs\/wp-json\/wp\/v2\/product_tag?post=1572"}],"curies":[{"name":"wp","href":"https:\/\/api.w.org\/{rel}","templated":true}]}}