{"id":1598,"date":"2024-04-07T07:36:03","date_gmt":"2024-04-07T07:36:03","guid":{"rendered":"https:\/\/nfc-readers.com\/?post_type=product&#038;p=1598"},"modified":"2024-10-16T03:12:59","modified_gmt":"2024-10-16T03:12:59","slug":"acr1552u-m1-nfc-rfid-reader-writer","status":"publish","type":"product","link":"https:\/\/nfc-readers.com\/cs\/ic-reader\/acr1552u-m1-nfc-rfid-reader-writer\/","title":{"rendered":"ACR1552U-M1 NFC RFID \u010dte\u010dka\/zapisova\u010dka"},"content":{"rendered":"<h1>ACR1552U-M1 NFC RFID \u010dte\u010dka\/zapisova\u010dka<\/h1>\n<p>\u010cte\u010dka ACR1552U-M1 USB-C NFC zapouzd\u0159uje v\u00fdkonn\u00e9, v\u0161estrann\u00e9 za\u0159\u00edzen\u00ed, kter\u00e9 zaji\u0161\u0165uje celou \u0159adu funkc\u00ed \u010dipov\u00fdch karet. U\u017eivatele uji\u0161\u0165uje pokro\u010dil\u00fdmi funkcemi, kter\u00e9 zd\u016fraz\u0148uj\u00ed zabezpe\u010den\u00ed, p\u0159izp\u016fsobivost a komplexn\u00ed kompatibilitu \u010dipov\u00fdch karet, co\u017e z n\u011bj \u010din\u00ed nepostradateln\u00fd n\u00e1stroj v cel\u00e9 \u0159ad\u011b pr\u016fmyslov\u00fdch odv\u011btv\u00ed.<\/p>\n<ul>\n<li>\n<h2>Rozhran\u00ed USB 2.0 Full Speed<\/h2>\n<\/li>\n<li>\n<h2>Soulad s CCID<\/h2>\n<\/li>\n<li>\n<h2>Bezkontaktn\u00ed \u010dte\u010dka \u010dipov\u00fdch karet:<\/h2>\n<ul>\n<li>\n<h3>Rychlost \u010dten\u00ed\/z\u00e1pisu a\u017e 848 kbps<\/h3>\n<\/li>\n<li>\n<h3>Vestav\u011bn\u00e1 ant\u00e9na pro bezkontaktn\u00ed p\u0159\u00edstup ke \u0161t\u00edtku se vzd\u00e1lenost\u00ed \u010dten\u00ed karty a\u017e 70 mm (v z\u00e1vislosti na typu \u0161t\u00edtku)<\/h3>\n<\/li>\n<li>\n<h3>Podporuje karty ISO 14443 typu A a B, karty ISO 15693 a ISO18092 NFC<\/h3>\n<\/li>\n<li>\n<h3>Podporuje MIFARE\u00ae (T=CL), FeliCa, NFC tagy, SRI\/SRIX, CTS, Innovatron, Picopass, Topaz Card<\/h3>\n<\/li>\n<li>\n<h3>Vestav\u011bn\u00e1 funkce proti sr\u00e1\u017ece<\/h3>\n<\/li>\n<li>\n<h3>Podporuje roz\u0161\u00ed\u0159en\u00e9 APDU (max. 64 kB)<\/h3>\n<\/li>\n<li>\n<h3>Jeden slot SAM vyhovuj\u00edc\u00ed norm\u011b ISO7816 (t\u0159\u00edda A)<\/h3>\n<\/li>\n<li>\n<h3>Podpora NFC<\/h3>\n<ul>\n<li>\n<h4>\u00a0 \u00a0Re\u017eim \u010dte\u010dky\/zapisova\u010dky \u010dipov\u00fdch karet<\/h4>\n<\/li>\n<li>\n<h4>\u00a0 \u00a0Re\u017eim emulace karty<\/h4>\n<\/li>\n<li>\n<h4>\u00a0 \u00a0Re\u017eim emulace kl\u00e1vesnice<\/h4>\n<\/li>\n<\/ul>\n<\/li>\n<\/ul>\n<\/li>\n<li>\n<h2>Aplika\u010dn\u00ed programovac\u00ed rozhran\u00ed:<\/h2>\n<ul>\n<li>\n<h3>Podporuje PC\/SC<\/h3>\n<\/li>\n<li>\n<h3>Podporuje CT-API (p\u0159es obal na PC\/SC)<\/h3>\n<\/li>\n<\/ul>\n<\/li>\n<li>\n<h2>periferie:<\/h2>\n<ul>\n<li>\n<h3>U\u017eivatelsky ovladateln\u00e1 dvoubarevn\u00e1 LED (modr\u00e1 a zelen\u00e1)<\/h3>\n<\/li>\n<li>\n<h3>U\u017eivatelsky ovladateln\u00fd bzu\u010d\u00e1k (monot\u00f3nn\u00ed)<\/h3>\n<\/li>\n<li>\n<h3>Jeden slot SAM<\/h3>\n<\/li>\n<\/ul>\n<\/li>\n<li>\n<h2>Mo\u017enost upgradu firmwaru p\u0159es USB<\/h2>\n<\/li>\n<li>\n<div>\n<table width=\"528\">\n<tbody>\n<tr>\n<td colspan=\"2\" width=\"528\">Fyzik\u00e1ln\u00ed vlastnosti<\/td>\n<\/tr>\n<tr>\n<td rowspan=\"2\" width=\"215\">Rozm\u011bry (mm)<\/td>\n<td width=\"313\">Hlavn\u00ed t\u011blo: 98 x 65 x 12,8 mm<\/td>\n<\/tr>\n<tr>\n<td width=\"313\">Rozm\u011br ant\u00e9ny: 50 x 40 mm<\/td>\n<\/tr>\n<tr>\n<td width=\"215\">Hmotnost (g)<\/td>\n<td width=\"313\">89 g<\/td>\n<\/tr>\n<tr>\n<td colspan=\"2\" width=\"528\">Rozhran\u00ed USB<\/td>\n<\/tr>\n<tr>\n<td width=\"215\">Protokol<\/td>\n<td width=\"313\">USB CCID<\/td>\n<\/tr>\n<tr>\n<td width=\"215\">Typ konektoru<\/td>\n<td width=\"313\">USB Type-A (ACR1552U-M1), USB Type-C (ACR1552U-MF)<\/td>\n<\/tr>\n<tr>\n<td width=\"215\">Zdroj nap\u00e1jen\u00ed<\/td>\n<td width=\"313\">Z USB portu<\/td>\n<\/tr>\n<tr>\n<td width=\"215\">Rychlost<\/td>\n<td width=\"313\">USB Full Speed (12 Mbps)<\/td>\n<\/tr>\n<tr>\n<td width=\"215\">D\u00e9lka kabelu<\/td>\n<td width=\"313\">1m, Nerozeb\u00edrateln\u00e9<\/td>\n<\/tr>\n<tr>\n<td colspan=\"2\" width=\"528\">Rozhran\u00ed bezkontaktn\u00ed \u010dipov\u00e9 karty<\/td>\n<\/tr>\n<tr>\n<td width=\"215\">Norma<\/td>\n<td width=\"313\">ISO\/IEC 18092 NFC, ISO 14443 Typ A &amp; B, ISO 15693, MIFARE\u00ae, FeliCa<\/td>\n<\/tr>\n<tr>\n<td rowspan=\"5\" width=\"215\">Protokol<\/td>\n<td width=\"313\">Karta vyhovuj\u00edc\u00ed ISO 14443-4, T=CL<\/td>\n<\/tr>\n<tr>\n<td width=\"313\">MIFARE\u00ae Classic Card, T=CL<\/td>\n<\/tr>\n<tr>\n<td width=\"313\">ISO 15693<\/td>\n<\/tr>\n<tr>\n<td width=\"313\">ISO 18092 NFC tagy<\/td>\n<\/tr>\n<tr>\n<td width=\"313\">FeliCa<\/td>\n<\/tr>\n<tr>\n<td colspan=\"2\" width=\"528\">Rozhran\u00ed karty SAM<\/td>\n<\/tr>\n<tr>\n<td width=\"215\">Po\u010det slot\u016f<\/td>\n<td width=\"313\">1 standardn\u00ed slot pro kartu SIM<\/td>\n<\/tr>\n<tr>\n<td width=\"215\">Norma<\/td>\n<td width=\"313\">ISO 7816 t\u0159\u00edda A (5V)<\/td>\n<\/tr>\n<tr>\n<td width=\"215\">Protokol<\/td>\n<td width=\"313\">T=0; T=1<\/td>\n<\/tr>\n<tr>\n<td colspan=\"2\" width=\"528\">Vestav\u011bn\u00e9 periferie<\/td>\n<\/tr>\n<tr>\n<td width=\"215\">LED<\/td>\n<td width=\"313\">1 dvoubarevn\u00e1: modr\u00e1 a zelen\u00e1<\/td>\n<\/tr>\n<tr>\n<td width=\"215\">Bzu\u010d\u00e1k<\/td>\n<td width=\"313\">Ano<\/td>\n<\/tr>\n<tr>\n<td colspan=\"2\" width=\"528\">Dal\u0161\u00ed funkce<\/td>\n<\/tr>\n<tr>\n<td rowspan=\"4\" width=\"215\">Dal\u0161\u00ed funkce<\/td>\n<td width=\"313\">Podporovan\u00e9 typy karet:<\/td>\n<\/tr>\n<tr>\n<td width=\"313\">ISO 14443 Typ A &amp; B \u010c\u00e1sti 1-4, ISO 15693, ISO 18092 NFC, MIFARE\u00ae, FeliCa, SRI\/SRIX, CTS, Innovatron, Picopass, Topaz Card<\/td>\n<\/tr>\n<tr>\n<td width=\"313\">\u00a0 Funkce NFC:<\/td>\n<\/tr>\n<tr>\n<td width=\"313\">\u010cte\u010dka\/zapisova\u010dka \u010dipov\u00fdch karet, emulace kl\u00e1vesnice, emulace karet<\/td>\n<\/tr>\n<tr>\n<td width=\"215\">Upgrade firmwaru<\/td>\n<td width=\"313\">Podporov\u00e1no<\/td>\n<\/tr>\n<tr>\n<td colspan=\"2\" width=\"528\">Certifikace\/shoda<\/td>\n<\/tr>\n<tr>\n<td rowspan=\"4\" width=\"215\">Certifikace\/shoda<\/td>\n<td width=\"313\">certifikace:<\/td>\n<\/tr>\n<tr>\n<td width=\"313\">IEC\/EN 62368, CE, UKCA, FCC, VCCI, KC, J-LIS, RoHS, REACH, WEEE, Microsoft\u00ae WHQL<\/td>\n<\/tr>\n<tr>\n<td width=\"313\">Dodr\u017eov\u00e1n\u00ed:<\/td>\n<\/tr>\n<tr>\n<td width=\"313\">USB CCID, PC\/SC<\/td>\n<\/tr>\n<tr>\n<td colspan=\"2\" width=\"528\">Podpora opera\u010dn\u00edho syst\u00e9mu ovlada\u010de za\u0159\u00edzen\u00ed<\/td>\n<\/tr>\n<tr>\n<td width=\"215\">Podpora opera\u010dn\u00edho syst\u00e9mu ovlada\u010de za\u0159\u00edzen\u00ed<\/td>\n<td width=\"313\">Windows\u00ae, Linux\u00ae, macOS, Android\u2122, iOS\/iPadOS (16 nebo vy\u0161\u0161\u00ed)<\/td>\n<\/tr>\n<\/tbody>\n<\/table>\n<\/div>\n<\/li>\n<\/ul>","protected":false},"excerpt":{"rendered":"<p>ACR1552U je vysokorychlostn\u00ed NFC USB \u010dte\u010dka kompatibiln\u00ed s CCID a PC\/SC, podporuje ISO 14443 a 15693, ide\u00e1ln\u00ed pro r\u016fzn\u00e9 aplikace \u010dipov\u00fdch karet.<\/p>","protected":false},"featured_media":1599,"template":"","meta":[],"product_brand":[],"product_cat":[45,40],"product_tag":[],"class_list":{"0":"post-1598","1":"product","2":"type-product","3":"status-publish","4":"has-post-thumbnail","6":"product_cat-contactless-nfc-reader","7":"product_cat-rfid-nfc-reader","9":"first","10":"instock","11":"shipping-taxable","12":"product-type-simple"},"_links":{"self":[{"href":"https:\/\/nfc-readers.com\/cs\/wp-json\/wp\/v2\/product\/1598","targetHints":{"allow":["GET"]}}],"collection":[{"href":"https:\/\/nfc-readers.com\/cs\/wp-json\/wp\/v2\/product"}],"about":[{"href":"https:\/\/nfc-readers.com\/cs\/wp-json\/wp\/v2\/types\/product"}],"wp:featuredmedia":[{"embeddable":true,"href":"https:\/\/nfc-readers.com\/cs\/wp-json\/wp\/v2\/media\/1599"}],"wp:attachment":[{"href":"https:\/\/nfc-readers.com\/cs\/wp-json\/wp\/v2\/media?parent=1598"}],"wp:term":[{"taxonomy":"product_brand","embeddable":true,"href":"https:\/\/nfc-readers.com\/cs\/wp-json\/wp\/v2\/product_brand?post=1598"},{"taxonomy":"product_cat","embeddable":true,"href":"https:\/\/nfc-readers.com\/cs\/wp-json\/wp\/v2\/product_cat?post=1598"},{"taxonomy":"product_tag","embeddable":true,"href":"https:\/\/nfc-readers.com\/cs\/wp-json\/wp\/v2\/product_tag?post=1598"}],"curies":[{"name":"wp","href":"https:\/\/api.w.org\/{rel}","templated":true}]}}