{"id":1603,"date":"2024-04-07T07:42:37","date_gmt":"2024-04-07T07:42:37","guid":{"rendered":"https:\/\/nfc-readers.com\/?post_type=product&#038;p=1603"},"modified":"2024-10-16T02:49:08","modified_gmt":"2024-10-16T02:49:08","slug":"acr1581u-c1-15693-dualboost-iii-dual-interface-nfc-reader-writer","status":"publish","type":"product","link":"https:\/\/nfc-readers.com\/cs\/ic-reader\/acr1581u-c1-15693-dualboost-iii-dual-interface-nfc-reader-writer\/","title":{"rendered":"ACR1581U-C1 15693 DualBoost III DualBoost III Dual Interface NFC Reader Writer"},"content":{"rendered":"<h1>ACR1581U-C1 15693 DualBoost III DualBoost III Dual Interface NFC Reader Writer<\/h1>\n<p>ACR1581U DualBoost III je zt\u011blesn\u011bn\u00edm pokro\u010dil\u00e9 v\u0161estrannosti a zabezpe\u010den\u00ed, kter\u00e9 efektivn\u011b spojuje kontaktn\u00ed a bezkontaktn\u00ed technologie pod jednou st\u0159echou s rozs\u00e1hlou podporou r\u016fzn\u00fdch form\u00e1t\u016f \u010dipov\u00fdch karet. A\u0165 u\u017e va\u0161e ambice spo\u010d\u00edvaj\u00ed v technologick\u00e9m pokroku nebo v robustn\u00edm zabezpe\u010den\u00ed funkc\u00ed \u010dipov\u00fdch karet, ACR1581U je bezkonkuren\u010dn\u00edm zast\u00e1ncem spolehlivosti v oblasti \u010dte\u010dek \u010dipov\u00fdch karet.<\/p>\n<ul>\n<li>\n<h2>Rozhran\u00ed USB 2.0 Full Speed<\/h2>\n<\/li>\n<li>\n<h2>Soulad s CCID<\/h2>\n<\/li>\n<li>\n<h2>Bezkontaktn\u00ed \u010dte\u010dka \u010dipov\u00fdch karet:<\/h2>\n<ul>\n<li>\n<h3>Rychlost \u010dten\u00ed\/z\u00e1pisu ISO 14443A\/B a\u017e 848 kbps<\/h3>\n<\/li>\n<li>\n<h3>Frekvence hodin a\u017e 13,56 MHz<\/h3>\n<\/li>\n<li>\n<h3>Vestav\u011bn\u00e1 ant\u00e9na pro bezkontaktn\u00ed p\u0159\u00edstup ke \u0161t\u00edtku se vzd\u00e1lenost\u00ed \u010dten\u00ed karty a\u017e 70 mm (v z\u00e1vislosti na typu \u0161t\u00edtku)<\/h3>\n<\/li>\n<li>\n<h3>Podporuje karty ISO 14443 typu A a B, karty ISO 15693<\/h3>\n<\/li>\n<li>\n<h3>Podporuje MIFARE\u00ae, FeliCa, NFC tagy, SRI\/SRIX, CTS, Innovatron, Picopass, Topaz Card<\/h3>\n<\/li>\n<\/ul>\n<\/li>\n<li>\n<h2>Podporuje roz\u0161\u00ed\u0159en\u00e9 APDU (max. 64 kB)<\/h2>\n<\/li>\n<li>\n<h2><strong>Kontaktujte \u010dte\u010dku \u010dipov\u00fdch karet<\/strong><\/h2>\n<ul>\n<li>\n<h3>Podporuje ISO 7816 t\u0159\u00eddy A, B a C (5 V, 3 V a 1,8 V) rychlost\u00ed a\u017e 1 250 kbps<\/h3>\n<\/li>\n<li>\n<h3>Podporuje CAC (Common Access Card)<\/h3>\n<\/li>\n<li>\n<h3>Podporuje PIV (Personal Identity Verification Card)<\/h3>\n<\/li>\n<li>\n<h3>Podporuje mikroprocesorov\u00e9 karty s protokolem T=0 nebo T=1<\/h3>\n<\/li>\n<li>\n<h3>Podporuje pam\u011b\u0165ov\u00e9 karty<\/h3>\n<\/li>\n<li>\n<h3>Slot SAM vyhovuj\u00edc\u00ed norm\u011b ISO 7816 (t\u0159\u00edda A)<\/h3>\n<\/li>\n<\/ul>\n<\/li>\n<li>\n<h2>Aplika\u010dn\u00ed programovac\u00ed rozhran\u00ed:<\/h2>\n<ul>\n<li>\n<h3>Podporuje PC\/SC<\/h3>\n<\/li>\n<\/ul>\n<\/li>\n<li>\n<h2>periferie:<\/h2>\n<ul>\n<li>\n<h3>U\u017eivatelsky ovladateln\u00e1 dvoubarevn\u00e1 LED (modr\u00e1 a zelen\u00e1)<\/h3>\n<\/li>\n<li>\n<h3>U\u017eivatelsky ovladateln\u00fd bzu\u010d\u00e1k<\/h3>\n<\/li>\n<\/ul>\n<\/li>\n<li>\n<h2>Mo\u017enost upgradu firmwaru p\u0159es USB<\/h2>\n<\/li>\n<li>\n<div>\n<table width=\"483\">\n<tbody>\n<tr>\n<td colspan=\"2\" width=\"483\">Fyzik\u00e1ln\u00ed vlastnosti<\/td>\n<\/tr>\n<tr>\n<td width=\"188\">Rozm\u011bry (mm)<\/td>\n<td width=\"295\">120,5 mm (D) x 72,0 mm (\u0160) x 20,4 mm (V)<\/td>\n<\/tr>\n<tr>\n<td width=\"188\">Hmotnost (g)<\/td>\n<td width=\"295\">143 g<\/td>\n<\/tr>\n<tr>\n<td colspan=\"2\" width=\"483\">Rozhran\u00ed USB<\/td>\n<\/tr>\n<tr>\n<td width=\"188\">Protokol<\/td>\n<td width=\"295\">USB CCID<\/td>\n<\/tr>\n<tr>\n<td width=\"188\">Typ konektoru<\/td>\n<td width=\"295\">USB Type-A (ACR1581U-C1), USB Type-C (ACR1581U-CF)<\/td>\n<\/tr>\n<tr>\n<td width=\"188\">Zdroj nap\u00e1jen\u00ed<\/td>\n<td width=\"295\">Z USB portu<\/td>\n<\/tr>\n<tr>\n<td width=\"188\">Rychlost<\/td>\n<td width=\"295\">USB Full Speed (12 Mbps)<\/td>\n<\/tr>\n<tr>\n<td width=\"188\">D\u00e9lka kabelu<\/td>\n<td width=\"295\">2m, Nerozeb\u00edrateln\u00e9<\/td>\n<\/tr>\n<tr>\n<td colspan=\"2\" width=\"483\">Kontaktujte rozhran\u00ed Smart Card<\/td>\n<\/tr>\n<tr>\n<td width=\"188\">Po\u010det slot\u016f<\/td>\n<td width=\"295\">1 Slot pro kartu pln\u00e9 velikosti<\/td>\n<\/tr>\n<tr>\n<td width=\"188\">Norma<\/td>\n<td width=\"295\">ISO 7816 T\u0159\u00edda A, B, C (5 V, 3 V, 1,8 V)<\/td>\n<\/tr>\n<tr>\n<td width=\"188\">Protokol<\/td>\n<td width=\"295\">T=0; T=1<\/td>\n<\/tr>\n<tr>\n<td colspan=\"2\" width=\"483\">Rozhran\u00ed bezkontaktn\u00ed \u010dipov\u00e9 karty<\/td>\n<\/tr>\n<tr>\n<td width=\"188\">Norma<\/td>\n<td width=\"295\">ISO 14443 Typ A &amp; B, ISO 15693, MIFARE\u00ae, FeliCa<\/td>\n<\/tr>\n<tr>\n<td rowspan=\"4\" width=\"188\">Protokol<\/td>\n<td width=\"295\">Karta vyhovuj\u00edc\u00ed ISO 14443-4, T=CL<\/td>\n<\/tr>\n<tr>\n<td width=\"295\">ISO 15693<\/td>\n<\/tr>\n<tr>\n<td width=\"295\">MIFARE\u00ae Classic Card, T=CL<\/td>\n<\/tr>\n<tr>\n<td width=\"295\">FeliCa<\/td>\n<\/tr>\n<tr>\n<td colspan=\"2\" width=\"483\">Rozhran\u00ed karty SAM<\/td>\n<\/tr>\n<tr>\n<td width=\"188\">Po\u010det slot\u016f<\/td>\n<td width=\"295\">1 standardn\u00ed slot pro kartu SIM<\/td>\n<\/tr>\n<tr>\n<td width=\"188\">Norma<\/td>\n<td width=\"295\">ISO 7816 t\u0159\u00edda A (5V)<\/td>\n<\/tr>\n<tr>\n<td width=\"188\">Protokol<\/td>\n<td width=\"295\">T=0; T=1<\/td>\n<\/tr>\n<tr>\n<td colspan=\"2\" width=\"483\">Vestav\u011bn\u00e9 periferie<\/td>\n<\/tr>\n<tr>\n<td width=\"188\">LED<\/td>\n<td width=\"295\">2 jednobarevn\u00e9: modr\u00e1 a zelen\u00e1<\/td>\n<\/tr>\n<tr>\n<td width=\"188\">Bzu\u010d\u00e1k<\/td>\n<td width=\"295\">Monot\u00f3nn\u00ed<\/td>\n<\/tr>\n<tr>\n<td colspan=\"2\" width=\"483\">Dal\u0161\u00ed funkce<\/td>\n<\/tr>\n<tr>\n<td rowspan=\"5\" width=\"188\">Dal\u0161\u00ed funkce<\/td>\n<td width=\"295\">Podporovan\u00e9 typy karet:<\/td>\n<\/tr>\n<tr>\n<td width=\"295\">ISO 14443 Typ A a B \u010c\u00e1sti 1-4,<\/td>\n<\/tr>\n<tr>\n<td width=\"295\">ISO 15693, MIFARE\u00ae, FeliCa, NFC Tagy, SRI\/SRIX, CTS, Innovatron, Picopass, Topaz Card<\/td>\n<\/tr>\n<tr>\n<td width=\"295\">Dal\u0161\u00ed funkce NFC:<\/td>\n<\/tr>\n<tr>\n<td width=\"295\">\u010cte\u010dka\/zapisova\u010dka \u010dipov\u00fdch karet, emulace kl\u00e1vesnice, emulace karet<\/td>\n<\/tr>\n<tr>\n<td width=\"188\">Upgrade firmwaru<\/td>\n<td width=\"295\">Podporov\u00e1no<\/td>\n<\/tr>\n<tr>\n<td colspan=\"2\" width=\"483\">Certifikace\/shoda<\/td>\n<\/tr>\n<tr>\n<td rowspan=\"4\" width=\"188\">Certifikace\/shoda<\/td>\n<td width=\"295\">certifikace:<\/td>\n<\/tr>\n<tr>\n<td width=\"295\">IEC\/EN 62368, CE, FCC, UKCA, VCCI, RoHS, REACH, WEEE<\/td>\n<\/tr>\n<tr>\n<td width=\"295\">Soulad:<\/td>\n<\/tr>\n<tr>\n<td width=\"295\">USB CCID, PC\/SC<\/td>\n<\/tr>\n<tr>\n<td colspan=\"2\" width=\"483\">Podpora opera\u010dn\u00edho syst\u00e9mu ovlada\u010de za\u0159\u00edzen\u00ed<\/td>\n<\/tr>\n<tr>\n<td width=\"188\">Podpora opera\u010dn\u00edho syst\u00e9mu ovlada\u010de za\u0159\u00edzen\u00ed<\/td>\n<td width=\"295\">Windows\u00ae, Linux\u00ae, macOS, Android\u2122, iOS\/iPadOS (16 nebo vy\u0161\u0161\u00ed)<\/td>\n<\/tr>\n<\/tbody>\n<\/table>\n<\/div>\n<\/li>\n<\/ul>","protected":false},"excerpt":{"rendered":"<p>ACR1581U je vysokorychlostn\u00ed \u010dte\u010dka \u010dipov\u00fdch karet NFC, kter\u00e1 nab\u00edz\u00ed podporu pro NFC a ISO\/IEC 15693\uff0c14443.<\/p>","protected":false},"featured_media":1605,"template":"","meta":[],"product_brand":[],"product_cat":[45,40],"product_tag":[],"class_list":{"0":"post-1603","1":"product","2":"type-product","3":"status-publish","4":"has-post-thumbnail","6":"product_cat-contactless-nfc-reader","7":"product_cat-rfid-nfc-reader","9":"first","10":"instock","11":"shipping-taxable","12":"product-type-simple"},"_links":{"self":[{"href":"https:\/\/nfc-readers.com\/cs\/wp-json\/wp\/v2\/product\/1603","targetHints":{"allow":["GET"]}}],"collection":[{"href":"https:\/\/nfc-readers.com\/cs\/wp-json\/wp\/v2\/product"}],"about":[{"href":"https:\/\/nfc-readers.com\/cs\/wp-json\/wp\/v2\/types\/product"}],"wp:featuredmedia":[{"embeddable":true,"href":"https:\/\/nfc-readers.com\/cs\/wp-json\/wp\/v2\/media\/1605"}],"wp:attachment":[{"href":"https:\/\/nfc-readers.com\/cs\/wp-json\/wp\/v2\/media?parent=1603"}],"wp:term":[{"taxonomy":"product_brand","embeddable":true,"href":"https:\/\/nfc-readers.com\/cs\/wp-json\/wp\/v2\/product_brand?post=1603"},{"taxonomy":"product_cat","embeddable":true,"href":"https:\/\/nfc-readers.com\/cs\/wp-json\/wp\/v2\/product_cat?post=1603"},{"taxonomy":"product_tag","embeddable":true,"href":"https:\/\/nfc-readers.com\/cs\/wp-json\/wp\/v2\/product_tag?post=1603"}],"curies":[{"name":"wp","href":"https:\/\/api.w.org\/{rel}","templated":true}]}}