{"id":1613,"date":"2024-04-07T07:49:24","date_gmt":"2024-04-07T07:49:24","guid":{"rendered":"https:\/\/nfc-readers.com\/?post_type=product&#038;p=1613"},"modified":"2024-10-16T02:39:20","modified_gmt":"2024-10-16T02:39:20","slug":"acm1552u-y3-nfc-module-reader","status":"publish","type":"product","link":"https:\/\/nfc-readers.com\/cs\/ic-reader\/acm1552u-y3-nfc-module-reader\/","title":{"rendered":"\u010cTE\u010cKA MODUL\u016e NFC ACM1552U-Y3"},"content":{"rendered":"<h1>\u010cTE\u010cKA MODUL\u016e NFC ACM1552U-Y3<\/h1>\n<p>ACM1552U-Y3 p\u0159edstavuje v\u0161estrann\u00fd a v\u00fdkonn\u00fd \u010dtec\u00ed modul NFC, kter\u00fd nab\u00edz\u00ed pokro\u010dilou rychlost a \u0161irok\u00fd provozn\u00ed rozsah. Jeho kompatibilita s v\u00edce protokoly NFC a ISO v kombinaci s u\u017eivatelsky p\u0159\u00edv\u011btiv\u00fdmi re\u017eimy jej stav\u00ed jako ide\u00e1ln\u00ed \u0159e\u0161en\u00ed pro implementaci transakc\u00ed zalo\u017een\u00fdch na NFC v r\u016fzn\u00fdch aplika\u010dn\u00edch oblastech.<\/p>\n<ul>\n<li>\n<h2>Rozhran\u00ed USB 2.0 Full Speed<\/h2>\n<\/li>\n<li>\n<h2>Soulad s CCID<\/h2>\n<\/li>\n<li>\n<h2>Bezkontaktn\u00ed \u010dte\u010dka \u010dipov\u00fdch karet:<\/h2>\n<ul>\n<li>\n<h3>Rychlost \u010dten\u00ed\/z\u00e1pisu a\u017e 848 kbps<\/h3>\n<\/li>\n<li>\n<h3>Vestav\u011bn\u00e1 ant\u00e9na pro bezkontaktn\u00ed p\u0159\u00edstup ke \u0161t\u00edtku se vzd\u00e1lenost\u00ed \u010dten\u00ed karty a\u017e 70 mm (v z\u00e1vislosti na typu \u0161t\u00edtku)<\/h3>\n<\/li>\n<li>\n<h3>Podporuje karty ISO 14443 typu A a B, karty ISO 15693 a ISO18092 NFC<\/h3>\n<\/li>\n<li>\n<h3>Podporuje MIFARE Classic\u00ae, MIFARE\u00ae Mini, MIFARE Ultralight\u00ae (T=CL), FeliCa a Topaz Card<\/h3>\n<\/li>\n<li>\n<h3>Vestav\u011bn\u00e1 funkce proti sr\u00e1\u017ece<\/h3>\n<\/li>\n<li>\n<h3>Podporuje roz\u0161\u00ed\u0159en\u00e9 APDU (max. 64 kB)<\/h3>\n<\/li>\n<li>\n<h3>Jeden slot SAM vyhovuj\u00edc\u00ed norm\u011b ISO7816 (t\u0159\u00edda A) (na vy\u017e\u00e1d\u00e1n\u00ed)<\/h3>\n<\/li>\n<\/ul>\n<\/li>\n<li>\n<h2>Podpora NFC<\/h2>\n<ul>\n<li>\n<h3>Re\u017eim \u010dte\u010dky\/zapisova\u010dky \u010dipov\u00fdch karet<\/h3>\n<\/li>\n<li>\n<h3>Re\u017eim emulace karty<\/h3>\n<\/li>\n<li>\n<h3>Re\u017eim emulace kl\u00e1vesnice<\/h3>\n<\/li>\n<\/ul>\n<\/li>\n<li>\n<h2>Aplika\u010dn\u00ed programovac\u00ed rozhran\u00ed:<\/h2>\n<ul>\n<li>\n<h3>Podporuje PC\/SC<\/h3>\n<\/li>\n<li>\n<h3>Podporuje CT-API (p\u0159es obal na PC\/SC)<\/h3>\n<\/li>\n<\/ul>\n<\/li>\n<li>\n<h2>periferie:<\/h2>\n<ul>\n<li>\n<h3>U\u017eivatelsky ovladateln\u00e1 dvoubarevn\u00e1 LED (modr\u00e1 a zelen\u00e1)<\/h3>\n<\/li>\n<li>\n<h3>U\u017eivatelsky ovladateln\u00fd bzu\u010d\u00e1k (monot\u00f3nn\u00ed)<\/h3>\n<\/li>\n<li>\n<h3>Jeden slot SAM (na vy\u017e\u00e1d\u00e1n\u00ed)<\/h3>\n<\/li>\n<\/ul>\n<\/li>\n<li>\n<h2>Mo\u017enost upgradu firmwaru p\u0159es USB<\/h2>\n<\/li>\n<li>\n<div>\n<table width=\"640\">\n<tbody>\n<tr>\n<td colspan=\"2\" width=\"640\">Fyzik\u00e1ln\u00ed vlastnosti<\/td>\n<\/tr>\n<tr>\n<td rowspan=\"2\" width=\"257\">Rozm\u011bry (mm)<\/td>\n<td width=\"383\">Hlavn\u00ed deska: 55,0 x 45,0 x 6,5<\/td>\n<\/tr>\n<tr>\n<td width=\"383\">Ant\u00e9nn\u00ed deska: 91,0 x 49,5 x 5,0<\/td>\n<\/tr>\n<tr>\n<td width=\"257\">Hmotnost (g)<\/td>\n<td width=\"383\">27.7<\/td>\n<\/tr>\n<tr>\n<td colspan=\"2\" width=\"640\">Rozhran\u00ed USB<\/td>\n<\/tr>\n<tr>\n<td width=\"257\">Protokol<\/td>\n<td width=\"383\">USB CCID<\/td>\n<\/tr>\n<tr>\n<td width=\"257\">Typ konektoru<\/td>\n<td width=\"383\">USB typu A<\/td>\n<\/tr>\n<tr>\n<td width=\"257\">Zdroj nap\u00e1jen\u00ed<\/td>\n<td width=\"383\">Z USB portu<\/td>\n<\/tr>\n<tr>\n<td width=\"257\">Rychlost<\/td>\n<td width=\"383\">USB Full Speed (12 Mbps)<\/td>\n<\/tr>\n<tr>\n<td width=\"257\">D\u00e9lka kabelu<\/td>\n<td width=\"383\">1 m, odn\u00edmateln\u00e9 (voliteln\u00e9)<\/td>\n<\/tr>\n<tr>\n<td colspan=\"2\" width=\"640\">Rozhran\u00ed bezkontaktn\u00ed \u010dipov\u00e9 karty<\/td>\n<\/tr>\n<tr>\n<td width=\"257\">Norma<\/td>\n<td width=\"383\">ISO 18092 NFC, ISO 14443 Typ A &amp; B, ISO 15693, MIFARE\u00ae, FeliCa<\/td>\n<\/tr>\n<tr>\n<td rowspan=\"5\" width=\"257\">Protokol<\/td>\n<td width=\"383\">Karta vyhovuj\u00edc\u00ed ISO 14443-4, T=CL<\/td>\n<\/tr>\n<tr>\n<td width=\"383\">MIFARE\u00ae Classic Card, T=CL<\/td>\n<\/tr>\n<tr>\n<td width=\"383\">ISO 15693<\/td>\n<\/tr>\n<tr>\n<td width=\"383\">ISO 18092 NFC tagy<\/td>\n<\/tr>\n<tr>\n<td width=\"383\">FeliCa<\/td>\n<\/tr>\n<tr>\n<td colspan=\"2\" width=\"640\">Vestav\u011bn\u00e9 periferie<\/td>\n<\/tr>\n<tr>\n<td width=\"257\">LED<\/td>\n<td width=\"383\">1 dvoubarevn\u00e1: modr\u00e1 a zelen\u00e1<\/td>\n<\/tr>\n<tr>\n<td width=\"257\">Bzu\u010d\u00e1k<\/td>\n<td width=\"383\">Monot\u00f3nn\u00ed<\/td>\n<\/tr>\n<tr>\n<td colspan=\"2\" width=\"640\">Dal\u0161\u00ed funkce<\/td>\n<\/tr>\n<tr>\n<td rowspan=\"4\" width=\"257\">Dal\u0161\u00ed funkce<\/td>\n<td width=\"383\">Podporovan\u00e9 typy karet:<\/td>\n<\/tr>\n<tr>\n<td width=\"383\">ISO 14443 Typ A &amp; B \u010c\u00e1sti 1-4, ISO 15693, ISO 18092 NFC, MIFARE Classic\u00ae, MIFARE\u00ae Mini, MIFARE Ultralight\u00ae (T=CL), FeliCa a Topaz Card<\/td>\n<\/tr>\n<tr>\n<td width=\"383\">Dal\u0161\u00ed funkce NFC:<\/td>\n<\/tr>\n<tr>\n<td width=\"383\">\u010cte\u010dka\/zapisova\u010dka \u010dipov\u00fdch karet, emulace kl\u00e1vesnice, emulace karet<\/td>\n<\/tr>\n<tr>\n<td width=\"257\">Upgrade firmwaru<\/td>\n<td width=\"383\">Podporov\u00e1no<\/td>\n<\/tr>\n<tr>\n<td colspan=\"2\" width=\"640\">Certifikace\/shoda<\/td>\n<\/tr>\n<tr>\n<td rowspan=\"4\" width=\"257\">Certifikace\/shoda<\/td>\n<td width=\"383\">certifikace:<\/td>\n<\/tr>\n<tr>\n<td width=\"383\">IEC\/EN 62368, CE, UKCA, FCC, VCCI, RoHS, REACH, WEEE, Microsoft\u00ae WHQL<\/td>\n<\/tr>\n<tr>\n<td width=\"383\">Dodr\u017eov\u00e1n\u00ed:<\/td>\n<\/tr>\n<tr>\n<td width=\"383\">USB CCID, PC\/SC<\/td>\n<\/tr>\n<tr>\n<td colspan=\"2\" width=\"640\">Podpora opera\u010dn\u00edho syst\u00e9mu ovlada\u010de za\u0159\u00edzen\u00ed<\/td>\n<\/tr>\n<tr>\n<td width=\"257\">Podpora opera\u010dn\u00edho syst\u00e9mu ovlada\u010de za\u0159\u00edzen\u00ed<\/td>\n<td width=\"383\">Windows\u00ae, Linux\u00ae, macOS, Android\u2122<\/td>\n<\/tr>\n<\/tbody>\n<\/table>\n<\/div>\n<\/li>\n<\/ul>","protected":false},"excerpt":{"rendered":"<p>ACM1552U-Y3 je vysokorychlostn\u00ed USB NFC modul podporuj\u00edc\u00ed r\u016fzn\u00e9 technologie, v\u010detn\u011b Card Emulation, ide\u00e1ln\u00ed pro r\u016fzn\u00e9 aplikace NFC.<\/p>","protected":false},"featured_media":1614,"template":"","meta":[],"product_brand":[],"product_cat":[41,40],"product_tag":[],"class_list":{"0":"post-1613","1":"product","2":"type-product","3":"status-publish","4":"has-post-thumbnail","6":"product_cat-module-ic-reader","7":"product_cat-rfid-nfc-reader","9":"first","10":"instock","11":"shipping-taxable","12":"product-type-simple"},"_links":{"self":[{"href":"https:\/\/nfc-readers.com\/cs\/wp-json\/wp\/v2\/product\/1613","targetHints":{"allow":["GET"]}}],"collection":[{"href":"https:\/\/nfc-readers.com\/cs\/wp-json\/wp\/v2\/product"}],"about":[{"href":"https:\/\/nfc-readers.com\/cs\/wp-json\/wp\/v2\/types\/product"}],"wp:featuredmedia":[{"embeddable":true,"href":"https:\/\/nfc-readers.com\/cs\/wp-json\/wp\/v2\/media\/1614"}],"wp:attachment":[{"href":"https:\/\/nfc-readers.com\/cs\/wp-json\/wp\/v2\/media?parent=1613"}],"wp:term":[{"taxonomy":"product_brand","embeddable":true,"href":"https:\/\/nfc-readers.com\/cs\/wp-json\/wp\/v2\/product_brand?post=1613"},{"taxonomy":"product_cat","embeddable":true,"href":"https:\/\/nfc-readers.com\/cs\/wp-json\/wp\/v2\/product_cat?post=1613"},{"taxonomy":"product_tag","embeddable":true,"href":"https:\/\/nfc-readers.com\/cs\/wp-json\/wp\/v2\/product_tag?post=1613"}],"curies":[{"name":"wp","href":"https:\/\/api.w.org\/{rel}","templated":true}]}}