{"id":1615,"date":"2024-04-07T07:52:08","date_gmt":"2024-04-07T07:52:08","guid":{"rendered":"https:\/\/nfc-readers.com\/?post_type=product&#038;p=1615"},"modified":"2024-10-16T02:36:24","modified_gmt":"2024-10-16T02:36:24","slug":"acm1552u-z2-small-multi-iso-nfc-module-reader-writer","status":"publish","type":"product","link":"https:\/\/nfc-readers.com\/cs\/ic-reader\/acm1552u-z2-small-multi-iso-nfc-module-reader-writer\/","title":{"rendered":"ACM1552U-Z2 \u2013 Mal\u00fd \u2013 \u010cte\u010dka\/zapisova\u010dka modul\u016f NFC s v\u00edce ISO"},"content":{"rendered":"<h1>ACM1552U-Z2 \u2013 Mal\u00fd \u2013 \u010cte\u010dka\/zapisova\u010dka modul\u016f NFC s v\u00edce ISO<\/h1>\n<p>ACM1552U-Z2 vynik\u00e1 jako kompaktn\u00ed a v\u0161estrann\u00fd modul, kter\u00fd nab\u00edz\u00ed vysokorychlostn\u00ed funkce NFC a kompatibilitu s v\u00edce standardy. Se sv\u00fdmi dal\u0161\u00edmi bezpe\u010dnostn\u00edmi a energeticky \u00fa\u010dinn\u00fdmi funkcemi spolu s u\u017eivatelsky p\u0159\u00edv\u011btiv\u00fdm rozhran\u00edm p\u0159edstavuje sofistikovan\u00e9 \u0159e\u0161en\u00ed pro bezkontaktn\u00ed komunikaci v kompaktn\u00edch za\u0159\u00edzen\u00edch.<\/p>\n<ul>\n<li>\n<h2>Rozhran\u00ed USB 2.0 Full Speed<\/h2>\n<\/li>\n<li>\n<h2>Soulad s CCID<\/h2>\n<\/li>\n<li>\n<h2>Podpora bezkontaktn\u00edch \u010dipov\u00fdch karet:<\/h2>\n<ul>\n<li>\n<h3>Rychlost \u010dten\u00ed\/z\u00e1pisu a\u017e 848 kbps<\/h3>\n<\/li>\n<li>\n<h3>Vestav\u011bn\u00e1 ant\u00e9na pro bezkontaktn\u00ed p\u0159\u00edstup ke \u0161t\u00edtku se vzd\u00e1lenost\u00ed \u010dten\u00ed karty a\u017e 70 mm (v z\u00e1vislosti na typu \u0161t\u00edtku)<\/h3>\n<\/li>\n<li>\n<h3>Podporuje karty ISO 14443 typu A a B, karty ISO 15693 a ISO18092 NFC<\/h3>\n<\/li>\n<li>\n<h3>Podporuje MIFARE Classic\u00ae, MIFARE\u00ae, DESFire\u00ae, MIFARE Ultralight\u00ae, MIFARE Plus\u00ae, FeliCa a Topaz<\/h3>\n<\/li>\n<li>\n<h3>Vestav\u011bn\u00e1 funkce proti sr\u00e1\u017ece<\/h3>\n<\/li>\n<li>\n<h3>Podporuje roz\u0161\u00ed\u0159en\u00e9 APDU (max. 64 kB)<\/h3>\n<\/li>\n<\/ul>\n<\/li>\n<li>\n<h2>Podpora NFC:<\/h2>\n<ul>\n<li>\n<h3>Re\u017eim \u010dte\u010dky\/zapisova\u010dky \u010dipov\u00fdch karet<\/h3>\n<\/li>\n<li>\n<h3>Re\u017eim emulace karty<\/h3>\n<\/li>\n<li>\n<h3>Re\u017eim emulace kl\u00e1vesnice<\/h3>\n<\/li>\n<\/ul>\n<\/li>\n<li>\n<h2>Aplika\u010dn\u00ed programovac\u00ed rozhran\u00ed:<\/h2>\n<ul>\n<li>\n<h3>Podporuje PC\/SC<\/h3>\n<\/li>\n<li>\n<h3>Podporuje CT-API (p\u0159es obal na PC\/SC)<\/h3>\n<\/li>\n<\/ul>\n<\/li>\n<li>\n<h2>periferie:<\/h2>\n<ul>\n<li>\n<h3>U\u017eivatelsky ovladateln\u00e1 dvoubarevn\u00e1 LED (modr\u00e1 a zelen\u00e1)<\/h3>\n<\/li>\n<\/ul>\n<\/li>\n<li>\n<h2>Kompaktn\u00ed velikost<\/h2>\n<\/li>\n<li>\n<h2>Mo\u017enost upgradu firmwaru p\u0159es USB<\/h2>\n<\/li>\n<li>\n<div>\n<table width=\"545\">\n<tbody>\n<tr>\n<td colspan=\"2\" width=\"545\">Fyzik\u00e1ln\u00ed vlastnosti<\/td>\n<\/tr>\n<tr>\n<td width=\"228\">Rozm\u011bry (mm)<\/td>\n<td width=\"317\">52,0 x 20,0 x 5,7<\/td>\n<\/tr>\n<tr>\n<td width=\"228\">Hmotnost (g)<\/td>\n<td width=\"317\">3.4<\/td>\n<\/tr>\n<tr>\n<td colspan=\"2\" width=\"545\">Rozhran\u00ed USB<\/td>\n<\/tr>\n<tr>\n<td width=\"228\">Protokol<\/td>\n<td width=\"317\">USB CCID<\/td>\n<\/tr>\n<tr>\n<td width=\"228\">Typ konektoru<\/td>\n<td width=\"317\">5pin, rozte\u010d 1mm, kompatibiln\u00ed s \u0159adou JST SH<\/td>\n<\/tr>\n<tr>\n<td width=\"228\">Zdroj nap\u00e1jen\u00ed<\/td>\n<td width=\"317\">Z USB portu<\/td>\n<\/tr>\n<tr>\n<td width=\"228\">Rychlost<\/td>\n<td width=\"317\">USB 2.0 Full Speed (12 Mbps) kompatibiln\u00ed s USB 3.0<\/td>\n<\/tr>\n<tr>\n<td width=\"228\">D\u00e9lka kabelu<\/td>\n<td width=\"317\">1m, odn\u00edmateln\u00e9 (na vy\u017e\u00e1d\u00e1n\u00ed)<\/td>\n<\/tr>\n<tr>\n<td colspan=\"2\" width=\"545\">Rozhran\u00ed bezkontaktn\u00ed \u010dipov\u00e9 karty<\/td>\n<\/tr>\n<tr>\n<td width=\"228\">Norma<\/td>\n<td width=\"317\">ISO 18092 NFC, ISO 14443 Typ A &amp; B, ISO 15693, MIFARE\u00ae, FeliCa<\/td>\n<\/tr>\n<tr>\n<td rowspan=\"5\" width=\"228\">Protokol<\/td>\n<td width=\"317\">Karta vyhovuj\u00edc\u00ed ISO 14443-4, T=CL<\/td>\n<\/tr>\n<tr>\n<td width=\"317\">MIFARE\u00ae Classic Card, T=CL<\/td>\n<\/tr>\n<tr>\n<td width=\"317\">ISO 15693<\/td>\n<\/tr>\n<tr>\n<td width=\"317\">ISO 18092 NFC tagy<\/td>\n<\/tr>\n<tr>\n<td width=\"317\">FeliCa<\/td>\n<\/tr>\n<tr>\n<td colspan=\"2\" width=\"545\">Vestav\u011bn\u00e9 periferie<\/td>\n<\/tr>\n<tr>\n<td width=\"228\">LED<\/td>\n<td width=\"317\">1 dvoubarevn\u00e1: modr\u00e1 a zelen\u00e1<\/td>\n<\/tr>\n<tr>\n<td colspan=\"2\" width=\"545\">Dal\u0161\u00ed funkce<\/td>\n<\/tr>\n<tr>\n<td rowspan=\"6\" width=\"228\">Dal\u0161\u00ed funkce<\/td>\n<td width=\"317\">Podporovan\u00e9 typy karet:<\/td>\n<\/tr>\n<tr>\n<td width=\"317\">ISO 14443 Typ A a B \u010c\u00e1sti 1-4,<\/td>\n<\/tr>\n<tr>\n<td width=\"317\">ISO 15693, ISO 18092 NFC,<\/td>\n<\/tr>\n<tr>\n<td width=\"317\">MIFARE Classic\u00ae, MIFARE DESFire\u00ae, MIFARE Ultralight\u00ae, MIFARE Plus\u00ae, FeliCa a Topaz<\/td>\n<\/tr>\n<tr>\n<td width=\"317\">Dal\u0161\u00ed funkce NFC:<\/td>\n<\/tr>\n<tr>\n<td width=\"317\">\u010cte\u010dka\/zapisova\u010dka \u010dipov\u00fdch karet, emulace kl\u00e1vesnice, emulace karet<\/td>\n<\/tr>\n<tr>\n<td width=\"228\">Upgrade firmwaru<\/td>\n<td width=\"317\">Podporov\u00e1no<\/td>\n<\/tr>\n<tr>\n<td colspan=\"2\" width=\"545\">Certifikace\/shoda<\/td>\n<\/tr>\n<tr>\n<td rowspan=\"4\" width=\"228\">Certifikace\/shoda<\/td>\n<td width=\"317\">certifikace:<\/td>\n<\/tr>\n<tr>\n<td width=\"317\">IEC\/EN 62368, CE, UKCA, FCC, VCCI, RoHS, REACH, WEEE, Microsoft\u00ae WHQL<\/td>\n<\/tr>\n<tr>\n<td width=\"317\">\u00a0 Dodr\u017eov\u00e1n\u00ed:<\/td>\n<\/tr>\n<tr>\n<td width=\"317\">USB CCID, PC\/SC<\/td>\n<\/tr>\n<tr>\n<td colspan=\"2\" width=\"545\">Podpora opera\u010dn\u00edho syst\u00e9mu ovlada\u010de za\u0159\u00edzen\u00ed<\/td>\n<\/tr>\n<tr>\n<td width=\"228\">Podpora opera\u010dn\u00edho syst\u00e9mu ovlada\u010de za\u0159\u00edzen\u00ed<\/td>\n<td width=\"317\">Windows\u00ae, Linux\u00ae, macOS, Android\u2122<\/td>\n<\/tr>\n<\/tbody>\n<\/table>\n<\/div>\n<\/li>\n<\/ul>","protected":false},"excerpt":{"rendered":"<p>ACM1552U-Z2 je vysokorychlostn\u00ed USB NFC modul podporuj\u00edc\u00ed \u010dte\u010dku\/zapisova\u010dku karet Smart Card a emulaci karet, navr\u017een\u00fd pro efektivn\u00ed a bezpe\u010dn\u00e9 bezkontaktn\u00ed operace.<\/p>","protected":false},"featured_media":1616,"template":"","meta":[],"product_brand":[],"product_cat":[41,40],"product_tag":[],"class_list":{"0":"post-1615","1":"product","2":"type-product","3":"status-publish","4":"has-post-thumbnail","6":"product_cat-module-ic-reader","7":"product_cat-rfid-nfc-reader","9":"first","10":"instock","11":"shipping-taxable","12":"product-type-simple"},"_links":{"self":[{"href":"https:\/\/nfc-readers.com\/cs\/wp-json\/wp\/v2\/product\/1615","targetHints":{"allow":["GET"]}}],"collection":[{"href":"https:\/\/nfc-readers.com\/cs\/wp-json\/wp\/v2\/product"}],"about":[{"href":"https:\/\/nfc-readers.com\/cs\/wp-json\/wp\/v2\/types\/product"}],"wp:featuredmedia":[{"embeddable":true,"href":"https:\/\/nfc-readers.com\/cs\/wp-json\/wp\/v2\/media\/1616"}],"wp:attachment":[{"href":"https:\/\/nfc-readers.com\/cs\/wp-json\/wp\/v2\/media?parent=1615"}],"wp:term":[{"taxonomy":"product_brand","embeddable":true,"href":"https:\/\/nfc-readers.com\/cs\/wp-json\/wp\/v2\/product_brand?post=1615"},{"taxonomy":"product_cat","embeddable":true,"href":"https:\/\/nfc-readers.com\/cs\/wp-json\/wp\/v2\/product_cat?post=1615"},{"taxonomy":"product_tag","embeddable":true,"href":"https:\/\/nfc-readers.com\/cs\/wp-json\/wp\/v2\/product_tag?post=1615"}],"curies":[{"name":"wp","href":"https:\/\/api.w.org\/{rel}","templated":true}]}}