{"id":1623,"date":"2024-04-07T07:59:43","date_gmt":"2024-04-07T07:59:43","guid":{"rendered":"https:\/\/nfc-readers.com\/?post_type=product&#038;p=1623"},"modified":"2024-09-29T07:34:42","modified_gmt":"2024-09-29T07:34:42","slug":"acr40t-type-a-usb-sim-sized-smart-card-reader","status":"publish","type":"product","link":"https:\/\/nfc-readers.com\/cs\/ic-reader\/acr40t-type-a-usb-sim-sized-smart-card-reader\/","title":{"rendered":"\u010cte\u010dka \u010dipov\u00fdch karet ACR40T USB typu A velikosti SIM karty (v\u010detn\u011b vestav\u011bn\u00e9ho tla\u010d\u00edtka a smy\u010dky)"},"content":{"rendered":"<h1>\u010cte\u010dka \u010dipov\u00fdch karet ACR40T USB typu A velikosti SIM karty (v\u010detn\u011b vestav\u011bn\u00e9ho tla\u010d\u00edtka a smy\u010dky)<\/h1>\n<p>ACR40T je vysoce \u00fa\u010dinn\u00e1 a aktualizovateln\u00e1 \u010dte\u010dka \u010dipov\u00fdch karet, kter\u00e1 nab\u00edz\u00ed \u0161irokou kompatibilitu s \u010dipov\u00fdmi kartami ISO 7816 a r\u016fzn\u00fdmi pam\u011b\u0165ov\u00fdmi kartami a nab\u00edz\u00ed u\u017eivatelsky p\u0159\u00edv\u011btiv\u00fd slot pro \u010dipov\u00e9 karty v pozoruhodn\u011b mal\u00e9m proveden\u00ed.<\/p>\n<ul>\n<li>\n<h2><strong>Podporuje r\u016fzn\u00e9 typy kontaktn\u00edch karet<\/strong><\/h2>\n<ul>\n<li>\n<h3>ISO 7816 T\u0159\u00edda A, B a C (5 V, 3 V a 1,8 V)<\/h3>\n<\/li>\n<li>\n<h3>Mikroprocesorov\u00e1 karta (T=0, T=1)<\/h3>\n<\/li>\n<li>\n<h3>Pam\u011b\u0165ov\u00e1 karta<\/h3>\n<\/li>\n<li>\n<h3>Funkce Ochrana proti zkratu<\/h3>\n<\/li>\n<\/ul>\n<\/li>\n<li>\n<h2><strong>Aplika\u010dn\u00ed programovac\u00ed rozhran\u00ed:<\/strong><\/h2>\n<ul>\n<li>\n<h3>Podporuje PC\/SC<\/h3>\n<\/li>\n<\/ul>\n<\/li>\n<li>\n<h2><strong>Vestav\u011bn\u00e9 periferie<\/strong><\/h2>\n<ul>\n<li>\n<h3>1 x programovateln\u00e1 LED (zelen\u00e1)<\/h3>\n<\/li>\n<li>\n<table width=\"591\">\n<tbody>\n<tr>\n<td colspan=\"2\" width=\"591\">Fyzik\u00e1ln\u00ed vlastnosti<\/td>\n<\/tr>\n<tr>\n<td rowspan=\"2\" width=\"266\">Rozm\u011bry (mm)<\/td>\n<td width=\"325\">ACR40T-A1: 48,9 mm (D) \u00d7 17,7 mm (\u0160) \u00d7 8,0 mm (V)<\/td>\n<\/tr>\n<tr>\n<td width=\"325\">ACR40T-A5: 44,7 mm (D) \u00d7 17,7 mm (\u0160) \u00d7 8,0 mm (V)<\/td>\n<\/tr>\n<tr>\n<td rowspan=\"2\" width=\"266\">Hmotnost (g)<\/td>\n<td width=\"325\">ACR40T-A1: 6,8 g \u00b1 1,0 g<\/td>\n<\/tr>\n<tr>\n<td width=\"325\">ACR40T-A5: 5,3 g \u00b1 1,0 g<\/td>\n<\/tr>\n<tr>\n<td colspan=\"2\" width=\"591\">Rozhran\u00ed USB<\/td>\n<\/tr>\n<tr>\n<td width=\"266\">Protokol<\/td>\n<td width=\"325\">USB CCID<\/td>\n<\/tr>\n<tr>\n<td rowspan=\"2\" width=\"266\">Typ konektoru<\/td>\n<td width=\"325\">USB typu A<\/td>\n<\/tr>\n<tr>\n<td width=\"325\">USB Type-C<\/td>\n<\/tr>\n<tr>\n<td width=\"266\">Zdroj nap\u00e1jen\u00ed<\/td>\n<td width=\"325\">Z USB portu<\/td>\n<\/tr>\n<tr>\n<td width=\"266\">Rychlost<\/td>\n<td width=\"325\">USB Full Speed (12 Mbps)<\/td>\n<\/tr>\n<tr>\n<td colspan=\"2\" width=\"591\">Kontaktujte rozhran\u00ed Smart Card<\/td>\n<\/tr>\n<tr>\n<td width=\"266\">Po\u010det slot\u016f<\/td>\n<td width=\"325\">1 slot pro kartu SIM (2FF)<\/td>\n<\/tr>\n<tr>\n<td width=\"266\">Protokol<\/td>\n<td width=\"325\">T=0; T=1<\/td>\n<\/tr>\n<tr>\n<td colspan=\"2\" width=\"591\">Vestav\u011bn\u00e9 periferie<\/td>\n<\/tr>\n<tr>\n<td width=\"266\">LED<\/td>\n<td width=\"325\">Zelen\u00fd<\/td>\n<\/tr>\n<tr>\n<td colspan=\"2\" width=\"591\">Dal\u0161\u00ed funkce<\/td>\n<\/tr>\n<tr>\n<td width=\"266\">Dal\u0161\u00ed funkce<\/td>\n<td width=\"325\">Podporuje upgrade firmwaru<\/td>\n<\/tr>\n<tr>\n<td colspan=\"2\" width=\"591\">Certifikace\/shoda<\/td>\n<\/tr>\n<tr>\n<td rowspan=\"12\" width=\"266\">Certifikace\/shoda<\/td>\n<td width=\"325\">certifikace:<\/td>\n<\/tr>\n<tr>\n<td width=\"325\">UL 62368<\/td>\n<\/tr>\n<tr>\n<td width=\"325\">CE<\/td>\n<\/tr>\n<tr>\n<td width=\"325\">UKCA<\/td>\n<\/tr>\n<tr>\n<td width=\"325\">FCC<\/td>\n<\/tr>\n<tr>\n<td width=\"325\">RoHS<\/td>\n<\/tr>\n<tr>\n<td width=\"325\">DOSAH<\/td>\n<\/tr>\n<tr>\n<td width=\"325\">VCCI<\/td>\n<\/tr>\n<tr>\n<td width=\"325\">Microsoft\u00ae WHQL<\/td>\n<\/tr>\n<tr>\n<td width=\"325\">Soulad:<\/td>\n<\/tr>\n<tr>\n<td width=\"325\">USB CCID<\/td>\n<\/tr>\n<tr>\n<td width=\"325\">PC\/SC<\/td>\n<\/tr>\n<tr>\n<td colspan=\"2\" width=\"591\">Podpora opera\u010dn\u00edho syst\u00e9mu ovlada\u010de za\u0159\u00edzen\u00ed<\/td>\n<\/tr>\n<tr>\n<td rowspan=\"4\" width=\"266\">Podpora opera\u010dn\u00edho syst\u00e9mu ovlada\u010de za\u0159\u00edzen\u00ed<\/td>\n<td width=\"325\">Windows\u00ae<\/td>\n<\/tr>\n<tr>\n<td width=\"325\">Linux\u00ae<\/td>\n<\/tr>\n<tr>\n<td width=\"325\">macOS<\/td>\n<\/tr>\n<tr>\n<td width=\"325\">Android\u2122<\/td>\n<\/tr>\n<\/tbody>\n<\/table>\n<\/li>\n<\/ul>\n<\/li>\n<\/ul>","protected":false},"excerpt":{"rendered":"<p>ACR40T je vysokorychlostn\u00ed USB \u010dte\u010dka kontakt\u016f p\u0159izp\u016fsoben\u00e1 pro karty velikosti SIM, kter\u00e1 nab\u00edz\u00ed aktualizace firmwaru a kompatibilitu s r\u016fzn\u00fdmi chytr\u00fdmi a pam\u011b\u0165ov\u00fdmi kartami.<\/p>","protected":false},"featured_media":1624,"template":"","meta":[],"product_brand":[],"product_cat":[39],"product_tag":[],"class_list":{"0":"post-1623","1":"product","2":"type-product","3":"status-publish","4":"has-post-thumbnail","6":"product_cat-usb-ic-smartcard-reader","8":"first","9":"instock","10":"shipping-taxable","11":"product-type-simple"},"_links":{"self":[{"href":"https:\/\/nfc-readers.com\/cs\/wp-json\/wp\/v2\/product\/1623","targetHints":{"allow":["GET"]}}],"collection":[{"href":"https:\/\/nfc-readers.com\/cs\/wp-json\/wp\/v2\/product"}],"about":[{"href":"https:\/\/nfc-readers.com\/cs\/wp-json\/wp\/v2\/types\/product"}],"wp:featuredmedia":[{"embeddable":true,"href":"https:\/\/nfc-readers.com\/cs\/wp-json\/wp\/v2\/media\/1624"}],"wp:attachment":[{"href":"https:\/\/nfc-readers.com\/cs\/wp-json\/wp\/v2\/media?parent=1623"}],"wp:term":[{"taxonomy":"product_brand","embeddable":true,"href":"https:\/\/nfc-readers.com\/cs\/wp-json\/wp\/v2\/product_brand?post=1623"},{"taxonomy":"product_cat","embeddable":true,"href":"https:\/\/nfc-readers.com\/cs\/wp-json\/wp\/v2\/product_cat?post=1623"},{"taxonomy":"product_tag","embeddable":true,"href":"https:\/\/nfc-readers.com\/cs\/wp-json\/wp\/v2\/product_tag?post=1623"}],"curies":[{"name":"wp","href":"https:\/\/api.w.org\/{rel}","templated":true}]}}