{"id":1909,"date":"2024-10-15T13:42:27","date_gmt":"2024-10-15T13:42:27","guid":{"rendered":"https:\/\/nfc-readers.com\/?post_type=product&#038;p=1909"},"modified":"2024-10-28T15:36:29","modified_gmt":"2024-10-28T15:36:29","slug":"acr1222l-contactless-rfid-nfc-reader-writer","status":"publish","type":"product","link":"https:\/\/nfc-readers.com\/cs\/ic-reader\/acr1222l-contactless-rfid-nfc-reader-writer\/","title":{"rendered":"ACR1222L Bezkontaktn\u00ed \u010dte\u010dka RFID NFC se z\u00e1pisem"},"content":{"rendered":"<p><iframe loading=\"lazy\" title=\"NFC \u010dte\u010dka ACR1222L\" width=\"1020\" height=\"765\" src=\"https:\/\/www.youtube.com\/embed\/i-7zrKP8WJo?feature=oembed\" frameborder=\"0\" allow=\"accelerometer; autoplay; clipboard-write; encrypted-media; gyroscope; picture-in-picture; web-share\" referrerpolicy=\"strict-origin-when-cross-origin\" allowfullscreen><\/iframe><\/p>\n<div>\n<h1><strong>ACR1222L Bezkontaktn\u00ed \u010dte\u010dka RFID NFC se z\u00e1pisem<\/strong><\/h1>\n<p>The\u00a0<strong>ACR1222L Bezkontaktn\u00ed \u010dte\u010dka RFID NFC se z\u00e1pisem<\/strong>\u00a0je pr\u00e9miov\u00e9 za\u0159\u00edzen\u00ed navr\u017een\u00e9 tak, aby usnadnilo bezprobl\u00e9movou interakci s \u0161irokou \u0161k\u00e1lou bezkontaktn\u00edch \u010dipov\u00fdch karet a NFC tag\u016f. D\u00edky pokro\u010dil\u00e9 technologick\u00e9 integraci a u\u017eivatelsky p\u0159\u00edv\u011btiv\u00fdm funkc\u00edm to je\u00a0<strong>NFC \u010dte\u010dka<\/strong>\u00a0je ide\u00e1ln\u00ed pro r\u016fzn\u00e9 aplikace, v\u010detn\u011b bezpe\u010dn\u00e9ho \u0159\u00edzen\u00ed p\u0159\u00edstupu, bezkontaktn\u00edch plateb a sb\u011bru dat. Pokud hled\u00e1te vylep\u0161it sv\u00e9 operace spolehliv\u00fdm a efektivn\u00edm\u00a0<strong>\u010dte\u010dka karet<\/strong>, ACR1222L stoj\u00ed za zv\u00e1\u017een\u00ed.<\/p>\n<p>Toto za\u0159\u00edzen\u00ed nab\u00edz\u00ed v\u00fdjime\u010dnou kompatibilitu s v\u00edce zna\u010dkami NFC a \u010dipov\u00fdmi kartami, co\u017e firm\u00e1m pom\u00e1h\u00e1 dosahovat efektivn\u011bj\u0161\u00ed transakce a lep\u0161\u00ed zapojen\u00ed u\u017eivatel\u016f. Mezi v\u00fdhody investice do ACR1222L pat\u0159\u00ed pokro\u010dil\u00e9 bezpe\u010dnostn\u00ed funkce, interaktivn\u00ed rozhran\u00ed s vestav\u011bn\u00fdm LCD a rozs\u00e1hl\u00e1 podpora pro r\u016fzn\u00e9 typy karet. Zjist\u011bte v\u00edce o tom, pro\u010d je toto za\u0159\u00edzen\u00ed nutnost\u00ed pro podniky, kter\u00e9 cht\u011bj\u00ed vyu\u017e\u00edt jeho s\u00edlu\u00a0<strong>RFID<\/strong>\u00a0technologie.<\/p>\n<h3>1. Komplexn\u00ed kompatibilita s v\u00edce technologiemi NFC<\/h3>\n<p>ACR1222L je postaven na pokro\u010dil\u00e9m\u00a0<strong>Technologie RFID 13,56 MHz<\/strong>, zaji\u0161\u0165uj\u00edc\u00ed kompatibilitu se \u0161irok\u00fdm spektrem bezkontaktn\u00edch karet a\u00a0<strong>NFC<\/strong>\u00a0zna\u010dky. To zahrnuje\u00a0<strong>Karty ISO 14443 typu A a B, MIFARE<\/strong>, FeliCa a v\u0161echny \u010dty\u0159i typy zna\u010dek NFC. D\u00edky t\u00e9to v\u0161estrannosti je ACR1222L nezbytn\u00fdm n\u00e1strojem pro podniky, kter\u00e9 cht\u011bj\u00ed do sv\u00fdch operac\u00ed integrovat bezkontaktn\u00ed technologii.<\/p>\n<p>Nav\u00edc,\u00a0<strong>ACR1222L<\/strong>\u00a0podporuje\u00a0<strong>Funkce NFC<\/strong>\u00a0kter\u00e9 mu umo\u017e\u0148uj\u00ed efektivn\u011b \u010d\u00edst a zapisovat zna\u010dky NFC. Tato schopnost m\u016f\u017ee b\u00fdt v\u00fdhodn\u00e1 zejm\u00e9na pro podniky, kter\u00e9 ji vyu\u017e\u00edvaj\u00ed\u00a0<strong>smartphone<\/strong>\u00a0transakce, jako nap\u0159\u00a0<strong>Google Pay<\/strong>, umo\u017e\u0148uj\u00edc\u00ed plynul\u00e9 zpracov\u00e1n\u00ed plateb prost\u0159ednictv\u00edm za\u0159\u00edzen\u00ed s podporou NFC. A\u0165 u\u017e pracujete s tradi\u010dn\u00edmi RFID kartami nebo nejnov\u011bj\u0161\u00edmi\u00a0<strong>NFC \u010dipy<\/strong>, toto za\u0159\u00edzen\u00ed vynik\u00e1 jako nejlep\u0161\u00ed volba na trhu.<\/p>\n<h3>2. Vylep\u0161en\u00e9 funkce zabezpe\u010den\u00ed pro bezpe\u010dn\u00e9 transakce<\/h3>\n<p>Bezpe\u010dnost je prvo\u0159ad\u00fdm z\u00e1jmem ka\u017ed\u00e9 organizace, kter\u00e1 pracuje s citliv\u00fdmi daty. Vlastnosti ACR1222L\u00a0<strong>t\u0159i moduly zabezpe\u010den\u00e9ho p\u0159\u00edstupu (SAM) vyhovuj\u00edc\u00ed norm\u011b ISO 7816<\/strong>\u00a0sloty, kter\u00e9 poskytuj\u00ed zv\u00fd\u0161enou bezpe\u010dnost pro bezkontaktn\u00ed operace. Tyto sloty SAM umo\u017e\u0148uj\u00ed bezpe\u010dnou spr\u00e1vu kryptografick\u00fdch kl\u00ed\u010d\u016f a zaji\u0161\u0165uj\u00ed, \u017ee jsou zpracov\u00e1v\u00e1ny pouze autorizovan\u00e9 transakce.<\/p>\n<p>D\u00edky vestav\u011bn\u00e9 antikolizn\u00ed technologii dok\u00e1\u017ee ACR1222L pracovat s v\u00edce kartami NFC sou\u010dasn\u011b, co\u017e zaji\u0161\u0165uje, \u017ee je v\u017edy p\u0159\u00edstupn\u00fd pouze jeden \u0161t\u00edtek. Tato funkce zvy\u0161uje integritu dat a sni\u017euje riziko neopr\u00e1vn\u011bn\u00e9ho p\u0159\u00edstupu, co\u017e je z\u00e1sadn\u00ed faktor pro syst\u00e9my \u0159\u00edzen\u00ed p\u0159\u00edstupu a finan\u010dn\u00ed transakce. V d\u016fsledku toho toto\u00a0<strong>NFC \u010dte\u010dka<\/strong>\u00a0nejen spl\u0148uje, ale p\u0159ekra\u010duje pr\u016fmyslov\u00e9 standardy bezpe\u010dnosti.<\/p>\n<h3>3. Intuitivn\u00ed u\u017eivatelsk\u00e9 rozhran\u00ed pro bezprobl\u00e9movou interakci<\/h3>\n<p>ACR1222L je vybaven a\u00a0<strong>dvou\u0159\u00e1dkov\u00fd grafick\u00fd LCD<\/strong>\u00a0kter\u00fd podporuje v\u00edce jazyk\u016f, v\u010detn\u011b \u010d\u00edn\u0161tiny, angli\u010dtiny, japon\u0161tiny a n\u011bkolika evropsk\u00fdch jazyk\u016f. Tato v\u00edcejazy\u010dn\u00e1 podpora usnad\u0148uje interakci pro r\u016fznorodou u\u017eivatelskou z\u00e1kladnu a zaji\u0161\u0165uje, \u017ee v\u0161ichni u\u017eivatel\u00e9 rozum\u00ed za\u0159\u00edzen\u00ed a jeho funkc\u00edm.<\/p>\n<p>Interaktivn\u00ed LCD nav\u00edc umo\u017e\u0148uje u\u017eivatel\u016fm proch\u00e1zet mo\u017enostmi a snadno p\u0159istupovat k r\u016fzn\u00fdm nastaven\u00edm. Spolu s\u00a0<strong>\u010dty\u0159i u\u017eivatelsky ovladateln\u00e9 LED diody<\/strong>\u00a0a zvukov\u00fd bzu\u010d\u00e1k pro upozorn\u011bn\u00ed na stav zaru\u010duje ACR1222L jasn\u00fd a poutav\u00fd u\u017eivatelsk\u00fd z\u00e1\u017eitek. Toto intuitivn\u00ed rozhran\u00ed je navr\u017eeno tak, aby zlep\u0161ilo u\u017eivatelsk\u00e9 porozum\u011bn\u00ed a zjednodu\u0161ilo provozn\u00ed pracovn\u00ed postupy, co\u017e z n\u011bj \u010din\u00ed vynikaj\u00edc\u00ed dopln\u011bk k libovoln\u00e9 technologick\u00e9 sad\u011b.<\/p>\n<h3>4. V\u0161estrann\u00e9 aplikace nap\u0159\u00ed\u010d pr\u016fmyslov\u00fdmi odv\u011btv\u00edmi<\/h3>\n<p>Bezkontaktn\u00ed \u010dte\u010dka RFID NFC Reader ACR1222L ACR1222L m\u016f\u017ee b\u00fdt pou\u017eita v r\u016fzn\u00fdch pr\u016fmyslov\u00fdch odv\u011btv\u00edch, v\u010detn\u011b maloobchodu, zdravotnictv\u00ed a dopravy. V maloobchod\u011b umo\u017e\u0148uje schopnost \u010d\u00edst a zapisovat zna\u010dky NFC podnik\u016fm zefektivnit transakce a zv\u00fd\u0161it zapojen\u00ed z\u00e1kazn\u00edk\u016f.\u00a0<strong>NFC n\u00e1stroje<\/strong>\u00a0lze integrovat do spr\u00e1vy v\u011brnostn\u00edch program\u016f nebo usnadnit bezkontaktn\u00ed platby, a zlep\u0161it tak celkovou spokojenost z\u00e1kazn\u00edk\u016f.<\/p>\n<p>Ve zdravotnictv\u00ed m\u016f\u017ee ACR1222L pomoci zefektivnit odbaven\u00ed pacient\u016f, zachovat bezpe\u010dn\u00fd p\u0159\u00edstup k citliv\u00fdm informac\u00edm a zajistit, aby m\u011bl l\u00e9ka\u0159sk\u00fd person\u00e1l rychl\u00fd p\u0159\u00edstup k dat\u016fm. Nav\u00edc je d\u00edky kompatibilit\u011b s kartami RFID ide\u00e1ln\u00ed pro kontrolu p\u0159\u00edstupu do omezen\u00fdch oblast\u00ed a zvy\u0161uje bezpe\u010dnost v dopravn\u00edch uzlech.<\/p>\n<h3>5. Technick\u00e9 specifikace a v\u00fdkonnostn\u00ed metriky<\/h3>\n<p>Technickou zdatnost modelu ACR1222L dokl\u00e1daj\u00ed jeho p\u016fsobiv\u00e9 specifikace:<\/p>\n<\/div>\n<div>\n<table width=\"702\">\n<tbody>\n<tr>\n<td colspan=\"2\" width=\"702\">Fyzik\u00e1ln\u00ed vlastnosti<\/td>\n<\/tr>\n<tr>\n<td rowspan=\"2\" width=\"250\">Rozm\u011bry (mm)<\/td>\n<td width=\"452\">Hlavn\u00ed t\u011blo: 133,5 mm (D) x 88,5 mm (\u0160) x 21,0 mm (V)<\/td>\n<\/tr>\n<tr>\n<td width=\"452\">Se stojanem: 158,0 mm (D) x 95,0 mm (\u0160) x 95,0 mm (V)<\/td>\n<\/tr>\n<tr>\n<td rowspan=\"2\" width=\"250\">Hmotnost (g)<\/td>\n<td width=\"452\">Hlavn\u00ed t\u011blo: 173 g<\/td>\n<\/tr>\n<tr>\n<td width=\"452\">Se stojanem: 415 g<\/td>\n<\/tr>\n<tr>\n<td colspan=\"2\" width=\"702\">Rozhran\u00ed USB<\/td>\n<\/tr>\n<tr>\n<td width=\"250\">Protokol<\/td>\n<td width=\"452\">USB CCID<\/td>\n<\/tr>\n<tr>\n<td width=\"250\">Typ konektoru<\/td>\n<td width=\"452\">Standardn\u00ed typ A<\/td>\n<\/tr>\n<tr>\n<td width=\"250\">Zdroj nap\u00e1jen\u00ed<\/td>\n<td width=\"452\">Z USB portu<\/td>\n<\/tr>\n<tr>\n<td width=\"250\">Rychlost<\/td>\n<td width=\"452\">USB Full Speed (12 Mbps)<\/td>\n<\/tr>\n<tr>\n<td width=\"250\">D\u00e9lka kabelu<\/td>\n<td width=\"452\">1,5 m, Pevn\u00e9<\/td>\n<\/tr>\n<tr>\n<td colspan=\"2\" width=\"702\">Rozhran\u00ed bezkontaktn\u00ed \u010dipov\u00e9 karty<\/td>\n<\/tr>\n<tr>\n<td width=\"250\">Norma<\/td>\n<td width=\"452\">ISO\/IEC 18092 NFC, ISO 14443 Typ A &amp; B, MIFARE\u00ae, FeliCa<\/td>\n<\/tr>\n<tr>\n<td rowspan=\"4\" width=\"250\">Protokol<\/td>\n<td width=\"452\">Karta vyhovuj\u00edc\u00ed ISO 14443-4, T=CL<\/td>\n<\/tr>\n<tr>\n<td width=\"452\">MIFARE\u00ae Classic Card, T=CL<\/td>\n<\/tr>\n<tr>\n<td width=\"452\">ISO18092, NFC tagy<\/td>\n<\/tr>\n<tr>\n<td width=\"452\">FeliCa<\/td>\n<\/tr>\n<tr>\n<td colspan=\"2\" width=\"702\">Rozhran\u00ed karty SAM<\/td>\n<\/tr>\n<tr>\n<td width=\"250\">Po\u010det slot\u016f<\/td>\n<td width=\"452\">3 standardn\u00ed sloty pro karty SIM<\/td>\n<\/tr>\n<tr>\n<td width=\"250\">Norma<\/td>\n<td width=\"452\">ISO 7816 T\u0159\u00edda A (5 V)<\/td>\n<\/tr>\n<tr>\n<td width=\"250\">Protokol<\/td>\n<td width=\"452\">T=0; T=1<\/td>\n<\/tr>\n<tr>\n<td colspan=\"2\" width=\"702\">Vestav\u011bn\u00e9 periferie<\/td>\n<\/tr>\n<tr>\n<td rowspan=\"3\" width=\"250\">LCD<\/td>\n<td width=\"452\">Grafick\u00fd LCD se \u017eluto-zelen\u00fdm podsv\u00edcen\u00edm<\/td>\n<\/tr>\n<tr>\n<td width=\"452\">Rozli\u0161en\u00ed: 128 x 32 pixel\u016f<\/td>\n<\/tr>\n<tr>\n<td width=\"452\">Po\u010det znak\u016f: 16 znak\u016f x 2 \u0159\u00e1dky<\/td>\n<\/tr>\n<tr>\n<td width=\"250\">LED<\/td>\n<td width=\"452\">4 jednobarevn\u00e9: zelen\u00e1, modr\u00e1, oran\u017eov\u00e1 a \u010derven\u00e1<\/td>\n<\/tr>\n<tr>\n<td width=\"250\">Bzu\u010d\u00e1k<\/td>\n<td width=\"452\">Monot\u00f3nn\u00ed<\/td>\n<\/tr>\n<tr>\n<td colspan=\"2\" width=\"702\">Dal\u0161\u00ed funkce<\/td>\n<\/tr>\n<tr>\n<td width=\"250\">Upgrade firmwaru<\/td>\n<td width=\"452\">Podporov\u00e1no<\/td>\n<\/tr>\n<tr>\n<td colspan=\"2\" width=\"702\">Certifikace\/shoda<\/td>\n<\/tr>\n<tr>\n<td rowspan=\"13\" width=\"250\">Certifikace\/shoda<\/td>\n<td width=\"452\">ISO 18092<\/td>\n<\/tr>\n<tr>\n<td width=\"452\">ISO 14443<\/td>\n<\/tr>\n<tr>\n<td width=\"452\">ISO 7816 (SAM slot)<\/td>\n<\/tr>\n<tr>\n<td width=\"452\">USB pln\u00e1 rychlost<\/td>\n<\/tr>\n<tr>\n<td width=\"452\">PC\/SC<\/td>\n<\/tr>\n<tr>\n<td width=\"452\">CCID<\/td>\n<\/tr>\n<tr>\n<td width=\"452\">VCCI (Japonsko)<\/td>\n<\/tr>\n<tr>\n<td width=\"452\">KC (Korea)<\/td>\n<\/tr>\n<tr>\n<td width=\"452\">Microsoft\u00ae WHQL<\/td>\n<\/tr>\n<tr>\n<td width=\"452\">CE<\/td>\n<\/tr>\n<tr>\n<td width=\"452\">FCC<\/td>\n<\/tr>\n<tr>\n<td width=\"452\">RoHS<\/td>\n<\/tr>\n<tr>\n<td width=\"452\">DOSAH<\/td>\n<\/tr>\n<tr>\n<td colspan=\"2\" width=\"702\">Podpora opera\u010dn\u00edho syst\u00e9mu ovlada\u010de za\u0159\u00edzen\u00ed<\/td>\n<\/tr>\n<tr>\n<td rowspan=\"5\" width=\"250\">Podpora opera\u010dn\u00edho syst\u00e9mu ovlada\u010de za\u0159\u00edzen\u00ed<\/td>\n<td width=\"452\">Windows\u00ae<\/td>\n<\/tr>\n<tr>\n<td width=\"452\">Linux\u00ae<\/td>\n<\/tr>\n<tr>\n<td width=\"452\">MAC OS\u00ae<\/td>\n<\/tr>\n<tr>\n<td width=\"452\">Solaris<\/td>\n<\/tr>\n<tr>\n<td width=\"452\">Android\u2122<\/td>\n<\/tr>\n<\/tbody>\n<\/table>\n<\/div>\n<div><\/div>\n<div>\n<p>D\u00edky sv\u00fdm schopnostem vysokorychlostn\u00edho \u010dten\u00ed a flexibilit\u011b p\u0159i spr\u00e1v\u011b r\u016fzn\u00fdch karet vynik\u00e1 ACR1222L jako v\u00fdkonn\u00fd\u00a0<strong>\u010dte\u010dka \u010dipov\u00fdch karet<\/strong>.<\/p>\n<h3>6. U\u017eivatelsky p\u0159\u00edv\u011btiv\u00e9 nastaven\u00ed a integrace<\/h3>\n<p>Nastaven\u00ed ACR1222L je p\u0159\u00edmo\u010dar\u00e9, tak\u017ee je p\u0159\u00edstupn\u00e9 jak pro technick\u00e9, tak pro netechnick\u00e9 u\u017eivatele. Za\u0159\u00edzen\u00ed lze snadno integrovat do st\u00e1vaj\u00edc\u00edch syst\u00e9m\u016f pomoc\u00ed\u00a0<strong>USB<\/strong>, zaji\u0161\u0165uj\u00edc\u00ed kompatibilitu s obl\u00edben\u00fdmi opera\u010dn\u00edmi syst\u00e9my v\u010detn\u011b Windows, Linux a macOS. Krom\u011b toho,\u00a0<strong>Mo\u017enost upgradu firmwaru USB<\/strong>\u00a0Tato funkce umo\u017e\u0148uje u\u017eivatel\u016fm udr\u017eovat sv\u00e1 za\u0159\u00edzen\u00ed aktualizovan\u00e1 pomoc\u00ed nejnov\u011bj\u0161\u00edch vylep\u0161en\u00ed a bezpe\u010dnostn\u00edch funkc\u00ed.<\/p>\n<p>Toto snadn\u00e9 nastaven\u00ed je v\u00fdhodn\u00e9 zejm\u00e9na pro podniky, kter\u00e9 cht\u011bj\u00ed rychle implementovat\u00a0<strong>bezkontaktn\u00ed \u0159e\u0161en\u00ed<\/strong>\u00a0bez rozs\u00e1hl\u00fdch prostoj\u016f nebo slo\u017eit\u00fdch instalac\u00ed.<\/p>\n<h3>7. Dopad na \u017eivotn\u00ed prost\u0159ed\u00ed a udr\u017eiteln\u00e9 vyu\u017e\u00edv\u00e1n\u00ed<\/h3>\n<p>Jak si podniky st\u00e1le v\u00edce uv\u011bdomuj\u00ed sv\u016fj dopad na \u017eivotn\u00ed prost\u0159ed\u00ed, ACR1222L dodr\u017euje z\u00e1sady udr\u017eiteln\u00e9ho pou\u017e\u00edv\u00e1n\u00ed. D\u00edky n\u00edzk\u00e9 spot\u0159eb\u011b energie za\u0159\u00edzen\u00ed nejen sni\u017euje n\u00e1klady na energii, ale tak\u00e9 p\u0159isp\u00edv\u00e1 k men\u0161\u00ed uhl\u00edkov\u00e9 stop\u011b.<\/p>\n<p>Krom\u011b toho je za\u0159\u00edzen\u00ed navr\u017eeno pro trval\u00fd v\u00fdkon, minimalizuje pot\u0159ebu \u010dast\u00fdch v\u00fdm\u011bn a \u010dasem sni\u017euje elektronick\u00fd odpad. Tato v\u00fdzva k udr\u017eitelnosti je z\u00e1sadn\u00edm faktorem pro organizace, kter\u00e9 cht\u011bj\u00ed v r\u00e1mci sv\u00fdch operac\u00ed podporovat zelen\u00e9 iniciativy.<\/p>\n<h3>8. Z\u00e1kaznick\u00e9 recenze a zp\u011btn\u00e1 vazba<\/h3>\n<p>Zp\u011btn\u00e1 vazba z\u00e1kazn\u00edk\u016f na ACR1222L zd\u016fraz\u0148uje jeho spolehlivost, snadn\u00e9 pou\u017eit\u00ed a komplexn\u00ed funkce. U\u017eivatel\u00e9 oce\u0148uj\u00ed bezprobl\u00e9mov\u00fd v\u00fdkon p\u0159i \u010dten\u00ed a z\u00e1pisu zna\u010dek NFC spolu s robustn\u00edmi bezpe\u010dnostn\u00edmi funkcemi.<\/p>\n<p>Jeden u\u017eivatel uvedl: \u201eACR1222L transformoval na\u0161e transak\u010dn\u00ed procesy. Je to rychl\u00e9, bezpe\u010dn\u00e9 a vestav\u011bn\u00fd displej je neuv\u011b\u0159iteln\u011b u\u017eite\u010dn\u00fd pro informov\u00e1n\u00ed na\u0161ich z\u00e1kazn\u00edk\u016f.\u201c<\/p>\n<\/div>\n<div><\/div>\n<div><\/div>","protected":false},"excerpt":{"rendered":"<p>ACR1222L Bezkontaktn\u00ed \u010dte\u010dka RFID NFC Reader Writer lze vyu\u017e\u00edt v r\u016fzn\u00fdch pr\u016fmyslov\u00fdch odv\u011btv\u00edch, v\u010detn\u011b maloobchodu, zdravotnictv\u00ed a dopravy. V maloobchod\u011b umo\u017e\u0148uje schopnost \u010d\u00edst a zapisovat zna\u010dky NFC podnik\u016fm zefektivnit transakce a zv\u00fd\u0161it zapojen\u00ed z\u00e1kazn\u00edk\u016f. <strong>NFC n\u00e1stroje<\/strong>\u00a0lze integrovat do spr\u00e1vy v\u011brnostn\u00edch program\u016f nebo usnadnit bezkontaktn\u00ed platby, a zlep\u0161it tak celkovou spokojenost z\u00e1kazn\u00edk\u016f.<\/p>","protected":false},"featured_media":1563,"template":"","meta":[],"product_brand":[],"product_cat":[45,40],"product_tag":[],"class_list":{"0":"post-1909","1":"product","2":"type-product","3":"status-publish","4":"has-post-thumbnail","6":"product_cat-contactless-nfc-reader","7":"product_cat-rfid-nfc-reader","9":"first","10":"instock","11":"shipping-taxable","12":"product-type-simple"},"_links":{"self":[{"href":"https:\/\/nfc-readers.com\/cs\/wp-json\/wp\/v2\/product\/1909","targetHints":{"allow":["GET"]}}],"collection":[{"href":"https:\/\/nfc-readers.com\/cs\/wp-json\/wp\/v2\/product"}],"about":[{"href":"https:\/\/nfc-readers.com\/cs\/wp-json\/wp\/v2\/types\/product"}],"wp:featuredmedia":[{"embeddable":true,"href":"https:\/\/nfc-readers.com\/cs\/wp-json\/wp\/v2\/media\/1563"}],"wp:attachment":[{"href":"https:\/\/nfc-readers.com\/cs\/wp-json\/wp\/v2\/media?parent=1909"}],"wp:term":[{"taxonomy":"product_brand","embeddable":true,"href":"https:\/\/nfc-readers.com\/cs\/wp-json\/wp\/v2\/product_brand?post=1909"},{"taxonomy":"product_cat","embeddable":true,"href":"https:\/\/nfc-readers.com\/cs\/wp-json\/wp\/v2\/product_cat?post=1909"},{"taxonomy":"product_tag","embeddable":true,"href":"https:\/\/nfc-readers.com\/cs\/wp-json\/wp\/v2\/product_tag?post=1909"}],"curies":[{"name":"wp","href":"https:\/\/api.w.org\/{rel}","templated":true}]}}