{"id":2020,"date":"2024-04-19T13:15:51","date_gmt":"2024-04-19T13:15:51","guid":{"rendered":"https:\/\/nfc-readers.com\/?post_type=product&#038;p=2020"},"modified":"2024-09-29T07:28:08","modified_gmt":"2024-09-29T07:28:08","slug":"cr100-bluetooth-emv-nfc-reader-writer","status":"publish","type":"product","link":"https:\/\/nfc-readers.com\/cs\/ic-reader\/cr100-bluetooth-emv-nfc-reader-writer\/","title":{"rendered":"Zapisova\u010dka CR100 Bluetooth EMV nfc"},"content":{"rendered":"<h1>Zapisova\u010dka CR100 Bluetooth EMV nfc<\/h1>\n<p>CR100 je v\u00fdkonn\u00e9 a flexibiln\u00ed za\u0159\u00edzen\u00ed mPOS, kter\u00e9 nab\u00edz\u00ed spolehlivost a snadnou integraci pro podniky a umo\u017e\u0148uje zpracov\u00e1n\u00ed plateb EMV a NFC na cest\u00e1ch. Jeho kompatibilita s r\u016fzn\u00fdmi opera\u010dn\u00edmi syst\u00e9my a mo\u017enostmi p\u0159ipojen\u00ed, jako je Bluetooth a USB, z n\u011bj \u010din\u00ed v\u0161estrannou volbu pro modern\u00ed platebn\u00ed aplikace.<\/p>\n<p><iframe loading=\"lazy\" title=\"\u010cte\u010dka CR100 EMV NFC\" width=\"1020\" height=\"574\" src=\"https:\/\/www.youtube.com\/embed\/oXxrfqKoQoM?feature=oembed\" frameborder=\"0\" allow=\"accelerometer; autoplay; clipboard-write; encrypted-media; gyroscope; picture-in-picture; web-share\" referrerpolicy=\"strict-origin-when-cross-origin\" allowfullscreen><\/iframe><\/p>\n<table width=\"730\">\n<tbody>\n<tr>\n<td width=\"336\">\u010cte\u010dka karet EMV<\/td>\n<td width=\"394\">\u010cte\u010dka \u010dipov\u00fdch karet EMV\/PBOC, vyhovuj\u00edc\u00ed norm\u011b ISO 7816 t\u0159\u00eddy A, B, C<\/td>\n<\/tr>\n<tr>\n<td width=\"336\">NFC \u010dte\u010dka<\/td>\n<td width=\"394\">Bezkontaktn\u00ed EMV, ISO 14443A\/B<\/td>\n<\/tr>\n<tr>\n<td width=\"336\">Sd\u011blen\u00ed<\/td>\n<td width=\"394\">Bluetooth\u00ae v3.0, Bluetooth\u00ae v4.0 a USB<\/td>\n<\/tr>\n<tr>\n<td width=\"336\">Indik\u00e1tor<\/td>\n<td width=\"394\">LED indik\u00e1tor stavu a bzu\u010d\u00e1k<\/td>\n<\/tr>\n<tr>\n<td rowspan=\"3\" width=\"336\">Spr\u00e1va kl\u00ed\u010d\u016f<\/td>\n<td width=\"394\">DUKPT<\/td>\n<\/tr>\n<tr>\n<td width=\"394\">Pevn\u00fd kl\u00ed\u010d<\/td>\n<\/tr>\n<tr>\n<td width=\"394\">MK\/SK<\/td>\n<\/tr>\n<tr>\n<td rowspan=\"5\" width=\"336\">\u0160ifrovac\u00ed algoritmus<\/td>\n<td width=\"394\">DES<\/td>\n<\/tr>\n<tr>\n<td width=\"394\">3DES<\/td>\n<\/tr>\n<tr>\n<td width=\"394\">AES<\/td>\n<\/tr>\n<tr>\n<td width=\"394\">RSA<\/td>\n<\/tr>\n<tr>\n<td width=\"394\">SHA-256<\/td>\n<\/tr>\n<tr>\n<td rowspan=\"4\" width=\"336\">Podporovan\u00fd opera\u010dn\u00ed syst\u00e9m<\/td>\n<td width=\"394\">Android 2.1 nebo vy\u0161\u0161\u00ed<\/td>\n<\/tr>\n<tr>\n<td width=\"394\">iOS 6.0 nebo vy\u0161\u0161\u00ed<\/td>\n<\/tr>\n<tr>\n<td width=\"394\">Windows Phone 8<\/td>\n<\/tr>\n<tr>\n<td width=\"394\">MS Windows<\/td>\n<\/tr>\n<tr>\n<td rowspan=\"12\" width=\"336\">Certifikace<\/td>\n<td width=\"394\">EMV L1 a L2<\/td>\n<\/tr>\n<tr>\n<td width=\"394\">EMV bezkontaktn\u00ed L1<\/td>\n<\/tr>\n<tr>\n<td width=\"394\">PBOC L1&amp;L2<\/td>\n<\/tr>\n<tr>\n<td width=\"394\">MasterCard PayPass<\/td>\n<\/tr>\n<tr>\n<td width=\"394\">Visa PayWave<\/td>\n<\/tr>\n<tr>\n<td width=\"394\">VISA p\u0159ipraveno<\/td>\n<\/tr>\n<tr>\n<td width=\"394\">PCI-PTS 5.x s SRED<\/td>\n<\/tr>\n<tr>\n<td width=\"394\">MasterCard TQM<\/td>\n<\/tr>\n<tr>\n<td width=\"394\">AMEX Pay<\/td>\n<\/tr>\n<tr>\n<td width=\"394\">Bluetooth BQB<\/td>\n<\/tr>\n<tr>\n<td width=\"394\">FCC<\/td>\n<\/tr>\n<tr>\n<td width=\"394\">CE<\/td>\n<\/tr>\n<tr>\n<td width=\"336\">Zp\u016fsob nab\u00edjen\u00ed<\/td>\n<td width=\"394\">Micro USB<\/td>\n<\/tr>\n<tr>\n<td width=\"336\">Baterie<\/td>\n<td width=\"394\">Lithium-polymerov\u00e1 dob\u00edjec\u00ed baterie 3,7V, v\u011bt\u0161\u00ed ne\u017e 250mAh<\/td>\n<\/tr>\n<tr>\n<td width=\"336\">Rozm\u011bry<\/td>\n<td width=\"394\">66 x 66 x 9,8 mm (\u0160xVxH)<\/td>\n<\/tr>\n<tr>\n<td rowspan=\"2\" width=\"336\">P\u0159\u00edslu\u0161enstv\u00ed<\/td>\n<td width=\"394\">Micro USB kabel<\/td>\n<\/tr>\n<tr>\n<td width=\"394\">Nab\u00edjec\u00ed dok<\/td>\n<\/tr>\n<\/tbody>\n<\/table>","protected":false},"excerpt":{"rendered":"<p>The CR100 mPOS device delivers excellent performance with an EMV reader and RFID reader, ensuring reliable payment processing across multiple platforms.<\/p>","protected":false},"featured_media":2021,"template":"","meta":[],"product_brand":[],"product_cat":[15,45,40],"product_tag":[],"class_list":{"0":"post-2020","1":"product","2":"type-product","3":"status-publish","4":"has-post-thumbnail","6":"product_cat-pos-machine","7":"product_cat-contactless-nfc-reader","8":"product_cat-rfid-nfc-reader","10":"first","11":"instock","12":"shipping-taxable","13":"product-type-simple"},"_links":{"self":[{"href":"https:\/\/nfc-readers.com\/cs\/wp-json\/wp\/v2\/product\/2020","targetHints":{"allow":["GET"]}}],"collection":[{"href":"https:\/\/nfc-readers.com\/cs\/wp-json\/wp\/v2\/product"}],"about":[{"href":"https:\/\/nfc-readers.com\/cs\/wp-json\/wp\/v2\/types\/product"}],"wp:featuredmedia":[{"embeddable":true,"href":"https:\/\/nfc-readers.com\/cs\/wp-json\/wp\/v2\/media\/2021"}],"wp:attachment":[{"href":"https:\/\/nfc-readers.com\/cs\/wp-json\/wp\/v2\/media?parent=2020"}],"wp:term":[{"taxonomy":"product_brand","embeddable":true,"href":"https:\/\/nfc-readers.com\/cs\/wp-json\/wp\/v2\/product_brand?post=2020"},{"taxonomy":"product_cat","embeddable":true,"href":"https:\/\/nfc-readers.com\/cs\/wp-json\/wp\/v2\/product_cat?post=2020"},{"taxonomy":"product_tag","embeddable":true,"href":"https:\/\/nfc-readers.com\/cs\/wp-json\/wp\/v2\/product_tag?post=2020"}],"curies":[{"name":"wp","href":"https:\/\/api.w.org\/{rel}","templated":true}]}}