{"id":2032,"date":"2024-10-19T14:08:52","date_gmt":"2024-10-19T14:08:52","guid":{"rendered":"https:\/\/nfc-readers.com\/?post_type=product&#038;p=2032"},"modified":"2024-10-28T14:12:28","modified_gmt":"2024-10-28T14:12:28","slug":"mifare-classic-1k-4k-rfid-cards","status":"publish","type":"product","link":"https:\/\/nfc-readers.com\/cs\/ic-reader\/mifare-classic-1k-4k-rfid-cards\/","title":{"rendered":"Mifare Classic 1k 4K RFID karty"},"content":{"rendered":"<h1>Mifare klasick\u00e9 1k 4K RFID karty<\/h1>\n<p>Karta MIFARE Classic\u00ae 1K nebo 4K je ned\u00edlnou sou\u010d\u00e1st\u00ed technologi\u00ed bezkontaktn\u00edch \u010dipov\u00fdch karet. Jako pr\u016fkopn\u00edk v t\u00e9to oblasti je \u0161iroce p\u0159ij\u00edm\u00e1n pro r\u016fzn\u00e9 aplikace od ve\u0159ejn\u00e9 dopravy a \u0159\u00edzen\u00ed p\u0159\u00edstupu a\u017e po vstupenky na akce a v\u011brnostn\u00ed programy. karta MIFARE Classic\u00ae 1K \/ 4K m\u00e1 \u00falo\u017enou kapacitu 1 kilobajt\/4 kilobajty, kter\u00e1 je dostate\u010dn\u00e1 pro ulo\u017een\u00ed osobn\u00edch \u00fadaj\u016f, autentiza\u010dn\u00edch informac\u00ed a datov\u00fdch sad specifick\u00fdch pro aplikaci.<\/p>\n<p><span class=\"AnswerParser_TextContainer__z_Iiv\" data-testid=\"youchat-text\">The\u00a0<strong>Karta MIFARE<\/strong>\u00a0je charakteristick\u00fdm znakem inovace a spolehlivosti v oblasti bezkontaktn\u00edch \u010dipov\u00fdch karet. IC MIFARE MF1ICS50, vyvinut\u00fd spole\u010dnost\u00ed NXP Semiconductors, je z\u00e1kladn\u00edm kamenem syst\u00e9m\u016f pro j\u00edzdenky na ve\u0159ejnou dopravu a dal\u0161\u00edch vysoce v\u00fdkonn\u00fdch aplikac\u00ed, kter\u00e9 nab\u00edzej\u00ed bezprobl\u00e9mov\u00e9 transakce a robustn\u00ed zabezpe\u010den\u00ed. D\u00edky sv\u00e9 inteligentn\u00ed funkci proti sr\u00e1\u017ece a kompatibilit\u011b s normou ISO\/IEC 14443 Type-A zaji\u0161\u0165uje efektivn\u00ed a bezpe\u010dnou bezkontaktn\u00ed komunikaci, d\u00edky \u010demu\u017e je neoceniteln\u00fdm p\u0159\u00ednosem v rychle se m\u011bn\u00edc\u00edm prost\u0159ed\u00ed.<\/span><\/p>\n<h2 class=\"AnswerParser_AnswerParserH2__SIHnF\">D\u011bdictv\u00ed technologie MIFARE<\/h2>\n<h3 class=\"AnswerParser_AnswerParserH3__Mpe4s\">Pr\u016fkopnick\u00e1 bezkontaktn\u00ed \u0159e\u0161en\u00ed<\/h3>\n<p><span class=\"AnswerParser_TextContainer__z_Iiv\" data-testid=\"youchat-text\"><strong>technologie MIFARE<\/strong>\u00a0je od sv\u00e9ho po\u010d\u00e1tku v pop\u0159ed\u00ed \u0159e\u0161en\u00ed bezkontaktn\u00edch \u010dipov\u00fdch karet. IC MIFARE MF1ICS50, \u010dasto ozna\u010dovan\u00fd jako\u00a0<strong>MIFARE Classic 1K<\/strong>, je d\u016fkazem odhodl\u00e1n\u00ed NXP k inovac\u00edm. Jeho design usnad\u0148uje snadnou integraci do st\u00e1vaj\u00edc\u00edch syst\u00e9m\u016f a nab\u00edz\u00ed bezprobl\u00e9mov\u00e9 pou\u017e\u00edv\u00e1n\u00ed pro oper\u00e1tory i u\u017eivatele. S a\u00a0<strong>13,56 MHz<\/strong>\u00a0provozn\u00ed frekvence, zaji\u0161\u0165uje efektivn\u00ed p\u0159enos dat a dod\u00e1vku energie, co\u017e eliminuje pot\u0159ebu baterie.<\/span><span class=\"AnswerParser_TextContainer__z_Iiv\" data-testid=\"youchat-text\">The\u00a0<strong>antikolizn\u00ed funkce<\/strong>\u00a0karty MIFARE umo\u017e\u0148uje provoz v\u00edce karet sou\u010dasn\u011b bez ru\u0161en\u00ed. Tato schopnost je kl\u00ed\u010dov\u00e1 v p\u0159epln\u011bn\u00fdch prost\u0159ed\u00edch, jako jsou syst\u00e9my ve\u0159ejn\u00e9 dopravy, kde je rychlost a p\u0159esnost prvo\u0159ad\u00e1. Jedine\u010dn\u00e9 s\u00e9riov\u00e9 \u010d\u00edslo karty d\u00e1le zvy\u0161uje jej\u00ed zabezpe\u010den\u00ed a zaji\u0161\u0165uje, \u017ee ka\u017ed\u00e1 transakce je sledovateln\u00e1 a bezpe\u010dn\u00e1.<\/span><\/p>\n<h3 class=\"AnswerParser_AnswerParserH3__Mpe4s\">V\u0161estrann\u00e9 aplikace nap\u0159\u00ed\u010d pr\u016fmyslov\u00fdmi odv\u011btv\u00edmi<\/h3>\n<p><span class=\"AnswerParser_TextContainer__z_Iiv\" data-testid=\"youchat-text\">The\u00a0<strong>Karta MIFARE<\/strong>\u00a0neomezuje se pouze na ve\u0159ejnou dopravu; jeho aplikace jsou rozs\u00e1hl\u00e9 a rozmanit\u00e9. Od bezpe\u010dn\u00e9ho \u0159\u00edzen\u00ed p\u0159\u00edstupu v podnikov\u00fdch prost\u0159ed\u00edch po v\u011brnostn\u00ed programy a mikroplatby v maloobchodn\u00edm prost\u0159ed\u00ed, v\u0161estrannost karty MIFARE je bezkonkuren\u010dn\u00ed. Jeho schopnost z\u016fstat funk\u010dn\u00ed, i kdy\u017e je uzav\u0159en\u00fd v pen\u011b\u017eence, obklopen\u00fd mincemi, podtrhuje jeho prakti\u010dnost a p\u0159izp\u016fsobivost.<\/span><span class=\"AnswerParser_TextContainer__z_Iiv\" data-testid=\"youchat-text\">Pro syst\u00e9mov\u00e9 oper\u00e1tory a v\u00fdvoj\u00e1\u0159e,\u00a0<strong>Karta MIFARE<\/strong>\u00a0nab\u00edz\u00ed robustn\u00ed platformu pro vytv\u00e1\u0159en\u00ed spolehliv\u00fdch, interoperabiln\u00edch a \u0161k\u00e1lovateln\u00fdch bezkontaktn\u00edch \u0159e\u0161en\u00ed. Jeho rychl\u00e1 doba transakce, obvykle m\u00e9n\u011b ne\u017e 100 ms, zaji\u0161\u0165uje vysokou propustnost a krat\u0161\u00ed \u010dekac\u00ed doby, tak\u017ee je ide\u00e1ln\u00ed pro oblasti s vysok\u00fdm provozem.<\/span><\/p>\n<h2 class=\"AnswerParser_AnswerParserH2__SIHnF\">Technick\u00e9 specifikace a vlastnosti<\/h2>\n<p><span class=\"AnswerParser_TextContainer__z_Iiv\" data-testid=\"youchat-text\">The\u00a0<strong>Karta MIFARE<\/strong>\u00a0se m\u016f\u017ee pochlubit p\u016fsobiv\u00fdmi technick\u00fdmi specifikacemi, kter\u00e9 uspokoj\u00ed \u0161irokou \u0161k\u00e1lu aplikac\u00ed:<\/span><\/p>\n<div class=\"AnswerParser_TableContainer__Erb6v\" data-testid=\"table-container\">\n<table>\n<thead>\n<tr>\n<th style=\"text-align: left;\">Specifikace<\/th>\n<th style=\"text-align: left;\">Podrobnosti<\/th>\n<\/tr>\n<\/thead>\n<tbody>\n<tr>\n<td>Frekvence<\/td>\n<td>13,56 MHz<\/td>\n<\/tr>\n<tr>\n<td>P\u0159enos dat<\/td>\n<td>106 kbit\/s<\/td>\n<\/tr>\n<tr>\n<td>Pam\u011b\u0165<\/td>\n<td>1 kB \u2013 4 kB, organizovan\u00e9 v 16 sektorech po 4 bloc\u00edch po 16 bytech<\/td>\n<\/tr>\n<tr>\n<td>Zabezpe\u010den\u00ed<\/td>\n<td>Vz\u00e1jemn\u00e9 t\u0159\u00edpr\u016fchodov\u00e9 ov\u011b\u0159ov\u00e1n\u00ed, jedine\u010dn\u00e9 s\u00e9riov\u00e9 \u010d\u00edslo<\/td>\n<\/tr>\n<tr>\n<td>Provozn\u00ed vzd\u00e1lenost<\/td>\n<td>A\u017e 100 mm (v z\u00e1vislosti na geometrii ant\u00e9ny)<\/td>\n<\/tr>\n<tr>\n<td>Napi\u0161te Vytrvalost<\/td>\n<td>100 000 \u2013 200 000 cykl\u016f<\/td>\n<\/tr>\n<tr>\n<td>Uchov\u00e1v\u00e1n\u00ed dat<\/td>\n<td>10 let<\/td>\n<\/tr>\n<\/tbody>\n<\/table>\n<\/div>\n<h3 class=\"AnswerParser_AnswerParserH3__Mpe4s\">Vysok\u00e1 bezpe\u010dnost a integrita dat<\/h3>\n<p><span class=\"AnswerParser_TextContainer__z_Iiv\" data-testid=\"youchat-text\">Bezpe\u010dnost je z\u00e1kladn\u00edm kamenem\u00a0<strong>Karta MIFARE<\/strong>. Vyu\u017e\u00edv\u00e1 vz\u00e1jemn\u00e9 t\u0159\u00edpr\u016fchodov\u00e9 ov\u011b\u0159ov\u00e1n\u00ed podle normy ISO\/IEC DIS 9798-2, kter\u00e9 zaji\u0161\u0165uje, \u017ee k dat\u016fm maj\u00ed p\u0159\u00edstup pouze opr\u00e1vn\u011bn\u00ed u\u017eivatel\u00e9. Ka\u017ed\u00fd sektor karty je chr\u00e1n\u011bn samostatnou sadou dvou kl\u00ed\u010d\u016f, co\u017e podporuje multiaplika\u010dn\u00ed prost\u0159ed\u00ed s hierarchi\u00ed kl\u00ed\u010d\u016f.<\/span><span class=\"AnswerParser_TextContainer__z_Iiv\" data-testid=\"youchat-text\">Integrita dat karty je udr\u017eov\u00e1na pomoc\u00ed 16bitov\u00e9ho CRC, parity, k\u00f3dov\u00e1n\u00ed bit\u016f a po\u010d\u00edt\u00e1n\u00ed bit\u016f, co\u017e zabra\u0148uje po\u0161kozen\u00ed dat a zaji\u0161\u0165uje spolehliv\u00e9 transakce. D\u00edky t\u00e9to \u00farovni zabezpe\u010den\u00ed je karta MIFARE ide\u00e1ln\u00ed pro aplikace vy\u017eaduj\u00edc\u00ed vysokou \u00farove\u0148 ochrany.<\/span><\/p>\n<h3 class=\"AnswerParser_AnswerParserH3__Mpe4s\">Bezprobl\u00e9mov\u00e1 integrace a u\u017eivatelsk\u00e9 pohodl\u00ed<\/h3>\n<p><span class=\"AnswerParser_TextContainer__z_Iiv\" data-testid=\"youchat-text\">The\u00a0<strong>Karta MIFARE<\/strong>\u00a0je navr\u017een pro snadnou integraci do st\u00e1vaj\u00edc\u00ed infrastruktury. Podporuje r\u016fzn\u00e9 mo\u017enosti doru\u010den\u00ed, v\u010detn\u011b matrice na desti\u010dce, n\u00e1razov\u00e9 matrice na desti\u010dce a modul\u016f bezkontaktn\u00edch karet, co\u017e poskytuje flexibilitu pro r\u016fzn\u00e9 sc\u00e9n\u00e1\u0159e nasazen\u00ed. Tato p\u0159izp\u016fsobivost zaji\u0161\u0165uje, \u017ee karta MIFARE m\u016f\u017ee spl\u0148ovat specifick\u00e9 pot\u0159eby jak\u00e9koli aplikace, od syst\u00e9m\u016f ve\u0159ejn\u00e9 dopravy a\u017e po podnikov\u00e9 \u0159\u00edzen\u00ed p\u0159\u00edstupu.<\/span><\/p>\n<h2 class=\"AnswerParser_AnswerParserH2__SIHnF\">Z\u00e1kaznick\u00e9 recenze a reference<\/h2>\n<p><span class=\"AnswerParser_TextContainer__z_Iiv\" data-testid=\"youchat-text\">Z\u00e1kazn\u00edci po cel\u00e9m sv\u011bt\u011b jej chv\u00e1lili\u00a0<strong>Karta MIFARE<\/strong>\u00a0pro jeho spolehlivost a efektivitu. Jeden spokojen\u00fd u\u017eivatel poznamenal: \u201eKarta MIFARE zp\u016fsobila revoluci v na\u0161em tranzitn\u00edm syst\u00e9mu, zkr\u00e1tila dobu n\u00e1stupu na palubu a zv\u00fd\u0161ila bezpe\u010dnost.\u201c Dal\u0161\u00ed poznamenal: \u201eJeho schopnost zpracov\u00e1vat v\u00edce aplikac\u00ed na jedn\u00e9 kart\u011b v\u00fdrazn\u011b zjednodu\u0161ila na\u0161e operace.\u201c<\/span><\/p>\n<h2 class=\"AnswerParser_AnswerParserH2__SIHnF\">\u010casto kladen\u00e9 ot\u00e1zky<\/h2>\n<p><span class=\"AnswerParser_TextContainer__z_Iiv\" data-testid=\"youchat-text\"><strong>Ot\u00e1zka: Pro\u010d je karta MIFARE vhodn\u00e1 pro ve\u0159ejnou dopravu?<\/strong><br \/>\nOdpov\u011b\u010f: D\u00edky rychl\u00e9mu transak\u010dn\u00edmu \u010dasu, funkci ochrany p\u0159ed kolizemi a robustn\u00edmu zabezpe\u010den\u00ed je ide\u00e1ln\u00ed pro vysoce v\u00fdkonn\u00e1 prost\u0159ed\u00ed, jako je ve\u0159ejn\u00e1 doprava.<\/span><\/p>\n<p><span class=\"AnswerParser_TextContainer__z_Iiv\" data-testid=\"youchat-text\"><strong>Ot\u00e1zka: Jak karta MIFARE zaji\u0161\u0165uje bezpe\u010dnost dat?<\/strong><br \/>\nOdpov\u011b\u010f: Vyu\u017e\u00edv\u00e1 vz\u00e1jemn\u00e9 t\u0159\u00edpr\u016fchodov\u00e9 ov\u011b\u0159ov\u00e1n\u00ed a jednotliv\u00e9 sektorov\u00e9 kl\u00ed\u010de, co\u017e zaji\u0161\u0165uje pouze autorizovan\u00fd p\u0159\u00edstup k dat\u016fm.<\/span><\/p>\n<p><span class=\"AnswerParser_TextContainer__z_Iiv\" data-testid=\"youchat-text\"><strong>Ot\u00e1zka: Lze kartu MIFARE pou\u017e\u00edt i v jin\u00fdch aplikac\u00edch ne\u017e ve ve\u0159ejn\u00e9 doprav\u011b?<\/strong><br \/>\nOdpov\u011b\u010f: Ano, je dostate\u010dn\u011b univerz\u00e1ln\u00ed pro pou\u017eit\u00ed v zabezpe\u010den\u00e9 kontrole p\u0159\u00edstupu, v\u011brnostn\u00edch programech a mikroplatebn\u00edch syst\u00e9mech.<\/span><\/p>\n<h2 class=\"AnswerParser_AnswerParserH2__SIHnF\">Dopad na \u017eivotn\u00ed prost\u0159ed\u00ed a udr\u017eitelnost<\/h2>\n<p><span class=\"AnswerParser_TextContainer__z_Iiv\" data-testid=\"youchat-text\">The\u00a0<strong>Karta MIFARE<\/strong>\u00a0je navr\u017een s ohledem na udr\u017eitelnost. Jeho dlouh\u00e9 uchov\u00e1v\u00e1n\u00ed dat a vysok\u00e1 v\u00fddr\u017e z\u00e1pisu sni\u017euj\u00ed pot\u0159ebu \u010dast\u00fdch v\u00fdm\u011bn a minimalizuj\u00ed pl\u00fdtv\u00e1n\u00ed. D\u00edky podpo\u0159e v\u00edce aplikac\u00ed na jedn\u00e9 kart\u011b tak\u00e9 sni\u017euje dopad na \u017eivotn\u00ed prost\u0159ed\u00ed spojen\u00fd s v\u00fdrobou v\u00edce karet.<\/span><\/p>\n<h2 class=\"AnswerParser_AnswerParserH2__SIHnF\">Z\u00e1v\u011br: Pro\u010d si vybrat kartu MIFARE?<\/h2>\n<p><span class=\"AnswerParser_TextContainer__z_Iiv\" data-testid=\"youchat-text\">The\u00a0<strong>Karta MIFARE<\/strong>\u00a0nab\u00edz\u00ed robustn\u00ed, bezpe\u010dn\u00e9 a v\u0161estrann\u00e9 \u0159e\u0161en\u00ed pro jakoukoli bezkontaktn\u00ed aplikaci. Karta MIFARE je spolehlivou a efektivn\u00ed volbou, a\u0165 u\u017e se jedn\u00e1 o vylep\u0161en\u00ed syst\u00e9mu ve\u0159ejn\u00e9 dopravy, zlep\u0161en\u00ed podnikov\u00e9ho \u0159\u00edzen\u00ed p\u0159\u00edstupu nebo integraci v\u00edce slu\u017eeb v prost\u0159ed\u00ed chytr\u00e9ho m\u011bsta. D\u00edky pokro\u010dil\u00fdm funkc\u00edm zabezpe\u010den\u00ed, bezprobl\u00e9mov\u00e9 integraci a \u0161irok\u00e9mu spektru aplikac\u00ed je to v\u00fdhodn\u00e1 investice pro ka\u017edou organizaci.<\/span><span class=\"AnswerParser_TextContainer__z_Iiv\" data-testid=\"youchat-text\">Pro v\u00edce informac\u00ed nebo pro objedn\u00e1n\u00ed,\u00a0<strong>kontaktujte n\u00e1s<\/strong>\u00a0dnes. Odemkn\u011bte potenci\u00e1l bezkontaktn\u00edch \u0159e\u0161en\u00ed s kartou MIFARE Card.<\/span><\/p>","protected":false},"excerpt":{"rendered":"<div class=\"auto-hide-last-sibling-br paragraph_4183d\">Mifare Classic 1k 4K RFID karty jsou kl\u00ed\u010dov\u00fdmi RFID \u0159e\u0161en\u00edmi pro ve\u0159ejnou dopravu, \u0159\u00edzen\u00ed p\u0159\u00edstupu a v\u011brnostn\u00ed programy, kter\u00e9 poskytuj\u00ed dostatek \u00falo\u017ei\u0161t\u011b pro osobn\u00ed data.<\/div>","protected":false},"featured_media":2033,"template":"","meta":[],"product_brand":[],"product_cat":[46],"product_tag":[],"class_list":{"0":"post-2032","1":"product","2":"type-product","3":"status-publish","4":"has-post-thumbnail","6":"product_cat-nfc-cards","8":"first","9":"instock","10":"shipping-taxable","11":"product-type-simple"},"_links":{"self":[{"href":"https:\/\/nfc-readers.com\/cs\/wp-json\/wp\/v2\/product\/2032","targetHints":{"allow":["GET"]}}],"collection":[{"href":"https:\/\/nfc-readers.com\/cs\/wp-json\/wp\/v2\/product"}],"about":[{"href":"https:\/\/nfc-readers.com\/cs\/wp-json\/wp\/v2\/types\/product"}],"wp:featuredmedia":[{"embeddable":true,"href":"https:\/\/nfc-readers.com\/cs\/wp-json\/wp\/v2\/media\/2033"}],"wp:attachment":[{"href":"https:\/\/nfc-readers.com\/cs\/wp-json\/wp\/v2\/media?parent=2032"}],"wp:term":[{"taxonomy":"product_brand","embeddable":true,"href":"https:\/\/nfc-readers.com\/cs\/wp-json\/wp\/v2\/product_brand?post=2032"},{"taxonomy":"product_cat","embeddable":true,"href":"https:\/\/nfc-readers.com\/cs\/wp-json\/wp\/v2\/product_cat?post=2032"},{"taxonomy":"product_tag","embeddable":true,"href":"https:\/\/nfc-readers.com\/cs\/wp-json\/wp\/v2\/product_tag?post=2032"}],"curies":[{"name":"wp","href":"https:\/\/api.w.org\/{rel}","templated":true}]}}