{"id":2038,"date":"2024-04-19T14:36:49","date_gmt":"2024-04-19T14:36:49","guid":{"rendered":"https:\/\/nfc-readers.com\/?post_type=product&#038;p=2038"},"modified":"2024-09-29T07:24:42","modified_gmt":"2024-09-29T07:24:42","slug":"d20-smart-mpos","status":"publish","type":"product","link":"https:\/\/nfc-readers.com\/cs\/ic-reader\/d20-smart-mpos\/","title":{"rendered":"D20 chytr\u00e9 mpos"},"content":{"rendered":"<h1>D20 chytr\u00e9 mpos<\/h1>\n<div class=\"p\">Ergonomicky navr\u017een\u00fd Android chytr\u00fd POS, kter\u00fd perfektn\u011b padne do ruky. 4\u201d dotykov\u00fd displej, \u010dte\u010dka QR k\u00f3d\u016f a \u0161irok\u00e1 \u0161k\u00e1la mo\u017enost\u00ed p\u0159ipojen\u00ed v\u00e1s p\u0159iv\u00edtaj\u00ed s pohodln\u011bj\u0161\u00edm z\u00e1\u017eitkem z platby.<\/div>\n<div><\/div>\n<div class=\"p_list\">\n<div class=\"span clearfix\">Vysok\u00fd v\u00fdkon<\/div>\n<div><\/div>\n<div class=\"span clearfix\">Multikonektivita: 4G\/3G\/2G\/WIFI\/BT<\/div>\n<div><\/div>\n<div class=\"span clearfix\">Kompletn\u00ed podpora plateb: MSR\/IC\/NFC<\/div>\n<div><\/div>\n<\/div>\n<table width=\"539\">\n<tbody>\n<tr>\n<td width=\"166\">OS<\/td>\n<td width=\"373\">Android 10<\/td>\n<\/tr>\n<tr>\n<td width=\"166\"><\/td>\n<td rowspan=\"2\" width=\"373\">Aplika\u010dn\u00ed CPU: 4*A53@ 1,8GHz Bezpe\u010dnostn\u00ed CPU: 32bitov\u00fd ARM 192MHz<\/td>\n<\/tr>\n<tr>\n<td width=\"166\">Procesor<\/td>\n<\/tr>\n<tr>\n<td rowspan=\"2\" width=\"166\">Pam\u011b\u0165<\/td>\n<td width=\"373\">1GB + 16GB<\/td>\n<\/tr>\n<tr>\n<td width=\"373\">2 GB + 16 GB (voliteln\u00e9)<\/td>\n<\/tr>\n<tr>\n<td width=\"166\"><\/td>\n<td width=\"373\">4,0\u201d 480*800 TFT IPS displej<\/td>\n<\/tr>\n<tr>\n<td width=\"166\">Zobrazit<\/td>\n<td width=\"373\">Dotykov\u00fd displej<\/td>\n<\/tr>\n<tr>\n<td width=\"166\"><\/td>\n<td width=\"373\">LTE I WCDMA I GSM<\/td>\n<\/tr>\n<tr>\n<td width=\"166\">Komunikace<\/td>\n<td width=\"373\">Bluetooth 5.0 I WiFi: 802.11 a\/b\/g\/n\/ac, 2,4 GHz a 5G, podporuje AP<\/td>\n<\/tr>\n<tr>\n<td width=\"166\">Polohov\u00e1n\u00ed satelit\u016f<\/td>\n<td width=\"373\">GPS | A-GPS | GLONASS<\/td>\n<\/tr>\n<tr>\n<td width=\"166\">Fotoapar\u00e1t<\/td>\n<td width=\"373\">Zadn\u00ed: 0,3M FF pixel\u016f<\/td>\n<\/tr>\n<tr>\n<td width=\"166\">\u010cte\u010dka karet EMV<\/td>\n<td width=\"373\">EMV L1 a L2<\/td>\n<\/tr>\n<tr>\n<td width=\"166\">NFC \u010dte\u010dka<\/td>\n<td width=\"373\">Bezkontaktn\u00ed EMV L1<\/td>\n<\/tr>\n<tr>\n<td width=\"166\">\u010cte\u010dka karet s magnetick\u00fdm pruhem<\/td>\n<td width=\"373\">ISO-7811\/7813\/7810<\/td>\n<\/tr>\n<tr>\n<td width=\"166\"><\/td>\n<td width=\"373\">PCI PTS 5.x SRED<\/td>\n<\/tr>\n<tr>\n<td width=\"166\"><\/td>\n<td width=\"373\">EMV L1&amp;L2, EMV bezkontaktn\u00ed L1<\/td>\n<\/tr>\n<tr>\n<td width=\"166\">Certifikace<\/td>\n<td width=\"373\">Visa Paywave, MasterCard Paypass, Amex Expresspay Discovery D-PAS, Rupay qSPARC<\/td>\n<\/tr>\n<tr>\n<td width=\"166\"><\/td>\n<td width=\"373\">Zabezpe\u010den\u00ed PCI PIN, MasterCard TQM CE, FCC, BQB, RoHS, WEEE<\/td>\n<\/tr>\n<tr>\n<td width=\"166\">Adapt\u00e9r<\/td>\n<td width=\"373\">DC 5V\/1A<\/td>\n<\/tr>\n<tr>\n<td width=\"166\">Baterie<\/td>\n<td width=\"373\">4,35V\/2450mAh<\/td>\n<\/tr>\n<tr>\n<td width=\"166\">Zvuk<\/td>\n<td width=\"373\">Reproduktor<\/td>\n<\/tr>\n<tr>\n<td width=\"166\"><\/td>\n<td width=\"373\">1 Typ-C (OTG)<\/td>\n<\/tr>\n<tr>\n<td width=\"166\">Perifern\u00ed porty<\/td>\n<td width=\"373\">1 Nano SIM + 1 Mini SIM + 1 Mini SAM<\/td>\n<\/tr>\n<tr>\n<td width=\"166\"><\/td>\n<td width=\"373\">1 slot pro Micro SD kartu, podporuje a\u017e 32 GB<\/td>\n<\/tr>\n<tr>\n<td width=\"166\"><\/td>\n<td width=\"373\">Provozn\u00ed teplota: 0\u2103 a\u017e +45\u2103<\/td>\n<\/tr>\n<tr>\n<td width=\"166\">Podm\u00ednky prost\u0159ed\u00ed<\/td>\n<td width=\"373\">Skladovac\u00ed teplota: 0\u2103 a\u017e +50\u2103<\/td>\n<\/tr>\n<tr>\n<td width=\"166\"><\/td>\n<td width=\"373\">Relativn\u00ed vlhkost: 10% a\u017e 90% nekondenzuj\u00edc\u00ed<\/td>\n<\/tr>\n<tr>\n<td width=\"166\">Rozm\u011bry<\/td>\n<td width=\"373\">129 mm x 68,5 mm x 17,4 mm, 168 g (v\u010detn\u011b baterie)<\/td>\n<\/tr>\n<\/tbody>\n<\/table>","protected":false},"excerpt":{"rendered":"<p>This ergonomic Android mPOS features a 4&#8243; touch screen and QR code scanner, ensuring a seamless payment experience with robust connectivity options.<\/p>","protected":false},"featured_media":2039,"template":"","meta":[],"product_brand":[],"product_cat":[15],"product_tag":[],"class_list":{"0":"post-2038","1":"product","2":"type-product","3":"status-publish","4":"has-post-thumbnail","6":"product_cat-pos-machine","8":"first","9":"instock","10":"shipping-taxable","11":"product-type-simple"},"_links":{"self":[{"href":"https:\/\/nfc-readers.com\/cs\/wp-json\/wp\/v2\/product\/2038","targetHints":{"allow":["GET"]}}],"collection":[{"href":"https:\/\/nfc-readers.com\/cs\/wp-json\/wp\/v2\/product"}],"about":[{"href":"https:\/\/nfc-readers.com\/cs\/wp-json\/wp\/v2\/types\/product"}],"wp:featuredmedia":[{"embeddable":true,"href":"https:\/\/nfc-readers.com\/cs\/wp-json\/wp\/v2\/media\/2039"}],"wp:attachment":[{"href":"https:\/\/nfc-readers.com\/cs\/wp-json\/wp\/v2\/media?parent=2038"}],"wp:term":[{"taxonomy":"product_brand","embeddable":true,"href":"https:\/\/nfc-readers.com\/cs\/wp-json\/wp\/v2\/product_brand?post=2038"},{"taxonomy":"product_cat","embeddable":true,"href":"https:\/\/nfc-readers.com\/cs\/wp-json\/wp\/v2\/product_cat?post=2038"},{"taxonomy":"product_tag","embeddable":true,"href":"https:\/\/nfc-readers.com\/cs\/wp-json\/wp\/v2\/product_tag?post=2038"}],"curies":[{"name":"wp","href":"https:\/\/api.w.org\/{rel}","templated":true}]}}