{"id":2052,"date":"2024-10-20T12:32:11","date_gmt":"2024-10-20T12:32:11","guid":{"rendered":"https:\/\/nfc-readers.com\/?post_type=product&#038;p=2052"},"modified":"2024-10-28T13:56:29","modified_gmt":"2024-10-28T13:56:29","slug":"mifare-desfire-ev2-2k-4k-8k-card","status":"publish","type":"product","link":"https:\/\/nfc-readers.com\/cs\/ic-reader\/mifare-desfire-ev2-2k-4k-8k-card\/","title":{"rendered":"\u00a0Karta MIFARE Desfire EV2 2K 4K 8K\u00a0"},"content":{"rendered":"<h1><span class=\"AnswerParser_TextContainer__z_Iiv\" data-testid=\"youchat-text\">\u00a0<strong>Karta MIFARE Desfire EV2 2K 4K 8K<\/strong>\u00a0<\/span><\/h1>\n<p><span class=\"AnswerParser_TextContainer__z_Iiv\" data-testid=\"youchat-text\"><strong>Karta MIFARE Desfire EV2 2K 4K 8K<\/strong>\u00a0vynik\u00e1 jako maj\u00e1k inovac\u00ed a spolehlivosti. Tato karta navr\u017een\u00e1 spole\u010dnost\u00ed NXP je druhou evoluc\u00ed v rodin\u011b MIFARE DESFire, kter\u00e1 nab\u00edz\u00ed vylep\u0161en\u00e9 zabezpe\u010den\u00ed, vynikaj\u00edc\u00ed v\u00fdkon a podporu v\u00edce aplikac\u00ed. A\u0165 u\u017e se jedn\u00e1 o j\u00edzdenky na ve\u0159ejnou dopravu, spr\u00e1vu zabezpe\u010den\u00e9ho p\u0159\u00edstupu nebo mikroplatby, MIFARE Desfire EV2 je ide\u00e1ln\u00ed volbou pro syst\u00e9mov\u00e9 oper\u00e1tory a v\u00fdvoj\u00e1\u0159e, kte\u0159\u00ed hledaj\u00ed \u0161k\u00e1lovateln\u00e1 a interoperabiln\u00ed bezkontaktn\u00ed \u0159e\u0161en\u00ed.<\/span><\/p>\n<h2 class=\"AnswerParser_AnswerParserH2__SIHnF\">Bezkonkuren\u010dn\u00ed bezpe\u010dnost a v\u00fdkon<\/h2>\n<p><span class=\"AnswerParser_TextContainer__z_Iiv\" data-testid=\"youchat-text\">The\u00a0<strong>MIFARE Desfire EV2<\/strong>\u00a0je postaven na otev\u0159en\u00fdch glob\u00e1ln\u00edch standardech, kter\u00e9 zaji\u0161\u0165uj\u00ed kompatibilitu a bezpe\u010dnost nap\u0159\u00ed\u010d r\u016fzn\u00fdmi aplikacemi. Podporuje DES, 2K3DES, 3K3DES a AES hardwarov\u00e9 \u0161ifrovac\u00ed algoritmy, kter\u00e9 poskytuj\u00ed robustn\u00ed ochranu pro p\u0159enos dat. Tato karta m\u00e1 certifikaci Common Criteria EAL5+, co\u017e je \u00farove\u0148 zabezpe\u010den\u00ed srovnateln\u00e1 s \u00farovn\u00ed pou\u017e\u00edvanou u bankovn\u00edch karet a elektronick\u00fdch pas\u016f, co\u017e zaji\u0161\u0165uje, \u017ee va\u0161e transakce jsou bezpe\u010dn\u00e9 a spolehliv\u00e9.<\/span><\/p>\n<h3 class=\"AnswerParser_AnswerParserH3__Mpe4s\">Mo\u017enosti v\u00edce aplikac\u00ed<\/h3>\n<p><span class=\"AnswerParser_TextContainer__z_Iiv\" data-testid=\"youchat-text\">Jednou z v\u00fdjime\u010dn\u00fdch vlastnost\u00ed\u00a0<strong>MIFARE Desfire EV2<\/strong>\u00a0je jeho schopnost podporovat v\u00edce aplikac\u00ed na jedn\u00e9 kart\u011b. Tato flexibilita umo\u017e\u0148uje integraci r\u016fzn\u00fdch slu\u017eeb, jako je ve\u0159ejn\u00e1 doprava, sd\u00edlen\u00ed aut nebo kol a p\u0159\u00edstup k m\u011bstsk\u00fdm atrakc\u00edm, v\u0161e na jednu kartu. Tato schopnost nejen zjednodu\u0161uje u\u017eivatelskou zku\u0161enost, ale tak\u00e9 podporuje nov\u00e9 obchodn\u00ed modely t\u00edm, \u017ee kombinuje slu\u017eby, jako jsou uzav\u0159en\u00e9 aplikace pro elektronick\u00e9 platby a m\u00edstn\u00ed v\u011brnostn\u00ed programy.\u00a0<\/span><\/p>\n<h3 class=\"AnswerParser_AnswerParserH3__Mpe4s\">Technick\u00e9 specifikace<\/h3>\n<p><span class=\"AnswerParser_TextContainer__z_Iiv\" data-testid=\"youchat-text\">The\u00a0<strong>MIFARE Desfire EV2<\/strong>\u00a0nab\u00edz\u00ed \u0159adu mo\u017enost\u00ed pam\u011bti, v\u010detn\u011b 2K, 4K a 8K bajt\u016f, co\u017e umo\u017e\u0148uje rozs\u00e1hl\u00e9 ukl\u00e1d\u00e1n\u00ed dat a spr\u00e1vu aplikac\u00ed. Spl\u0148uje standardy ISO\/IEC 14443A a podporuje voliteln\u00e9 p\u0159\u00edkazy ISO\/IEC 7816-4, co\u017e zaji\u0161\u0165uje interoperabilitu se st\u00e1vaj\u00edc\u00ed infrastrukturou \u010dte\u010dek NFC. Rychl\u00e9 p\u0159enosov\u00e9 rychlosti karty v rozmez\u00ed od 106 kbit\/s do 848 kbit\/s zaji\u0161\u0165uj\u00ed efektivn\u00ed a rychl\u00e9 transakce.<\/span><\/p>\n<div class=\"AnswerParser_TableContainer__Erb6v\" data-testid=\"table-container\">\n<table style=\"height: 195px;\" width=\"657\">\n<thead>\n<tr>\n<th>\n<p style=\"text-align: left;\">Specifikace<\/p>\n<\/th>\n<th style=\"text-align: left;\">Podrobnosti<\/th>\n<\/tr>\n<\/thead>\n<tbody>\n<tr>\n<td>Mo\u017enosti pam\u011bti<\/td>\n<td>2K, 4K, 8K bajt\u016f<\/td>\n<\/tr>\n<tr>\n<td>\u0160ifrov\u00e1n\u00ed<\/td>\n<td>DES, 2K3DES, 3K3DES, AES<\/td>\n<\/tr>\n<tr>\n<td>Osv\u011bd\u010den\u00ed<\/td>\n<td>Spole\u010dn\u00e1 krit\u00e9ria EAL5+<\/td>\n<\/tr>\n<tr>\n<td>Rychlost p\u0159enosu dat<\/td>\n<td>106 kbit\/s a\u017e 848 kbit\/s<\/td>\n<\/tr>\n<tr>\n<td>Normy<\/td>\n<td>ISO\/IEC 14443A, ISO\/IEC 7816-4<\/td>\n<\/tr>\n<\/tbody>\n<\/table>\n<\/div>\n<h2 class=\"AnswerParser_AnswerParserH2__SIHnF\">V\u0161estrann\u00e9 aplikace<\/h2>\n<h3 class=\"AnswerParser_AnswerParserH3__Mpe4s\">Bezpe\u010dn\u00e9 j\u00edzdenky na MHD<\/h3>\n<p><span class=\"AnswerParser_TextContainer__z_Iiv\" data-testid=\"youchat-text\">The\u00a0<strong>MIFARE Desfire EV2<\/strong>\u00a0je ide\u00e1ln\u00ed pro bezpe\u010dn\u00e9 odbaven\u00ed j\u00edzdenek na ve\u0159ejnou dopravu a nab\u00edz\u00ed spolehliv\u00e9 a efektivn\u00ed \u0159e\u0161en\u00ed pro spr\u00e1vu v\u00fdb\u011bru j\u00edzdn\u00e9ho a \u0159\u00edzen\u00ed p\u0159\u00edstupu. Jeho robustn\u00ed bezpe\u010dnostn\u00ed funkce zaji\u0161\u0165uj\u00ed, \u017ee transakce jsou chr\u00e1n\u011bny proti podvod\u016fm, a poskytuj\u00ed tak klid pro oper\u00e1tory i u\u017eivatele.<\/span><\/p>\n<h3 class=\"AnswerParser_AnswerParserH3__Mpe4s\">Multiaplika\u010dn\u00ed karta Smart City a Mobility<\/h3>\n<p><span class=\"AnswerParser_TextContainer__z_Iiv\" data-testid=\"youchat-text\">V prost\u0159ed\u00ed chytr\u00e9ho m\u011bsta\u00a0<strong>MIFARE Desfire EV2<\/strong>\u00a0slou\u017e\u00ed jako multiaplika\u010dn\u00ed karta, integruj\u00edc\u00ed r\u016fzn\u00e9 slu\u017eby, jako je ve\u0159ejn\u00e1 doprava, parkov\u00e1n\u00ed a p\u0159\u00edstup k m\u011bstsk\u00fdm za\u0159\u00edzen\u00edm. Tato integrace zjednodu\u0161uje u\u017eivatelskou zku\u0161enost a zvy\u0161uje efektivitu \u0159e\u0161en\u00ed m\u011bstsk\u00e9 mobility.<\/span><\/p>\n<h3 class=\"AnswerParser_AnswerParserH3__Mpe4s\">Spr\u00e1va bezpe\u010dn\u00e9ho p\u0159\u00edstupu<\/h3>\n<p><span class=\"AnswerParser_TextContainer__z_Iiv\" data-testid=\"youchat-text\">Pro organizace vy\u017eaduj\u00edc\u00ed spr\u00e1vu zabezpe\u010den\u00e9ho p\u0159\u00edstupu je\u00a0<strong>MIFARE Desfire EV2<\/strong>\u00a0poskytuje spolehliv\u00e9 \u0159e\u0161en\u00ed. Jeho pokro\u010dil\u00e9 metody \u0161ifrov\u00e1n\u00ed a ov\u011b\u0159ov\u00e1n\u00ed zaji\u0161\u0165uj\u00ed, \u017ee pouze opr\u00e1vn\u011bn\u00e9 osoby maj\u00ed p\u0159\u00edstup k citliv\u00fdm oblastem, co\u017e zvy\u0161uje bezpe\u010dnost a provozn\u00ed efektivitu.<\/span><\/p>\n<h2 class=\"AnswerParser_AnswerParserH2__SIHnF\">Z\u00e1kaznick\u00e9 recenze a reference<\/h2>\n<p><span class=\"AnswerParser_TextContainer__z_Iiv\" data-testid=\"youchat-text\"><strong>U\u017eivatel\u00e9 MIFARE Desfire EV2<\/strong>\u00a0neust\u00e1le chv\u00e1lili jeho spolehlivost a v\u0161estrannost. Jeden z\u00e1kazn\u00edk poznamenal: \u201eMo\u017enost integrovat v\u00edce aplikac\u00ed na jednu kartu v\u00fdrazn\u011b zjednodu\u0161ila na\u0161e operace.\u201c Jin\u00fd u\u017eivatel vyzdvihl bezpe\u010dnostn\u00ed funkce karty a uvedl: \u201eRobustn\u00ed \u0161ifrov\u00e1n\u00ed n\u00e1m d\u00e1v\u00e1 d\u016fv\u011bru v bezpe\u010dnost na\u0161ich transakc\u00ed.\u201c<\/span><\/p>\n<h2 class=\"AnswerParser_AnswerParserH2__SIHnF\">\u010casto kladen\u00e9 ot\u00e1zky<\/h2>\n<p><span class=\"AnswerParser_TextContainer__z_Iiv\" data-testid=\"youchat-text\"><strong>Ot\u00e1zka: Pro\u010d je MIFARE Desfire EV2 vhodn\u00fd pro pou\u017eit\u00ed ve v\u00edce aplikac\u00edch?<\/strong><br \/>\nOdpov\u011b\u010f: D\u00edky schopnosti podporovat v\u00edce aplikac\u00ed na jedn\u00e9 kart\u011b v kombinaci s robustn\u00edmi bezpe\u010dnostn\u00edmi funkcemi je ide\u00e1ln\u00ed pro integraci r\u016fzn\u00fdch slu\u017eeb.<\/span><span class=\"AnswerParser_TextContainer__z_Iiv\" data-testid=\"youchat-text\"><strong>Ot\u00e1zka: Jak MIFARE Desfire EV2 zaji\u0161\u0165uje bezpe\u010dnost dat?<\/strong><br \/>\nOdpov\u011b\u010f: Karta pou\u017e\u00edv\u00e1 pokro\u010dil\u00e9 \u0161ifrovac\u00ed algoritmy, v\u010detn\u011b AES, a m\u00e1 certifikaci Common Criteria EAL5+, co\u017e zaji\u0161\u0165uje vysokou \u00farove\u0148 ochrany dat.<\/span><span class=\"AnswerParser_TextContainer__z_Iiv\" data-testid=\"youchat-text\"><strong>Ot\u00e1zka: Lze MIFARE Desfire EV2 pou\u017e\u00edvat se st\u00e1vaj\u00edc\u00ed infrastrukturou NFC?<\/strong><br \/>\nOdpov\u011b\u010f: Ano, je pln\u011b interoperabiln\u00ed se st\u00e1vaj\u00edc\u00ed infrastrukturou \u010dte\u010dek NFC, co\u017e zaji\u0161\u0165uje bezprobl\u00e9movou integraci.<\/span><\/p>\n<h2 class=\"AnswerParser_AnswerParserH2__SIHnF\">Dopad na \u017eivotn\u00ed prost\u0159ed\u00ed a udr\u017eitelnost<\/h2>\n<p><span class=\"AnswerParser_TextContainer__z_Iiv\" data-testid=\"youchat-text\">The\u00a0<strong>MIFARE Desfire EV2<\/strong>\u00a0je navr\u017een s ohledem na udr\u017eitelnost. Jeho odoln\u00e1 konstrukce zaji\u0161\u0165uje dlouhou \u017eivotnost produktu, sni\u017euje odpad a pot\u0159ebu \u010dast\u00fdch v\u00fdm\u011bn. D\u00edky podpo\u0159e v\u00edce aplikac\u00ed na jedn\u00e9 kart\u011b tak\u00e9 minimalizuje dopad na \u017eivotn\u00ed prost\u0159ed\u00ed spojen\u00fd s v\u00fdrobou a likvidac\u00ed v\u00edce karet\u00a0<\/span><\/p>\n<h2 class=\"AnswerParser_AnswerParserH2__SIHnF\">Z\u00e1v\u011br: Pro\u010d zvolit MIFARE Desfire EV2?<\/h2>\n<p><span class=\"AnswerParser_TextContainer__z_Iiv\" data-testid=\"youchat-text\">The\u00a0<strong>Karta MIFARE Desfire EV2 2K 4K 8K<\/strong>\u00a0nab\u00edz\u00ed dokonalou kombinaci zabezpe\u010den\u00ed, v\u00fdkonu a v\u0161estrannosti pro jak\u00e9koli bezkontaktn\u00ed \u0159e\u0161en\u00ed. A\u0165 u\u017e hled\u00e1te vylep\u0161en\u00ed syst\u00e9mu ve\u0159ejn\u00e9 dopravy, spr\u00e1vu bezpe\u010dn\u00e9ho p\u0159\u00edstupu nebo integraci v\u00edce slu\u017eeb v prost\u0159ed\u00ed chytr\u00e9ho m\u011bsta, tato karta poskytuje robustn\u00ed a spolehlivou mo\u017enost. Jeho pokro\u010dil\u00e9 mo\u017enosti \u0161ifrov\u00e1n\u00ed a podpora v\u00edce aplikac\u00ed z n\u011bj \u010din\u00ed v\u00fdhodnou investici pro organizace, kter\u00e9 up\u0159ednost\u0148uj\u00ed bezpe\u010dnost a efektivitu.<\/span><span class=\"AnswerParser_TextContainer__z_Iiv\" data-testid=\"youchat-text\">Pro v\u00edce informac\u00ed nebo pro objedn\u00e1n\u00ed,\u00a0<strong>kontaktujte n\u00e1s<\/strong>\u00a0dnes. Odemkn\u011bte dal\u0161\u00ed \u00farove\u0148 zabezpe\u010den\u00ed a efektivity s MIFARE Desfire EV2.<\/span><\/p>","protected":false},"excerpt":{"rendered":"<p><span class=\"AnswerParser_TextContainer__z_Iiv\" data-testid=\"youchat-text\">\u00a0<strong>Karta MIFARE Desfire EV2 2K 4K 8K<\/strong> <\/span>je v\u0161estrann\u00fd \u010dip NFC, kter\u00fd poskytuje vysokou bezpe\u010dnost, d\u00edky \u010demu\u017e je vhodn\u00fd pro aplikace RFID v doprav\u011b, \u0159\u00edzen\u00ed p\u0159\u00edstupu a platb\u00e1ch.<\/p>","protected":false},"featured_media":2054,"template":"","meta":[],"product_brand":[],"product_cat":[46],"product_tag":[],"class_list":{"0":"post-2052","1":"product","2":"type-product","3":"status-publish","4":"has-post-thumbnail","6":"product_cat-nfc-cards","8":"first","9":"instock","10":"shipping-taxable","11":"product-type-simple"},"_links":{"self":[{"href":"https:\/\/nfc-readers.com\/cs\/wp-json\/wp\/v2\/product\/2052","targetHints":{"allow":["GET"]}}],"collection":[{"href":"https:\/\/nfc-readers.com\/cs\/wp-json\/wp\/v2\/product"}],"about":[{"href":"https:\/\/nfc-readers.com\/cs\/wp-json\/wp\/v2\/types\/product"}],"wp:featuredmedia":[{"embeddable":true,"href":"https:\/\/nfc-readers.com\/cs\/wp-json\/wp\/v2\/media\/2054"}],"wp:attachment":[{"href":"https:\/\/nfc-readers.com\/cs\/wp-json\/wp\/v2\/media?parent=2052"}],"wp:term":[{"taxonomy":"product_brand","embeddable":true,"href":"https:\/\/nfc-readers.com\/cs\/wp-json\/wp\/v2\/product_brand?post=2052"},{"taxonomy":"product_cat","embeddable":true,"href":"https:\/\/nfc-readers.com\/cs\/wp-json\/wp\/v2\/product_cat?post=2052"},{"taxonomy":"product_tag","embeddable":true,"href":"https:\/\/nfc-readers.com\/cs\/wp-json\/wp\/v2\/product_tag?post=2052"}],"curies":[{"name":"wp","href":"https:\/\/api.w.org\/{rel}","templated":true}]}}