{"id":2062,"date":"2024-04-20T12:54:15","date_gmt":"2024-04-20T12:54:15","guid":{"rendered":"https:\/\/nfc-readers.com\/?post_type=product&#038;p=2062"},"modified":"2024-09-29T05:41:26","modified_gmt":"2024-09-29T05:41:26","slug":"icode-slix2s","status":"publish","type":"product","link":"https:\/\/nfc-readers.com\/cs\/ic-reader\/icode-slix2s\/","title":{"rendered":"ICODE-SLIX SLIX2"},"content":{"rendered":"<h1>ICODE-SLIX SLIX2<\/h1>\n<p>ICODE SLIX a ICODE SLIX2 jsou vysokofrekven\u010dn\u00ed bezkontaktn\u00ed IC produkty vydan\u00e9 spole\u010dnost\u00ed NXP Semiconductors, kter\u00e9 p\u0159edstavuj\u00ed vysoce v\u00fdkonn\u00e1 \u0159e\u0161en\u00ed pro normy ISO 15693 a ISO 18000-3M1. Tyto \u010dipy jsou navr\u017eeny pro aplikace, jako je sledov\u00e1n\u00ed polo\u017eek, spr\u00e1va dokument\u016f, invent\u00e1\u0159 a boj proti pad\u011bl\u00e1n\u00ed, a jsou \u0161iroce pou\u017e\u00edv\u00e1ny v knihovn\u00e1ch, komer\u010dn\u00edch a pr\u016fmyslov\u00fdch oblastech.<\/p>\n<table width=\"360\">\n<tbody>\n<tr style=\"font-style: inherit; font-weight: inherit;\">\n<td style=\"font-style: inherit;\" width=\"123\">\n<p data-spm-anchor-id=\"a2700.details.0.i61.4ab745a6aSRQFL\">Materi\u00e1l<\/p>\n<\/td>\n<td style=\"font-style: inherit;\" width=\"237\">Pap\u00edr\/PVC\/PET<\/td>\n<\/tr>\n<tr style=\"font-style: inherit; font-weight: inherit;\">\n<td style=\"font-style: inherit;\" width=\"123\">Velikost<\/td>\n<td style=\"font-style: inherit;\" width=\"237\">pr\u016fm\u011br 40 mm<\/td>\n<\/tr>\n<tr style=\"font-style: inherit; font-weight: inherit;\">\n<td style=\"font-style: inherit;\" width=\"123\">Frekvence<\/td>\n<td style=\"font-style: inherit;\" width=\"237\">13,56 MHz<\/td>\n<\/tr>\n<tr style=\"font-style: inherit; font-weight: inherit;\">\n<td style=\"font-style: inherit;\" width=\"123\">\u010cip<\/td>\n<td style=\"font-style: inherit;\" width=\"237\">ICODE SLIX\/SLIX2<\/td>\n<\/tr>\n<tr style=\"font-style: inherit; font-weight: inherit;\">\n<td style=\"font-style: inherit;\" width=\"123\">Pam\u011b\u0165<\/td>\n<td style=\"font-style: inherit;\" width=\"237\">1024\/2048 bit\u016f<\/td>\n<\/tr>\n<tr style=\"font-style: inherit; font-weight: inherit;\">\n<td style=\"font-style: inherit;\" width=\"123\">Protokol<\/td>\n<td style=\"font-style: inherit;\" width=\"237\">ISO\/IEC 15693<\/td>\n<\/tr>\n<tr style=\"font-style: inherit; font-weight: inherit;\">\n<td style=\"font-style: inherit;\" width=\"123\">V\u00fddr\u017e p\u0159i \u010dten\u00ed a z\u00e1pisu<\/td>\n<td style=\"font-style: inherit;\" width=\"237\">100 000 cykl\u016f<\/td>\n<\/tr>\n<tr style=\"font-style: inherit; font-weight: inherit;\">\n<td style=\"font-style: inherit;\" width=\"123\">Provozn\u00ed teplota<\/td>\n<td style=\"font-style: inherit;\" width=\"237\">-25 \u00b0C \/ +70 \u00b0C<\/td>\n<\/tr>\n<tr style=\"font-style: inherit; font-weight: inherit;\">\n<td style=\"font-style: inherit;\" width=\"123\">Tisk<\/td>\n<td style=\"font-style: inherit;\" width=\"237\">Vlastn\u00ed tisk loga<\/td>\n<\/tr>\n<tr style=\"font-style: inherit; font-weight: inherit;\">\n<td style=\"font-style: inherit;\" width=\"123\">Pracovn\u00ed re\u017eim<\/td>\n<td style=\"font-style: inherit;\" width=\"237\">Pasivn\u00ed, bezkontaktn\u00ed<\/td>\n<\/tr>\n<\/tbody>\n<\/table>\n<p><img loading=\"lazy\" decoding=\"async\" class=\"alignnone wp-image-2067\" src=\"https:\/\/nfc-readers.com\/wp-content\/uploads\/2024\/04\/Habf384e249ce42a1ba91b700a11d3180t-300x202.jpg\" alt=\"\" width=\"432\" height=\"291\" srcset=\"https:\/\/nfc-readers.com\/wp-content\/uploads\/2024\/04\/Habf384e249ce42a1ba91b700a11d3180t-300x202.jpg 300w, https:\/\/nfc-readers.com\/wp-content\/uploads\/2024\/04\/Habf384e249ce42a1ba91b700a11d3180t-768x517.jpg 768w, https:\/\/nfc-readers.com\/wp-content\/uploads\/2024\/04\/Habf384e249ce42a1ba91b700a11d3180t-600x404.jpg 600w, https:\/\/nfc-readers.com\/wp-content\/uploads\/2024\/04\/Habf384e249ce42a1ba91b700a11d3180t.jpg 1000w\" sizes=\"auto, (max-width: 432px) 100vw, 432px\" \/><\/p>\n<p><img loading=\"lazy\" decoding=\"async\" class=\"alignnone wp-image-2068\" src=\"https:\/\/nfc-readers.com\/wp-content\/uploads\/2024\/04\/H5353f0e627eb4c75b0ba8985b00dd1b1S-300x202.jpg\" alt=\"\" width=\"419\" height=\"282\" srcset=\"https:\/\/nfc-readers.com\/wp-content\/uploads\/2024\/04\/H5353f0e627eb4c75b0ba8985b00dd1b1S-300x202.jpg 300w, https:\/\/nfc-readers.com\/wp-content\/uploads\/2024\/04\/H5353f0e627eb4c75b0ba8985b00dd1b1S-1024x689.jpg 1024w, https:\/\/nfc-readers.com\/wp-content\/uploads\/2024\/04\/H5353f0e627eb4c75b0ba8985b00dd1b1S-768x517.jpg 768w, https:\/\/nfc-readers.com\/wp-content\/uploads\/2024\/04\/H5353f0e627eb4c75b0ba8985b00dd1b1S-1536x1034.jpg 1536w, https:\/\/nfc-readers.com\/wp-content\/uploads\/2024\/04\/H5353f0e627eb4c75b0ba8985b00dd1b1S-600x404.jpg 600w, https:\/\/nfc-readers.com\/wp-content\/uploads\/2024\/04\/H5353f0e627eb4c75b0ba8985b00dd1b1S.jpg 1920w\" sizes=\"auto, (max-width: 419px) 100vw, 419px\" \/><\/p>\n<p>&nbsp;<\/p>","protected":false},"excerpt":{"rendered":"<p>ICODE SLIX a SLIX2 spole\u010dnosti NXP jsou vysoce v\u00fdkonn\u00e9 \u010dipy RFID vyhovuj\u00edc\u00ed norm\u011b ISO 15693, ide\u00e1ln\u00ed pro sledov\u00e1n\u00ed polo\u017eek, spr\u00e1vu dokument\u016f a aplikace proti pad\u011bl\u00e1n\u00ed.<\/p>","protected":false},"featured_media":2063,"template":"","meta":[],"product_brand":[],"product_cat":[47],"product_tag":[],"class_list":{"0":"post-2062","1":"product","2":"type-product","3":"status-publish","4":"has-post-thumbnail","6":"product_cat-nfc-tags","8":"first","9":"instock","10":"shipping-taxable","11":"product-type-simple"},"_links":{"self":[{"href":"https:\/\/nfc-readers.com\/cs\/wp-json\/wp\/v2\/product\/2062","targetHints":{"allow":["GET"]}}],"collection":[{"href":"https:\/\/nfc-readers.com\/cs\/wp-json\/wp\/v2\/product"}],"about":[{"href":"https:\/\/nfc-readers.com\/cs\/wp-json\/wp\/v2\/types\/product"}],"wp:featuredmedia":[{"embeddable":true,"href":"https:\/\/nfc-readers.com\/cs\/wp-json\/wp\/v2\/media\/2063"}],"wp:attachment":[{"href":"https:\/\/nfc-readers.com\/cs\/wp-json\/wp\/v2\/media?parent=2062"}],"wp:term":[{"taxonomy":"product_brand","embeddable":true,"href":"https:\/\/nfc-readers.com\/cs\/wp-json\/wp\/v2\/product_brand?post=2062"},{"taxonomy":"product_cat","embeddable":true,"href":"https:\/\/nfc-readers.com\/cs\/wp-json\/wp\/v2\/product_cat?post=2062"},{"taxonomy":"product_tag","embeddable":true,"href":"https:\/\/nfc-readers.com\/cs\/wp-json\/wp\/v2\/product_tag?post=2062"}],"curies":[{"name":"wp","href":"https:\/\/api.w.org\/{rel}","templated":true}]}}