{"id":2089,"date":"2024-04-22T01:36:23","date_gmt":"2024-04-22T01:36:23","guid":{"rendered":"https:\/\/nfc-readers.com\/?post_type=product&#038;p=2089"},"modified":"2024-09-29T05:37:31","modified_gmt":"2024-09-29T05:37:31","slug":"ntags21x","status":"publish","type":"product","link":"https:\/\/nfc-readers.com\/cs\/ic-reader\/ntags21x\/","title":{"rendered":"NFC TAG 213 215 216"},"content":{"rendered":"<h1>NFC TAG 213 215 216<\/h1>\n<p>&nbsp;<\/p>\n<table width=\"326\">\n<tbody>\n<tr style=\"font-style: inherit; font-weight: inherit;\">\n<td style=\"font-style: inherit;\" width=\"120\">\n<p data-spm-anchor-id=\"a2700.details.0.i72.7a3f2684UtmBLe\">Polo\u017eka<\/p>\n<\/td>\n<td style=\"font-style: inherit;\" width=\"206\">Vlastn\u00ed programovateln\u00e1 tiskov\u00e1 karta NTAG215 Google Review NFC<\/td>\n<\/tr>\n<tr style=\"font-style: inherit; font-weight: inherit;\">\n<td style=\"font-style: inherit;\" width=\"120\">Materi\u00e1l<\/td>\n<td style=\"font-style: inherit;\" width=\"206\">PVC\/Akryl<\/td>\n<\/tr>\n<tr style=\"font-style: inherit; font-weight: inherit;\">\n<td style=\"font-style: inherit;\" width=\"120\">Velikost<\/td>\n<td style=\"font-style: inherit;\" width=\"206\">88,5 mm x 54 mm \/ p\u0159izp\u016fsoben\u00e9<\/td>\n<\/tr>\n<tr style=\"font-style: inherit; font-weight: inherit;\">\n<td style=\"font-style: inherit;\" width=\"120\">Tlou\u0161\u0165ka<\/td>\n<td style=\"font-style: inherit;\" width=\"206\">0,88 mm\/Vlastn\u00ed<\/td>\n<\/tr>\n<tr style=\"font-style: inherit; font-weight: inherit;\">\n<td style=\"font-style: inherit;\" width=\"120\">Povrch<\/td>\n<td style=\"font-style: inherit;\" width=\"206\">\n<p data-spm-anchor-id=\"a2700.details.0.i73.7a3f2684UtmBLe\">Matn\u00e1 \/ leskl\u00e1 \/ matn\u00e1<\/p>\n<\/td>\n<\/tr>\n<tr style=\"font-style: inherit; font-weight: inherit;\">\n<td style=\"font-style: inherit;\" width=\"120\">K dispozici \u010dip<\/td>\n<td style=\"font-style: inherit;\" width=\"206\">NTAG213\/NTAG215\/NTAG216<\/td>\n<\/tr>\n<tr style=\"font-style: inherit; font-weight: inherit;\">\n<td style=\"font-style: inherit;\" width=\"120\">Aplikace<\/td>\n<td style=\"font-style: inherit;\" width=\"206\">\u0158\u00edzen\u00ed p\u0159\u00edstupu, spr\u00e1va \u010dlenstv\u00ed, obchodn\u00ed kontakt atd.<\/td>\n<\/tr>\n<\/tbody>\n<\/table>","protected":false},"excerpt":{"rendered":"<p>NFC tagy NTAG213, NTAG215 a NTAG216 NXP jsou v\u0161estrann\u00e1 \u010dipov\u00e1 \u0159e\u0161en\u00ed NFC pou\u017e\u00edvan\u00e1 v aplikac\u00edch RFID, jako je marketing, ov\u011b\u0159ov\u00e1n\u00ed produkt\u016f a chytr\u00e9 plak\u00e1ty.<\/p>","protected":false},"featured_media":2090,"template":"","meta":[],"product_brand":[],"product_cat":[47],"product_tag":[],"class_list":{"0":"post-2089","1":"product","2":"type-product","3":"status-publish","4":"has-post-thumbnail","6":"product_cat-nfc-tags","8":"first","9":"instock","10":"shipping-taxable","11":"product-type-simple"},"_links":{"self":[{"href":"https:\/\/nfc-readers.com\/cs\/wp-json\/wp\/v2\/product\/2089","targetHints":{"allow":["GET"]}}],"collection":[{"href":"https:\/\/nfc-readers.com\/cs\/wp-json\/wp\/v2\/product"}],"about":[{"href":"https:\/\/nfc-readers.com\/cs\/wp-json\/wp\/v2\/types\/product"}],"wp:featuredmedia":[{"embeddable":true,"href":"https:\/\/nfc-readers.com\/cs\/wp-json\/wp\/v2\/media\/2090"}],"wp:attachment":[{"href":"https:\/\/nfc-readers.com\/cs\/wp-json\/wp\/v2\/media?parent=2089"}],"wp:term":[{"taxonomy":"product_brand","embeddable":true,"href":"https:\/\/nfc-readers.com\/cs\/wp-json\/wp\/v2\/product_brand?post=2089"},{"taxonomy":"product_cat","embeddable":true,"href":"https:\/\/nfc-readers.com\/cs\/wp-json\/wp\/v2\/product_cat?post=2089"},{"taxonomy":"product_tag","embeddable":true,"href":"https:\/\/nfc-readers.com\/cs\/wp-json\/wp\/v2\/product_tag?post=2089"}],"curies":[{"name":"wp","href":"https:\/\/api.w.org\/{rel}","templated":true}]}}