{"id":2094,"date":"2024-04-22T01:51:57","date_gmt":"2024-04-22T01:51:57","guid":{"rendered":"https:\/\/nfc-readers.com\/?post_type=product&#038;p=2094"},"modified":"2024-09-29T05:36:02","modified_gmt":"2024-09-29T05:36:02","slug":"mifare-ultralightcev1","status":"publish","type":"product","link":"https:\/\/nfc-readers.com\/cs\/ic-reader\/mifare-ultralightcev1\/","title":{"rendered":"mifare UltralightC UltralightEV1"},"content":{"rendered":"<h1>mifare UltralightC UltralightEV1<\/h1>\n<table width=\"586\">\n<tbody>\n<tr>\n<td colspan=\"2\" width=\"229\">Polo\u017eka:<\/td>\n<td colspan=\"3\" width=\"357\">JEDNOR\u00c1ZOV\u00dd n\u00e1ramek<\/td>\n<\/tr>\n<tr>\n<td colspan=\"2\" width=\"229\">Materi\u00e1l:<\/td>\n<td colspan=\"3\" width=\"357\">Jednor\u00e1zov\u00fd pap\u00edr<\/td>\n<\/tr>\n<tr>\n<td colspan=\"2\" width=\"229\">Funkce:<\/td>\n<td colspan=\"3\" width=\"357\">ekologick\u00fd materi\u00e1l, Vod\u011bodoln\u00fd, Anti-Alcohol.<\/td>\n<\/tr>\n<tr>\n<td colspan=\"2\" width=\"229\">Provozn\u00ed teplota:<\/td>\n<td colspan=\"3\" width=\"357\">-10 \u2103 a\u017e 60 \u2103<\/td>\n<\/tr>\n<tr>\n<td colspan=\"2\" width=\"229\">Skladovac\u00ed teplota:<\/td>\n<td colspan=\"3\" width=\"357\">-30 \u2103 a\u017e 85 \u2103<\/td>\n<\/tr>\n<tr>\n<td colspan=\"2\" width=\"229\">Vlhkost:<\/td>\n<td colspan=\"3\" width=\"357\">40% a\u017e 80% RH<\/td>\n<\/tr>\n<tr>\n<td colspan=\"2\" width=\"229\">Barevn\u00e1 varianta:<\/td>\n<td colspan=\"3\" width=\"357\">\u010cerven\u00e1, modr\u00e1, \u017elut\u00e1, oran\u017eov\u00e1, b\u00edl\u00e1, zelen\u00e1, fialov\u00e1 nebo jak\u00e1koli barva pantone nebo p\u0159izp\u016fsoben\u00e1<\/td>\n<\/tr>\n<tr>\n<td colspan=\"2\" width=\"229\">Ant\u00e9ny:<\/td>\n<td colspan=\"3\" width=\"357\">LF\/HF: m\u011bd\u011bn\u00e1 ant\u00e9na, UHF: AL leptac\u00ed ant\u00e9na<\/td>\n<\/tr>\n<tr>\n<td colspan=\"2\" width=\"229\">Aplikace:<\/td>\n<td colspan=\"3\" width=\"357\">vstupenky, identifikace, setk\u00e1n\u00ed, sv\u00e1te\u010dn\u00ed dekorace, sport<\/td>\n<\/tr>\n<tr>\n<td colspan=\"2\" width=\"229\">Dodac\u00ed lh\u016fta:<\/td>\n<td colspan=\"3\" width=\"357\">7 pracovn\u00edch dn\u016f<\/td>\n<\/tr>\n<tr>\n<td colspan=\"2\" width=\"229\">Uchov\u00e1v\u00e1n\u00ed dat:<\/td>\n<td colspan=\"3\" width=\"357\">\u226510 let<\/td>\n<\/tr>\n<\/tbody>\n<\/table>\n<p><img loading=\"lazy\" decoding=\"async\" class=\"alignnone wp-image-2095\" src=\"https:\/\/nfc-readers.com\/wp-content\/uploads\/2024\/04\/H51686452074d454db06d99f0f933769fW-229x300.jpg\" alt=\"\" width=\"639\" height=\"837\" srcset=\"https:\/\/nfc-readers.com\/wp-content\/uploads\/2024\/04\/H51686452074d454db06d99f0f933769fW-229x300.jpg 229w, https:\/\/nfc-readers.com\/wp-content\/uploads\/2024\/04\/H51686452074d454db06d99f0f933769fW-781x1024.jpg 781w, https:\/\/nfc-readers.com\/wp-content\/uploads\/2024\/04\/H51686452074d454db06d99f0f933769fW-768x1007.jpg 768w, https:\/\/nfc-readers.com\/wp-content\/uploads\/2024\/04\/H51686452074d454db06d99f0f933769fW-600x787.jpg 600w, https:\/\/nfc-readers.com\/wp-content\/uploads\/2024\/04\/H51686452074d454db06d99f0f933769fW.jpg 790w\" sizes=\"auto, (max-width: 639px) 100vw, 639px\" \/><\/p>\n<p><img loading=\"lazy\" decoding=\"async\" class=\"alignnone wp-image-2096\" src=\"https:\/\/nfc-readers.com\/wp-content\/uploads\/2024\/04\/H37c0c85a896b42d3ad20f78e6d7e5905q-300x182.jpg\" alt=\"\" width=\"640\" height=\"388\" srcset=\"https:\/\/nfc-readers.com\/wp-content\/uploads\/2024\/04\/H37c0c85a896b42d3ad20f78e6d7e5905q-300x182.jpg 300w, https:\/\/nfc-readers.com\/wp-content\/uploads\/2024\/04\/H37c0c85a896b42d3ad20f78e6d7e5905q-768x467.jpg 768w, https:\/\/nfc-readers.com\/wp-content\/uploads\/2024\/04\/H37c0c85a896b42d3ad20f78e6d7e5905q-600x365.jpg 600w, https:\/\/nfc-readers.com\/wp-content\/uploads\/2024\/04\/H37c0c85a896b42d3ad20f78e6d7e5905q.jpg 790w\" sizes=\"auto, (max-width: 640px) 100vw, 640px\" \/><\/p>\n<p><img loading=\"lazy\" decoding=\"async\" class=\"alignnone wp-image-2097\" src=\"https:\/\/nfc-readers.com\/wp-content\/uploads\/2024\/04\/H589c2531e7974fb2a252d17a9e1d8811T-300x170.jpg\" alt=\"\" width=\"637\" height=\"361\" srcset=\"https:\/\/nfc-readers.com\/wp-content\/uploads\/2024\/04\/H589c2531e7974fb2a252d17a9e1d8811T-300x170.jpg 300w, https:\/\/nfc-readers.com\/wp-content\/uploads\/2024\/04\/H589c2531e7974fb2a252d17a9e1d8811T-768x436.jpg 768w, https:\/\/nfc-readers.com\/wp-content\/uploads\/2024\/04\/H589c2531e7974fb2a252d17a9e1d8811T-600x340.jpg 600w, https:\/\/nfc-readers.com\/wp-content\/uploads\/2024\/04\/H589c2531e7974fb2a252d17a9e1d8811T.jpg 790w\" sizes=\"auto, (max-width: 637px) 100vw, 637px\" \/><\/p>","protected":false},"excerpt":{"rendered":"<p>Ultralehk\u00fd \u0161t\u00edtek C \/ EV1 NFC nab\u00edz\u00ed cenov\u011b v\u00fdhodn\u00e9 \u0159e\u0161en\u00ed \u010dipu NFC pro jednor\u00e1zov\u00e9 ozna\u010dov\u00e1n\u00ed vstupenek, \u0161t\u00edtkov\u00e1n\u00ed a dal\u0161\u00ed aplikace RFID vy\u017eaduj\u00edc\u00ed zabezpe\u010den\u00ed.<\/p>","protected":false},"featured_media":2098,"template":"","meta":[],"product_brand":[],"product_cat":[47],"product_tag":[],"class_list":{"0":"post-2094","1":"product","2":"type-product","3":"status-publish","4":"has-post-thumbnail","6":"product_cat-nfc-tags","8":"first","9":"instock","10":"shipping-taxable","11":"product-type-simple"},"_links":{"self":[{"href":"https:\/\/nfc-readers.com\/cs\/wp-json\/wp\/v2\/product\/2094","targetHints":{"allow":["GET"]}}],"collection":[{"href":"https:\/\/nfc-readers.com\/cs\/wp-json\/wp\/v2\/product"}],"about":[{"href":"https:\/\/nfc-readers.com\/cs\/wp-json\/wp\/v2\/types\/product"}],"wp:featuredmedia":[{"embeddable":true,"href":"https:\/\/nfc-readers.com\/cs\/wp-json\/wp\/v2\/media\/2098"}],"wp:attachment":[{"href":"https:\/\/nfc-readers.com\/cs\/wp-json\/wp\/v2\/media?parent=2094"}],"wp:term":[{"taxonomy":"product_brand","embeddable":true,"href":"https:\/\/nfc-readers.com\/cs\/wp-json\/wp\/v2\/product_brand?post=2094"},{"taxonomy":"product_cat","embeddable":true,"href":"https:\/\/nfc-readers.com\/cs\/wp-json\/wp\/v2\/product_cat?post=2094"},{"taxonomy":"product_tag","embeddable":true,"href":"https:\/\/nfc-readers.com\/cs\/wp-json\/wp\/v2\/product_tag?post=2094"}],"curies":[{"name":"wp","href":"https:\/\/api.w.org\/{rel}","templated":true}]}}