{"id":2103,"date":"2024-04-22T02:06:11","date_gmt":"2024-04-22T02:06:11","guid":{"rendered":"https:\/\/nfc-readers.com\/?post_type=product&#038;p=2103"},"modified":"2024-09-29T02:13:25","modified_gmt":"2024-09-29T02:13:25","slug":"ntag424","status":"publish","type":"product","link":"https:\/\/nfc-readers.com\/cs\/ic-reader\/ntag424\/","title":{"rendered":"NTAG 424 DNA"},"content":{"rendered":"<h1>NTAG 424 DNA<\/h1>\n<table width=\"537\">\n<tbody>\n<tr style=\"font-style: inherit; font-weight: inherit;\">\n<td style=\"font-style: inherit;\" width=\"95\" data-spm-anchor-id=\"a2700.details.0.i69.1fd12d83P0Adf1\"><span style=\"font-style: inherit; font-weight: inherit;\">Materi\u00e1l<\/span><\/td>\n<td style=\"font-style: inherit;\" width=\"442\"><span style=\"font-style: inherit; font-weight: inherit;\">Pap\u00edr, PVC, PET nebo p\u0159izp\u016fsoben\u00e9<\/span><\/td>\n<\/tr>\n<tr style=\"font-style: inherit; font-weight: inherit;\">\n<td style=\"font-style: inherit;\" width=\"95\"><span style=\"font-style: inherit; font-weight: inherit;\">Tisk<\/span><\/td>\n<td style=\"font-style: inherit;\" width=\"442\"><span style=\"font-style: inherit; font-weight: inherit;\">ofsetov\u00fd tisk nebo digit\u00e1ln\u00ed tisk, hedv\u00e1bn\u00fd tisk atd<\/span><\/td>\n<\/tr>\n<tr style=\"font-style: inherit; font-weight: inherit;\">\n<td style=\"font-style: inherit;\" width=\"95\"><span style=\"font-style: inherit; font-weight: inherit;\">\u0158emeslo<\/span><\/td>\n<td style=\"font-style: inherit;\" width=\"442\"><span style=\"font-style: inherit; font-weight: inherit;\">Magnetick\u00fd prou\u017eek, \u010d\u00e1rov\u00fd k\u00f3d\/QR k\u00f3d, leskl\u00fd\/matn\u00fd\/poleva atd<\/span><\/td>\n<\/tr>\n<tr style=\"font-style: inherit; font-weight: inherit;\">\n<td style=\"font-style: inherit;\" width=\"95\"><span style=\"font-style: inherit; font-weight: inherit;\">Dimenze<\/span><\/td>\n<td style=\"font-style: inherit;\" width=\"442\" data-spm-anchor-id=\"a2700.details.0.i68.1fd12d83P0Adf1\"><span style=\"font-style: inherit; font-weight: inherit;\">40 * 25 mm, 25 mm, 30 mm, 45 * 45 mm nebo p\u0159izp\u016fsoben\u00e9<\/span><\/td>\n<\/tr>\n<tr style=\"font-style: inherit; font-weight: inherit;\">\n<td style=\"font-style: inherit;\" width=\"95\"><span style=\"font-style: inherit; font-weight: inherit;\">Frekvence<\/span><\/td>\n<td style=\"font-style: inherit;\" width=\"442\"><span style=\"font-style: inherit; font-weight: inherit;\">13,56 MHz<\/span><\/td>\n<\/tr>\n<tr style=\"font-style: inherit; font-weight: inherit;\">\n<td style=\"font-style: inherit;\" width=\"95\"><span style=\"font-style: inherit; font-weight: inherit;\">Rozsah \u010dten\u00ed<\/span><\/td>\n<td style=\"font-style: inherit;\" width=\"442\"><span style=\"font-style: inherit; font-weight: inherit;\">1-10 cm v z\u00e1vislosti na \u010dte\u010dce a \u010dtec\u00edm prost\u0159ed\u00ed<\/span><\/td>\n<\/tr>\n<tr style=\"font-style: inherit; font-weight: inherit;\">\n<td style=\"font-style: inherit;\" width=\"95\"><span style=\"font-style: inherit; font-weight: inherit;\">Aplikace<\/span><\/td>\n<td style=\"font-style: inherit;\" width=\"442\"><span style=\"font-style: inherit; font-weight: inherit;\">Aktivity, ozna\u010den\u00ed produktu atd<\/span><\/td>\n<\/tr>\n<tr style=\"font-style: inherit; font-weight: inherit;\">\n<td style=\"font-style: inherit;\" width=\"95\"><span style=\"font-style: inherit; font-weight: inherit;\">Dodac\u00ed lh\u016fta<\/span><\/td>\n<td style=\"font-style: inherit;\" width=\"442\"><span style=\"font-style: inherit; font-weight: inherit;\">Obecn\u011b asi 7-8 pracovn\u00edch dn\u016f, z\u00e1le\u017e\u00ed na mno\u017estv\u00ed a va\u0161em po\u017eadavku<\/span><\/td>\n<\/tr>\n<tr style=\"font-style: inherit; font-weight: inherit;\">\n<td style=\"font-style: inherit;\" width=\"95\"><span style=\"font-style: inherit; font-weight: inherit;\">Zp\u016fsob platby<\/span><\/td>\n<td style=\"font-style: inherit;\" width=\"442\"><span style=\"font-style: inherit; font-weight: inherit;\">WesterUnion, TT, Trade assurance nebo paypal atd<\/span><\/td>\n<\/tr>\n<\/tbody>\n<\/table>\n<p>Mo\u017enost v\u00fdb\u011bru v\u00edce \u010dip\u016f<\/p>\n<table width=\"537\">\n<tbody>\n<tr style=\"font-style: inherit; font-weight: inherit;\">\n<td style=\"font-style: inherit;\" width=\"95\" data-spm-anchor-id=\"a2700.details.0.i71.1fd12d83P0Adf1\"><span style=\"font-style: inherit; font-weight: inherit;\" data-spm-anchor-id=\"a2700.details.0.i72.1fd12d83P0Adf1\">rotokol<\/span><\/td>\n<td style=\"font-style: inherit;\" width=\"442\"><span style=\"font-style: inherit; font-weight: inherit;\">Chipsy<\/span><\/td>\n<\/tr>\n<tr style=\"font-style: inherit; font-weight: inherit;\">\n<td style=\"font-style: inherit;\" rowspan=\"8\" width=\"95\"><span style=\"font-style: inherit; font-weight: inherit;\">ISO14443A<\/span><\/td>\n<td style=\"font-style: inherit;\" width=\"442\"><span style=\"font-style: inherit; font-weight: inherit;\">MIFARE Classic\u00ae 1K, MIFARE Classic\u00ae 4K<\/span><\/td>\n<\/tr>\n<tr>\n<td width=\"442\"><span style=\"font-style: inherit; font-weight: inherit;\">MIFARE\u00ae Mini<\/span><\/td>\n<\/tr>\n<tr>\n<td width=\"442\"><span style=\"font-style: inherit; font-weight: inherit;\">MIFARE Ultralight\u00ae, MIFARE Ultralight\u00ae EV1, MIFARE Ultralight\u00ae C<\/span><\/td>\n<\/tr>\n<tr>\n<td width=\"442\"><span style=\"font-style: inherit; font-weight: inherit;\">NTAG213 \/ NTAG215 \/ NTAG216<\/span><\/td>\n<\/tr>\n<tr>\n<td width=\"442\"><span style=\"font-style: inherit; font-weight: inherit;\">MIFARE \u00ae DESFire\u00ae EV1 (2K\/4K\/8K)<\/span><\/td>\n<\/tr>\n<tr>\n<td width=\"442\"><span style=\"font-style: inherit; font-weight: inherit;\">MIFARE \u00ae DESFire\u00ae EV2 (2K\/4K\/8K)<\/span><\/td>\n<\/tr>\n<tr>\n<td width=\"442\"><span style=\"font-style: inherit; font-weight: inherit;\">MIFARE Plus\u00ae (2K\/4K)<\/span><\/td>\n<\/tr>\n<tr>\n<td width=\"442\"><span style=\"font-style: inherit; font-weight: inherit;\">Topaz 512<\/span><\/td>\n<\/tr>\n<tr style=\"font-style: inherit; font-weight: inherit;\">\n<td style=\"font-style: inherit;\" width=\"95\"><span style=\"font-style: inherit; font-weight: inherit;\">ISO15693<\/span><\/td>\n<td style=\"font-style: inherit;\" width=\"442\"><span style=\"font-style: inherit; font-weight: inherit;\">ICODE SLIX, ICODE SLI-S<\/span><\/td>\n<\/tr>\n<\/tbody>\n<\/table>\n<p><img loading=\"lazy\" decoding=\"async\" class=\"alignnone wp-image-2108\" src=\"https:\/\/nfc-readers.com\/wp-content\/uploads\/2024\/04\/Hde00c6f42d8549a48e8df66ca6d59227x-300x226.png\" alt=\"\" width=\"572\" height=\"431\" srcset=\"https:\/\/nfc-readers.com\/wp-content\/uploads\/2024\/04\/Hde00c6f42d8549a48e8df66ca6d59227x-300x226.png 300w, https:\/\/nfc-readers.com\/wp-content\/uploads\/2024\/04\/Hde00c6f42d8549a48e8df66ca6d59227x-600x451.png 600w, https:\/\/nfc-readers.com\/wp-content\/uploads\/2024\/04\/Hde00c6f42d8549a48e8df66ca6d59227x.png 750w\" sizes=\"auto, (max-width: 572px) 100vw, 572px\" \/><\/p>","protected":false},"excerpt":{"rendered":"<p>NTAG 424 DNA je bezpe\u010dn\u00fd \u0161t\u00edtek NFC nab\u00edzej\u00edc\u00ed ochranu na bankovn\u00ed \u00farovni pro ochranu proti pad\u011bl\u00e1n\u00ed, bezpe\u010dnost zna\u010dky, bezpe\u010dn\u00e9 vyd\u00e1v\u00e1n\u00ed vstupenek a ov\u011b\u0159ov\u00e1n\u00ed identity v aplikac\u00edch RFID.<\/p>","protected":false},"featured_media":2104,"template":"","meta":[],"product_brand":[],"product_cat":[47],"product_tag":[],"class_list":{"0":"post-2103","1":"product","2":"type-product","3":"status-publish","4":"has-post-thumbnail","6":"product_cat-nfc-tags","8":"first","9":"instock","10":"shipping-taxable","11":"product-type-simple"},"_links":{"self":[{"href":"https:\/\/nfc-readers.com\/cs\/wp-json\/wp\/v2\/product\/2103","targetHints":{"allow":["GET"]}}],"collection":[{"href":"https:\/\/nfc-readers.com\/cs\/wp-json\/wp\/v2\/product"}],"about":[{"href":"https:\/\/nfc-readers.com\/cs\/wp-json\/wp\/v2\/types\/product"}],"wp:featuredmedia":[{"embeddable":true,"href":"https:\/\/nfc-readers.com\/cs\/wp-json\/wp\/v2\/media\/2104"}],"wp:attachment":[{"href":"https:\/\/nfc-readers.com\/cs\/wp-json\/wp\/v2\/media?parent=2103"}],"wp:term":[{"taxonomy":"product_brand","embeddable":true,"href":"https:\/\/nfc-readers.com\/cs\/wp-json\/wp\/v2\/product_brand?post=2103"},{"taxonomy":"product_cat","embeddable":true,"href":"https:\/\/nfc-readers.com\/cs\/wp-json\/wp\/v2\/product_cat?post=2103"},{"taxonomy":"product_tag","embeddable":true,"href":"https:\/\/nfc-readers.com\/cs\/wp-json\/wp\/v2\/product_tag?post=2103"}],"curies":[{"name":"wp","href":"https:\/\/api.w.org\/{rel}","templated":true}]}}