{"id":2109,"date":"2024-04-22T02:26:55","date_gmt":"2024-04-22T02:26:55","guid":{"rendered":"https:\/\/nfc-readers.com\/?post_type=product&#038;p=2109"},"modified":"2024-09-29T01:56:55","modified_gmt":"2024-09-29T01:56:55","slug":"nfc-stickers-ntag213216","status":"publish","type":"product","link":"https:\/\/nfc-readers.com\/cs\/ic-reader\/nfc-stickers-ntag213216\/","title":{"rendered":"NFC samolepky NTAG213 215 216"},"content":{"rendered":"<h1>NFC samolepky NTAG213 215 216<\/h1>\n<table width=\"534\">\n<tbody>\n<tr style=\"font-style: inherit; font-weight: inherit;\">\n<td style=\"font-style: inherit;\" width=\"215\">\n<p data-spm-anchor-id=\"a2700.pc-decorate.0.i49.7c5c3333IeSDv6\">polo\u017eka<\/p>\n<\/td>\n<td width=\"319\">Specifikace<\/td>\n<\/tr>\n<tr style=\"font-style: inherit; font-weight: inherit;\">\n<td style=\"font-style: inherit;\" width=\"215\">\n<p data-spm-anchor-id=\"a2700.pc-decorate.0.i22.bd1b3333wXnVY0\">M\u00edsto p\u016fvodu<\/p>\n<\/td>\n<td width=\"319\">\u010c\u00edna<\/td>\n<\/tr>\n<tr style=\"font-style: inherit; font-weight: inherit;\">\n<td style=\"font-style: inherit;\" width=\"215\">\n<p data-spm-anchor-id=\"0.0.0.i10.277b4f05XiiaMd\">Osv\u011bd\u010den\u00ed<\/p>\n<\/td>\n<td width=\"319\">\n<p data-spm-anchor-id=\"a2700.pc-decorate.0.i10.bd1b3333wXnVY0\">CE\/ROHS<\/p>\n<\/td>\n<\/tr>\n<tr style=\"font-style: inherit; font-weight: inherit;\">\n<td style=\"font-style: inherit;\" width=\"215\">Materi\u00e1l<\/td>\n<td width=\"319\">\n<p data-spm-anchor-id=\"a2700.pc-decorate.0.i50.7c5c3333IeSDv6\">PET, potahovan\u00fd pap\u00edr, epoxid, term\u00e1ln\u00ed pap\u00edr atd.<\/p>\n<\/td>\n<\/tr>\n<tr style=\"font-style: inherit; font-weight: inherit;\">\n<td style=\"font-style: inherit;\" width=\"215\">\u010cip<\/td>\n<td width=\"319\">\n<p data-spm-anchor-id=\"a2700.pc-decorate.0.i50.bd1b3333wXnVY0\">NTAG 213\/ NTAG 215\/Ntag 216\/Fudan F08 nebo p\u0159izp\u016fsobit<\/p>\n<\/td>\n<\/tr>\n<tr style=\"font-style: inherit; font-weight: inherit;\">\n<td style=\"font-style: inherit;\" width=\"215\">Frekvence<\/td>\n<td width=\"319\">\n<p data-spm-anchor-id=\"0.0.0.i5.277b4f05QIK8KU\">13,56 MHz<\/p>\n<\/td>\n<\/tr>\n<tr style=\"font-style: inherit; font-weight: inherit;\">\n<td style=\"font-style: inherit;\" width=\"215\">\n<p data-spm-anchor-id=\"a2700.pc-decorate.0.i90.6e273333nK6FqH\">Protokol<\/p>\n<\/td>\n<td width=\"319\">\n<p data-spm-anchor-id=\"a2700.pc-decorate.0.i51.bd1b3333wXnVY0\">ISO 14443A<\/p>\n<\/td>\n<\/tr>\n<tr style=\"font-style: inherit; font-weight: inherit;\">\n<td style=\"font-style: inherit;\" rowspan=\"3\" width=\"215\">Velikost<\/td>\n<td width=\"319\">\n<p data-spm-anchor-id=\"a2700.pc-decorate.0.i53.bd1b3333wXnVY0\">Kulat\u00e9 18,25, 30, 35,40 mm<\/p>\n<\/td>\n<\/tr>\n<tr>\n<td width=\"319\">\n<p data-spm-anchor-id=\"a2700.pc-decorate.0.i53.bd1b3333wXnVY0\">\u010ctverec 86*54,40*25,55*18,10*20,18*18,30*15<\/p>\n<\/td>\n<\/tr>\n<tr>\n<td width=\"319\">\n<p data-spm-anchor-id=\"a2700.pc-decorate.0.i53.bd1b3333wXnVY0\">nebo p\u0159izp\u016fsobenou velikost<\/p>\n<\/td>\n<\/tr>\n<tr style=\"font-style: inherit; font-weight: inherit;\">\n<td style=\"font-style: inherit;\" width=\"215\">\n<p data-spm-anchor-id=\"0.0.0.i1.277b4f05XiiaMd\">Funkce<\/p>\n<\/td>\n<td width=\"319\">\n<p data-spm-anchor-id=\"a2700.pc-decorate.0.i47.bd1b3333wXnVY0\">ok sd\u00edlet data pomoc\u00ed telefonu s podporou nfc, rychlej\u0161\u00ed a pohodln\u011bj\u0161\u00ed ne\u017e b\u011b\u017en\u00e9 zna\u010dky<\/p>\n<\/td>\n<\/tr>\n<tr style=\"font-style: inherit; font-weight: inherit;\">\n<td style=\"font-style: inherit;\" width=\"215\">\n<p data-spm-anchor-id=\"0.0.0.i8.277b4f05XiiaMd\">Ochutnat<\/p>\n<\/td>\n<td width=\"319\">\n<p data-spm-anchor-id=\"a2700.pc-decorate.0.i39.6e273333nK6FqH\">zdarma k dispozici<\/p>\n<\/td>\n<\/tr>\n<tr style=\"font-style: inherit; font-weight: inherit;\">\n<td style=\"font-style: inherit;\" width=\"215\">\n<p data-spm-anchor-id=\"a2700.pc-decorate.0.i95.6e273333nK6FqH\">\u010c\u00edst vzd\u00e1lenost<\/p>\n<\/td>\n<td width=\"319\">\n<p data-spm-anchor-id=\"a2700.pc-decorate.0.i89.6e273333nK6FqH\">0-10 cm<\/p>\n<\/td>\n<\/tr>\n<tr style=\"font-style: inherit; font-weight: inherit;\">\n<td style=\"font-style: inherit;\" width=\"215\">\n<p data-spm-anchor-id=\"a2700.pc-decorate.0.i35.6e273333nK6FqH\">N\u00e1zev produktu<\/p>\n<\/td>\n<td width=\"319\">\n<p data-spm-anchor-id=\"a2700.pc-decorate.0.i12.bd1b3333wXnVY0\">Vlastn\u00ed samolepky NTAG 213 NFC Kulat\u00e9 18mm pr\u00e1zdn\u00e9 b\u00edl\u00e9 \u0161t\u00edtky \u0160t\u00edtky NTAG 213 funguj\u00ed perfektn\u011b s mobiln\u00edm telefonem s podporou NFC<\/p>\n<\/td>\n<\/tr>\n<tr style=\"font-style: inherit; font-weight: inherit;\">\n<td style=\"font-style: inherit;\" rowspan=\"3\" width=\"215\">Personalizace<\/td>\n<td style=\"font-style: inherit;\" width=\"319\">- vlastn\u00ed logo, barevn\u011b vyti\u0161t\u011bn\u00e9 na povrchov\u00fd pap\u00edr<\/td>\n<\/tr>\n<tr>\n<td width=\"319\">- zak\u00e1zkov\u00fd povrchov\u00fd materi\u00e1l<\/td>\n<\/tr>\n<tr>\n<td width=\"319\">- p\u0159izp\u016fsoben\u00e9 datov\u00e9 informace zapisovateln\u00e9 do \u010dipu, jako je adresa URL (webov\u00e1 str\u00e1nka), s\u00e9riov\u00e1 \u010d\u00edsla atd.<\/td>\n<\/tr>\n<tr style=\"font-style: inherit; font-weight: inherit;\">\n<td style=\"font-style: inherit;\" rowspan=\"3\" width=\"215\">Aplikace<\/td>\n<td style=\"font-style: inherit;\" width=\"319\">NFC soci\u00e1ln\u00ed m\u00e9dia, logistika, management, spr\u00e1va aktiv, \u0159\u00edzen\u00ed dodavatelsk\u00e9ho \u0159et\u011bzce, spr\u00e1va vozidel, \u0159\u00edzen\u00ed v\u00fdroby,<\/td>\n<\/tr>\n<tr>\n<td width=\"319\">skladov\u00e9 hospod\u00e1\u0159stv\u00ed, produktov\u00fd management, ov\u011b\u0159ov\u00e1n\u00ed produkt\u016f, sledov\u00e1n\u00ed majetku, sledov\u00e1n\u00ed manipulace se zavazadly, \u0159\u00edzen\u00ed z\u00e1sob,<\/td>\n<\/tr>\n<tr>\n<td width=\"319\">atd.<\/td>\n<\/tr>\n<\/tbody>\n<\/table>\n<p>&nbsp;<\/p>\n<p><img loading=\"lazy\" decoding=\"async\" class=\"alignnone wp-image-2110\" src=\"https:\/\/nfc-readers.com\/wp-content\/uploads\/2024\/04\/H13e28f218c5e4df380794f87c5769ff4e-300x252.jpg\" alt=\"\" width=\"573\" height=\"481\" srcset=\"https:\/\/nfc-readers.com\/wp-content\/uploads\/2024\/04\/H13e28f218c5e4df380794f87c5769ff4e-300x252.jpg 300w, https:\/\/nfc-readers.com\/wp-content\/uploads\/2024\/04\/H13e28f218c5e4df380794f87c5769ff4e-600x503.jpg 600w, https:\/\/nfc-readers.com\/wp-content\/uploads\/2024\/04\/H13e28f218c5e4df380794f87c5769ff4e.jpg 750w\" sizes=\"auto, (max-width: 573px) 100vw, 573px\" \/><\/p>\n<div class=\"J_module\">\n<div class=\"detail-decorate-json-renderer-container\">\n<div class=\"magic-1\">\n<div class=\"magic-2\">\n<div class=\"magic-3\">\n<div class=\"magic-4\">\n<div class=\"magic-5\" data-spm-anchor-id=\"a2700.details.0.i69.2c8dabc3vwGabt\"><b class=\"magic-6\"><span class=\"magic-7\">Vlastn\u00ed samolepky NTAG 213 NFC Kulat\u00e9 18mm pr\u00e1zdn\u00e9 b\u00edl\u00e9 \u0161t\u00edtky \u0160t\u00edtky NTAG 213 funguj\u00ed perfektn\u011b s mobiln\u00edm telefonem s podporou NFC<\/span><\/b><\/div>\n<div>\n<div><\/div>\n<\/div>\n<\/div>\n<\/div>\n<\/div>\n<\/div>\n<\/div>\n<\/div>\n<div class=\"J_module\">\n<div class=\"detail-decorate-json-renderer-container\">\n<div class=\"magic-1\">\n<div class=\"magic-2\">\n<div class=\"magic-3\">\n<div class=\"magic-4\"><b><span class=\"magic-8\">Co je zna\u010dka NFC a jak to funguje <\/span><\/b><br \/>\nNFC, Near Field Communication, tagy jsou mal\u00e9 integrovan\u00e9 obvody ur\u010den\u00e9 k ukl\u00e1d\u00e1n\u00ed informac\u00ed, kter\u00e9 lze z\u00edskat<br \/>\nZa\u0159\u00edzen\u00ed s podporou NFC, jako jsou chytr\u00e9 telefony a tablety. Jsou to mal\u00e9 samolepky kulat\u00e9ho nebo \u010dtvercov\u00e9ho tvaru a jsou velk\u00e9 asi jako velk\u00e1 mince. Tyto mal\u00e9 n\u00e1lepky bezdr\u00e1tov\u00e9 technologie tak\u00e9 umo\u017e\u0148uj\u00ed p\u0159enos dat mezi dv\u011bma za\u0159\u00edzen\u00edmi s podporou NFC.<\/p>\n<div>\n<div>NFC tagy mohou m\u00edt r\u016fzn\u00e9 kapacity pam\u011bti; m\u016f\u017eete ulo\u017eit telefonn\u00ed \u010d\u00edslo nebo URL (webovou adresu) a pro zv\u00fd\u0161en\u00ed ochrany lze NFC tagy uzamknout, tak\u017ee jakmile jsou data zaps\u00e1na, nelze je zm\u011bnit. Lze je v\u0161ak n\u011bkolikr\u00e1t znovu zak\u00f3dovat, dokud nebudou uzam\u010deny, a po uzam\u010den\u00ed nelze zna\u010dky NFC odemknout.<\/div>\n<div><\/div>\n<div>Chcete-li pou\u017e\u00edt \u0161t\u00edtky NFC, mus\u00edte bu\u010f klepnout na n\u00e1lepku sv\u00fdm za\u0159\u00edzen\u00edm s podporou NFC, nebo mus\u00edte sv\u00e9 za\u0159\u00edzen\u00ed p\u0159ibl\u00ed\u017eit dostate\u010dn\u011b bl\u00edzko (mo\u017en\u00e1 palec od sebe), aby za\u0159\u00edzen\u00ed provedlo va\u0161e naprogramovan\u00e9 nab\u00eddky.<\/div>\n<\/div>\n<\/div>\n<\/div>\n<\/div>\n<\/div>\n<\/div>\n<\/div>\n<div class=\"J_module\">\n<div class=\"detail-decorate-json-renderer-container\">\n<div class=\"magic-1\">\n<div class=\"magic-2\">\n<div class=\"magic-3\">\n<div class=\"magic-4\"><span class=\"magic-9\"><span class=\"magic-10\"><b>Tag rfid 13,56 MHz, tag nfc je snadno programovateln\u00fd, jako je k\u00f3dov\u00e1n\u00ed URL, tak\u017ee m\u016f\u017ee fungovat se smartphonem Andriod\/IOS s NFC.<br \/>\nKdy\u017e se NFC tag zav\u0159e do pozice NFC na smartphonu, okam\u017eit\u011b se zobraz\u00ed naprogramovan\u00fd odkaz na web. Pou\u017e\u00edv\u00e1 se hlavn\u011b pro mnoho aplikac\u00ed, jako je vizitka, propagace spole\u010dnosti, inteligentn\u00ed plak\u00e1t, prodej vstupenek na akce, pr\u016fmyslov\u00e9 vyu\u017eit\u00ed atd.<\/b><\/span><\/span><\/p>\n<div><b><span class=\"magic-9\">\u00a0<\/span><\/b><\/div>\n<div><span class=\"magic-10\"><b class=\"magic-9\">Na\u0161e vlastnosti:<br \/>\n<\/b><span class=\"magic-11\" style=\"font-family: Arial;\">1. P\u0159izp\u016fsoben\u00e9<br \/>\n2. Rychl\u00e1 rychlost dod\u00e1n\u00ed<br \/>\n3. Struktura \u0161t\u00edtk\u016f RFID: \u010cip RFID + ant\u00e9na RFID + povrchov\u00e9 materi\u00e1ly<br \/>\n4.Profesion\u00e1ln\u00ed dodavatel produkt\u016f RFID<\/span><\/span><\/div>\n<\/div>\n<\/div>\n<\/div>\n<\/div>\n<\/div>\n<\/div>\n<p>&nbsp;<\/p>\n<p>&nbsp;<\/p>","protected":false},"excerpt":{"rendered":"<p>Compact NFC stickers with NTAG213 215 216 chips enable smart advertising, product authentication, and quick pairing, making RFID solutions accessible and effective.<\/p>","protected":false},"featured_media":2111,"template":"","meta":[],"product_brand":[],"product_cat":[48],"product_tag":[],"class_list":{"0":"post-2109","1":"product","2":"type-product","3":"status-publish","4":"has-post-thumbnail","6":"product_cat-nfc-stickers","8":"first","9":"instock","10":"shipping-taxable","11":"product-type-simple"},"_links":{"self":[{"href":"https:\/\/nfc-readers.com\/cs\/wp-json\/wp\/v2\/product\/2109","targetHints":{"allow":["GET"]}}],"collection":[{"href":"https:\/\/nfc-readers.com\/cs\/wp-json\/wp\/v2\/product"}],"about":[{"href":"https:\/\/nfc-readers.com\/cs\/wp-json\/wp\/v2\/types\/product"}],"wp:featuredmedia":[{"embeddable":true,"href":"https:\/\/nfc-readers.com\/cs\/wp-json\/wp\/v2\/media\/2111"}],"wp:attachment":[{"href":"https:\/\/nfc-readers.com\/cs\/wp-json\/wp\/v2\/media?parent=2109"}],"wp:term":[{"taxonomy":"product_brand","embeddable":true,"href":"https:\/\/nfc-readers.com\/cs\/wp-json\/wp\/v2\/product_brand?post=2109"},{"taxonomy":"product_cat","embeddable":true,"href":"https:\/\/nfc-readers.com\/cs\/wp-json\/wp\/v2\/product_cat?post=2109"},{"taxonomy":"product_tag","embeddable":true,"href":"https:\/\/nfc-readers.com\/cs\/wp-json\/wp\/v2\/product_tag?post=2109"}],"curies":[{"name":"wp","href":"https:\/\/api.w.org\/{rel}","templated":true}]}}